{"id":112,"date":"2020-03-17T14:47:03","date_gmt":"2020-03-17T14:47:03","guid":{"rendered":"https:\/\/sw.mijn.startmetgemak.site\/?page_id=112"},"modified":"2024-03-25T14:08:34","modified_gmt":"2024-03-25T12:08:34","slug":"over-ons","status":"publish","type":"page","link":"https:\/\/somaworks.nl\/de\/over-ons\/","title":{"rendered":"\u00dcber uns"},"content":{"rendered":"<p>Seit 2011 rekrutieren wir erfolgreich technisches Personal in Limburg. Angefangen in Maastricht, haben wir inzwischen nach Weert, Sittard und Kerkrade expandiert und z\u00e4hlen mehr als 30 begeisterte Spezialisten, die jeden Tag f\u00fcr unsere Kunden und Kandidaten bereit sind. Wir k\u00fcmmern uns nicht nur um unsere Mitarbeiter, indem wir sie aus- und weiterbilden, sondern auch, indem wir eine angenehme und kreative Arbeitsatmosph\u00e4re schaffen. Schlie\u00dflich glauben wir, dass begeisterte Mitarbeiter begeisterte Kunden schaffen.<\/p>\n<h2>Engagiert<\/h2>\n<p>Wir setzen uns jeden Tag daf\u00fcr ein, unseren Kunden und Kandidaten die bestm\u00f6gliche Erfahrung zu bieten. Die besondere Aufmerksamkeit, die wir unseren Kandidaten und Kunden widmen, macht uns zu einem engagierten und zuverl\u00e4ssigen Partner. Unser Enthusiasmus, unser Blick f\u00fcrs Detail und unsere transparente Arbeitsweise tragen dazu bei, dass die Beziehungen, die wir eingehen, nat\u00fcrlich von Dauer sind.<\/p>\n<h2>Entlastend<\/h2>\n<p>Flexibilit\u00e4t und ein l\u00f6sungsorientierter Ansatz stehen bei uns an erster Stelle. Keine Frage ist uns zu verr\u00fcckt und wir nehmen uns f\u00fcr jedes Problem Zeit. Gute Erreichbarkeit bedeutet bei uns, dass Sie Ihre Fragen rund um die Uhr stellen k\u00f6nnen und dass wir immer unser Bestes tun, um Sie bestm\u00f6glich zu beraten. Entlastung bedeutet aber auch, dass wir uns um PSA und Arbeitskleidung k\u00fcmmern, eine breite Palette von Dienstleistungen anbieten und kreativ mitdenken. So sorgen wir daf\u00fcr, dass Sie Ihr Unternehmen sorgenfrei starten oder weiterf\u00fchren k\u00f6nnen.<\/p>\n<h2>Kompetent<\/h2>\n<p>Durch kontinuierliche Investitionen in das Wissen und die Kompetenz unserer Mitarbeiter stellen wir sicher, dass wir immer auf dem neuesten Stand der Entwicklungen im technischen Sektor und der Gesetze und Vorschriften sind. Unsere Personalvermittler sind echte technische Spezialisten, die sich sowohl in den Facharbeiter als auch in den Kunden hineinversetzen k\u00f6nnen. Mit Fachwissen, Einf\u00fchlungsverm\u00f6gen, einer ausgezeichneten Betreuung und einer aktiven Haltung gegen\u00fcber Kunden und Mitarbeitern setzen wir den Begriff \"Kompetenz\" in die Praxis um.<\/p>","protected":false},"excerpt":{"rendered":"<p>Al sinds 2011 bemiddelen wij met succes technisch personeel in Limburg. Begonnen in Maastricht zijn wij ondertussen uitgebreid naar Weert, Sittard en Kerkrade en tellen wij meer dan 30 enthousiaste specialisten die iedere dag voor onze klanten en kandidaten klaar [&#8230;] <\/p>","protected":false},"author":2,"featured_media":401,"parent":0,"menu_order":43,"comment_status":"closed","ping_status":"closed","template":"","meta":{"_acf_changed":false,"footnotes":""},"class_list":["post-112","page","type-page","status-publish","has-post-thumbnail","hentry"],"acf":[],"yoast_head":"<!-- This site is optimized with the Yoast SEO plugin v27.3 - https:\/\/yoast.com\/product\/yoast-seo-wordpress\/ -->\n<title>Over ons - SOMA Works<\/title>\n<meta name=\"robots\" content=\"index, follow, max-snippet:-1, max-image-preview:large, max-video-preview:-1\" \/>\n<link rel=\"canonical\" href=\"https:\/\/somaworks.nl\/de\/over-ons\/\" \/>\n<meta property=\"og:locale\" content=\"de_DE\" \/>\n<meta property=\"og:type\" content=\"article\" \/>\n<meta property=\"og:title\" content=\"Over ons - SOMA Works\" \/>\n<meta property=\"og:description\" content=\"Al sinds 2011 bemiddelen wij met succes technisch personeel in Limburg. Begonnen in Maastricht zijn wij ondertussen uitgebreid naar Weert, Sittard en Kerkrade en tellen wij meer dan 30 enthousiaste specialisten die iedere dag voor onze klanten en kandidaten klaar [...]\" \/>\n<meta property=\"og:url\" content=\"https:\/\/somaworks.nl\/de\/over-ons\/\" \/>\n<meta property=\"og:site_name\" content=\"SOMA Works\" \/>\n<meta property=\"article:publisher\" content=\"https:\/\/www.facebook.com\/somaworksbv\/\" \/>\n<meta property=\"article:modified_time\" content=\"2024-03-25T12:08:34+00:00\" \/>\n<meta property=\"og:image\" content=\"https:\/\/somaworks.nl\/wp-content\/uploads\/2020\/07\/WhatsApp-Image-2020-07-02-at-14.51.11.jpeg\" \/>\n\t<meta property=\"og:image:width\" content=\"1600\" \/>\n\t<meta property=\"og:image:height\" content=\"720\" \/>\n\t<meta property=\"og:image:type\" content=\"image\/jpeg\" \/>\n<meta name=\"twitter:card\" content=\"summary_large_image\" \/>\n<meta name=\"twitter:label1\" content=\"Gesch\u00e4tzte Lesezeit\" \/>\n\t<meta name=\"twitter:data1\" content=\"2\u00a0Minuten\" \/>\n<script type=\"application\/ld+json\" class=\"yoast-schema-graph\">{\"@context\":\"https:\\\/\\\/schema.org\",\"@graph\":[{\"@type\":\"WebPage\",\"@id\":\"https:\\\/\\\/somaworks.nl\\\/over-ons\\\/\",\"url\":\"https:\\\/\\\/somaworks.nl\\\/over-ons\\\/\",\"name\":\"Over ons - SOMA Works\",\"isPartOf\":{\"@id\":\"https:\\\/\\\/somaworks.nl\\\/#website\"},\"primaryImageOfPage\":{\"@id\":\"https:\\\/\\\/somaworks.nl\\\/over-ons\\\/#primaryimage\"},\"image\":{\"@id\":\"https:\\\/\\\/somaworks.nl\\\/over-ons\\\/#primaryimage\"},\"thumbnailUrl\":\"https:\\\/\\\/somaworks.nl\\\/wp-content\\\/uploads\\\/2020\\\/07\\\/WhatsApp-Image-2020-07-02-at-14.51.11.jpeg\",\"datePublished\":\"2020-03-17T14:47:03+00:00\",\"dateModified\":\"2024-03-25T12:08:34+00:00\",\"breadcrumb\":{\"@id\":\"https:\\\/\\\/somaworks.nl\\\/over-ons\\\/#breadcrumb\"},\"inLanguage\":\"de\",\"potentialAction\":[{\"@type\":\"ReadAction\",\"target\":[\"https:\\\/\\\/somaworks.nl\\\/over-ons\\\/\"]}]},{\"@type\":\"ImageObject\",\"inLanguage\":\"de\",\"@id\":\"https:\\\/\\\/somaworks.nl\\\/over-ons\\\/#primaryimage\",\"url\":\"https:\\\/\\\/somaworks.nl\\\/wp-content\\\/uploads\\\/2020\\\/07\\\/WhatsApp-Image-2020-07-02-at-14.51.11.jpeg\",\"contentUrl\":\"https:\\\/\\\/somaworks.nl\\\/wp-content\\\/uploads\\\/2020\\\/07\\\/WhatsApp-Image-2020-07-02-at-14.51.11.jpeg\",\"width\":1600,\"height\":720},{\"@type\":\"BreadcrumbList\",\"@id\":\"https:\\\/\\\/somaworks.nl\\\/over-ons\\\/#breadcrumb\",\"itemListElement\":[{\"@type\":\"ListItem\",\"position\":1,\"name\":\"Home\",\"item\":\"https:\\\/\\\/somaworks.nl\\\/\"},{\"@type\":\"ListItem\",\"position\":2,\"name\":\"Over ons\"}]},{\"@type\":\"WebSite\",\"@id\":\"https:\\\/\\\/somaworks.nl\\\/#website\",\"url\":\"https:\\\/\\\/somaworks.nl\\\/\",\"name\":\"SOMA Works\",\"description\":\"Specialist in technisch personeel\",\"publisher\":{\"@id\":\"https:\\\/\\\/somaworks.nl\\\/#organization\"},\"potentialAction\":[{\"@type\":\"SearchAction\",\"target\":{\"@type\":\"EntryPoint\",\"urlTemplate\":\"https:\\\/\\\/somaworks.nl\\\/?s={search_term_string}\"},\"query-input\":{\"@type\":\"PropertyValueSpecification\",\"valueRequired\":true,\"valueName\":\"search_term_string\"}}],\"inLanguage\":\"de\"},{\"@type\":\"Organization\",\"@id\":\"https:\\\/\\\/somaworks.nl\\\/#organization\",\"name\":\"SOMA Works\",\"url\":\"https:\\\/\\\/somaworks.nl\\\/\",\"logo\":{\"@type\":\"ImageObject\",\"inLanguage\":\"de\",\"@id\":\"https:\\\/\\\/somaworks.nl\\\/#\\\/schema\\\/logo\\\/image\\\/\",\"url\":\"https:\\\/\\\/somaworks.nl\\\/wp-content\\\/uploads\\\/2021\\\/09\\\/SOMA-works.png\",\"contentUrl\":\"https:\\\/\\\/somaworks.nl\\\/wp-content\\\/uploads\\\/2021\\\/09\\\/SOMA-works.png\",\"width\":2095,\"height\":2095,\"caption\":\"SOMA Works\"},\"image\":{\"@id\":\"https:\\\/\\\/somaworks.nl\\\/#\\\/schema\\\/logo\\\/image\\\/\"},\"sameAs\":[\"https:\\\/\\\/www.facebook.com\\\/somaworksbv\\\/\",\"https:\\\/\\\/www.instagram.com\\\/somaworksbv\\\/\",\"https:\\\/\\\/www.linkedin.com\\\/company\\\/soma-works-specialist-in-technisch-personeel\\\/\"]}]}<\/script>\n<!-- \/ Yoast SEO plugin. -->","yoast_head_json":{"title":"Over ons - SOMA Works","robots":{"index":"index","follow":"follow","max-snippet":"max-snippet:-1","max-image-preview":"max-image-preview:large","max-video-preview":"max-video-preview:-1"},"canonical":"https:\/\/somaworks.nl\/de\/over-ons\/","og_locale":"de_DE","og_type":"article","og_title":"Over ons - SOMA Works","og_description":"Al sinds 2011 bemiddelen wij met succes technisch personeel in Limburg. Begonnen in Maastricht zijn wij ondertussen uitgebreid naar Weert, Sittard en Kerkrade en tellen wij meer dan 30 enthousiaste specialisten die iedere dag voor onze klanten en kandidaten klaar [...]","og_url":"https:\/\/somaworks.nl\/de\/over-ons\/","og_site_name":"SOMA Works","article_publisher":"https:\/\/www.facebook.com\/somaworksbv\/","article_modified_time":"2024-03-25T12:08:34+00:00","og_image":[{"width":1600,"height":720,"url":"https:\/\/somaworks.nl\/wp-content\/uploads\/2020\/07\/WhatsApp-Image-2020-07-02-at-14.51.11.jpeg","type":"image\/jpeg"}],"twitter_card":"summary_large_image","twitter_misc":{"Gesch\u00e4tzte Lesezeit":"2\u00a0Minuten"},"schema":{"@context":"https:\/\/schema.org","@graph":[{"@type":"WebPage","@id":"https:\/\/somaworks.nl\/over-ons\/","url":"https:\/\/somaworks.nl\/over-ons\/","name":"Over ons - SOMA Works","isPartOf":{"@id":"https:\/\/somaworks.nl\/#website"},"primaryImageOfPage":{"@id":"https:\/\/somaworks.nl\/over-ons\/#primaryimage"},"image":{"@id":"https:\/\/somaworks.nl\/over-ons\/#primaryimage"},"thumbnailUrl":"https:\/\/somaworks.nl\/wp-content\/uploads\/2020\/07\/WhatsApp-Image-2020-07-02-at-14.51.11.jpeg","datePublished":"2020-03-17T14:47:03+00:00","dateModified":"2024-03-25T12:08:34+00:00","breadcrumb":{"@id":"https:\/\/somaworks.nl\/over-ons\/#breadcrumb"},"inLanguage":"de","potentialAction":[{"@type":"ReadAction","target":["https:\/\/somaworks.nl\/over-ons\/"]}]},{"@type":"ImageObject","inLanguage":"de","@id":"https:\/\/somaworks.nl\/over-ons\/#primaryimage","url":"https:\/\/somaworks.nl\/wp-content\/uploads\/2020\/07\/WhatsApp-Image-2020-07-02-at-14.51.11.jpeg","contentUrl":"https:\/\/somaworks.nl\/wp-content\/uploads\/2020\/07\/WhatsApp-Image-2020-07-02-at-14.51.11.jpeg","width":1600,"height":720},{"@type":"BreadcrumbList","@id":"https:\/\/somaworks.nl\/over-ons\/#breadcrumb","itemListElement":[{"@type":"ListItem","position":1,"name":"Home","item":"https:\/\/somaworks.nl\/"},{"@type":"ListItem","position":2,"name":"Over ons"}]},{"@type":"WebSite","@id":"https:\/\/somaworks.nl\/#website","url":"https:\/\/somaworks.nl\/","name":"SOMA Works","description":"Specialist in technisch personeel","publisher":{"@id":"https:\/\/somaworks.nl\/#organization"},"potentialAction":[{"@type":"SearchAction","target":{"@type":"EntryPoint","urlTemplate":"https:\/\/somaworks.nl\/?s={search_term_string}"},"query-input":{"@type":"PropertyValueSpecification","valueRequired":true,"valueName":"search_term_string"}}],"inLanguage":"de"},{"@type":"Organization","@id":"https:\/\/somaworks.nl\/#organization","name":"SOMA Works","url":"https:\/\/somaworks.nl\/","logo":{"@type":"ImageObject","inLanguage":"de","@id":"https:\/\/somaworks.nl\/#\/schema\/logo\/image\/","url":"https:\/\/somaworks.nl\/wp-content\/uploads\/2021\/09\/SOMA-works.png","contentUrl":"https:\/\/somaworks.nl\/wp-content\/uploads\/2021\/09\/SOMA-works.png","width":2095,"height":2095,"caption":"SOMA Works"},"image":{"@id":"https:\/\/somaworks.nl\/#\/schema\/logo\/image\/"},"sameAs":["https:\/\/www.facebook.com\/somaworksbv\/","https:\/\/www.instagram.com\/somaworksbv\/","https:\/\/www.linkedin.com\/company\/soma-works-specialist-in-technisch-personeel\/"]}]}},"_links":{"self":[{"href":"https:\/\/somaworks.nl\/de\/wp-json\/wp\/v2\/pages\/112","targetHints":{"allow":["GET"]}}],"collection":[{"href":"https:\/\/somaworks.nl\/de\/wp-json\/wp\/v2\/pages"}],"about":[{"href":"https:\/\/somaworks.nl\/de\/wp-json\/wp\/v2\/types\/page"}],"author":[{"embeddable":true,"href":"https:\/\/somaworks.nl\/de\/wp-json\/wp\/v2\/users\/2"}],"replies":[{"embeddable":true,"href":"https:\/\/somaworks.nl\/de\/wp-json\/wp\/v2\/comments?post=112"}],"version-history":[{"count":0,"href":"https:\/\/somaworks.nl\/de\/wp-json\/wp\/v2\/pages\/112\/revisions"}],"wp:featuredmedia":[{"embeddable":true,"href":"https:\/\/somaworks.nl\/de\/wp-json\/wp\/v2\/media\/401"}],"wp:attachment":[{"href":"https:\/\/somaworks.nl\/de\/wp-json\/wp\/v2\/media?parent=112"}],"curies":[{"name":"wp","href":"https:\/\/api.w.org\/{rel}","templated":true}]}}