{"id":124069,"date":"2022-03-25T10:12:16","date_gmt":"2022-03-25T10:12:16","guid":{"rendered":"https:\/\/somaworks.nl\/?page_id=124069"},"modified":"2023-06-30T14:16:32","modified_gmt":"2023-06-30T12:16:32","slug":"samco","status":"publish","type":"page","link":"https:\/\/somaworks.nl\/de\/werken-bij\/samco\/","title":{"rendered":"SAMCO Aircraft Maintenance"},"content":{"rendered":"<h2>Werden Sie Teil des dynamischen Teams von SAMCO Aircraft Maintenance!<\/h2>\n<p>Mit \u00fcber 75 Jahren Erfahrung ist SAMCO Aircraft Maintenance die professionelle Organisation im Bereich der Flugzeugreparatur und -wartung. Das Unternehmen ist stolz auf seine engagierten und gut ausgebildeten Mitarbeiter, die mit Leidenschaft daran arbeiten, den Kunden einen hochwertigen Service zu bieten. Mit \u00fcber 100 engagierten Mitarbeitern ist SAMCO in der Lage, konsistente und kosteneffiziente Wartungsl\u00f6sungen anzubieten.<\/p>\n<p>SAMCO Aircraft Maintenance befindet sich am belebten Flughafen Maastricht, im Herzen Europas, und bietet einen modernen und vollst\u00e4ndig ausgestatteten Betrieb. Hier werden verschiedene Flugzeugwartungst\u00e4tigkeiten durchgef\u00fchrt, die von umfassenden Wartungschecks bis hin zu Luftt\u00fcchtigkeitsdiensten, logistischer Unterst\u00fctzung und EASA Part 21-genehmigten Konstruktions\u00e4nderungen reichen.<\/p>\n<h2>Schl\u00e4gt Ihr Herz h\u00f6her bei dem Gedanken, mit Flugzeugen zu arbeiten?<\/h2>\n<p>Bei SAMCO Aircraft Maintenance gibt es immer Raum f\u00fcr Wachstum und Innovation. Sie arbeiten st\u00e4ndig an neuen Entwicklungen in den Bereichen Reparatur, Wartung und mehr. M\u00f6chten Sie Teil dieses leidenschaftlichen Teams von Spezialisten werden? Dann z\u00f6gern Sie nicht, Ihr Interesse zu bekunden oder sich direkt auf eine der offenen Stellen zu bewerben!<\/p>\n<p><strong>Bringen Sie Ihre Karriere in Schwung und bewerben Sie sich noch heute bei SAMCO Aircraft Maintenance!<\/strong><\/p>\n<p>&nbsp;<\/p>\n<p><video class=\"werken-bij-video\" src=\"https:\/\/www.samco.aero\/wp-content\/uploads\/2021\/05\/samco-bg-no-audio.mp4\" poster=\"\" autoplay=\"autoplay\" loop=\"loop\" muted=\"\" width=\"100%\" height=\"auto\"><br \/>\n<\/video><\/p>","protected":false},"excerpt":{"rendered":"<p>Maak deel uit van het dynamische team van SAMCO Aircraft Maintenance! Met meer dan 75 jaar ervaring is SAMCO Aircraft Maintenance d\u00e9 professionele organisatie op het gebied van vliegtuigreparaties en -onderhoud. Ze zijn trots op hun toegewijde en goed opgeleide [&#8230;] <\/p>","protected":false},"author":2,"featured_media":124073,"parent":73986,"menu_order":17,"comment_status":"closed","ping_status":"closed","template":"werkenbij.php","meta":{"_acf_changed":false,"footnotes":""},"class_list":["post-124069","page","type-page","status-publish","has-post-thumbnail","hentry"],"acf":[],"yoast_head":"<!-- This site is optimized with the Yoast SEO plugin v27.4 - https:\/\/yoast.com\/product\/yoast-seo-wordpress\/ -->\n<title>Werken bij SAMCO Aircraft Maintenance - SOMA Works<\/title>\n<meta name=\"robots\" content=\"index, follow, max-snippet:-1, max-image-preview:large, max-video-preview:-1\" \/>\n<link rel=\"canonical\" href=\"https:\/\/somaworks.nl\/de\/werken-bij\/samco\/\" \/>\n<meta property=\"og:locale\" content=\"de_DE\" \/>\n<meta property=\"og:type\" content=\"article\" \/>\n<meta property=\"og:title\" content=\"Werken bij SAMCO Aircraft Maintenance - SOMA Works\" \/>\n<meta property=\"og:description\" content=\"Maak deel uit van het dynamische team van SAMCO Aircraft Maintenance! Met meer dan 75 jaar ervaring is SAMCO Aircraft Maintenance d\u00e9 professionele organisatie op het gebied van vliegtuigreparaties en -onderhoud. Ze zijn trots op hun toegewijde en goed opgeleide [...]\" \/>\n<meta property=\"og:url\" content=\"https:\/\/somaworks.nl\/de\/werken-bij\/samco\/\" \/>\n<meta property=\"og:site_name\" content=\"SOMA Works\" \/>\n<meta property=\"article:publisher\" content=\"https:\/\/www.facebook.com\/somaworksbv\/\" \/>\n<meta property=\"article:modified_time\" content=\"2023-06-30T12:16:32+00:00\" \/>\n<meta property=\"og:image\" content=\"https:\/\/somaworks.nl\/wp-content\/uploads\/2022\/03\/1DX_9506-scaled-650x750-1.jpg\" \/>\n\t<meta property=\"og:image:width\" content=\"650\" \/>\n\t<meta property=\"og:image:height\" content=\"750\" \/>\n\t<meta property=\"og:image:type\" content=\"image\/jpeg\" \/>\n<meta name=\"twitter:card\" content=\"summary_large_image\" \/>\n<meta name=\"twitter:label1\" content=\"Gesch\u00e4tzte Lesezeit\" \/>\n\t<meta name=\"twitter:data1\" content=\"1\u00a0Minute\" \/>\n<script type=\"application\/ld+json\" class=\"yoast-schema-graph\">{\"@context\":\"https:\\\/\\\/schema.org\",\"@graph\":[{\"@type\":\"WebPage\",\"@id\":\"https:\\\/\\\/somaworks.nl\\\/werken-bij\\\/samco\\\/\",\"url\":\"https:\\\/\\\/somaworks.nl\\\/werken-bij\\\/samco\\\/\",\"name\":\"Werken bij SAMCO Aircraft Maintenance - SOMA Works\",\"isPartOf\":{\"@id\":\"https:\\\/\\\/somaworks.nl\\\/#website\"},\"primaryImageOfPage\":{\"@id\":\"https:\\\/\\\/somaworks.nl\\\/werken-bij\\\/samco\\\/#primaryimage\"},\"image\":{\"@id\":\"https:\\\/\\\/somaworks.nl\\\/werken-bij\\\/samco\\\/#primaryimage\"},\"thumbnailUrl\":\"https:\\\/\\\/somaworks.nl\\\/wp-content\\\/uploads\\\/2022\\\/03\\\/1DX_9506-scaled-650x750-1.jpg\",\"datePublished\":\"2022-03-25T10:12:16+00:00\",\"dateModified\":\"2023-06-30T12:16:32+00:00\",\"breadcrumb\":{\"@id\":\"https:\\\/\\\/somaworks.nl\\\/werken-bij\\\/samco\\\/#breadcrumb\"},\"inLanguage\":\"de\",\"potentialAction\":[{\"@type\":\"ReadAction\",\"target\":[\"https:\\\/\\\/somaworks.nl\\\/werken-bij\\\/samco\\\/\"]}]},{\"@type\":\"ImageObject\",\"inLanguage\":\"de\",\"@id\":\"https:\\\/\\\/somaworks.nl\\\/werken-bij\\\/samco\\\/#primaryimage\",\"url\":\"https:\\\/\\\/somaworks.nl\\\/wp-content\\\/uploads\\\/2022\\\/03\\\/1DX_9506-scaled-650x750-1.jpg\",\"contentUrl\":\"https:\\\/\\\/somaworks.nl\\\/wp-content\\\/uploads\\\/2022\\\/03\\\/1DX_9506-scaled-650x750-1.jpg\",\"width\":650,\"height\":750},{\"@type\":\"BreadcrumbList\",\"@id\":\"https:\\\/\\\/somaworks.nl\\\/werken-bij\\\/samco\\\/#breadcrumb\",\"itemListElement\":[{\"@type\":\"ListItem\",\"position\":1,\"name\":\"Home\",\"item\":\"https:\\\/\\\/somaworks.nl\\\/\"},{\"@type\":\"ListItem\",\"position\":2,\"name\":\"Werken bij\",\"item\":\"https:\\\/\\\/somaworks.nl\\\/werken-bij\\\/\"},{\"@type\":\"ListItem\",\"position\":3,\"name\":\"SAMCO Aircraft Maintenance\"}]},{\"@type\":\"WebSite\",\"@id\":\"https:\\\/\\\/somaworks.nl\\\/#website\",\"url\":\"https:\\\/\\\/somaworks.nl\\\/\",\"name\":\"SOMA Works\",\"description\":\"Specialist in technisch personeel\",\"publisher\":{\"@id\":\"https:\\\/\\\/somaworks.nl\\\/#organization\"},\"potentialAction\":[{\"@type\":\"SearchAction\",\"target\":{\"@type\":\"EntryPoint\",\"urlTemplate\":\"https:\\\/\\\/somaworks.nl\\\/?s={search_term_string}\"},\"query-input\":{\"@type\":\"PropertyValueSpecification\",\"valueRequired\":true,\"valueName\":\"search_term_string\"}}],\"inLanguage\":\"de\"},{\"@type\":\"Organization\",\"@id\":\"https:\\\/\\\/somaworks.nl\\\/#organization\",\"name\":\"SOMA Works\",\"url\":\"https:\\\/\\\/somaworks.nl\\\/\",\"logo\":{\"@type\":\"ImageObject\",\"inLanguage\":\"de\",\"@id\":\"https:\\\/\\\/somaworks.nl\\\/#\\\/schema\\\/logo\\\/image\\\/\",\"url\":\"https:\\\/\\\/somaworks.nl\\\/wp-content\\\/uploads\\\/2021\\\/09\\\/SOMA-works.png\",\"contentUrl\":\"https:\\\/\\\/somaworks.nl\\\/wp-content\\\/uploads\\\/2021\\\/09\\\/SOMA-works.png\",\"width\":2095,\"height\":2095,\"caption\":\"SOMA Works\"},\"image\":{\"@id\":\"https:\\\/\\\/somaworks.nl\\\/#\\\/schema\\\/logo\\\/image\\\/\"},\"sameAs\":[\"https:\\\/\\\/www.facebook.com\\\/somaworksbv\\\/\",\"https:\\\/\\\/www.instagram.com\\\/somaworksbv\\\/\",\"https:\\\/\\\/www.linkedin.com\\\/company\\\/soma-works-specialist-in-technisch-personeel\\\/\"]}]}<\/script>\n<!-- \/ Yoast SEO plugin. -->","yoast_head_json":{"title":"Werken bij SAMCO Aircraft Maintenance - SOMA Works","robots":{"index":"index","follow":"follow","max-snippet":"max-snippet:-1","max-image-preview":"max-image-preview:large","max-video-preview":"max-video-preview:-1"},"canonical":"https:\/\/somaworks.nl\/de\/werken-bij\/samco\/","og_locale":"de_DE","og_type":"article","og_title":"Werken bij SAMCO Aircraft Maintenance - SOMA Works","og_description":"Maak deel uit van het dynamische team van SAMCO Aircraft Maintenance! Met meer dan 75 jaar ervaring is SAMCO Aircraft Maintenance d\u00e9 professionele organisatie op het gebied van vliegtuigreparaties en -onderhoud. Ze zijn trots op hun toegewijde en goed opgeleide [...]","og_url":"https:\/\/somaworks.nl\/de\/werken-bij\/samco\/","og_site_name":"SOMA Works","article_publisher":"https:\/\/www.facebook.com\/somaworksbv\/","article_modified_time":"2023-06-30T12:16:32+00:00","og_image":[{"width":650,"height":750,"url":"https:\/\/somaworks.nl\/wp-content\/uploads\/2022\/03\/1DX_9506-scaled-650x750-1.jpg","type":"image\/jpeg"}],"twitter_card":"summary_large_image","twitter_misc":{"Gesch\u00e4tzte Lesezeit":"1\u00a0Minute"},"schema":{"@context":"https:\/\/schema.org","@graph":[{"@type":"WebPage","@id":"https:\/\/somaworks.nl\/werken-bij\/samco\/","url":"https:\/\/somaworks.nl\/werken-bij\/samco\/","name":"Werken bij SAMCO Aircraft Maintenance - SOMA Works","isPartOf":{"@id":"https:\/\/somaworks.nl\/#website"},"primaryImageOfPage":{"@id":"https:\/\/somaworks.nl\/werken-bij\/samco\/#primaryimage"},"image":{"@id":"https:\/\/somaworks.nl\/werken-bij\/samco\/#primaryimage"},"thumbnailUrl":"https:\/\/somaworks.nl\/wp-content\/uploads\/2022\/03\/1DX_9506-scaled-650x750-1.jpg","datePublished":"2022-03-25T10:12:16+00:00","dateModified":"2023-06-30T12:16:32+00:00","breadcrumb":{"@id":"https:\/\/somaworks.nl\/werken-bij\/samco\/#breadcrumb"},"inLanguage":"de","potentialAction":[{"@type":"ReadAction","target":["https:\/\/somaworks.nl\/werken-bij\/samco\/"]}]},{"@type":"ImageObject","inLanguage":"de","@id":"https:\/\/somaworks.nl\/werken-bij\/samco\/#primaryimage","url":"https:\/\/somaworks.nl\/wp-content\/uploads\/2022\/03\/1DX_9506-scaled-650x750-1.jpg","contentUrl":"https:\/\/somaworks.nl\/wp-content\/uploads\/2022\/03\/1DX_9506-scaled-650x750-1.jpg","width":650,"height":750},{"@type":"BreadcrumbList","@id":"https:\/\/somaworks.nl\/werken-bij\/samco\/#breadcrumb","itemListElement":[{"@type":"ListItem","position":1,"name":"Home","item":"https:\/\/somaworks.nl\/"},{"@type":"ListItem","position":2,"name":"Werken bij","item":"https:\/\/somaworks.nl\/werken-bij\/"},{"@type":"ListItem","position":3,"name":"SAMCO Aircraft Maintenance"}]},{"@type":"WebSite","@id":"https:\/\/somaworks.nl\/#website","url":"https:\/\/somaworks.nl\/","name":"SOMA Works","description":"Specialist in technisch personeel","publisher":{"@id":"https:\/\/somaworks.nl\/#organization"},"potentialAction":[{"@type":"SearchAction","target":{"@type":"EntryPoint","urlTemplate":"https:\/\/somaworks.nl\/?s={search_term_string}"},"query-input":{"@type":"PropertyValueSpecification","valueRequired":true,"valueName":"search_term_string"}}],"inLanguage":"de"},{"@type":"Organization","@id":"https:\/\/somaworks.nl\/#organization","name":"SOMA Works","url":"https:\/\/somaworks.nl\/","logo":{"@type":"ImageObject","inLanguage":"de","@id":"https:\/\/somaworks.nl\/#\/schema\/logo\/image\/","url":"https:\/\/somaworks.nl\/wp-content\/uploads\/2021\/09\/SOMA-works.png","contentUrl":"https:\/\/somaworks.nl\/wp-content\/uploads\/2021\/09\/SOMA-works.png","width":2095,"height":2095,"caption":"SOMA Works"},"image":{"@id":"https:\/\/somaworks.nl\/#\/schema\/logo\/image\/"},"sameAs":["https:\/\/www.facebook.com\/somaworksbv\/","https:\/\/www.instagram.com\/somaworksbv\/","https:\/\/www.linkedin.com\/company\/soma-works-specialist-in-technisch-personeel\/"]}]}},"_links":{"self":[{"href":"https:\/\/somaworks.nl\/de\/wp-json\/wp\/v2\/pages\/124069","targetHints":{"allow":["GET"]}}],"collection":[{"href":"https:\/\/somaworks.nl\/de\/wp-json\/wp\/v2\/pages"}],"about":[{"href":"https:\/\/somaworks.nl\/de\/wp-json\/wp\/v2\/types\/page"}],"author":[{"embeddable":true,"href":"https:\/\/somaworks.nl\/de\/wp-json\/wp\/v2\/users\/2"}],"replies":[{"embeddable":true,"href":"https:\/\/somaworks.nl\/de\/wp-json\/wp\/v2\/comments?post=124069"}],"version-history":[{"count":0,"href":"https:\/\/somaworks.nl\/de\/wp-json\/wp\/v2\/pages\/124069\/revisions"}],"up":[{"embeddable":true,"href":"https:\/\/somaworks.nl\/de\/wp-json\/wp\/v2\/pages\/73986"}],"wp:featuredmedia":[{"embeddable":true,"href":"https:\/\/somaworks.nl\/de\/wp-json\/wp\/v2\/media\/124073"}],"wp:attachment":[{"href":"https:\/\/somaworks.nl\/de\/wp-json\/wp\/v2\/media?parent=124069"}],"curies":[{"name":"wp","href":"https:\/\/api.w.org\/{rel}","templated":true}]}}