{"id":162529,"date":"2022-06-09T09:36:18","date_gmt":"2022-06-09T09:36:18","guid":{"rendered":"https:\/\/somaworks.nl\/?page_id=162529"},"modified":"2022-10-06T11:51:54","modified_gmt":"2022-10-06T09:51:54","slug":"vacatures-in-weert","status":"publish","type":"page","link":"https:\/\/somaworks.nl\/de\/vacatures-in-weert\/","title":{"rendered":"Freie Stellen in Weert"},"content":{"rendered":"<p>Sind Sie auf der Suche nach offenen Stellen in der Region Weert? Mit nicht weniger als 13 Gewerbegebieten bietet Weert viele Arbeitspl\u00e4tze und die unterschiedlichsten (technischen) Stellenangebote. Sie finden Unternehmen rund um das Kanaalgebiet und Kampershoek bis Kempen und Leuken Noord. Die Unternehmen in Weert, die Sie in diesen Gewerbegebieten finden, reichen von der Logistik bis zur Produktion, von nationalen bis zu internationalen Unternehmen.<\/p>\n<h3>Suchen Sie nach freien Stellen in Weert?<\/h3>\n<p>Bei SOMA Works haben wir eine Vielzahl von technischen Jobs in der Region Weert, die Ihren W\u00fcnschen entsprechen. Von Produktion und Montage bis hin zu Holzbearbeitung und Innenarchitektur. Ist Ihr Job hier nicht aufgef\u00fchrt? Wir helfen Ihnen gerne bei der Suche nach einem tollen Job. Wir bieten auch die M\u00f6glichkeit, zus\u00e4tzliche Kurse und Ausbildungen zu absolvieren, um Ihr Arbeitsgebiet zu erweitern.<\/p>\n<p><a style=\"color: #fff; background: #1488ca; display: inline-block; padding: 10px;\" href=\"https:\/\/somaworks.nl\/de\/?s=Weert&amp;go=1&amp;regio=Weert\">Sehen Sie hier unsere Stellenangebote in Weert<\/a><\/p>\n<p>&nbsp;<\/p>","protected":false},"excerpt":{"rendered":"<p>Ben jij op zoek naar vacatures in de omgeving van Weert? Met maar liefs 13 industrieterreinen biedt Weert veel werkgelegenheid en de meest veelzijdige (technische) vacatures. Zo vind je bedrijven rondom de Kanaalzone en de Kampershoek tot de Kempen en [&#8230;] <\/p>","protected":false},"author":2,"featured_media":0,"parent":0,"menu_order":2,"comment_status":"closed","ping_status":"closed","template":"","meta":{"_acf_changed":false,"footnotes":""},"class_list":["post-162529","page","type-page","status-publish","hentry"],"acf":[],"yoast_head":"<!-- This site is optimized with the Yoast SEO plugin v27.6 - https:\/\/yoast.com\/product\/yoast-seo-wordpress\/ -->\n<title>Vacatures in Weert gezocht? Bekijk snel ons aanbod!<\/title>\n<meta name=\"description\" content=\"Bij SOMA Works hebben wij diverse technische vacatures in Weert en omgeving die passen bij wat jij zoekt. Bekijk snel onze vacatures!\" \/>\n<meta name=\"robots\" content=\"index, follow, max-snippet:-1, max-image-preview:large, max-video-preview:-1\" \/>\n<link rel=\"canonical\" href=\"https:\/\/somaworks.nl\/de\/vacatures-in-weert\/\" \/>\n<meta property=\"og:locale\" content=\"de_DE\" \/>\n<meta property=\"og:type\" content=\"article\" \/>\n<meta property=\"og:title\" content=\"Vacatures in Weert gezocht? Bekijk snel ons aanbod!\" \/>\n<meta property=\"og:description\" content=\"Bij SOMA Works hebben wij diverse technische vacatures in Weert en omgeving die passen bij wat jij zoekt. Bekijk snel onze vacatures!\" \/>\n<meta property=\"og:url\" content=\"https:\/\/somaworks.nl\/de\/vacatures-in-weert\/\" \/>\n<meta property=\"og:site_name\" content=\"SOMA Works\" \/>\n<meta property=\"article:publisher\" content=\"https:\/\/www.facebook.com\/somaworksbv\/\" \/>\n<meta property=\"article:modified_time\" content=\"2022-10-06T09:51:54+00:00\" \/>\n<meta name=\"twitter:card\" content=\"summary_large_image\" \/>\n<meta name=\"twitter:label1\" content=\"Gesch\u00e4tzte Lesezeit\" \/>\n\t<meta name=\"twitter:data1\" content=\"1\u00a0Minute\" \/>\n<script type=\"application\/ld+json\" class=\"yoast-schema-graph\">{\"@context\":\"https:\\\/\\\/schema.org\",\"@graph\":[{\"@type\":\"WebPage\",\"@id\":\"https:\\\/\\\/somaworks.nl\\\/vacatures-in-weert\\\/\",\"url\":\"https:\\\/\\\/somaworks.nl\\\/vacatures-in-weert\\\/\",\"name\":\"Vacatures in Weert gezocht? Bekijk snel ons aanbod!\",\"isPartOf\":{\"@id\":\"https:\\\/\\\/somaworks.nl\\\/#website\"},\"datePublished\":\"2022-06-09T09:36:18+00:00\",\"dateModified\":\"2022-10-06T09:51:54+00:00\",\"description\":\"Bij SOMA Works hebben wij diverse technische vacatures in Weert en omgeving die passen bij wat jij zoekt. Bekijk snel onze vacatures!\",\"breadcrumb\":{\"@id\":\"https:\\\/\\\/somaworks.nl\\\/vacatures-in-weert\\\/#breadcrumb\"},\"inLanguage\":\"de\",\"potentialAction\":[{\"@type\":\"ReadAction\",\"target\":[\"https:\\\/\\\/somaworks.nl\\\/vacatures-in-weert\\\/\"]}]},{\"@type\":\"BreadcrumbList\",\"@id\":\"https:\\\/\\\/somaworks.nl\\\/vacatures-in-weert\\\/#breadcrumb\",\"itemListElement\":[{\"@type\":\"ListItem\",\"position\":1,\"name\":\"Home\",\"item\":\"https:\\\/\\\/somaworks.nl\\\/\"},{\"@type\":\"ListItem\",\"position\":2,\"name\":\"Vacatures in Weert\"}]},{\"@type\":\"WebSite\",\"@id\":\"https:\\\/\\\/somaworks.nl\\\/#website\",\"url\":\"https:\\\/\\\/somaworks.nl\\\/\",\"name\":\"SOMA Works\",\"description\":\"Specialist in technisch personeel\",\"publisher\":{\"@id\":\"https:\\\/\\\/somaworks.nl\\\/#organization\"},\"potentialAction\":[{\"@type\":\"SearchAction\",\"target\":{\"@type\":\"EntryPoint\",\"urlTemplate\":\"https:\\\/\\\/somaworks.nl\\\/?s={search_term_string}\"},\"query-input\":{\"@type\":\"PropertyValueSpecification\",\"valueRequired\":true,\"valueName\":\"search_term_string\"}}],\"inLanguage\":\"de\"},{\"@type\":\"Organization\",\"@id\":\"https:\\\/\\\/somaworks.nl\\\/#organization\",\"name\":\"SOMA Works\",\"url\":\"https:\\\/\\\/somaworks.nl\\\/\",\"logo\":{\"@type\":\"ImageObject\",\"inLanguage\":\"de\",\"@id\":\"https:\\\/\\\/somaworks.nl\\\/#\\\/schema\\\/logo\\\/image\\\/\",\"url\":\"https:\\\/\\\/somaworks.nl\\\/wp-content\\\/uploads\\\/2021\\\/09\\\/SOMA-works.png\",\"contentUrl\":\"https:\\\/\\\/somaworks.nl\\\/wp-content\\\/uploads\\\/2021\\\/09\\\/SOMA-works.png\",\"width\":2095,\"height\":2095,\"caption\":\"SOMA Works\"},\"image\":{\"@id\":\"https:\\\/\\\/somaworks.nl\\\/#\\\/schema\\\/logo\\\/image\\\/\"},\"sameAs\":[\"https:\\\/\\\/www.facebook.com\\\/somaworksbv\\\/\",\"https:\\\/\\\/www.instagram.com\\\/somaworksbv\\\/\",\"https:\\\/\\\/www.linkedin.com\\\/company\\\/soma-works-specialist-in-technisch-personeel\\\/\"]}]}<\/script>\n<!-- \/ Yoast SEO plugin. -->","yoast_head_json":{"title":"Vacatures in Weert gezocht? Bekijk snel ons aanbod!","description":"Bij SOMA Works hebben wij diverse technische vacatures in Weert en omgeving die passen bij wat jij zoekt. Bekijk snel onze vacatures!","robots":{"index":"index","follow":"follow","max-snippet":"max-snippet:-1","max-image-preview":"max-image-preview:large","max-video-preview":"max-video-preview:-1"},"canonical":"https:\/\/somaworks.nl\/de\/vacatures-in-weert\/","og_locale":"de_DE","og_type":"article","og_title":"Vacatures in Weert gezocht? Bekijk snel ons aanbod!","og_description":"Bij SOMA Works hebben wij diverse technische vacatures in Weert en omgeving die passen bij wat jij zoekt. Bekijk snel onze vacatures!","og_url":"https:\/\/somaworks.nl\/de\/vacatures-in-weert\/","og_site_name":"SOMA Works","article_publisher":"https:\/\/www.facebook.com\/somaworksbv\/","article_modified_time":"2022-10-06T09:51:54+00:00","twitter_card":"summary_large_image","twitter_misc":{"Gesch\u00e4tzte Lesezeit":"1\u00a0Minute"},"schema":{"@context":"https:\/\/schema.org","@graph":[{"@type":"WebPage","@id":"https:\/\/somaworks.nl\/vacatures-in-weert\/","url":"https:\/\/somaworks.nl\/vacatures-in-weert\/","name":"Vacatures in Weert gezocht? Bekijk snel ons aanbod!","isPartOf":{"@id":"https:\/\/somaworks.nl\/#website"},"datePublished":"2022-06-09T09:36:18+00:00","dateModified":"2022-10-06T09:51:54+00:00","description":"Bij SOMA Works hebben wij diverse technische vacatures in Weert en omgeving die passen bij wat jij zoekt. Bekijk snel onze vacatures!","breadcrumb":{"@id":"https:\/\/somaworks.nl\/vacatures-in-weert\/#breadcrumb"},"inLanguage":"de","potentialAction":[{"@type":"ReadAction","target":["https:\/\/somaworks.nl\/vacatures-in-weert\/"]}]},{"@type":"BreadcrumbList","@id":"https:\/\/somaworks.nl\/vacatures-in-weert\/#breadcrumb","itemListElement":[{"@type":"ListItem","position":1,"name":"Home","item":"https:\/\/somaworks.nl\/"},{"@type":"ListItem","position":2,"name":"Vacatures in Weert"}]},{"@type":"WebSite","@id":"https:\/\/somaworks.nl\/#website","url":"https:\/\/somaworks.nl\/","name":"SOMA Works","description":"Specialist in technisch personeel","publisher":{"@id":"https:\/\/somaworks.nl\/#organization"},"potentialAction":[{"@type":"SearchAction","target":{"@type":"EntryPoint","urlTemplate":"https:\/\/somaworks.nl\/?s={search_term_string}"},"query-input":{"@type":"PropertyValueSpecification","valueRequired":true,"valueName":"search_term_string"}}],"inLanguage":"de"},{"@type":"Organization","@id":"https:\/\/somaworks.nl\/#organization","name":"SOMA Works","url":"https:\/\/somaworks.nl\/","logo":{"@type":"ImageObject","inLanguage":"de","@id":"https:\/\/somaworks.nl\/#\/schema\/logo\/image\/","url":"https:\/\/somaworks.nl\/wp-content\/uploads\/2021\/09\/SOMA-works.png","contentUrl":"https:\/\/somaworks.nl\/wp-content\/uploads\/2021\/09\/SOMA-works.png","width":2095,"height":2095,"caption":"SOMA Works"},"image":{"@id":"https:\/\/somaworks.nl\/#\/schema\/logo\/image\/"},"sameAs":["https:\/\/www.facebook.com\/somaworksbv\/","https:\/\/www.instagram.com\/somaworksbv\/","https:\/\/www.linkedin.com\/company\/soma-works-specialist-in-technisch-personeel\/"]}]}},"_links":{"self":[{"href":"https:\/\/somaworks.nl\/de\/wp-json\/wp\/v2\/pages\/162529","targetHints":{"allow":["GET"]}}],"collection":[{"href":"https:\/\/somaworks.nl\/de\/wp-json\/wp\/v2\/pages"}],"about":[{"href":"https:\/\/somaworks.nl\/de\/wp-json\/wp\/v2\/types\/page"}],"author":[{"embeddable":true,"href":"https:\/\/somaworks.nl\/de\/wp-json\/wp\/v2\/users\/2"}],"replies":[{"embeddable":true,"href":"https:\/\/somaworks.nl\/de\/wp-json\/wp\/v2\/comments?post=162529"}],"version-history":[{"count":0,"href":"https:\/\/somaworks.nl\/de\/wp-json\/wp\/v2\/pages\/162529\/revisions"}],"wp:attachment":[{"href":"https:\/\/somaworks.nl\/de\/wp-json\/wp\/v2\/media?parent=162529"}],"curies":[{"name":"wp","href":"https:\/\/api.w.org\/{rel}","templated":true}]}}