{"id":162549,"date":"2022-06-09T09:52:49","date_gmt":"2022-06-09T09:52:49","guid":{"rendered":"https:\/\/somaworks.nl\/?page_id=162549"},"modified":"2022-10-06T12:48:02","modified_gmt":"2022-10-06T10:48:02","slug":"technische-vacatures","status":"publish","type":"page","link":"https:\/\/somaworks.nl\/de\/technische-vacatures\/","title":{"rendered":"Technische Stellenausschreibungen"},"content":{"rendered":"<p><img loading=\"lazy\" decoding=\"async\" class=\"wp-image-144421 size-medium alignleft\" src=\"https:\/\/somaworks.nl\/wp-content\/uploads\/2022\/04\/somaworks-omslag-gringing-lowres-300x200.jpg\" alt=\"Technische vacatures Limburg\" width=\"300\" height=\"200\" srcset=\"https:\/\/somaworks.nl\/wp-content\/uploads\/2022\/04\/somaworks-omslag-gringing-lowres-300x200.jpg 300w, https:\/\/somaworks.nl\/wp-content\/uploads\/2022\/04\/somaworks-omslag-gringing-lowres-1024x683.jpg 1024w, https:\/\/somaworks.nl\/wp-content\/uploads\/2022\/04\/somaworks-omslag-gringing-lowres-768x512.jpg 768w, https:\/\/somaworks.nl\/wp-content\/uploads\/2022\/04\/somaworks-omslag-gringing-lowres.jpg 1200w\" sizes=\"auto, (max-width: 300px) 100vw, 300px\" \/><\/p>\n<p>&nbsp;<\/p>\n<p>SOMA Works ist ein Spezialist f\u00fcr technisches Personal. Sie haben ein goldenes H\u00e4ndchen und kennen sich mit Elektronik, Montage, Schwei\u00dfen, Gelegenheitsarbeiten und sogar der Bedienung schwerer Maschinen aus? Dann haben wir zweifellos technische Stellen, die zu Ihnen passen, in den sch\u00f6nsten und unterschiedlichsten Unternehmen. Sind Sie auf der Suche nach einer technischen Arbeit in Limburg? Dann nehmen Sie direkt Kontakt mit uns auf oder pr\u00fcfen Sie zuerst, ob Ihr Traumjob aufgef\u00fchrt ist.<\/p>\n<p><a style=\"color: #fff; background: #1488ca; display: inline-block; padding: 10px;\" href=\"https:\/\/somaworks.nl\/de\/vacatures\/\">Hier finden Sie unsere technischen Stellenangebote<\/a><\/p>\n<h2><\/h2>\n<p>&nbsp;<\/p>\n<p>&nbsp;<\/p>\n<p>&nbsp;<\/p>\n<h2>Freie Stellen im Bereich Technik in Limburg<\/h2>\n<p>Wir bieten sehr unterschiedliche technische Jobs in Limburg in den Bereichen Logistik, Metallbau, Infrastruktur, Fertigung und mehr.<\/p>\n<p>Sind Sie zum Beispiel gerne auf der Stra\u00dfe? Und sind Sie gerne jeden Tag irgendwo anders unterwegs, sei es innerhalb der Niederlande oder jenseits der Grenze? Dann ist ein Job als Fahrer genau das Richtige f\u00fcr Sie! Bei SOMA Works haben wir viele verschiedene\u00a0<a style=\"color: #1488ca;\" href=\"https:\/\/somaworks.nl\/de\/?s=chauffeur&amp;go=1\">offene Stellen f\u00fcr Fahrer.<\/a><\/p>\n<p>Sie arbeiten lieber mit den H\u00e4nden in der Elektrotechnik, von der Installation von Solaranlagen bis zur Wartung von kleinen und gro\u00dfen Maschinen? Dann werfen Sie einen Blick auf unser <a style=\"color: #1488ca;\" href=\"https:\/\/somaworks.nl\/de\/?s=elektro&amp;go=1\">Freie Stellen f\u00fcr Elektriker<\/a>\u00a0und wer wei\u00df, vielleicht ist ja auch Ihr Traumjob dabei!<\/p>\n<p>Wir arbeiten auch mit nationalen und internationalen Unternehmen in Limburg zusammen. Sie wohnen in Limburg und sind auf der Suche nach einem technischen Job in Ihrer Region? Dann werfen Sie einen Blick auf alle unsere (technischen) Stellenangebote auf unserer Seite mit den Stellenangeboten!<\/p>\n<p><a style=\"color: #fff; background: #1488ca; display: inline-block; padding: 10px;\" href=\"https:\/\/somaworks.nl\/de\/vacatures\/\">Unsere Stellenangebote ansehen<\/a><\/p>","protected":false},"excerpt":{"rendered":"<p>&nbsp; SOMA Works is specialist in technisch personeel. Heb jij gouden handen en weet jij je weg met elektronica, monteren, lassen, klussen en zelfs het bedienen van zware machines? Dan hebben wij ongetwijfeld technische vacatures die bij jou passen bij [&#8230;] <\/p>","protected":false},"author":2,"featured_media":0,"parent":0,"menu_order":0,"comment_status":"closed","ping_status":"closed","template":"","meta":{"_acf_changed":false,"footnotes":""},"class_list":["post-162549","page","type-page","status-publish","hentry"],"acf":[],"yoast_head":"<!-- This site is optimized with the Yoast SEO plugin v27.5 - https:\/\/yoast.com\/product\/yoast-seo-wordpress\/ -->\n<title>Technische vacatures gezocht? Bekijk snel ons aanbod!<\/title>\n<meta name=\"description\" content=\"Bij SOMA Works hebben wij diverse technische vacatures in Limburg die passen bij wat jij zoekt. Bekijk snel onze vacatures!\" \/>\n<meta name=\"robots\" content=\"index, follow, max-snippet:-1, max-image-preview:large, max-video-preview:-1\" \/>\n<link rel=\"canonical\" href=\"https:\/\/somaworks.nl\/de\/technische-vacatures\/\" \/>\n<meta property=\"og:locale\" content=\"de_DE\" \/>\n<meta property=\"og:type\" content=\"article\" \/>\n<meta property=\"og:title\" content=\"Technische vacatures gezocht? Bekijk snel ons aanbod!\" \/>\n<meta property=\"og:description\" content=\"Bij SOMA Works hebben wij diverse technische vacatures in Limburg die passen bij wat jij zoekt. Bekijk snel onze vacatures!\" \/>\n<meta property=\"og:url\" content=\"https:\/\/somaworks.nl\/de\/technische-vacatures\/\" \/>\n<meta property=\"og:site_name\" content=\"SOMA Works\" \/>\n<meta property=\"article:publisher\" content=\"https:\/\/www.facebook.com\/somaworksbv\/\" \/>\n<meta property=\"article:modified_time\" content=\"2022-10-06T10:48:02+00:00\" \/>\n<meta property=\"og:image\" content=\"https:\/\/somaworks.nl\/wp-content\/uploads\/2022\/04\/somaworks-omslag-gringing-lowres-300x200.jpg\" \/>\n<meta name=\"twitter:card\" content=\"summary_large_image\" \/>\n<meta name=\"twitter:label1\" content=\"Gesch\u00e4tzte Lesezeit\" \/>\n\t<meta name=\"twitter:data1\" content=\"2\u00a0Minuten\" \/>\n<script type=\"application\/ld+json\" class=\"yoast-schema-graph\">{\"@context\":\"https:\\\/\\\/schema.org\",\"@graph\":[{\"@type\":\"WebPage\",\"@id\":\"https:\\\/\\\/somaworks.nl\\\/technische-vacatures\\\/\",\"url\":\"https:\\\/\\\/somaworks.nl\\\/technische-vacatures\\\/\",\"name\":\"Technische vacatures gezocht? Bekijk snel ons aanbod!\",\"isPartOf\":{\"@id\":\"https:\\\/\\\/somaworks.nl\\\/#website\"},\"primaryImageOfPage\":{\"@id\":\"https:\\\/\\\/somaworks.nl\\\/technische-vacatures\\\/#primaryimage\"},\"image\":{\"@id\":\"https:\\\/\\\/somaworks.nl\\\/technische-vacatures\\\/#primaryimage\"},\"thumbnailUrl\":\"https:\\\/\\\/somaworks.nl\\\/wp-content\\\/uploads\\\/2022\\\/04\\\/somaworks-omslag-gringing-lowres-300x200.jpg\",\"datePublished\":\"2022-06-09T09:52:49+00:00\",\"dateModified\":\"2022-10-06T10:48:02+00:00\",\"description\":\"Bij SOMA Works hebben wij diverse technische vacatures in Limburg die passen bij wat jij zoekt. Bekijk snel onze vacatures!\",\"breadcrumb\":{\"@id\":\"https:\\\/\\\/somaworks.nl\\\/technische-vacatures\\\/#breadcrumb\"},\"inLanguage\":\"de\",\"potentialAction\":[{\"@type\":\"ReadAction\",\"target\":[\"https:\\\/\\\/somaworks.nl\\\/technische-vacatures\\\/\"]}]},{\"@type\":\"ImageObject\",\"inLanguage\":\"de\",\"@id\":\"https:\\\/\\\/somaworks.nl\\\/technische-vacatures\\\/#primaryimage\",\"url\":\"https:\\\/\\\/somaworks.nl\\\/wp-content\\\/uploads\\\/2022\\\/04\\\/somaworks-omslag-gringing-lowres-300x200.jpg\",\"contentUrl\":\"https:\\\/\\\/somaworks.nl\\\/wp-content\\\/uploads\\\/2022\\\/04\\\/somaworks-omslag-gringing-lowres-300x200.jpg\"},{\"@type\":\"BreadcrumbList\",\"@id\":\"https:\\\/\\\/somaworks.nl\\\/technische-vacatures\\\/#breadcrumb\",\"itemListElement\":[{\"@type\":\"ListItem\",\"position\":1,\"name\":\"Home\",\"item\":\"https:\\\/\\\/somaworks.nl\\\/\"},{\"@type\":\"ListItem\",\"position\":2,\"name\":\"Technische Vacatures\"}]},{\"@type\":\"WebSite\",\"@id\":\"https:\\\/\\\/somaworks.nl\\\/#website\",\"url\":\"https:\\\/\\\/somaworks.nl\\\/\",\"name\":\"SOMA Works\",\"description\":\"Specialist in technisch personeel\",\"publisher\":{\"@id\":\"https:\\\/\\\/somaworks.nl\\\/#organization\"},\"potentialAction\":[{\"@type\":\"SearchAction\",\"target\":{\"@type\":\"EntryPoint\",\"urlTemplate\":\"https:\\\/\\\/somaworks.nl\\\/?s={search_term_string}\"},\"query-input\":{\"@type\":\"PropertyValueSpecification\",\"valueRequired\":true,\"valueName\":\"search_term_string\"}}],\"inLanguage\":\"de\"},{\"@type\":\"Organization\",\"@id\":\"https:\\\/\\\/somaworks.nl\\\/#organization\",\"name\":\"SOMA Works\",\"url\":\"https:\\\/\\\/somaworks.nl\\\/\",\"logo\":{\"@type\":\"ImageObject\",\"inLanguage\":\"de\",\"@id\":\"https:\\\/\\\/somaworks.nl\\\/#\\\/schema\\\/logo\\\/image\\\/\",\"url\":\"https:\\\/\\\/somaworks.nl\\\/wp-content\\\/uploads\\\/2021\\\/09\\\/SOMA-works.png\",\"contentUrl\":\"https:\\\/\\\/somaworks.nl\\\/wp-content\\\/uploads\\\/2021\\\/09\\\/SOMA-works.png\",\"width\":2095,\"height\":2095,\"caption\":\"SOMA Works\"},\"image\":{\"@id\":\"https:\\\/\\\/somaworks.nl\\\/#\\\/schema\\\/logo\\\/image\\\/\"},\"sameAs\":[\"https:\\\/\\\/www.facebook.com\\\/somaworksbv\\\/\",\"https:\\\/\\\/www.instagram.com\\\/somaworksbv\\\/\",\"https:\\\/\\\/www.linkedin.com\\\/company\\\/soma-works-specialist-in-technisch-personeel\\\/\"]}]}<\/script>\n<!-- \/ Yoast SEO plugin. -->","yoast_head_json":{"title":"Technische vacatures gezocht? Bekijk snel ons aanbod!","description":"Bij SOMA Works hebben wij diverse technische vacatures in Limburg die passen bij wat jij zoekt. Bekijk snel onze vacatures!","robots":{"index":"index","follow":"follow","max-snippet":"max-snippet:-1","max-image-preview":"max-image-preview:large","max-video-preview":"max-video-preview:-1"},"canonical":"https:\/\/somaworks.nl\/de\/technische-vacatures\/","og_locale":"de_DE","og_type":"article","og_title":"Technische vacatures gezocht? Bekijk snel ons aanbod!","og_description":"Bij SOMA Works hebben wij diverse technische vacatures in Limburg die passen bij wat jij zoekt. Bekijk snel onze vacatures!","og_url":"https:\/\/somaworks.nl\/de\/technische-vacatures\/","og_site_name":"SOMA Works","article_publisher":"https:\/\/www.facebook.com\/somaworksbv\/","article_modified_time":"2022-10-06T10:48:02+00:00","og_image":[{"url":"https:\/\/somaworks.nl\/wp-content\/uploads\/2022\/04\/somaworks-omslag-gringing-lowres-300x200.jpg","type":"","width":"","height":""}],"twitter_card":"summary_large_image","twitter_misc":{"Gesch\u00e4tzte Lesezeit":"2\u00a0Minuten"},"schema":{"@context":"https:\/\/schema.org","@graph":[{"@type":"WebPage","@id":"https:\/\/somaworks.nl\/technische-vacatures\/","url":"https:\/\/somaworks.nl\/technische-vacatures\/","name":"Technische vacatures gezocht? Bekijk snel ons aanbod!","isPartOf":{"@id":"https:\/\/somaworks.nl\/#website"},"primaryImageOfPage":{"@id":"https:\/\/somaworks.nl\/technische-vacatures\/#primaryimage"},"image":{"@id":"https:\/\/somaworks.nl\/technische-vacatures\/#primaryimage"},"thumbnailUrl":"https:\/\/somaworks.nl\/wp-content\/uploads\/2022\/04\/somaworks-omslag-gringing-lowres-300x200.jpg","datePublished":"2022-06-09T09:52:49+00:00","dateModified":"2022-10-06T10:48:02+00:00","description":"Bij SOMA Works hebben wij diverse technische vacatures in Limburg die passen bij wat jij zoekt. Bekijk snel onze vacatures!","breadcrumb":{"@id":"https:\/\/somaworks.nl\/technische-vacatures\/#breadcrumb"},"inLanguage":"de","potentialAction":[{"@type":"ReadAction","target":["https:\/\/somaworks.nl\/technische-vacatures\/"]}]},{"@type":"ImageObject","inLanguage":"de","@id":"https:\/\/somaworks.nl\/technische-vacatures\/#primaryimage","url":"https:\/\/somaworks.nl\/wp-content\/uploads\/2022\/04\/somaworks-omslag-gringing-lowres-300x200.jpg","contentUrl":"https:\/\/somaworks.nl\/wp-content\/uploads\/2022\/04\/somaworks-omslag-gringing-lowres-300x200.jpg"},{"@type":"BreadcrumbList","@id":"https:\/\/somaworks.nl\/technische-vacatures\/#breadcrumb","itemListElement":[{"@type":"ListItem","position":1,"name":"Home","item":"https:\/\/somaworks.nl\/"},{"@type":"ListItem","position":2,"name":"Technische Vacatures"}]},{"@type":"WebSite","@id":"https:\/\/somaworks.nl\/#website","url":"https:\/\/somaworks.nl\/","name":"SOMA Works","description":"Specialist in technisch personeel","publisher":{"@id":"https:\/\/somaworks.nl\/#organization"},"potentialAction":[{"@type":"SearchAction","target":{"@type":"EntryPoint","urlTemplate":"https:\/\/somaworks.nl\/?s={search_term_string}"},"query-input":{"@type":"PropertyValueSpecification","valueRequired":true,"valueName":"search_term_string"}}],"inLanguage":"de"},{"@type":"Organization","@id":"https:\/\/somaworks.nl\/#organization","name":"SOMA Works","url":"https:\/\/somaworks.nl\/","logo":{"@type":"ImageObject","inLanguage":"de","@id":"https:\/\/somaworks.nl\/#\/schema\/logo\/image\/","url":"https:\/\/somaworks.nl\/wp-content\/uploads\/2021\/09\/SOMA-works.png","contentUrl":"https:\/\/somaworks.nl\/wp-content\/uploads\/2021\/09\/SOMA-works.png","width":2095,"height":2095,"caption":"SOMA Works"},"image":{"@id":"https:\/\/somaworks.nl\/#\/schema\/logo\/image\/"},"sameAs":["https:\/\/www.facebook.com\/somaworksbv\/","https:\/\/www.instagram.com\/somaworksbv\/","https:\/\/www.linkedin.com\/company\/soma-works-specialist-in-technisch-personeel\/"]}]}},"_links":{"self":[{"href":"https:\/\/somaworks.nl\/de\/wp-json\/wp\/v2\/pages\/162549","targetHints":{"allow":["GET"]}}],"collection":[{"href":"https:\/\/somaworks.nl\/de\/wp-json\/wp\/v2\/pages"}],"about":[{"href":"https:\/\/somaworks.nl\/de\/wp-json\/wp\/v2\/types\/page"}],"author":[{"embeddable":true,"href":"https:\/\/somaworks.nl\/de\/wp-json\/wp\/v2\/users\/2"}],"replies":[{"embeddable":true,"href":"https:\/\/somaworks.nl\/de\/wp-json\/wp\/v2\/comments?post=162549"}],"version-history":[{"count":0,"href":"https:\/\/somaworks.nl\/de\/wp-json\/wp\/v2\/pages\/162549\/revisions"}],"wp:attachment":[{"href":"https:\/\/somaworks.nl\/de\/wp-json\/wp\/v2\/media?parent=162549"}],"curies":[{"name":"wp","href":"https:\/\/api.w.org\/{rel}","templated":true}]}}