{"id":339,"date":"2020-07-01T13:00:41","date_gmt":"2020-07-01T13:00:41","guid":{"rendered":"https:\/\/sw.mijn.startmetgemak.site\/?page_id=339"},"modified":"2021-01-01T18:40:45","modified_gmt":"2021-01-01T18:40:45","slug":"ik-zoek-werk","status":"publish","type":"page","link":"https:\/\/somaworks.nl\/de\/ik-zoek-werk\/","title":{"rendered":"Ich bin auf der Suche nach Arbeit"},"content":{"rendered":"<p>Sind Sie auf der Suche nach einem neuen Schritt in Ihrer technischen Karriere? Oder m\u00f6chten Sie als Zeitarbeitskraft schnell viel Erfahrung sammeln? Wenn Sie sich f\u00fcr eine technische Herausforderung begeistern k\u00f6nnen, sind Sie bei SOMA Works genau richtig. Denn wir sorgen daf\u00fcr, dass technische Fachkr\u00e4fte wie Sie bei den besten Kunden arbeiten k\u00f6nnen. Von kleinen Unternehmen, die nicht weit von Ihrem Wohnort entfernt sind, bis hin zu gro\u00dfen Unternehmen mit internen Wachstumsm\u00f6glichkeiten: Wir arbeiten jeden Tag daran, Ihren idealen Arbeitsplatz zu realisieren.<\/p>\n<h2>Pers\u00f6nliche Betreuung<\/h2>\n<p>Als technischer Arbeitsvermittler sorgen wir daf\u00fcr, dass Sie einen sch\u00f6nen, anspruchsvollen Job bekommen, der zu Ihnen passt. Deshalb sind wir neugierig auf Ihre Ambitionen, Ihre Spezialgebiete und was Sie begeistert. Als Arbeitssuchender laden wir Sie deshalb immer zu einem ersten pers\u00f6nlichen Gespr\u00e4ch in unser B\u00fcro in Maastricht oder Weert ein. Gemeinsam mit einem unserer Spezialisten analysieren wir Ihre Ausbildung, Berufserfahrung, Ihren Charakter und Ihre Ambitionen. Aus unserem breit gef\u00e4cherten Kundenkreis schauen wir, welcher Kunde in Bezug auf Kultur und Aufgabenspektrum am besten zu Ihnen passt.<\/p>\n<h2>Die Sorge um die eigene Karriere<\/h2>\n<p>Spa\u00df an der Arbeit geht nat\u00fcrlich \u00fcber die Erf\u00fcllung anspruchsvoller Aufgaben und ein gutes Gehalt hinaus. Wenn Sie bei uns anfangen zu arbeiten, erhalten Sie daher sofort und kostenlos geeignete Arbeitskleidung und die notwendige PSA. Wir bieten auch gute Sozialleistungen, p\u00fcnktliche Zahlungen und einen pers\u00f6nlichen Service. Aber ein guter Arbeitgeber zu sein, geht in unseren Augen dar\u00fcber hinaus. Deshalb denken wir gerne mit Ihnen \u00fcber Ihre pers\u00f6nliche Entwicklung mit und sind immer f\u00fcr Sie da, wenn Sie Fragen haben. M\u00f6chten Sie sich zum Beispiel weiterbilden und brauchen Hilfe bei der Auswahl des richtigen Kurses? Oder haben Sie den Ehrgeiz, sich umschulen zu lassen, wollen aber erst einmal wissen, was Sie im technischen Bereich erwartet? Wir denken gerne mit Ihnen mit und spielen eine aktive Rolle bei der Gestaltung Ihrer Karriere.<\/p>\n<h2>Was Sie von SOMA Works erwarten k\u00f6nnen:<\/h2>\n<ul>\n<li>Pers\u00f6nliche Betreuung und Kenntnisse in Ihrem Bereich<\/li>\n<li>Vielf\u00e4ltige M\u00f6glichkeiten zur Weiterentwicklung durch Kurse und Schulungen<\/li>\n<li>Arbeitskleidung und PSA<\/li>\n<li>Ein gro\u00dfes Netzwerk von Unternehmen, die wir Ihnen vorstellen k\u00f6nnen<\/li>\n<li>Kurze Wege, offene Kommunikation und eine einzige Anlaufstelle<\/li>\n<li>Gute soziale Dienste<\/li>\n<\/ul>\n<p>Sind Sie gespannt, uns kennen zu lernen? Wir sind auch neugierig auf Sie! Wenn Sie uns Ihre Daten \u00fcber die Kontaktseite hinterlassen, werden wir daf\u00fcr sorgen, dass Sie bald von uns h\u00f6ren.<\/p>\n<p>&nbsp;<\/p>\n<p>&nbsp;<\/p>\n<p>&nbsp;<\/p>","protected":false},"excerpt":{"rendered":"<p>Ben jij op zoek naar een nieuwe stap in je technische carri\u00e8re? Of wil je snel veel ervaring op doen door als uitzendkracht aan de slag te gaan? Als jij enthousiast wordt van een technische uitdaging pas jij precies in [&#8230;] <\/p>","protected":false},"author":2,"featured_media":1947,"parent":0,"menu_order":40,"comment_status":"closed","ping_status":"closed","template":"","meta":{"_acf_changed":false,"footnotes":""},"class_list":["post-339","page","type-page","status-publish","has-post-thumbnail","hentry"],"acf":[],"yoast_head":"<!-- This site is optimized with the Yoast SEO plugin v27.4 - https:\/\/yoast.com\/product\/yoast-seo-wordpress\/ -->\n<title>Ik zoek werk - SOMA Works<\/title>\n<meta name=\"robots\" content=\"index, follow, max-snippet:-1, max-image-preview:large, max-video-preview:-1\" \/>\n<link rel=\"canonical\" href=\"https:\/\/somaworks.nl\/de\/ik-zoek-werk\/\" \/>\n<meta property=\"og:locale\" content=\"de_DE\" \/>\n<meta property=\"og:type\" content=\"article\" \/>\n<meta property=\"og:title\" content=\"Ik zoek werk - SOMA Works\" \/>\n<meta property=\"og:description\" content=\"Ben jij op zoek naar een nieuwe stap in je technische carri\u00e8re? Of wil je snel veel ervaring op doen door als uitzendkracht aan de slag te gaan? Als jij enthousiast wordt van een technische uitdaging pas jij precies in [...]\" \/>\n<meta property=\"og:url\" content=\"https:\/\/somaworks.nl\/de\/ik-zoek-werk\/\" \/>\n<meta property=\"og:site_name\" content=\"SOMA Works\" \/>\n<meta property=\"article:publisher\" content=\"https:\/\/www.facebook.com\/somaworksbv\/\" \/>\n<meta property=\"article:modified_time\" content=\"2021-01-01T18:40:45+00:00\" \/>\n<meta property=\"og:image\" content=\"https:\/\/somaworks.nl\/wp-content\/uploads\/2020\/12\/AdobeStock_360466297.jpg\" \/>\n\t<meta property=\"og:image:width\" content=\"2000\" \/>\n\t<meta property=\"og:image:height\" content=\"1335\" \/>\n\t<meta property=\"og:image:type\" content=\"image\/jpeg\" \/>\n<meta name=\"twitter:card\" content=\"summary_large_image\" \/>\n<meta name=\"twitter:label1\" content=\"Gesch\u00e4tzte Lesezeit\" \/>\n\t<meta name=\"twitter:data1\" content=\"2\u00a0Minuten\" \/>\n<script type=\"application\/ld+json\" class=\"yoast-schema-graph\">{\"@context\":\"https:\\\/\\\/schema.org\",\"@graph\":[{\"@type\":\"WebPage\",\"@id\":\"https:\\\/\\\/somaworks.nl\\\/ik-zoek-werk\\\/\",\"url\":\"https:\\\/\\\/somaworks.nl\\\/ik-zoek-werk\\\/\",\"name\":\"Ik zoek werk - SOMA Works\",\"isPartOf\":{\"@id\":\"https:\\\/\\\/somaworks.nl\\\/#website\"},\"primaryImageOfPage\":{\"@id\":\"https:\\\/\\\/somaworks.nl\\\/ik-zoek-werk\\\/#primaryimage\"},\"image\":{\"@id\":\"https:\\\/\\\/somaworks.nl\\\/ik-zoek-werk\\\/#primaryimage\"},\"thumbnailUrl\":\"https:\\\/\\\/somaworks.nl\\\/wp-content\\\/uploads\\\/2020\\\/12\\\/AdobeStock_360466297.jpg\",\"datePublished\":\"2020-07-01T13:00:41+00:00\",\"dateModified\":\"2021-01-01T18:40:45+00:00\",\"breadcrumb\":{\"@id\":\"https:\\\/\\\/somaworks.nl\\\/ik-zoek-werk\\\/#breadcrumb\"},\"inLanguage\":\"de\",\"potentialAction\":[{\"@type\":\"ReadAction\",\"target\":[\"https:\\\/\\\/somaworks.nl\\\/ik-zoek-werk\\\/\"]}]},{\"@type\":\"ImageObject\",\"inLanguage\":\"de\",\"@id\":\"https:\\\/\\\/somaworks.nl\\\/ik-zoek-werk\\\/#primaryimage\",\"url\":\"https:\\\/\\\/somaworks.nl\\\/wp-content\\\/uploads\\\/2020\\\/12\\\/AdobeStock_360466297.jpg\",\"contentUrl\":\"https:\\\/\\\/somaworks.nl\\\/wp-content\\\/uploads\\\/2020\\\/12\\\/AdobeStock_360466297.jpg\",\"width\":2000,\"height\":1335},{\"@type\":\"BreadcrumbList\",\"@id\":\"https:\\\/\\\/somaworks.nl\\\/ik-zoek-werk\\\/#breadcrumb\",\"itemListElement\":[{\"@type\":\"ListItem\",\"position\":1,\"name\":\"Home\",\"item\":\"https:\\\/\\\/somaworks.nl\\\/\"},{\"@type\":\"ListItem\",\"position\":2,\"name\":\"Ik zoek werk\"}]},{\"@type\":\"WebSite\",\"@id\":\"https:\\\/\\\/somaworks.nl\\\/#website\",\"url\":\"https:\\\/\\\/somaworks.nl\\\/\",\"name\":\"SOMA Works\",\"description\":\"Specialist in technisch personeel\",\"publisher\":{\"@id\":\"https:\\\/\\\/somaworks.nl\\\/#organization\"},\"potentialAction\":[{\"@type\":\"SearchAction\",\"target\":{\"@type\":\"EntryPoint\",\"urlTemplate\":\"https:\\\/\\\/somaworks.nl\\\/?s={search_term_string}\"},\"query-input\":{\"@type\":\"PropertyValueSpecification\",\"valueRequired\":true,\"valueName\":\"search_term_string\"}}],\"inLanguage\":\"de\"},{\"@type\":\"Organization\",\"@id\":\"https:\\\/\\\/somaworks.nl\\\/#organization\",\"name\":\"SOMA Works\",\"url\":\"https:\\\/\\\/somaworks.nl\\\/\",\"logo\":{\"@type\":\"ImageObject\",\"inLanguage\":\"de\",\"@id\":\"https:\\\/\\\/somaworks.nl\\\/#\\\/schema\\\/logo\\\/image\\\/\",\"url\":\"https:\\\/\\\/somaworks.nl\\\/wp-content\\\/uploads\\\/2021\\\/09\\\/SOMA-works.png\",\"contentUrl\":\"https:\\\/\\\/somaworks.nl\\\/wp-content\\\/uploads\\\/2021\\\/09\\\/SOMA-works.png\",\"width\":2095,\"height\":2095,\"caption\":\"SOMA Works\"},\"image\":{\"@id\":\"https:\\\/\\\/somaworks.nl\\\/#\\\/schema\\\/logo\\\/image\\\/\"},\"sameAs\":[\"https:\\\/\\\/www.facebook.com\\\/somaworksbv\\\/\",\"https:\\\/\\\/www.instagram.com\\\/somaworksbv\\\/\",\"https:\\\/\\\/www.linkedin.com\\\/company\\\/soma-works-specialist-in-technisch-personeel\\\/\"]}]}<\/script>\n<!-- \/ Yoast SEO plugin. -->","yoast_head_json":{"title":"Ik zoek werk - SOMA Works","robots":{"index":"index","follow":"follow","max-snippet":"max-snippet:-1","max-image-preview":"max-image-preview:large","max-video-preview":"max-video-preview:-1"},"canonical":"https:\/\/somaworks.nl\/de\/ik-zoek-werk\/","og_locale":"de_DE","og_type":"article","og_title":"Ik zoek werk - SOMA Works","og_description":"Ben jij op zoek naar een nieuwe stap in je technische carri\u00e8re? Of wil je snel veel ervaring op doen door als uitzendkracht aan de slag te gaan? Als jij enthousiast wordt van een technische uitdaging pas jij precies in [...]","og_url":"https:\/\/somaworks.nl\/de\/ik-zoek-werk\/","og_site_name":"SOMA Works","article_publisher":"https:\/\/www.facebook.com\/somaworksbv\/","article_modified_time":"2021-01-01T18:40:45+00:00","og_image":[{"width":2000,"height":1335,"url":"https:\/\/somaworks.nl\/wp-content\/uploads\/2020\/12\/AdobeStock_360466297.jpg","type":"image\/jpeg"}],"twitter_card":"summary_large_image","twitter_misc":{"Gesch\u00e4tzte Lesezeit":"2\u00a0Minuten"},"schema":{"@context":"https:\/\/schema.org","@graph":[{"@type":"WebPage","@id":"https:\/\/somaworks.nl\/ik-zoek-werk\/","url":"https:\/\/somaworks.nl\/ik-zoek-werk\/","name":"Ik zoek werk - SOMA Works","isPartOf":{"@id":"https:\/\/somaworks.nl\/#website"},"primaryImageOfPage":{"@id":"https:\/\/somaworks.nl\/ik-zoek-werk\/#primaryimage"},"image":{"@id":"https:\/\/somaworks.nl\/ik-zoek-werk\/#primaryimage"},"thumbnailUrl":"https:\/\/somaworks.nl\/wp-content\/uploads\/2020\/12\/AdobeStock_360466297.jpg","datePublished":"2020-07-01T13:00:41+00:00","dateModified":"2021-01-01T18:40:45+00:00","breadcrumb":{"@id":"https:\/\/somaworks.nl\/ik-zoek-werk\/#breadcrumb"},"inLanguage":"de","potentialAction":[{"@type":"ReadAction","target":["https:\/\/somaworks.nl\/ik-zoek-werk\/"]}]},{"@type":"ImageObject","inLanguage":"de","@id":"https:\/\/somaworks.nl\/ik-zoek-werk\/#primaryimage","url":"https:\/\/somaworks.nl\/wp-content\/uploads\/2020\/12\/AdobeStock_360466297.jpg","contentUrl":"https:\/\/somaworks.nl\/wp-content\/uploads\/2020\/12\/AdobeStock_360466297.jpg","width":2000,"height":1335},{"@type":"BreadcrumbList","@id":"https:\/\/somaworks.nl\/ik-zoek-werk\/#breadcrumb","itemListElement":[{"@type":"ListItem","position":1,"name":"Home","item":"https:\/\/somaworks.nl\/"},{"@type":"ListItem","position":2,"name":"Ik zoek werk"}]},{"@type":"WebSite","@id":"https:\/\/somaworks.nl\/#website","url":"https:\/\/somaworks.nl\/","name":"SOMA Works","description":"Specialist in technisch personeel","publisher":{"@id":"https:\/\/somaworks.nl\/#organization"},"potentialAction":[{"@type":"SearchAction","target":{"@type":"EntryPoint","urlTemplate":"https:\/\/somaworks.nl\/?s={search_term_string}"},"query-input":{"@type":"PropertyValueSpecification","valueRequired":true,"valueName":"search_term_string"}}],"inLanguage":"de"},{"@type":"Organization","@id":"https:\/\/somaworks.nl\/#organization","name":"SOMA Works","url":"https:\/\/somaworks.nl\/","logo":{"@type":"ImageObject","inLanguage":"de","@id":"https:\/\/somaworks.nl\/#\/schema\/logo\/image\/","url":"https:\/\/somaworks.nl\/wp-content\/uploads\/2021\/09\/SOMA-works.png","contentUrl":"https:\/\/somaworks.nl\/wp-content\/uploads\/2021\/09\/SOMA-works.png","width":2095,"height":2095,"caption":"SOMA Works"},"image":{"@id":"https:\/\/somaworks.nl\/#\/schema\/logo\/image\/"},"sameAs":["https:\/\/www.facebook.com\/somaworksbv\/","https:\/\/www.instagram.com\/somaworksbv\/","https:\/\/www.linkedin.com\/company\/soma-works-specialist-in-technisch-personeel\/"]}]}},"_links":{"self":[{"href":"https:\/\/somaworks.nl\/de\/wp-json\/wp\/v2\/pages\/339","targetHints":{"allow":["GET"]}}],"collection":[{"href":"https:\/\/somaworks.nl\/de\/wp-json\/wp\/v2\/pages"}],"about":[{"href":"https:\/\/somaworks.nl\/de\/wp-json\/wp\/v2\/types\/page"}],"author":[{"embeddable":true,"href":"https:\/\/somaworks.nl\/de\/wp-json\/wp\/v2\/users\/2"}],"replies":[{"embeddable":true,"href":"https:\/\/somaworks.nl\/de\/wp-json\/wp\/v2\/comments?post=339"}],"version-history":[{"count":0,"href":"https:\/\/somaworks.nl\/de\/wp-json\/wp\/v2\/pages\/339\/revisions"}],"wp:featuredmedia":[{"embeddable":true,"href":"https:\/\/somaworks.nl\/de\/wp-json\/wp\/v2\/media\/1947"}],"wp:attachment":[{"href":"https:\/\/somaworks.nl\/de\/wp-json\/wp\/v2\/media?parent=339"}],"curies":[{"name":"wp","href":"https:\/\/api.w.org\/{rel}","templated":true}]}}