{"id":342,"date":"2020-07-01T13:01:02","date_gmt":"2020-07-01T13:01:02","guid":{"rendered":"https:\/\/sw.mijn.startmetgemak.site\/?page_id=342"},"modified":"2020-12-23T15:30:36","modified_gmt":"2020-12-23T15:30:36","slug":"opleidingsmogelijkheden","status":"publish","type":"page","link":"https:\/\/somaworks.nl\/de\/ik-zoek-werk\/opleidingsmogelijkheden\/","title":{"rendered":"Ausbildungsm\u00f6glichkeiten"},"content":{"rendered":"<p>M\u00f6chten Sie eine Umschulung machen? Oder glauben Sie, dass Sie nie qualifiziert genug sein k\u00f6nnen? Bei SOMA Works arbeiten wir gerne mit Menschen, die sich weiterentwickeln wollen. Als Zeitarbeitsunternehmen wissen wir genau, was gefragt ist und wo die Chancen liegen, Sie so attraktiv wie m\u00f6glich zu vermitteln. Deshalb finden wir gemeinsam mit Ihnen eine L\u00f6sung rund um die Weiterbildung, damit Sie (wieder) gerne zur Arbeit gehen.<\/p>\n<p><strong>Pers\u00f6nliche Betreuung<br \/>\n<\/strong>Wenn Sie eine Zusammenarbeit mit SOMA Works beginnen, wird Ihnen ein pers\u00f6nlicher Spezialist zugewiesen, der Ihnen helfen wird, voranzukommen. Er oder sie wird mit Ihnen zusammen \u00fcber Ihre Ambitionen und die Schritte nachdenken, die Sie unternehmen k\u00f6nnen, um diese zu verwirklichen. Wir orientieren uns auch an den Trends, die wir auf dem Markt beobachten, und an den Fragen, die wir von Arbeitgebern erhalten. Auf diese Weise stellen wir sicher, dass die Zeit, die Sie in ein Trainingsprogramm investieren, tats\u00e4chlich zu Ihrer Karriere beitr\u00e4gt. Aus diesem Grund bieten wir nicht nur regul\u00e4re Schulungen, Kurse und Fortbildungen an, sondern auch interne Schulungen. Auf diese Weise stellen wir sicher, dass Ihr Ausbildungsweg immer ma\u00dfgeschneidert ist.<\/p>\n<p><strong>Ein Lernweg f\u00fcr jeden<\/strong><\/p>\n<p>Egal, ob Sie eine Fachkraft mit jahrelanger Erfahrung sind oder nach Umschulungsm\u00f6glichkeiten suchen: Bei SOMA Works haben wir f\u00fcr jeden einen passenden Lernweg. So stellen wir sicher, dass Sie (wieder) eine Herausforderung finden und dass Angebot und Nachfrage besser aufeinander abgestimmt sind.<\/p>\n<p>&nbsp;<\/p>\n<p>Was k\u00f6nnen Sie von den Ausbildungsangeboten von SOMA Works erwarten?<\/p>\n<ul>\n<li>Ein umfangreiches Angebot an Kursen, darunter: VCA, Flanschmechaniker, Freischneider, Gabelstapler usw.<\/li>\n<li>Unbegrenzte M\u00f6glichkeiten zur Teilnahme an technischen Schulungen wie Installationstechnik und Elektrotechnik.<\/li>\n<li>BBL-Routen und Vollzeitkurse<\/li>\n<li>Ma\u00dfgeschneiderte Inhouse-Schulungen bei unseren Kunden<\/li>\n<\/ul>\n<p>&nbsp;<\/p>\n<p>M\u00f6chtest du mehr \u00fcber unsere Weiterbildungsm\u00f6glichkeiten erfahren? Oder bist du neugierig auf die Trends, die wir auf dem Markt entdeckt haben? Kontaktiere uns schnell, damit wir dir weiterhelfen k\u00f6nnen.<\/p>\n<p>&nbsp;<\/p>\n<p>&nbsp;<\/p>","protected":false},"excerpt":{"rendered":"<p>M\u00f6chten Sie eine Umschulung machen? Oder glauben Sie, dass Sie nie qualifiziert genug sein k\u00f6nnen? Bei SOMA Works arbeiten wir gerne mit Menschen zusammen, die sich weiterentwickeln wollen. Als Zeitarbeitsunternehmen wissen wir genau, was gefragt ist und [...] <\/p>","protected":false},"author":2,"featured_media":1928,"parent":339,"menu_order":41,"comment_status":"closed","ping_status":"closed","template":"","meta":{"_acf_changed":false,"footnotes":""},"class_list":["post-342","page","type-page","status-publish","has-post-thumbnail","hentry"],"acf":[],"yoast_head":"<!-- This site is optimized with the Yoast SEO plugin v27.4 - https:\/\/yoast.com\/product\/yoast-seo-wordpress\/ -->\n<title>Opleidingsmogelijkheden - SOMA Works<\/title>\n<meta name=\"robots\" content=\"index, follow, max-snippet:-1, max-image-preview:large, max-video-preview:-1\" \/>\n<link rel=\"canonical\" href=\"https:\/\/somaworks.nl\/de\/ik-zoek-werk\/opleidingsmogelijkheden\/\" \/>\n<meta property=\"og:locale\" content=\"de_DE\" \/>\n<meta property=\"og:type\" content=\"article\" \/>\n<meta property=\"og:title\" content=\"Opleidingsmogelijkheden - SOMA Works\" \/>\n<meta property=\"og:description\" content=\"Wil je je graag omscholen? Of ben je van mening nooit genoeg geschoold te kunnen zijn? Bij SOMA Works werken we graag met mensen die zichzelf willen blijven ontwikkelen. Als uitzendbureau weten wij precies waar veel vraag naar is en [...]\" \/>\n<meta property=\"og:url\" content=\"https:\/\/somaworks.nl\/de\/ik-zoek-werk\/opleidingsmogelijkheden\/\" \/>\n<meta property=\"og:site_name\" content=\"SOMA Works\" \/>\n<meta property=\"article:publisher\" content=\"https:\/\/www.facebook.com\/somaworksbv\/\" \/>\n<meta property=\"article:modified_time\" content=\"2020-12-23T15:30:36+00:00\" \/>\n<meta property=\"og:image\" content=\"https:\/\/somaworks.nl\/wp-content\/uploads\/2020\/12\/AdobeStock_129571873.jpg\" \/>\n\t<meta property=\"og:image:width\" content=\"2000\" \/>\n\t<meta property=\"og:image:height\" content=\"1333\" \/>\n\t<meta property=\"og:image:type\" content=\"image\/jpeg\" \/>\n<meta name=\"twitter:card\" content=\"summary_large_image\" \/>\n<meta name=\"twitter:label1\" content=\"Gesch\u00e4tzte Lesezeit\" \/>\n\t<meta name=\"twitter:data1\" content=\"2\u00a0Minuten\" \/>\n<script type=\"application\/ld+json\" class=\"yoast-schema-graph\">{\"@context\":\"https:\\\/\\\/schema.org\",\"@graph\":[{\"@type\":\"WebPage\",\"@id\":\"https:\\\/\\\/somaworks.nl\\\/ik-zoek-werk\\\/opleidingsmogelijkheden\\\/\",\"url\":\"https:\\\/\\\/somaworks.nl\\\/ik-zoek-werk\\\/opleidingsmogelijkheden\\\/\",\"name\":\"Opleidingsmogelijkheden - SOMA Works\",\"isPartOf\":{\"@id\":\"https:\\\/\\\/somaworks.nl\\\/#website\"},\"primaryImageOfPage\":{\"@id\":\"https:\\\/\\\/somaworks.nl\\\/ik-zoek-werk\\\/opleidingsmogelijkheden\\\/#primaryimage\"},\"image\":{\"@id\":\"https:\\\/\\\/somaworks.nl\\\/ik-zoek-werk\\\/opleidingsmogelijkheden\\\/#primaryimage\"},\"thumbnailUrl\":\"https:\\\/\\\/somaworks.nl\\\/wp-content\\\/uploads\\\/2020\\\/12\\\/AdobeStock_129571873.jpg\",\"datePublished\":\"2020-07-01T13:01:02+00:00\",\"dateModified\":\"2020-12-23T15:30:36+00:00\",\"breadcrumb\":{\"@id\":\"https:\\\/\\\/somaworks.nl\\\/ik-zoek-werk\\\/opleidingsmogelijkheden\\\/#breadcrumb\"},\"inLanguage\":\"de\",\"potentialAction\":[{\"@type\":\"ReadAction\",\"target\":[\"https:\\\/\\\/somaworks.nl\\\/ik-zoek-werk\\\/opleidingsmogelijkheden\\\/\"]}]},{\"@type\":\"ImageObject\",\"inLanguage\":\"de\",\"@id\":\"https:\\\/\\\/somaworks.nl\\\/ik-zoek-werk\\\/opleidingsmogelijkheden\\\/#primaryimage\",\"url\":\"https:\\\/\\\/somaworks.nl\\\/wp-content\\\/uploads\\\/2020\\\/12\\\/AdobeStock_129571873.jpg\",\"contentUrl\":\"https:\\\/\\\/somaworks.nl\\\/wp-content\\\/uploads\\\/2020\\\/12\\\/AdobeStock_129571873.jpg\",\"width\":2000,\"height\":1333},{\"@type\":\"BreadcrumbList\",\"@id\":\"https:\\\/\\\/somaworks.nl\\\/ik-zoek-werk\\\/opleidingsmogelijkheden\\\/#breadcrumb\",\"itemListElement\":[{\"@type\":\"ListItem\",\"position\":1,\"name\":\"Home\",\"item\":\"https:\\\/\\\/somaworks.nl\\\/\"},{\"@type\":\"ListItem\",\"position\":2,\"name\":\"Ik zoek werk\",\"item\":\"https:\\\/\\\/somaworks.nl\\\/ik-zoek-werk\\\/\"},{\"@type\":\"ListItem\",\"position\":3,\"name\":\"Opleidingsmogelijkheden\"}]},{\"@type\":\"WebSite\",\"@id\":\"https:\\\/\\\/somaworks.nl\\\/#website\",\"url\":\"https:\\\/\\\/somaworks.nl\\\/\",\"name\":\"SOMA Works\",\"description\":\"Specialist in technisch personeel\",\"publisher\":{\"@id\":\"https:\\\/\\\/somaworks.nl\\\/#organization\"},\"potentialAction\":[{\"@type\":\"SearchAction\",\"target\":{\"@type\":\"EntryPoint\",\"urlTemplate\":\"https:\\\/\\\/somaworks.nl\\\/?s={search_term_string}\"},\"query-input\":{\"@type\":\"PropertyValueSpecification\",\"valueRequired\":true,\"valueName\":\"search_term_string\"}}],\"inLanguage\":\"de\"},{\"@type\":\"Organization\",\"@id\":\"https:\\\/\\\/somaworks.nl\\\/#organization\",\"name\":\"SOMA Works\",\"url\":\"https:\\\/\\\/somaworks.nl\\\/\",\"logo\":{\"@type\":\"ImageObject\",\"inLanguage\":\"de\",\"@id\":\"https:\\\/\\\/somaworks.nl\\\/#\\\/schema\\\/logo\\\/image\\\/\",\"url\":\"https:\\\/\\\/somaworks.nl\\\/wp-content\\\/uploads\\\/2021\\\/09\\\/SOMA-works.png\",\"contentUrl\":\"https:\\\/\\\/somaworks.nl\\\/wp-content\\\/uploads\\\/2021\\\/09\\\/SOMA-works.png\",\"width\":2095,\"height\":2095,\"caption\":\"SOMA Works\"},\"image\":{\"@id\":\"https:\\\/\\\/somaworks.nl\\\/#\\\/schema\\\/logo\\\/image\\\/\"},\"sameAs\":[\"https:\\\/\\\/www.facebook.com\\\/somaworksbv\\\/\",\"https:\\\/\\\/www.instagram.com\\\/somaworksbv\\\/\",\"https:\\\/\\\/www.linkedin.com\\\/company\\\/soma-works-specialist-in-technisch-personeel\\\/\"]}]}<\/script>\n<!-- \/ Yoast SEO plugin. -->","yoast_head_json":{"title":"Opleidingsmogelijkheden - SOMA Works","robots":{"index":"index","follow":"follow","max-snippet":"max-snippet:-1","max-image-preview":"max-image-preview:large","max-video-preview":"max-video-preview:-1"},"canonical":"https:\/\/somaworks.nl\/de\/ik-zoek-werk\/opleidingsmogelijkheden\/","og_locale":"de_DE","og_type":"article","og_title":"Opleidingsmogelijkheden - SOMA Works","og_description":"Wil je je graag omscholen? Of ben je van mening nooit genoeg geschoold te kunnen zijn? Bij SOMA Works werken we graag met mensen die zichzelf willen blijven ontwikkelen. Als uitzendbureau weten wij precies waar veel vraag naar is en [...]","og_url":"https:\/\/somaworks.nl\/de\/ik-zoek-werk\/opleidingsmogelijkheden\/","og_site_name":"SOMA Works","article_publisher":"https:\/\/www.facebook.com\/somaworksbv\/","article_modified_time":"2020-12-23T15:30:36+00:00","og_image":[{"width":2000,"height":1333,"url":"https:\/\/somaworks.nl\/wp-content\/uploads\/2020\/12\/AdobeStock_129571873.jpg","type":"image\/jpeg"}],"twitter_card":"summary_large_image","twitter_misc":{"Gesch\u00e4tzte Lesezeit":"2\u00a0Minuten"},"schema":{"@context":"https:\/\/schema.org","@graph":[{"@type":"WebPage","@id":"https:\/\/somaworks.nl\/ik-zoek-werk\/opleidingsmogelijkheden\/","url":"https:\/\/somaworks.nl\/ik-zoek-werk\/opleidingsmogelijkheden\/","name":"Opleidingsmogelijkheden - SOMA Works","isPartOf":{"@id":"https:\/\/somaworks.nl\/#website"},"primaryImageOfPage":{"@id":"https:\/\/somaworks.nl\/ik-zoek-werk\/opleidingsmogelijkheden\/#primaryimage"},"image":{"@id":"https:\/\/somaworks.nl\/ik-zoek-werk\/opleidingsmogelijkheden\/#primaryimage"},"thumbnailUrl":"https:\/\/somaworks.nl\/wp-content\/uploads\/2020\/12\/AdobeStock_129571873.jpg","datePublished":"2020-07-01T13:01:02+00:00","dateModified":"2020-12-23T15:30:36+00:00","breadcrumb":{"@id":"https:\/\/somaworks.nl\/ik-zoek-werk\/opleidingsmogelijkheden\/#breadcrumb"},"inLanguage":"de","potentialAction":[{"@type":"ReadAction","target":["https:\/\/somaworks.nl\/ik-zoek-werk\/opleidingsmogelijkheden\/"]}]},{"@type":"ImageObject","inLanguage":"de","@id":"https:\/\/somaworks.nl\/ik-zoek-werk\/opleidingsmogelijkheden\/#primaryimage","url":"https:\/\/somaworks.nl\/wp-content\/uploads\/2020\/12\/AdobeStock_129571873.jpg","contentUrl":"https:\/\/somaworks.nl\/wp-content\/uploads\/2020\/12\/AdobeStock_129571873.jpg","width":2000,"height":1333},{"@type":"BreadcrumbList","@id":"https:\/\/somaworks.nl\/ik-zoek-werk\/opleidingsmogelijkheden\/#breadcrumb","itemListElement":[{"@type":"ListItem","position":1,"name":"Home","item":"https:\/\/somaworks.nl\/"},{"@type":"ListItem","position":2,"name":"Ik zoek werk","item":"https:\/\/somaworks.nl\/ik-zoek-werk\/"},{"@type":"ListItem","position":3,"name":"Opleidingsmogelijkheden"}]},{"@type":"WebSite","@id":"https:\/\/somaworks.nl\/#website","url":"https:\/\/somaworks.nl\/","name":"SOMA Works","description":"Specialist in technisch personeel","publisher":{"@id":"https:\/\/somaworks.nl\/#organization"},"potentialAction":[{"@type":"SearchAction","target":{"@type":"EntryPoint","urlTemplate":"https:\/\/somaworks.nl\/?s={search_term_string}"},"query-input":{"@type":"PropertyValueSpecification","valueRequired":true,"valueName":"search_term_string"}}],"inLanguage":"de"},{"@type":"Organization","@id":"https:\/\/somaworks.nl\/#organization","name":"SOMA Works","url":"https:\/\/somaworks.nl\/","logo":{"@type":"ImageObject","inLanguage":"de","@id":"https:\/\/somaworks.nl\/#\/schema\/logo\/image\/","url":"https:\/\/somaworks.nl\/wp-content\/uploads\/2021\/09\/SOMA-works.png","contentUrl":"https:\/\/somaworks.nl\/wp-content\/uploads\/2021\/09\/SOMA-works.png","width":2095,"height":2095,"caption":"SOMA Works"},"image":{"@id":"https:\/\/somaworks.nl\/#\/schema\/logo\/image\/"},"sameAs":["https:\/\/www.facebook.com\/somaworksbv\/","https:\/\/www.instagram.com\/somaworksbv\/","https:\/\/www.linkedin.com\/company\/soma-works-specialist-in-technisch-personeel\/"]}]}},"_links":{"self":[{"href":"https:\/\/somaworks.nl\/de\/wp-json\/wp\/v2\/pages\/342","targetHints":{"allow":["GET"]}}],"collection":[{"href":"https:\/\/somaworks.nl\/de\/wp-json\/wp\/v2\/pages"}],"about":[{"href":"https:\/\/somaworks.nl\/de\/wp-json\/wp\/v2\/types\/page"}],"author":[{"embeddable":true,"href":"https:\/\/somaworks.nl\/de\/wp-json\/wp\/v2\/users\/2"}],"replies":[{"embeddable":true,"href":"https:\/\/somaworks.nl\/de\/wp-json\/wp\/v2\/comments?post=342"}],"version-history":[{"count":0,"href":"https:\/\/somaworks.nl\/de\/wp-json\/wp\/v2\/pages\/342\/revisions"}],"up":[{"embeddable":true,"href":"https:\/\/somaworks.nl\/de\/wp-json\/wp\/v2\/pages\/339"}],"wp:featuredmedia":[{"embeddable":true,"href":"https:\/\/somaworks.nl\/de\/wp-json\/wp\/v2\/media\/1928"}],"wp:attachment":[{"href":"https:\/\/somaworks.nl\/de\/wp-json\/wp\/v2\/media?parent=342"}],"curies":[{"name":"wp","href":"https:\/\/api.w.org\/{rel}","templated":true}]}}