{"id":345,"date":"2020-07-01T13:01:36","date_gmt":"2020-07-01T13:01:36","guid":{"rendered":"https:\/\/sw.mijn.startmetgemak.site\/?page_id=345"},"modified":"2020-12-13T18:19:13","modified_gmt":"2020-12-13T18:19:13","slug":"pbms","status":"publish","type":"page","link":"https:\/\/somaworks.nl\/de\/ik-zoek-werk\/pbms\/","title":{"rendered":"PSA"},"content":{"rendered":"<p>Bei SOMA Works ist es uns wichtig, dass Sie Spa\u00df an Ihrer Arbeit haben und sicher arbeiten. Um Sie vor Sicherheitsrisiken zu sch\u00fctzen, stellen wir Ihnen daher pers\u00f6nliche Schutzausr\u00fcstung (PSA) zur Verf\u00fcgung. Gemeinsam mit dem Kunden sehen wir uns die von Ihnen zu verrichtende Arbeit an und stellen ein Paket mit PSA und Arbeitskleidung zusammen. Wir sorgen daf\u00fcr, dass Sie dieses Paket kostenlos erhalten, bevor Sie Ihren ersten Arbeitstag antreten. Auf diese Weise sorgen wir daf\u00fcr, dass Sie Ihre Arbeit sorgenfrei und sicher aufnehmen k\u00f6nnen.<\/p>\n<p><a style=\"color: #fff; display: inline-block; margin-top: 15px; margin-bottom: 15px; padding: 10px; background: #1488ca;\" href=\"\/de\/ik-zoek-werk\/pbms\/bestel-pbms\/\">Bestellen Sie Ihre PSA direkt <i class=\"fas fa-arrow-right\" aria-hidden=\"true\"><\/i><\/a><\/p>\n<p><strong>Ihre Sicherheit steht an erster Stelle<\/strong><\/p>\n<p>Wenn du von uns PSA erhalten hast, gehen wir davon aus, dass du sie ordnungsgem\u00e4\u00df verwendest. Dein Arbeitgeber wird dir Anweisungen und Schulungen geben, um sicherzustellen, dass du bestm\u00f6glich vor Sicherheitsrisiken gesch\u00fctzt bist. In manchen F\u00e4llen erh\u00e4ltst du auch schriftliche Anweisungen; zu deiner eigenen Sicherheit ist es wichtig, diese sorgf\u00e4ltig und regelm\u00e4\u00dfig durchzulesen. Hast du w\u00e4hrend deines Einsatzes Fragen zu deiner Sicherheit oder das Gef\u00fchl, dass deine PSA nicht ausreichend sch\u00fctzt? Oder m\u00fcssen deine Schutzausr\u00fcstungen ersetzt werden? Dann kontaktiere uns bitte so schnell wie m\u00f6glich. Deine Sicherheit hat f\u00fcr uns oberste Priorit\u00e4t!<\/p>\n<p><strong>Kostenlose Arbeitskleidung und PSA<\/strong><\/p>\n<p>Es ist uns wichtig, dass jeder, der \u00fcber SOMA Works arbeitet, sicher arbeitet. Deshalb stellen wir alle Materialien, die Sie f\u00fcr sicheres Arbeiten ben\u00f6tigen, kostenlos zur Verf\u00fcgung.<\/p>\n<p>Wir bieten unter anderem:<\/p>\n<ul>\n<li>Geh\u00f6rschutz<\/li>\n<li>Schutzbrille<\/li>\n<li>Sicherheitskleidung<\/li>\n<li>Sicherheitsschuhe<\/li>\n<li>Handschutz<\/li>\n<li>Gesichtsschutz<\/li>\n<li>Helme<\/li>\n<\/ul>\n<p>&nbsp;<\/p>\n<p>Sie brauchen schnell neue PSA? Dann nehmen Sie Kontakt mit Ihrem Ansprechpartner auf oder f\u00fcllen Sie das untenstehende Formular aus.<\/p>\n<p><a style=\"color: #fff; display: inline-block; margin-top: 15px; margin-bottom: 15px; padding: 10px; background: #1488ca;\" href=\"\/de\/ik-zoek-werk\/pbms\/bestel-pbms\/\">Bestellen Sie Ihre PSA direkt <i class=\"fas fa-arrow-right\" aria-hidden=\"true\"><\/i><\/a><\/p>","protected":false},"excerpt":{"rendered":"<p>Bei SOMA Works ist es uns wichtig, dass Sie Spa\u00df an Ihrer Arbeit haben und sicher arbeiten. Um Sie vor Sicherheitsrisiken zu sch\u00fctzen, stellen wir Ihnen daher pers\u00f6nliche Schutzausr\u00fcstung (PSA) zur Verf\u00fcgung. Gemeinsam mit dem Kunden schauen wir uns die Arbeiten an, die [...] <\/p>","protected":false},"author":2,"featured_media":90,"parent":339,"menu_order":41,"comment_status":"closed","ping_status":"closed","template":"","meta":{"_acf_changed":false,"footnotes":""},"class_list":["post-345","page","type-page","status-publish","has-post-thumbnail","hentry"],"acf":[],"yoast_head":"<!-- This site is optimized with the Yoast SEO plugin v27.4 - https:\/\/yoast.com\/product\/yoast-seo-wordpress\/ -->\n<title>PBM\u2019s - SOMA Works<\/title>\n<meta name=\"robots\" content=\"index, follow, max-snippet:-1, max-image-preview:large, max-video-preview:-1\" \/>\n<link rel=\"canonical\" href=\"https:\/\/somaworks.nl\/de\/ik-zoek-werk\/pbms\/\" \/>\n<meta property=\"og:locale\" content=\"de_DE\" \/>\n<meta property=\"og:type\" content=\"article\" \/>\n<meta property=\"og:title\" content=\"PBM\u2019s - SOMA Works\" \/>\n<meta property=\"og:description\" content=\"Bij SOMA Works vinden we het belangrijk dat je met plezier en veilig aan het werk gaat. Om jou te beschermen tegen veiligheidsrisico\u2019s zorgen we daarom voor persoonlijke beschermingsmiddelen (PBM\u2019s). Samen met de opdrachtgever kijken we naar de werkzaamheden die [...]\" \/>\n<meta property=\"og:url\" content=\"https:\/\/somaworks.nl\/de\/ik-zoek-werk\/pbms\/\" \/>\n<meta property=\"og:site_name\" content=\"SOMA Works\" \/>\n<meta property=\"article:publisher\" content=\"https:\/\/www.facebook.com\/somaworksbv\/\" \/>\n<meta property=\"article:modified_time\" content=\"2020-12-13T18:19:13+00:00\" \/>\n<meta property=\"og:image\" content=\"https:\/\/somaworks.nl\/wp-content\/uploads\/2020\/03\/woman-managing-production-XT5EQ9F.jpg\" \/>\n\t<meta property=\"og:image:width\" content=\"1400\" \/>\n\t<meta property=\"og:image:height\" content=\"933\" \/>\n\t<meta property=\"og:image:type\" content=\"image\/jpeg\" \/>\n<meta name=\"twitter:card\" content=\"summary_large_image\" \/>\n<meta name=\"twitter:label1\" content=\"Gesch\u00e4tzte Lesezeit\" \/>\n\t<meta name=\"twitter:data1\" content=\"1\u00a0Minute\" \/>\n<script type=\"application\/ld+json\" class=\"yoast-schema-graph\">{\"@context\":\"https:\\\/\\\/schema.org\",\"@graph\":[{\"@type\":\"WebPage\",\"@id\":\"https:\\\/\\\/somaworks.nl\\\/ik-zoek-werk\\\/pbms\\\/\",\"url\":\"https:\\\/\\\/somaworks.nl\\\/ik-zoek-werk\\\/pbms\\\/\",\"name\":\"PBM\u2019s - SOMA Works\",\"isPartOf\":{\"@id\":\"https:\\\/\\\/somaworks.nl\\\/#website\"},\"primaryImageOfPage\":{\"@id\":\"https:\\\/\\\/somaworks.nl\\\/ik-zoek-werk\\\/pbms\\\/#primaryimage\"},\"image\":{\"@id\":\"https:\\\/\\\/somaworks.nl\\\/ik-zoek-werk\\\/pbms\\\/#primaryimage\"},\"thumbnailUrl\":\"https:\\\/\\\/somaworks.nl\\\/wp-content\\\/uploads\\\/2020\\\/03\\\/woman-managing-production-XT5EQ9F.jpg\",\"datePublished\":\"2020-07-01T13:01:36+00:00\",\"dateModified\":\"2020-12-13T18:19:13+00:00\",\"breadcrumb\":{\"@id\":\"https:\\\/\\\/somaworks.nl\\\/ik-zoek-werk\\\/pbms\\\/#breadcrumb\"},\"inLanguage\":\"de\",\"potentialAction\":[{\"@type\":\"ReadAction\",\"target\":[\"https:\\\/\\\/somaworks.nl\\\/ik-zoek-werk\\\/pbms\\\/\"]}]},{\"@type\":\"ImageObject\",\"inLanguage\":\"de\",\"@id\":\"https:\\\/\\\/somaworks.nl\\\/ik-zoek-werk\\\/pbms\\\/#primaryimage\",\"url\":\"https:\\\/\\\/somaworks.nl\\\/wp-content\\\/uploads\\\/2020\\\/03\\\/woman-managing-production-XT5EQ9F.jpg\",\"contentUrl\":\"https:\\\/\\\/somaworks.nl\\\/wp-content\\\/uploads\\\/2020\\\/03\\\/woman-managing-production-XT5EQ9F.jpg\",\"width\":1400,\"height\":933,\"caption\":\"Portrait of female worker holding digital tablet while supervising production at factory, copy space\"},{\"@type\":\"BreadcrumbList\",\"@id\":\"https:\\\/\\\/somaworks.nl\\\/ik-zoek-werk\\\/pbms\\\/#breadcrumb\",\"itemListElement\":[{\"@type\":\"ListItem\",\"position\":1,\"name\":\"Home\",\"item\":\"https:\\\/\\\/somaworks.nl\\\/\"},{\"@type\":\"ListItem\",\"position\":2,\"name\":\"Ik zoek werk\",\"item\":\"https:\\\/\\\/somaworks.nl\\\/ik-zoek-werk\\\/\"},{\"@type\":\"ListItem\",\"position\":3,\"name\":\"PBM\u2019s\"}]},{\"@type\":\"WebSite\",\"@id\":\"https:\\\/\\\/somaworks.nl\\\/#website\",\"url\":\"https:\\\/\\\/somaworks.nl\\\/\",\"name\":\"SOMA Works\",\"description\":\"Specialist in technisch personeel\",\"publisher\":{\"@id\":\"https:\\\/\\\/somaworks.nl\\\/#organization\"},\"potentialAction\":[{\"@type\":\"SearchAction\",\"target\":{\"@type\":\"EntryPoint\",\"urlTemplate\":\"https:\\\/\\\/somaworks.nl\\\/?s={search_term_string}\"},\"query-input\":{\"@type\":\"PropertyValueSpecification\",\"valueRequired\":true,\"valueName\":\"search_term_string\"}}],\"inLanguage\":\"de\"},{\"@type\":\"Organization\",\"@id\":\"https:\\\/\\\/somaworks.nl\\\/#organization\",\"name\":\"SOMA Works\",\"url\":\"https:\\\/\\\/somaworks.nl\\\/\",\"logo\":{\"@type\":\"ImageObject\",\"inLanguage\":\"de\",\"@id\":\"https:\\\/\\\/somaworks.nl\\\/#\\\/schema\\\/logo\\\/image\\\/\",\"url\":\"https:\\\/\\\/somaworks.nl\\\/wp-content\\\/uploads\\\/2021\\\/09\\\/SOMA-works.png\",\"contentUrl\":\"https:\\\/\\\/somaworks.nl\\\/wp-content\\\/uploads\\\/2021\\\/09\\\/SOMA-works.png\",\"width\":2095,\"height\":2095,\"caption\":\"SOMA Works\"},\"image\":{\"@id\":\"https:\\\/\\\/somaworks.nl\\\/#\\\/schema\\\/logo\\\/image\\\/\"},\"sameAs\":[\"https:\\\/\\\/www.facebook.com\\\/somaworksbv\\\/\",\"https:\\\/\\\/www.instagram.com\\\/somaworksbv\\\/\",\"https:\\\/\\\/www.linkedin.com\\\/company\\\/soma-works-specialist-in-technisch-personeel\\\/\"]}]}<\/script>\n<!-- \/ Yoast SEO plugin. -->","yoast_head_json":{"title":"PBM\u2019s - SOMA Works","robots":{"index":"index","follow":"follow","max-snippet":"max-snippet:-1","max-image-preview":"max-image-preview:large","max-video-preview":"max-video-preview:-1"},"canonical":"https:\/\/somaworks.nl\/de\/ik-zoek-werk\/pbms\/","og_locale":"de_DE","og_type":"article","og_title":"PBM\u2019s - SOMA Works","og_description":"Bij SOMA Works vinden we het belangrijk dat je met plezier en veilig aan het werk gaat. Om jou te beschermen tegen veiligheidsrisico\u2019s zorgen we daarom voor persoonlijke beschermingsmiddelen (PBM\u2019s). Samen met de opdrachtgever kijken we naar de werkzaamheden die [...]","og_url":"https:\/\/somaworks.nl\/de\/ik-zoek-werk\/pbms\/","og_site_name":"SOMA Works","article_publisher":"https:\/\/www.facebook.com\/somaworksbv\/","article_modified_time":"2020-12-13T18:19:13+00:00","og_image":[{"width":1400,"height":933,"url":"https:\/\/somaworks.nl\/wp-content\/uploads\/2020\/03\/woman-managing-production-XT5EQ9F.jpg","type":"image\/jpeg"}],"twitter_card":"summary_large_image","twitter_misc":{"Gesch\u00e4tzte Lesezeit":"1\u00a0Minute"},"schema":{"@context":"https:\/\/schema.org","@graph":[{"@type":"WebPage","@id":"https:\/\/somaworks.nl\/ik-zoek-werk\/pbms\/","url":"https:\/\/somaworks.nl\/ik-zoek-werk\/pbms\/","name":"PBM\u2019s - SOMA Works","isPartOf":{"@id":"https:\/\/somaworks.nl\/#website"},"primaryImageOfPage":{"@id":"https:\/\/somaworks.nl\/ik-zoek-werk\/pbms\/#primaryimage"},"image":{"@id":"https:\/\/somaworks.nl\/ik-zoek-werk\/pbms\/#primaryimage"},"thumbnailUrl":"https:\/\/somaworks.nl\/wp-content\/uploads\/2020\/03\/woman-managing-production-XT5EQ9F.jpg","datePublished":"2020-07-01T13:01:36+00:00","dateModified":"2020-12-13T18:19:13+00:00","breadcrumb":{"@id":"https:\/\/somaworks.nl\/ik-zoek-werk\/pbms\/#breadcrumb"},"inLanguage":"de","potentialAction":[{"@type":"ReadAction","target":["https:\/\/somaworks.nl\/ik-zoek-werk\/pbms\/"]}]},{"@type":"ImageObject","inLanguage":"de","@id":"https:\/\/somaworks.nl\/ik-zoek-werk\/pbms\/#primaryimage","url":"https:\/\/somaworks.nl\/wp-content\/uploads\/2020\/03\/woman-managing-production-XT5EQ9F.jpg","contentUrl":"https:\/\/somaworks.nl\/wp-content\/uploads\/2020\/03\/woman-managing-production-XT5EQ9F.jpg","width":1400,"height":933,"caption":"Portrait of female worker holding digital tablet while supervising production at factory, copy space"},{"@type":"BreadcrumbList","@id":"https:\/\/somaworks.nl\/ik-zoek-werk\/pbms\/#breadcrumb","itemListElement":[{"@type":"ListItem","position":1,"name":"Home","item":"https:\/\/somaworks.nl\/"},{"@type":"ListItem","position":2,"name":"Ik zoek werk","item":"https:\/\/somaworks.nl\/ik-zoek-werk\/"},{"@type":"ListItem","position":3,"name":"PBM\u2019s"}]},{"@type":"WebSite","@id":"https:\/\/somaworks.nl\/#website","url":"https:\/\/somaworks.nl\/","name":"SOMA Works","description":"Specialist in technisch personeel","publisher":{"@id":"https:\/\/somaworks.nl\/#organization"},"potentialAction":[{"@type":"SearchAction","target":{"@type":"EntryPoint","urlTemplate":"https:\/\/somaworks.nl\/?s={search_term_string}"},"query-input":{"@type":"PropertyValueSpecification","valueRequired":true,"valueName":"search_term_string"}}],"inLanguage":"de"},{"@type":"Organization","@id":"https:\/\/somaworks.nl\/#organization","name":"SOMA Works","url":"https:\/\/somaworks.nl\/","logo":{"@type":"ImageObject","inLanguage":"de","@id":"https:\/\/somaworks.nl\/#\/schema\/logo\/image\/","url":"https:\/\/somaworks.nl\/wp-content\/uploads\/2021\/09\/SOMA-works.png","contentUrl":"https:\/\/somaworks.nl\/wp-content\/uploads\/2021\/09\/SOMA-works.png","width":2095,"height":2095,"caption":"SOMA Works"},"image":{"@id":"https:\/\/somaworks.nl\/#\/schema\/logo\/image\/"},"sameAs":["https:\/\/www.facebook.com\/somaworksbv\/","https:\/\/www.instagram.com\/somaworksbv\/","https:\/\/www.linkedin.com\/company\/soma-works-specialist-in-technisch-personeel\/"]}]}},"_links":{"self":[{"href":"https:\/\/somaworks.nl\/de\/wp-json\/wp\/v2\/pages\/345","targetHints":{"allow":["GET"]}}],"collection":[{"href":"https:\/\/somaworks.nl\/de\/wp-json\/wp\/v2\/pages"}],"about":[{"href":"https:\/\/somaworks.nl\/de\/wp-json\/wp\/v2\/types\/page"}],"author":[{"embeddable":true,"href":"https:\/\/somaworks.nl\/de\/wp-json\/wp\/v2\/users\/2"}],"replies":[{"embeddable":true,"href":"https:\/\/somaworks.nl\/de\/wp-json\/wp\/v2\/comments?post=345"}],"version-history":[{"count":0,"href":"https:\/\/somaworks.nl\/de\/wp-json\/wp\/v2\/pages\/345\/revisions"}],"up":[{"embeddable":true,"href":"https:\/\/somaworks.nl\/de\/wp-json\/wp\/v2\/pages\/339"}],"wp:featuredmedia":[{"embeddable":true,"href":"https:\/\/somaworks.nl\/de\/wp-json\/wp\/v2\/media\/90"}],"wp:attachment":[{"href":"https:\/\/somaworks.nl\/de\/wp-json\/wp\/v2\/media?parent=345"}],"curies":[{"name":"wp","href":"https:\/\/api.w.org\/{rel}","templated":true}]}}