{"id":426,"date":"2020-09-03T09:54:31","date_gmt":"2020-09-03T09:54:31","guid":{"rendered":"https:\/\/sw.mijn.startmetgemak.site\/?page_id=426"},"modified":"2020-12-23T15:21:16","modified_gmt":"2020-12-23T15:21:16","slug":"werving-selectie","status":"publish","type":"page","link":"https:\/\/somaworks.nl\/de\/ik-zoek-personeel\/werving-selectie\/","title":{"rendered":"Anwerbung und Auswahl"},"content":{"rendered":"<p>Als specialist in het vinden van technisch personeel in Limburg weten wij als geen ander het belang van betrouwbaar en vakkundig personeel. Wij investeren daarom in persoonlijke aandacht zodat we uw wensen zo goed mogelijk kunnen vervullen. Niet voor niets is betrokkenheid een van onze kernwaarden waar we ons iedere dag voor inzetten.<\/p>\n<h2>Service op het hoogste niveau<\/h2>\n<p>De intercedenten van SOMA Works mogen zich met recht vakspecialist noemen in de technische branches waar wij personeel voor leveren. Zij hebben niet alleen diepgaande vakkennis van uw branche, maar zijn ook op de hoogte van de laatste ontwikkelingen op het gebied van HR en relevante wet- en regelgeving. Dit zorgt er, tezamen met een continue en intensieve investering in onze wervingskanalen, voor dat wij altijd de juiste vakkrachten voor uw personeelsvraagstuk kunnen leveren.\u00a0Kenmerkend voor onze dienstverlening is namelijk dat wij oplossingsgericht te werk gaan en ons inzetten voor een langdurige samenwerking. Door onze unieke werkwijze kunnen wij dan ook trots zeggen dat het ons lukt bedrijven jarenlang aan dezelfde intercedent te binden.<\/p>\n<h2>Alleen de beste vakkrachten<\/h2>\n<p>Voordat wij een vakkracht aan u voorstellen doorloopt deze eerst een zeer grondige selectieprocedure. Na de eerste CV selectie maken wij kennis met de kandidaat in persoonlijke en competentiegesprekken. Bij een positieve indruk volgt een referentiecheck. Alleen kandidaten die wij 100% geschikt achten worden bij u gepresenteerd. \u00a0Op deze manier verzorgen wij voor heel Limburg hoogstaande vakkrachten die met enthousiasme aan het werk gaan.<\/p>\n<h2>Wat kunt u verwachten van werving en selectie via SOMA Works:<\/h2>\n<ul>\n<li>Persoonlijke aandacht voor uw personeelsvraagstuk<\/li>\n<li>Uitgebreide screening van de kandidaten<\/li>\n<li>No cure \u2013 No Pay<\/li>\n<li>Een uitgebreid netwerk van vakkrachten<\/li>\n<li>Vaste specialisten die op het hoogste niveau met u meedenken.<\/li>\n<li>Service waar u op kunt bouwen<\/li>\n<\/ul>\n<p>Sind Sie neugierig, was wir f\u00fcr Sie tun k\u00f6nnen? Oder m\u00f6chten Sie einen unserer Spezialisten kennen lernen, damit wir Ihnen in einem pers\u00f6nlichen Gespr\u00e4ch mehr \u00fcber unsere Leistungen erz\u00e4hlen k\u00f6nnen? Dann nehmen Sie Kontakt mit uns auf.<\/p>","protected":false},"excerpt":{"rendered":"<p>Als specialist in het vinden van technisch personeel in Limburg weten wij als geen ander het belang van betrouwbaar en vakkundig personeel. Wij investeren daarom in persoonlijke aandacht zodat we uw wensen zo goed mogelijk kunnen vervullen. Niet voor niets [&#8230;] <\/p>","protected":false},"author":2,"featured_media":1945,"parent":355,"menu_order":36,"comment_status":"closed","ping_status":"closed","template":"","meta":{"_acf_changed":false,"footnotes":""},"class_list":["post-426","page","type-page","status-publish","has-post-thumbnail","hentry"],"acf":[],"yoast_head":"<!-- This site is optimized with the Yoast SEO plugin v27.4 - https:\/\/yoast.com\/product\/yoast-seo-wordpress\/ -->\n<title>Werving &amp; Selectie - SOMA Works<\/title>\n<meta name=\"robots\" content=\"index, follow, max-snippet:-1, max-image-preview:large, max-video-preview:-1\" \/>\n<link rel=\"canonical\" href=\"https:\/\/somaworks.nl\/de\/ik-zoek-personeel\/werving-selectie\/\" \/>\n<meta property=\"og:locale\" content=\"de_DE\" \/>\n<meta property=\"og:type\" content=\"article\" \/>\n<meta property=\"og:title\" content=\"Werving &amp; Selectie - SOMA Works\" \/>\n<meta property=\"og:description\" content=\"Als specialist in het vinden van technisch personeel in Limburg weten wij als geen ander het belang van betrouwbaar en vakkundig personeel. Wij investeren daarom in persoonlijke aandacht zodat we uw wensen zo goed mogelijk kunnen vervullen. Niet voor niets [...]\" \/>\n<meta property=\"og:url\" content=\"https:\/\/somaworks.nl\/de\/ik-zoek-personeel\/werving-selectie\/\" \/>\n<meta property=\"og:site_name\" content=\"SOMA Works\" \/>\n<meta property=\"article:publisher\" content=\"https:\/\/www.facebook.com\/somaworksbv\/\" \/>\n<meta property=\"article:modified_time\" content=\"2020-12-23T15:21:16+00:00\" \/>\n<meta property=\"og:image\" content=\"https:\/\/somaworks.nl\/wp-content\/uploads\/2020\/12\/AdobeStock_340432554.jpg\" \/>\n\t<meta property=\"og:image:width\" content=\"2000\" \/>\n\t<meta property=\"og:image:height\" content=\"1022\" \/>\n\t<meta property=\"og:image:type\" content=\"image\/jpeg\" \/>\n<meta name=\"twitter:card\" content=\"summary_large_image\" \/>\n<meta name=\"twitter:label1\" content=\"Gesch\u00e4tzte Lesezeit\" \/>\n\t<meta name=\"twitter:data1\" content=\"2\u00a0Minuten\" \/>\n<script type=\"application\/ld+json\" class=\"yoast-schema-graph\">{\"@context\":\"https:\\\/\\\/schema.org\",\"@graph\":[{\"@type\":\"WebPage\",\"@id\":\"https:\\\/\\\/somaworks.nl\\\/ik-zoek-personeel\\\/werving-selectie\\\/\",\"url\":\"https:\\\/\\\/somaworks.nl\\\/ik-zoek-personeel\\\/werving-selectie\\\/\",\"name\":\"Werving & Selectie - SOMA Works\",\"isPartOf\":{\"@id\":\"https:\\\/\\\/somaworks.nl\\\/#website\"},\"primaryImageOfPage\":{\"@id\":\"https:\\\/\\\/somaworks.nl\\\/ik-zoek-personeel\\\/werving-selectie\\\/#primaryimage\"},\"image\":{\"@id\":\"https:\\\/\\\/somaworks.nl\\\/ik-zoek-personeel\\\/werving-selectie\\\/#primaryimage\"},\"thumbnailUrl\":\"https:\\\/\\\/somaworks.nl\\\/wp-content\\\/uploads\\\/2020\\\/12\\\/AdobeStock_340432554.jpg\",\"datePublished\":\"2020-09-03T09:54:31+00:00\",\"dateModified\":\"2020-12-23T15:21:16+00:00\",\"breadcrumb\":{\"@id\":\"https:\\\/\\\/somaworks.nl\\\/ik-zoek-personeel\\\/werving-selectie\\\/#breadcrumb\"},\"inLanguage\":\"de\",\"potentialAction\":[{\"@type\":\"ReadAction\",\"target\":[\"https:\\\/\\\/somaworks.nl\\\/ik-zoek-personeel\\\/werving-selectie\\\/\"]}]},{\"@type\":\"ImageObject\",\"inLanguage\":\"de\",\"@id\":\"https:\\\/\\\/somaworks.nl\\\/ik-zoek-personeel\\\/werving-selectie\\\/#primaryimage\",\"url\":\"https:\\\/\\\/somaworks.nl\\\/wp-content\\\/uploads\\\/2020\\\/12\\\/AdobeStock_340432554.jpg\",\"contentUrl\":\"https:\\\/\\\/somaworks.nl\\\/wp-content\\\/uploads\\\/2020\\\/12\\\/AdobeStock_340432554.jpg\",\"width\":2000,\"height\":1022},{\"@type\":\"BreadcrumbList\",\"@id\":\"https:\\\/\\\/somaworks.nl\\\/ik-zoek-personeel\\\/werving-selectie\\\/#breadcrumb\",\"itemListElement\":[{\"@type\":\"ListItem\",\"position\":1,\"name\":\"Home\",\"item\":\"https:\\\/\\\/somaworks.nl\\\/\"},{\"@type\":\"ListItem\",\"position\":2,\"name\":\"Ik zoek personeel\",\"item\":\"https:\\\/\\\/somaworks.nl\\\/ik-zoek-personeel\\\/\"},{\"@type\":\"ListItem\",\"position\":3,\"name\":\"Werving &#038; Selectie\"}]},{\"@type\":\"WebSite\",\"@id\":\"https:\\\/\\\/somaworks.nl\\\/#website\",\"url\":\"https:\\\/\\\/somaworks.nl\\\/\",\"name\":\"SOMA Works\",\"description\":\"Specialist in technisch personeel\",\"publisher\":{\"@id\":\"https:\\\/\\\/somaworks.nl\\\/#organization\"},\"potentialAction\":[{\"@type\":\"SearchAction\",\"target\":{\"@type\":\"EntryPoint\",\"urlTemplate\":\"https:\\\/\\\/somaworks.nl\\\/?s={search_term_string}\"},\"query-input\":{\"@type\":\"PropertyValueSpecification\",\"valueRequired\":true,\"valueName\":\"search_term_string\"}}],\"inLanguage\":\"de\"},{\"@type\":\"Organization\",\"@id\":\"https:\\\/\\\/somaworks.nl\\\/#organization\",\"name\":\"SOMA Works\",\"url\":\"https:\\\/\\\/somaworks.nl\\\/\",\"logo\":{\"@type\":\"ImageObject\",\"inLanguage\":\"de\",\"@id\":\"https:\\\/\\\/somaworks.nl\\\/#\\\/schema\\\/logo\\\/image\\\/\",\"url\":\"https:\\\/\\\/somaworks.nl\\\/wp-content\\\/uploads\\\/2021\\\/09\\\/SOMA-works.png\",\"contentUrl\":\"https:\\\/\\\/somaworks.nl\\\/wp-content\\\/uploads\\\/2021\\\/09\\\/SOMA-works.png\",\"width\":2095,\"height\":2095,\"caption\":\"SOMA Works\"},\"image\":{\"@id\":\"https:\\\/\\\/somaworks.nl\\\/#\\\/schema\\\/logo\\\/image\\\/\"},\"sameAs\":[\"https:\\\/\\\/www.facebook.com\\\/somaworksbv\\\/\",\"https:\\\/\\\/www.instagram.com\\\/somaworksbv\\\/\",\"https:\\\/\\\/www.linkedin.com\\\/company\\\/soma-works-specialist-in-technisch-personeel\\\/\"]}]}<\/script>\n<!-- \/ Yoast SEO plugin. -->","yoast_head_json":{"title":"Werving & Selectie - SOMA Works","robots":{"index":"index","follow":"follow","max-snippet":"max-snippet:-1","max-image-preview":"max-image-preview:large","max-video-preview":"max-video-preview:-1"},"canonical":"https:\/\/somaworks.nl\/de\/ik-zoek-personeel\/werving-selectie\/","og_locale":"de_DE","og_type":"article","og_title":"Werving & Selectie - SOMA Works","og_description":"Als specialist in het vinden van technisch personeel in Limburg weten wij als geen ander het belang van betrouwbaar en vakkundig personeel. Wij investeren daarom in persoonlijke aandacht zodat we uw wensen zo goed mogelijk kunnen vervullen. Niet voor niets [...]","og_url":"https:\/\/somaworks.nl\/de\/ik-zoek-personeel\/werving-selectie\/","og_site_name":"SOMA Works","article_publisher":"https:\/\/www.facebook.com\/somaworksbv\/","article_modified_time":"2020-12-23T15:21:16+00:00","og_image":[{"width":2000,"height":1022,"url":"https:\/\/somaworks.nl\/wp-content\/uploads\/2020\/12\/AdobeStock_340432554.jpg","type":"image\/jpeg"}],"twitter_card":"summary_large_image","twitter_misc":{"Gesch\u00e4tzte Lesezeit":"2\u00a0Minuten"},"schema":{"@context":"https:\/\/schema.org","@graph":[{"@type":"WebPage","@id":"https:\/\/somaworks.nl\/ik-zoek-personeel\/werving-selectie\/","url":"https:\/\/somaworks.nl\/ik-zoek-personeel\/werving-selectie\/","name":"Werving & Selectie - SOMA Works","isPartOf":{"@id":"https:\/\/somaworks.nl\/#website"},"primaryImageOfPage":{"@id":"https:\/\/somaworks.nl\/ik-zoek-personeel\/werving-selectie\/#primaryimage"},"image":{"@id":"https:\/\/somaworks.nl\/ik-zoek-personeel\/werving-selectie\/#primaryimage"},"thumbnailUrl":"https:\/\/somaworks.nl\/wp-content\/uploads\/2020\/12\/AdobeStock_340432554.jpg","datePublished":"2020-09-03T09:54:31+00:00","dateModified":"2020-12-23T15:21:16+00:00","breadcrumb":{"@id":"https:\/\/somaworks.nl\/ik-zoek-personeel\/werving-selectie\/#breadcrumb"},"inLanguage":"de","potentialAction":[{"@type":"ReadAction","target":["https:\/\/somaworks.nl\/ik-zoek-personeel\/werving-selectie\/"]}]},{"@type":"ImageObject","inLanguage":"de","@id":"https:\/\/somaworks.nl\/ik-zoek-personeel\/werving-selectie\/#primaryimage","url":"https:\/\/somaworks.nl\/wp-content\/uploads\/2020\/12\/AdobeStock_340432554.jpg","contentUrl":"https:\/\/somaworks.nl\/wp-content\/uploads\/2020\/12\/AdobeStock_340432554.jpg","width":2000,"height":1022},{"@type":"BreadcrumbList","@id":"https:\/\/somaworks.nl\/ik-zoek-personeel\/werving-selectie\/#breadcrumb","itemListElement":[{"@type":"ListItem","position":1,"name":"Home","item":"https:\/\/somaworks.nl\/"},{"@type":"ListItem","position":2,"name":"Ik zoek personeel","item":"https:\/\/somaworks.nl\/ik-zoek-personeel\/"},{"@type":"ListItem","position":3,"name":"Werving &#038; Selectie"}]},{"@type":"WebSite","@id":"https:\/\/somaworks.nl\/#website","url":"https:\/\/somaworks.nl\/","name":"SOMA Works","description":"Specialist in technisch personeel","publisher":{"@id":"https:\/\/somaworks.nl\/#organization"},"potentialAction":[{"@type":"SearchAction","target":{"@type":"EntryPoint","urlTemplate":"https:\/\/somaworks.nl\/?s={search_term_string}"},"query-input":{"@type":"PropertyValueSpecification","valueRequired":true,"valueName":"search_term_string"}}],"inLanguage":"de"},{"@type":"Organization","@id":"https:\/\/somaworks.nl\/#organization","name":"SOMA Works","url":"https:\/\/somaworks.nl\/","logo":{"@type":"ImageObject","inLanguage":"de","@id":"https:\/\/somaworks.nl\/#\/schema\/logo\/image\/","url":"https:\/\/somaworks.nl\/wp-content\/uploads\/2021\/09\/SOMA-works.png","contentUrl":"https:\/\/somaworks.nl\/wp-content\/uploads\/2021\/09\/SOMA-works.png","width":2095,"height":2095,"caption":"SOMA Works"},"image":{"@id":"https:\/\/somaworks.nl\/#\/schema\/logo\/image\/"},"sameAs":["https:\/\/www.facebook.com\/somaworksbv\/","https:\/\/www.instagram.com\/somaworksbv\/","https:\/\/www.linkedin.com\/company\/soma-works-specialist-in-technisch-personeel\/"]}]}},"_links":{"self":[{"href":"https:\/\/somaworks.nl\/de\/wp-json\/wp\/v2\/pages\/426","targetHints":{"allow":["GET"]}}],"collection":[{"href":"https:\/\/somaworks.nl\/de\/wp-json\/wp\/v2\/pages"}],"about":[{"href":"https:\/\/somaworks.nl\/de\/wp-json\/wp\/v2\/types\/page"}],"author":[{"embeddable":true,"href":"https:\/\/somaworks.nl\/de\/wp-json\/wp\/v2\/users\/2"}],"replies":[{"embeddable":true,"href":"https:\/\/somaworks.nl\/de\/wp-json\/wp\/v2\/comments?post=426"}],"version-history":[{"count":0,"href":"https:\/\/somaworks.nl\/de\/wp-json\/wp\/v2\/pages\/426\/revisions"}],"up":[{"embeddable":true,"href":"https:\/\/somaworks.nl\/de\/wp-json\/wp\/v2\/pages\/355"}],"wp:featuredmedia":[{"embeddable":true,"href":"https:\/\/somaworks.nl\/de\/wp-json\/wp\/v2\/media\/1945"}],"wp:attachment":[{"href":"https:\/\/somaworks.nl\/de\/wp-json\/wp\/v2\/media?parent=426"}],"curies":[{"name":"wp","href":"https:\/\/api.w.org\/{rel}","templated":true}]}}