{"id":432,"date":"2020-09-03T09:57:46","date_gmt":"2020-09-03T09:57:46","guid":{"rendered":"https:\/\/sw.mijn.startmetgemak.site\/?page_id=432"},"modified":"2024-09-19T09:28:03","modified_gmt":"2024-09-19T07:28:03","slug":"uitzenden","status":"publish","type":"page","link":"https:\/\/somaworks.nl\/de\/ik-zoek-personeel\/uitzenden\/","title":{"rendered":"Zeitarbeit"},"content":{"rendered":"<p>Sind Sie auf der Suche nach den besten flexiblen technischen Mitarbeitern in Limburg? In unseren Niederlassungen in Maastricht, Sittard, Parkstad und Weert sind wir jeden Tag bereit, Arbeitgeber und Arbeitnehmer zusammenzubringen. Dank unseres ausgedehnten Netzwerks, jahrelanger Erfahrung, fundierter Fachkenntnisse und umfassender Screening-Methoden liefern wir immer die Qualit\u00e4t, die Sie suchen.<\/p>\n<h2>Engagierte und begeisterte Zeitarbeitskr\u00e4fte<\/h2>\n<p>Als technischer Arbeitsvermittler in Limburg machen wir den Unterschied, indem wir in Menschen investieren. Denn die Handwerkerinnen und Handwerker, die \u00fcber uns eine Arbeit aufnehmen, werden mit einem internen Spezialisten zusammengebracht. Er oder sie f\u00fchrt das Aufnahmegespr\u00e4ch, erstellt ein Profil und f\u00fchrt eine eingehende Pr\u00fcfung durch. Da unsere Spezialisten nicht nur auf Berufserfahrung, Zeugnisse und Fachkenntnisse achten, finden wir immer den richtigen Partner. So stellen wir sicher, dass Sie immer eine schnelle und gute L\u00f6sung f\u00fcr Ihr Personalproblem erhalten.<\/p>\n<h2>Die Vorteile des Outsourcings \u00fcber SOMA Works<\/h2>\n<p>Durch den Einsatz von Zeitarbeitskr\u00e4ften genie\u00dfen Sie die Vorteile einer flexiblen und qualifizierten Belegschaft ohne die Nachteile von Arbeitsvertr\u00e4gen, Einstellungs- und Krankheitskosten. Der Zeitarbeiter steht nicht auf Ihrer Gehaltsliste, was bedeutet, dass Sie keine rechtlichen Verpflichtungen haben und Arbeitgeberrisiken vermeiden. Der Einsatz von Zeitarbeitern ist daher sehr interessant f\u00fcr Projektarbeit oder Ferienarbeit in den Sommermonaten. Aber auch als Krankheitsvertretung, zur vor\u00fcbergehenden Produktionssteigerung oder als Ersatz f\u00fcr den Mutterschaftsurlaub sind Zeitarbeitskr\u00e4fte eine L\u00f6sung.<\/p>\n<p>Die Vermittler von SOMA Works verf\u00fcgen \u00fcber jahrelange Erfahrung in der Vermittlung von technischem Fachpersonal und haben oft selbst im Ingenieurwesen gearbeitet. Dies gew\u00e4hrleistet, dass wir Ihr Personalproblem mit viel Liebe zum Detail betrachten und Sie sich auf unser Fachwissen verlassen k\u00f6nnen.<\/p>\n<h2>Die Zusammenarbeit mit Zeitarbeitern \u00fcber SOMA Works bietet viele Vorteile:<\/h2>\n<ul>\n<li>Durch ein gr\u00fcndliches Einstellungs- und Auswahlverfahren stellen wir nur wirklich qualifizierte Arbeitskr\u00e4fte ein.<\/li>\n<li>Unsere technischen Personalvermittler denken mit Ihrem Unternehmen mit<\/li>\n<li>Pauschalsatz pro Stunde und Bezahlung nur f\u00fcr geleistete Stunden<\/li>\n<li>Die gesamte Verwaltung wird \u00fcbernommen<\/li>\n<li>F\u00fcr die Lohnsteuer und die Sozialversicherung ist gesorgt<\/li>\n<li>PSA und Arbeitskleidung werden von SOMA Works zur Verf\u00fcgung gestellt.<\/li>\n<\/ul>\n<p>Sind Sie neugierig, was wir f\u00fcr Sie tun k\u00f6nnen? Oder m\u00f6chten Sie einen unserer Spezialisten kennen lernen, damit wir Ihnen in einem pers\u00f6nlichen Gespr\u00e4ch mehr \u00fcber unsere Leistungen erz\u00e4hlen k\u00f6nnen? Dann nehmen Sie Kontakt mit uns auf.<\/p>\n<p>&nbsp;<\/p>\n<p>&nbsp;<\/p>\n<p>&nbsp;<\/p>","protected":false},"excerpt":{"rendered":"<p>Bent u op zoek naar het beste technische flexibele personeel in Limburg? Bij onze vestigingen in Maastricht, Sittard, Parkstad &amp; Weert staan wij iedere dag klaar om werkgever en werknemer met elkaar te matchen. Door ons uitgebreide netwerk, jarenlange ervaring, [&#8230;] <\/p>","protected":false},"author":2,"featured_media":1944,"parent":355,"menu_order":35,"comment_status":"closed","ping_status":"closed","template":"","meta":{"_acf_changed":false,"footnotes":""},"class_list":["post-432","page","type-page","status-publish","has-post-thumbnail","hentry"],"acf":[],"yoast_head":"<!-- This site is optimized with the Yoast SEO plugin v27.4 - https:\/\/yoast.com\/product\/yoast-seo-wordpress\/ -->\n<title>Uitzenden - SOMA Works<\/title>\n<meta name=\"robots\" content=\"index, follow, max-snippet:-1, max-image-preview:large, max-video-preview:-1\" \/>\n<link rel=\"canonical\" href=\"https:\/\/somaworks.nl\/de\/ik-zoek-personeel\/uitzenden\/\" \/>\n<meta property=\"og:locale\" content=\"de_DE\" \/>\n<meta property=\"og:type\" content=\"article\" \/>\n<meta property=\"og:title\" content=\"Uitzenden - SOMA Works\" \/>\n<meta property=\"og:description\" content=\"Bent u op zoek naar het beste technische flexibele personeel in Limburg? Bij onze vestigingen in Maastricht, Sittard, Parkstad &amp; Weert staan wij iedere dag klaar om werkgever en werknemer met elkaar te matchen. Door ons uitgebreide netwerk, jarenlange ervaring, [...]\" \/>\n<meta property=\"og:url\" content=\"https:\/\/somaworks.nl\/de\/ik-zoek-personeel\/uitzenden\/\" \/>\n<meta property=\"og:site_name\" content=\"SOMA Works\" \/>\n<meta property=\"article:publisher\" content=\"https:\/\/www.facebook.com\/somaworksbv\/\" \/>\n<meta property=\"article:modified_time\" content=\"2024-09-19T07:28:03+00:00\" \/>\n<meta property=\"og:image\" content=\"https:\/\/somaworks.nl\/wp-content\/uploads\/2020\/12\/AdobeStock_329363857.jpg\" \/>\n\t<meta property=\"og:image:width\" content=\"2000\" \/>\n\t<meta property=\"og:image:height\" content=\"1334\" \/>\n\t<meta property=\"og:image:type\" content=\"image\/jpeg\" \/>\n<meta name=\"twitter:card\" content=\"summary_large_image\" \/>\n<meta name=\"twitter:label1\" content=\"Gesch\u00e4tzte Lesezeit\" \/>\n\t<meta name=\"twitter:data1\" content=\"3\u00a0Minuten\" \/>\n<script type=\"application\/ld+json\" class=\"yoast-schema-graph\">{\"@context\":\"https:\\\/\\\/schema.org\",\"@graph\":[{\"@type\":\"WebPage\",\"@id\":\"https:\\\/\\\/somaworks.nl\\\/ik-zoek-personeel\\\/uitzenden\\\/\",\"url\":\"https:\\\/\\\/somaworks.nl\\\/ik-zoek-personeel\\\/uitzenden\\\/\",\"name\":\"Uitzenden - SOMA Works\",\"isPartOf\":{\"@id\":\"https:\\\/\\\/somaworks.nl\\\/#website\"},\"primaryImageOfPage\":{\"@id\":\"https:\\\/\\\/somaworks.nl\\\/ik-zoek-personeel\\\/uitzenden\\\/#primaryimage\"},\"image\":{\"@id\":\"https:\\\/\\\/somaworks.nl\\\/ik-zoek-personeel\\\/uitzenden\\\/#primaryimage\"},\"thumbnailUrl\":\"https:\\\/\\\/somaworks.nl\\\/wp-content\\\/uploads\\\/2020\\\/12\\\/AdobeStock_329363857.jpg\",\"datePublished\":\"2020-09-03T09:57:46+00:00\",\"dateModified\":\"2024-09-19T07:28:03+00:00\",\"breadcrumb\":{\"@id\":\"https:\\\/\\\/somaworks.nl\\\/ik-zoek-personeel\\\/uitzenden\\\/#breadcrumb\"},\"inLanguage\":\"de\",\"potentialAction\":[{\"@type\":\"ReadAction\",\"target\":[\"https:\\\/\\\/somaworks.nl\\\/ik-zoek-personeel\\\/uitzenden\\\/\"]}]},{\"@type\":\"ImageObject\",\"inLanguage\":\"de\",\"@id\":\"https:\\\/\\\/somaworks.nl\\\/ik-zoek-personeel\\\/uitzenden\\\/#primaryimage\",\"url\":\"https:\\\/\\\/somaworks.nl\\\/wp-content\\\/uploads\\\/2020\\\/12\\\/AdobeStock_329363857.jpg\",\"contentUrl\":\"https:\\\/\\\/somaworks.nl\\\/wp-content\\\/uploads\\\/2020\\\/12\\\/AdobeStock_329363857.jpg\",\"width\":2000,\"height\":1334},{\"@type\":\"BreadcrumbList\",\"@id\":\"https:\\\/\\\/somaworks.nl\\\/ik-zoek-personeel\\\/uitzenden\\\/#breadcrumb\",\"itemListElement\":[{\"@type\":\"ListItem\",\"position\":1,\"name\":\"Home\",\"item\":\"https:\\\/\\\/somaworks.nl\\\/\"},{\"@type\":\"ListItem\",\"position\":2,\"name\":\"Ik zoek personeel\",\"item\":\"https:\\\/\\\/somaworks.nl\\\/ik-zoek-personeel\\\/\"},{\"@type\":\"ListItem\",\"position\":3,\"name\":\"Uitzenden\"}]},{\"@type\":\"WebSite\",\"@id\":\"https:\\\/\\\/somaworks.nl\\\/#website\",\"url\":\"https:\\\/\\\/somaworks.nl\\\/\",\"name\":\"SOMA Works\",\"description\":\"Specialist in technisch personeel\",\"publisher\":{\"@id\":\"https:\\\/\\\/somaworks.nl\\\/#organization\"},\"potentialAction\":[{\"@type\":\"SearchAction\",\"target\":{\"@type\":\"EntryPoint\",\"urlTemplate\":\"https:\\\/\\\/somaworks.nl\\\/?s={search_term_string}\"},\"query-input\":{\"@type\":\"PropertyValueSpecification\",\"valueRequired\":true,\"valueName\":\"search_term_string\"}}],\"inLanguage\":\"de\"},{\"@type\":\"Organization\",\"@id\":\"https:\\\/\\\/somaworks.nl\\\/#organization\",\"name\":\"SOMA Works\",\"url\":\"https:\\\/\\\/somaworks.nl\\\/\",\"logo\":{\"@type\":\"ImageObject\",\"inLanguage\":\"de\",\"@id\":\"https:\\\/\\\/somaworks.nl\\\/#\\\/schema\\\/logo\\\/image\\\/\",\"url\":\"https:\\\/\\\/somaworks.nl\\\/wp-content\\\/uploads\\\/2021\\\/09\\\/SOMA-works.png\",\"contentUrl\":\"https:\\\/\\\/somaworks.nl\\\/wp-content\\\/uploads\\\/2021\\\/09\\\/SOMA-works.png\",\"width\":2095,\"height\":2095,\"caption\":\"SOMA Works\"},\"image\":{\"@id\":\"https:\\\/\\\/somaworks.nl\\\/#\\\/schema\\\/logo\\\/image\\\/\"},\"sameAs\":[\"https:\\\/\\\/www.facebook.com\\\/somaworksbv\\\/\",\"https:\\\/\\\/www.instagram.com\\\/somaworksbv\\\/\",\"https:\\\/\\\/www.linkedin.com\\\/company\\\/soma-works-specialist-in-technisch-personeel\\\/\"]}]}<\/script>\n<!-- \/ Yoast SEO plugin. -->","yoast_head_json":{"title":"Uitzenden - SOMA Works","robots":{"index":"index","follow":"follow","max-snippet":"max-snippet:-1","max-image-preview":"max-image-preview:large","max-video-preview":"max-video-preview:-1"},"canonical":"https:\/\/somaworks.nl\/de\/ik-zoek-personeel\/uitzenden\/","og_locale":"de_DE","og_type":"article","og_title":"Uitzenden - SOMA Works","og_description":"Bent u op zoek naar het beste technische flexibele personeel in Limburg? Bij onze vestigingen in Maastricht, Sittard, Parkstad &amp; Weert staan wij iedere dag klaar om werkgever en werknemer met elkaar te matchen. Door ons uitgebreide netwerk, jarenlange ervaring, [...]","og_url":"https:\/\/somaworks.nl\/de\/ik-zoek-personeel\/uitzenden\/","og_site_name":"SOMA Works","article_publisher":"https:\/\/www.facebook.com\/somaworksbv\/","article_modified_time":"2024-09-19T07:28:03+00:00","og_image":[{"width":2000,"height":1334,"url":"https:\/\/somaworks.nl\/wp-content\/uploads\/2020\/12\/AdobeStock_329363857.jpg","type":"image\/jpeg"}],"twitter_card":"summary_large_image","twitter_misc":{"Gesch\u00e4tzte Lesezeit":"3\u00a0Minuten"},"schema":{"@context":"https:\/\/schema.org","@graph":[{"@type":"WebPage","@id":"https:\/\/somaworks.nl\/ik-zoek-personeel\/uitzenden\/","url":"https:\/\/somaworks.nl\/ik-zoek-personeel\/uitzenden\/","name":"Uitzenden - SOMA Works","isPartOf":{"@id":"https:\/\/somaworks.nl\/#website"},"primaryImageOfPage":{"@id":"https:\/\/somaworks.nl\/ik-zoek-personeel\/uitzenden\/#primaryimage"},"image":{"@id":"https:\/\/somaworks.nl\/ik-zoek-personeel\/uitzenden\/#primaryimage"},"thumbnailUrl":"https:\/\/somaworks.nl\/wp-content\/uploads\/2020\/12\/AdobeStock_329363857.jpg","datePublished":"2020-09-03T09:57:46+00:00","dateModified":"2024-09-19T07:28:03+00:00","breadcrumb":{"@id":"https:\/\/somaworks.nl\/ik-zoek-personeel\/uitzenden\/#breadcrumb"},"inLanguage":"de","potentialAction":[{"@type":"ReadAction","target":["https:\/\/somaworks.nl\/ik-zoek-personeel\/uitzenden\/"]}]},{"@type":"ImageObject","inLanguage":"de","@id":"https:\/\/somaworks.nl\/ik-zoek-personeel\/uitzenden\/#primaryimage","url":"https:\/\/somaworks.nl\/wp-content\/uploads\/2020\/12\/AdobeStock_329363857.jpg","contentUrl":"https:\/\/somaworks.nl\/wp-content\/uploads\/2020\/12\/AdobeStock_329363857.jpg","width":2000,"height":1334},{"@type":"BreadcrumbList","@id":"https:\/\/somaworks.nl\/ik-zoek-personeel\/uitzenden\/#breadcrumb","itemListElement":[{"@type":"ListItem","position":1,"name":"Home","item":"https:\/\/somaworks.nl\/"},{"@type":"ListItem","position":2,"name":"Ik zoek personeel","item":"https:\/\/somaworks.nl\/ik-zoek-personeel\/"},{"@type":"ListItem","position":3,"name":"Uitzenden"}]},{"@type":"WebSite","@id":"https:\/\/somaworks.nl\/#website","url":"https:\/\/somaworks.nl\/","name":"SOMA Works","description":"Specialist in technisch personeel","publisher":{"@id":"https:\/\/somaworks.nl\/#organization"},"potentialAction":[{"@type":"SearchAction","target":{"@type":"EntryPoint","urlTemplate":"https:\/\/somaworks.nl\/?s={search_term_string}"},"query-input":{"@type":"PropertyValueSpecification","valueRequired":true,"valueName":"search_term_string"}}],"inLanguage":"de"},{"@type":"Organization","@id":"https:\/\/somaworks.nl\/#organization","name":"SOMA Works","url":"https:\/\/somaworks.nl\/","logo":{"@type":"ImageObject","inLanguage":"de","@id":"https:\/\/somaworks.nl\/#\/schema\/logo\/image\/","url":"https:\/\/somaworks.nl\/wp-content\/uploads\/2021\/09\/SOMA-works.png","contentUrl":"https:\/\/somaworks.nl\/wp-content\/uploads\/2021\/09\/SOMA-works.png","width":2095,"height":2095,"caption":"SOMA Works"},"image":{"@id":"https:\/\/somaworks.nl\/#\/schema\/logo\/image\/"},"sameAs":["https:\/\/www.facebook.com\/somaworksbv\/","https:\/\/www.instagram.com\/somaworksbv\/","https:\/\/www.linkedin.com\/company\/soma-works-specialist-in-technisch-personeel\/"]}]}},"_links":{"self":[{"href":"https:\/\/somaworks.nl\/de\/wp-json\/wp\/v2\/pages\/432","targetHints":{"allow":["GET"]}}],"collection":[{"href":"https:\/\/somaworks.nl\/de\/wp-json\/wp\/v2\/pages"}],"about":[{"href":"https:\/\/somaworks.nl\/de\/wp-json\/wp\/v2\/types\/page"}],"author":[{"embeddable":true,"href":"https:\/\/somaworks.nl\/de\/wp-json\/wp\/v2\/users\/2"}],"replies":[{"embeddable":true,"href":"https:\/\/somaworks.nl\/de\/wp-json\/wp\/v2\/comments?post=432"}],"version-history":[{"count":0,"href":"https:\/\/somaworks.nl\/de\/wp-json\/wp\/v2\/pages\/432\/revisions"}],"up":[{"embeddable":true,"href":"https:\/\/somaworks.nl\/de\/wp-json\/wp\/v2\/pages\/355"}],"wp:featuredmedia":[{"embeddable":true,"href":"https:\/\/somaworks.nl\/de\/wp-json\/wp\/v2\/media\/1944"}],"wp:attachment":[{"href":"https:\/\/somaworks.nl\/de\/wp-json\/wp\/v2\/media?parent=432"}],"curies":[{"name":"wp","href":"https:\/\/api.w.org\/{rel}","templated":true}]}}