{"id":73988,"date":"2022-02-11T07:44:36","date_gmt":"2022-02-11T07:44:36","guid":{"rendered":"https:\/\/somaworks.nl\/?page_id=73988"},"modified":"2023-07-13T10:46:29","modified_gmt":"2023-07-13T08:46:29","slug":"vibrantz","status":"publish","type":"page","link":"https:\/\/somaworks.nl\/de\/werken-bij\/vibrantz\/","title":{"rendered":"Vibrantz"},"content":{"rendered":"<p><em><strong>Aus Chromaflo wird Vibrantz<\/strong><\/em><\/p>\n<h2>Entdecken Sie die bunte Welt von Vibrantz!<\/h2>\n<p>Sind Sie bereit f\u00fcr eine neue Herausforderung in Ihrer Karriere? Warum arbeiten Sie nicht bei Vibrantz? Als globaler Anbieter von Farbstoffl\u00f6sungen verf\u00fcgt Vibrantz \u00fcber mehr als 80 Jahre Erfahrung in der Branche. Vibrantz beliefert Kunden auf der ganzen Welt, auf sechs verschiedenen Kontinenten, mit \u00fcber 200 Produktlinien und einer beeindruckenden Palette von mehr als 7.000 Produkten.<\/p>\n<p>Bei Vibrantz steht die Farbe im Mittelpunkt unseres Handelns. Vibrantz setzt auf qualitativ hochwertige Coloristen, die so vielf\u00e4ltig und spezialisiert sind wie seine Kunden. Sie setzen die richtige Mischung aus F\u00e4higkeiten und handwerklichem K\u00f6nnen ein, um komplexe Herausforderungen in Bezug auf Leistung, Farbe und Aussehen f\u00fcr die Kunden zu l\u00f6sen. Als gro\u00dfes und dynamisches Unternehmen besch\u00e4ftigt das Unternehmen weltweit mehr als 5.000 Mitarbeiter.<\/p>\n<h2>Arbeiten Sie bei Vibrantz<\/h2>\n<p>Bei Vibrantz gibt es eine Vielzahl von offenen Stellen auf verschiedenen Ebenen innerhalb unserer Organisation, egal ob Sie am Anfang Ihrer Karriere stehen oder bereits \u00fcber jahrelange Erfahrung verf\u00fcgen. Wir sind immer auf der Suche nach qualifizierten Mitarbeitern, die sich innerhalb des Unternehmens weiterentwickeln m\u00f6chten. Als Teil des enthusiastischen und engagierten Teams werden Sie die M\u00f6glichkeit haben, sich in allem, was Sie tun, auszuzeichnen.<\/p>","protected":false},"excerpt":{"rendered":"<p>Chromaflo wordt Vibrantz Ontdek de kleurrijke wereld van Vibrantz! Ben je toe aan een nieuwe uitdaging in je carri\u00e8re? Waarom overweeg je niet om te komen werken bij Vibrantz? Als wereldwijde leverancier van kleurstofoplossingen hebben ze meer dan 80 jaar [&#8230;] <\/p>","protected":false},"author":2,"featured_media":152850,"parent":73986,"menu_order":21,"comment_status":"closed","ping_status":"closed","template":"werkenbij.php","meta":{"_acf_changed":false,"footnotes":""},"class_list":["post-73988","page","type-page","status-publish","has-post-thumbnail","hentry"],"acf":[],"yoast_head":"<!-- This site is optimized with the Yoast SEO plugin v27.5 - https:\/\/yoast.com\/product\/yoast-seo-wordpress\/ -->\n<title>Werken bij Vibrantz - SOMA Works<\/title>\n<meta name=\"description\" content=\"Wil jij werken bij Vibrantz? Solliciteer dan snel op \u00e9\u00e9n van de leuke vactures en wie weet zie jij jezelf straks werken bij Vibrantz!\" \/>\n<meta name=\"robots\" content=\"index, follow, max-snippet:-1, max-image-preview:large, max-video-preview:-1\" \/>\n<link rel=\"canonical\" href=\"https:\/\/somaworks.nl\/de\/werken-bij\/vibrantz\/\" \/>\n<meta property=\"og:locale\" content=\"de_DE\" \/>\n<meta property=\"og:type\" content=\"article\" \/>\n<meta property=\"og:title\" content=\"Werken bij Vibrantz - SOMA Works\" \/>\n<meta property=\"og:description\" content=\"Wil jij werken bij Vibrantz? Solliciteer dan snel op \u00e9\u00e9n van de leuke vactures en wie weet zie jij jezelf straks werken bij Vibrantz!\" \/>\n<meta property=\"og:url\" content=\"https:\/\/somaworks.nl\/de\/werken-bij\/vibrantz\/\" \/>\n<meta property=\"og:site_name\" content=\"SOMA Works\" \/>\n<meta property=\"article:publisher\" content=\"https:\/\/www.facebook.com\/somaworksbv\/\" \/>\n<meta property=\"article:modified_time\" content=\"2023-07-13T08:46:29+00:00\" \/>\n<meta property=\"og:image\" content=\"https:\/\/somaworks.nl\/wp-content\/uploads\/2022\/05\/Swirl-1186x474-cropped.jpg\" \/>\n\t<meta property=\"og:image:width\" content=\"1124\" \/>\n\t<meta property=\"og:image:height\" content=\"474\" \/>\n\t<meta property=\"og:image:type\" content=\"image\/jpeg\" \/>\n<meta name=\"twitter:card\" content=\"summary_large_image\" \/>\n<meta name=\"twitter:label1\" content=\"Gesch\u00e4tzte Lesezeit\" \/>\n\t<meta name=\"twitter:data1\" content=\"2\u00a0Minuten\" \/>\n<script type=\"application\/ld+json\" class=\"yoast-schema-graph\">{\"@context\":\"https:\\\/\\\/schema.org\",\"@graph\":[{\"@type\":\"WebPage\",\"@id\":\"https:\\\/\\\/somaworks.nl\\\/werken-bij\\\/vibrantz\\\/\",\"url\":\"https:\\\/\\\/somaworks.nl\\\/werken-bij\\\/vibrantz\\\/\",\"name\":\"Werken bij Vibrantz - SOMA Works\",\"isPartOf\":{\"@id\":\"https:\\\/\\\/somaworks.nl\\\/#website\"},\"primaryImageOfPage\":{\"@id\":\"https:\\\/\\\/somaworks.nl\\\/werken-bij\\\/vibrantz\\\/#primaryimage\"},\"image\":{\"@id\":\"https:\\\/\\\/somaworks.nl\\\/werken-bij\\\/vibrantz\\\/#primaryimage\"},\"thumbnailUrl\":\"https:\\\/\\\/somaworks.nl\\\/wp-content\\\/uploads\\\/2022\\\/05\\\/Swirl-1186x474-cropped.jpg\",\"datePublished\":\"2022-02-11T07:44:36+00:00\",\"dateModified\":\"2023-07-13T08:46:29+00:00\",\"description\":\"Wil jij werken bij Vibrantz? Solliciteer dan snel op \u00e9\u00e9n van de leuke vactures en wie weet zie jij jezelf straks werken bij Vibrantz!\",\"breadcrumb\":{\"@id\":\"https:\\\/\\\/somaworks.nl\\\/werken-bij\\\/vibrantz\\\/#breadcrumb\"},\"inLanguage\":\"de\",\"potentialAction\":[{\"@type\":\"ReadAction\",\"target\":[\"https:\\\/\\\/somaworks.nl\\\/werken-bij\\\/vibrantz\\\/\"]}]},{\"@type\":\"ImageObject\",\"inLanguage\":\"de\",\"@id\":\"https:\\\/\\\/somaworks.nl\\\/werken-bij\\\/vibrantz\\\/#primaryimage\",\"url\":\"https:\\\/\\\/somaworks.nl\\\/wp-content\\\/uploads\\\/2022\\\/05\\\/Swirl-1186x474-cropped.jpg\",\"contentUrl\":\"https:\\\/\\\/somaworks.nl\\\/wp-content\\\/uploads\\\/2022\\\/05\\\/Swirl-1186x474-cropped.jpg\",\"width\":1124,\"height\":474},{\"@type\":\"BreadcrumbList\",\"@id\":\"https:\\\/\\\/somaworks.nl\\\/werken-bij\\\/vibrantz\\\/#breadcrumb\",\"itemListElement\":[{\"@type\":\"ListItem\",\"position\":1,\"name\":\"Home\",\"item\":\"https:\\\/\\\/somaworks.nl\\\/\"},{\"@type\":\"ListItem\",\"position\":2,\"name\":\"Werken bij\",\"item\":\"https:\\\/\\\/somaworks.nl\\\/werken-bij\\\/\"},{\"@type\":\"ListItem\",\"position\":3,\"name\":\"Vibrantz\"}]},{\"@type\":\"WebSite\",\"@id\":\"https:\\\/\\\/somaworks.nl\\\/#website\",\"url\":\"https:\\\/\\\/somaworks.nl\\\/\",\"name\":\"SOMA Works\",\"description\":\"Specialist in technisch personeel\",\"publisher\":{\"@id\":\"https:\\\/\\\/somaworks.nl\\\/#organization\"},\"potentialAction\":[{\"@type\":\"SearchAction\",\"target\":{\"@type\":\"EntryPoint\",\"urlTemplate\":\"https:\\\/\\\/somaworks.nl\\\/?s={search_term_string}\"},\"query-input\":{\"@type\":\"PropertyValueSpecification\",\"valueRequired\":true,\"valueName\":\"search_term_string\"}}],\"inLanguage\":\"de\"},{\"@type\":\"Organization\",\"@id\":\"https:\\\/\\\/somaworks.nl\\\/#organization\",\"name\":\"SOMA Works\",\"url\":\"https:\\\/\\\/somaworks.nl\\\/\",\"logo\":{\"@type\":\"ImageObject\",\"inLanguage\":\"de\",\"@id\":\"https:\\\/\\\/somaworks.nl\\\/#\\\/schema\\\/logo\\\/image\\\/\",\"url\":\"https:\\\/\\\/somaworks.nl\\\/wp-content\\\/uploads\\\/2021\\\/09\\\/SOMA-works.png\",\"contentUrl\":\"https:\\\/\\\/somaworks.nl\\\/wp-content\\\/uploads\\\/2021\\\/09\\\/SOMA-works.png\",\"width\":2095,\"height\":2095,\"caption\":\"SOMA Works\"},\"image\":{\"@id\":\"https:\\\/\\\/somaworks.nl\\\/#\\\/schema\\\/logo\\\/image\\\/\"},\"sameAs\":[\"https:\\\/\\\/www.facebook.com\\\/somaworksbv\\\/\",\"https:\\\/\\\/www.instagram.com\\\/somaworksbv\\\/\",\"https:\\\/\\\/www.linkedin.com\\\/company\\\/soma-works-specialist-in-technisch-personeel\\\/\"]}]}<\/script>\n<!-- \/ Yoast SEO plugin. -->","yoast_head_json":{"title":"Werken bij Vibrantz - SOMA Works","description":"Wil jij werken bij Vibrantz? Solliciteer dan snel op \u00e9\u00e9n van de leuke vactures en wie weet zie jij jezelf straks werken bij Vibrantz!","robots":{"index":"index","follow":"follow","max-snippet":"max-snippet:-1","max-image-preview":"max-image-preview:large","max-video-preview":"max-video-preview:-1"},"canonical":"https:\/\/somaworks.nl\/de\/werken-bij\/vibrantz\/","og_locale":"de_DE","og_type":"article","og_title":"Werken bij Vibrantz - SOMA Works","og_description":"Wil jij werken bij Vibrantz? Solliciteer dan snel op \u00e9\u00e9n van de leuke vactures en wie weet zie jij jezelf straks werken bij Vibrantz!","og_url":"https:\/\/somaworks.nl\/de\/werken-bij\/vibrantz\/","og_site_name":"SOMA Works","article_publisher":"https:\/\/www.facebook.com\/somaworksbv\/","article_modified_time":"2023-07-13T08:46:29+00:00","og_image":[{"width":1124,"height":474,"url":"https:\/\/somaworks.nl\/wp-content\/uploads\/2022\/05\/Swirl-1186x474-cropped.jpg","type":"image\/jpeg"}],"twitter_card":"summary_large_image","twitter_misc":{"Gesch\u00e4tzte Lesezeit":"2\u00a0Minuten"},"schema":{"@context":"https:\/\/schema.org","@graph":[{"@type":"WebPage","@id":"https:\/\/somaworks.nl\/werken-bij\/vibrantz\/","url":"https:\/\/somaworks.nl\/werken-bij\/vibrantz\/","name":"Werken bij Vibrantz - SOMA Works","isPartOf":{"@id":"https:\/\/somaworks.nl\/#website"},"primaryImageOfPage":{"@id":"https:\/\/somaworks.nl\/werken-bij\/vibrantz\/#primaryimage"},"image":{"@id":"https:\/\/somaworks.nl\/werken-bij\/vibrantz\/#primaryimage"},"thumbnailUrl":"https:\/\/somaworks.nl\/wp-content\/uploads\/2022\/05\/Swirl-1186x474-cropped.jpg","datePublished":"2022-02-11T07:44:36+00:00","dateModified":"2023-07-13T08:46:29+00:00","description":"Wil jij werken bij Vibrantz? Solliciteer dan snel op \u00e9\u00e9n van de leuke vactures en wie weet zie jij jezelf straks werken bij Vibrantz!","breadcrumb":{"@id":"https:\/\/somaworks.nl\/werken-bij\/vibrantz\/#breadcrumb"},"inLanguage":"de","potentialAction":[{"@type":"ReadAction","target":["https:\/\/somaworks.nl\/werken-bij\/vibrantz\/"]}]},{"@type":"ImageObject","inLanguage":"de","@id":"https:\/\/somaworks.nl\/werken-bij\/vibrantz\/#primaryimage","url":"https:\/\/somaworks.nl\/wp-content\/uploads\/2022\/05\/Swirl-1186x474-cropped.jpg","contentUrl":"https:\/\/somaworks.nl\/wp-content\/uploads\/2022\/05\/Swirl-1186x474-cropped.jpg","width":1124,"height":474},{"@type":"BreadcrumbList","@id":"https:\/\/somaworks.nl\/werken-bij\/vibrantz\/#breadcrumb","itemListElement":[{"@type":"ListItem","position":1,"name":"Home","item":"https:\/\/somaworks.nl\/"},{"@type":"ListItem","position":2,"name":"Werken bij","item":"https:\/\/somaworks.nl\/werken-bij\/"},{"@type":"ListItem","position":3,"name":"Vibrantz"}]},{"@type":"WebSite","@id":"https:\/\/somaworks.nl\/#website","url":"https:\/\/somaworks.nl\/","name":"SOMA Works","description":"Specialist in technisch personeel","publisher":{"@id":"https:\/\/somaworks.nl\/#organization"},"potentialAction":[{"@type":"SearchAction","target":{"@type":"EntryPoint","urlTemplate":"https:\/\/somaworks.nl\/?s={search_term_string}"},"query-input":{"@type":"PropertyValueSpecification","valueRequired":true,"valueName":"search_term_string"}}],"inLanguage":"de"},{"@type":"Organization","@id":"https:\/\/somaworks.nl\/#organization","name":"SOMA Works","url":"https:\/\/somaworks.nl\/","logo":{"@type":"ImageObject","inLanguage":"de","@id":"https:\/\/somaworks.nl\/#\/schema\/logo\/image\/","url":"https:\/\/somaworks.nl\/wp-content\/uploads\/2021\/09\/SOMA-works.png","contentUrl":"https:\/\/somaworks.nl\/wp-content\/uploads\/2021\/09\/SOMA-works.png","width":2095,"height":2095,"caption":"SOMA Works"},"image":{"@id":"https:\/\/somaworks.nl\/#\/schema\/logo\/image\/"},"sameAs":["https:\/\/www.facebook.com\/somaworksbv\/","https:\/\/www.instagram.com\/somaworksbv\/","https:\/\/www.linkedin.com\/company\/soma-works-specialist-in-technisch-personeel\/"]}]}},"_links":{"self":[{"href":"https:\/\/somaworks.nl\/de\/wp-json\/wp\/v2\/pages\/73988","targetHints":{"allow":["GET"]}}],"collection":[{"href":"https:\/\/somaworks.nl\/de\/wp-json\/wp\/v2\/pages"}],"about":[{"href":"https:\/\/somaworks.nl\/de\/wp-json\/wp\/v2\/types\/page"}],"author":[{"embeddable":true,"href":"https:\/\/somaworks.nl\/de\/wp-json\/wp\/v2\/users\/2"}],"replies":[{"embeddable":true,"href":"https:\/\/somaworks.nl\/de\/wp-json\/wp\/v2\/comments?post=73988"}],"version-history":[{"count":0,"href":"https:\/\/somaworks.nl\/de\/wp-json\/wp\/v2\/pages\/73988\/revisions"}],"up":[{"embeddable":true,"href":"https:\/\/somaworks.nl\/de\/wp-json\/wp\/v2\/pages\/73986"}],"wp:featuredmedia":[{"embeddable":true,"href":"https:\/\/somaworks.nl\/de\/wp-json\/wp\/v2\/media\/152850"}],"wp:attachment":[{"href":"https:\/\/somaworks.nl\/de\/wp-json\/wp\/v2\/media?parent=73988"}],"curies":[{"name":"wp","href":"https:\/\/api.w.org\/{rel}","templated":true}]}}