{"id":92224,"date":"2022-02-25T09:39:52","date_gmt":"2022-02-25T09:39:52","guid":{"rendered":"https:\/\/somaworks.nl\/?page_id=92224"},"modified":"2023-06-30T14:36:13","modified_gmt":"2023-06-30T12:36:13","slug":"equans","status":"publish","type":"page","link":"https:\/\/somaworks.nl\/de\/werken-bij\/equans\/","title":{"rendered":"EQUANS"},"content":{"rendered":"<h2>Sind Sie bereit f\u00fcr eine anspruchsvolle Karriere bei Equans?<\/h2>\n<p>Equans ist der Marktf\u00fchrer f\u00fcr technische Dienstleistungen. Mit 29 Standorten in den Niederlanden und einem Team von nicht weniger als 5.500 Mitarbeitern ist das Unternehmen bestrebt, integrierte L\u00f6sungen und Dienstleistungen anzubieten, die den Bed\u00fcrfnissen seiner Kunden perfekt entsprechen. Von der Planung und Installation bis zur Realisierung, Wartung und Beratung bietet Equans innovative technische, digitale und nachhaltige L\u00f6sungen.<\/p>\n<p>Ob f\u00fcr Hightech- und Industrieunternehmen, Krankenh\u00e4user oder andere Sektoren, Equans bietet ma\u00dfgeschneiderte L\u00f6sungen, die h\u00f6chsten Anspr\u00fcchen gen\u00fcgen. Sie sind bestrebt, innovative L\u00f6sungen in den Bereichen Versorgung, Industrie und Infrastruktur anzubieten. Dar\u00fcber hinaus setzen sie sich f\u00fcr eine langfristige Wartung und Verwaltung ein, damit die Prozesse immer in Bewegung bleiben. Dar\u00fcber hinaus entwickelt Equans durch innovative Ladeinfrastrukturen die nachhaltige Mobilit\u00e4t st\u00e4ndig weiter.<\/p>\n<h2>Arbeiten Sie bei Equans!<\/h2>\n<p>Bei Equans arbeiten Sie mit 5.500 Spezialisten zusammen, die jeden Tag bereit sind, Kunden mit innovativen und nachhaltigen technischen L\u00f6sungen zu unterst\u00fctzen. M\u00f6chten Sie Teil dieses Teams werden und Ihren Beitrag zu Innovation und Nachhaltigkeit im technischen Bereich leisten? Equans bietet Ihnen die M\u00f6glichkeit, Ihre Talente zu entwickeln und an bahnbrechenden technologischen Entwicklungen mitzuwirken. Bewerben Sie sich noch heute und entdecken Sie die M\u00f6glichkeiten, die Equans Ihnen f\u00fcr Ihre berufliche Zukunft bietet. Kommen Sie zu Equans und machen Sie einen Unterschied durch Innovation und nachhaltige technische L\u00f6sungen!<\/p>\n<p><video class=\"werken-bij-video\" src=\"https:\/\/player.vimeo.com\/external\/662635609.hd.mp4?s=4f1d5ff77c9cfb74253fdb2ef94ecdcf754e08ae&amp;profile_id=175\" poster=\"\" autoplay=\"autoplay\" loop=\"loop\" muted=\"\" width=\"100%\" height=\"auto\"><br \/>\n<\/video><\/p>","protected":false},"excerpt":{"rendered":"<p>Klaar voor een uitdagende carri\u00e8re bij Equans? Equans is d\u00e9 marktleider in technische dienstverlening. Met 29 locaties verspreid over Nederland en een team van maar liefst 5.500 medewerkers, zetten zij zich in voor integrale oplossingen en diensten die perfect aansluiten [&#8230;] <\/p>","protected":false},"author":2,"featured_media":144354,"parent":73986,"menu_order":25,"comment_status":"closed","ping_status":"closed","template":"werkenbij.php","meta":{"_acf_changed":false,"footnotes":""},"class_list":["post-92224","page","type-page","status-publish","has-post-thumbnail","hentry"],"acf":[],"yoast_head":"<!-- This site is optimized with the Yoast SEO plugin v27.5 - https:\/\/yoast.com\/product\/yoast-seo-wordpress\/ -->\n<title>Werken bij EQUANS - SOMA Works<\/title>\n<meta name=\"robots\" content=\"index, follow, max-snippet:-1, max-image-preview:large, max-video-preview:-1\" \/>\n<link rel=\"canonical\" href=\"https:\/\/somaworks.nl\/de\/werken-bij\/equans\/\" \/>\n<meta property=\"og:locale\" content=\"de_DE\" \/>\n<meta property=\"og:type\" content=\"article\" \/>\n<meta property=\"og:title\" content=\"Werken bij EQUANS - SOMA Works\" \/>\n<meta property=\"og:description\" content=\"Klaar voor een uitdagende carri\u00e8re bij Equans? Equans is d\u00e9 marktleider in technische dienstverlening. Met 29 locaties verspreid over Nederland en een team van maar liefst 5.500 medewerkers, zetten zij zich in voor integrale oplossingen en diensten die perfect aansluiten [...]\" \/>\n<meta property=\"og:url\" content=\"https:\/\/somaworks.nl\/de\/werken-bij\/equans\/\" \/>\n<meta property=\"og:site_name\" content=\"SOMA Works\" \/>\n<meta property=\"article:publisher\" content=\"https:\/\/www.facebook.com\/somaworksbv\/\" \/>\n<meta property=\"article:modified_time\" content=\"2023-06-30T12:36:13+00:00\" \/>\n<meta property=\"og:image\" content=\"https:\/\/somaworks.nl\/wp-content\/uploads\/2022\/04\/omslag_equans.jpg\" \/>\n\t<meta property=\"og:image:width\" content=\"2000\" \/>\n\t<meta property=\"og:image:height\" content=\"693\" \/>\n\t<meta property=\"og:image:type\" content=\"image\/jpeg\" \/>\n<meta name=\"twitter:card\" content=\"summary_large_image\" \/>\n<meta name=\"twitter:label1\" content=\"Gesch\u00e4tzte Lesezeit\" \/>\n\t<meta name=\"twitter:data1\" content=\"2\u00a0Minuten\" \/>\n<script type=\"application\/ld+json\" class=\"yoast-schema-graph\">{\"@context\":\"https:\\\/\\\/schema.org\",\"@graph\":[{\"@type\":\"WebPage\",\"@id\":\"https:\\\/\\\/somaworks.nl\\\/werken-bij\\\/equans\\\/\",\"url\":\"https:\\\/\\\/somaworks.nl\\\/werken-bij\\\/equans\\\/\",\"name\":\"Werken bij EQUANS - SOMA Works\",\"isPartOf\":{\"@id\":\"https:\\\/\\\/somaworks.nl\\\/#website\"},\"primaryImageOfPage\":{\"@id\":\"https:\\\/\\\/somaworks.nl\\\/werken-bij\\\/equans\\\/#primaryimage\"},\"image\":{\"@id\":\"https:\\\/\\\/somaworks.nl\\\/werken-bij\\\/equans\\\/#primaryimage\"},\"thumbnailUrl\":\"https:\\\/\\\/somaworks.nl\\\/wp-content\\\/uploads\\\/2022\\\/04\\\/omslag_equans.jpg\",\"datePublished\":\"2022-02-25T09:39:52+00:00\",\"dateModified\":\"2023-06-30T12:36:13+00:00\",\"breadcrumb\":{\"@id\":\"https:\\\/\\\/somaworks.nl\\\/werken-bij\\\/equans\\\/#breadcrumb\"},\"inLanguage\":\"de\",\"potentialAction\":[{\"@type\":\"ReadAction\",\"target\":[\"https:\\\/\\\/somaworks.nl\\\/werken-bij\\\/equans\\\/\"]}]},{\"@type\":\"ImageObject\",\"inLanguage\":\"de\",\"@id\":\"https:\\\/\\\/somaworks.nl\\\/werken-bij\\\/equans\\\/#primaryimage\",\"url\":\"https:\\\/\\\/somaworks.nl\\\/wp-content\\\/uploads\\\/2022\\\/04\\\/omslag_equans.jpg\",\"contentUrl\":\"https:\\\/\\\/somaworks.nl\\\/wp-content\\\/uploads\\\/2022\\\/04\\\/omslag_equans.jpg\",\"width\":2000,\"height\":693},{\"@type\":\"BreadcrumbList\",\"@id\":\"https:\\\/\\\/somaworks.nl\\\/werken-bij\\\/equans\\\/#breadcrumb\",\"itemListElement\":[{\"@type\":\"ListItem\",\"position\":1,\"name\":\"Home\",\"item\":\"https:\\\/\\\/somaworks.nl\\\/\"},{\"@type\":\"ListItem\",\"position\":2,\"name\":\"Werken bij\",\"item\":\"https:\\\/\\\/somaworks.nl\\\/werken-bij\\\/\"},{\"@type\":\"ListItem\",\"position\":3,\"name\":\"EQUANS\"}]},{\"@type\":\"WebSite\",\"@id\":\"https:\\\/\\\/somaworks.nl\\\/#website\",\"url\":\"https:\\\/\\\/somaworks.nl\\\/\",\"name\":\"SOMA Works\",\"description\":\"Specialist in technisch personeel\",\"publisher\":{\"@id\":\"https:\\\/\\\/somaworks.nl\\\/#organization\"},\"potentialAction\":[{\"@type\":\"SearchAction\",\"target\":{\"@type\":\"EntryPoint\",\"urlTemplate\":\"https:\\\/\\\/somaworks.nl\\\/?s={search_term_string}\"},\"query-input\":{\"@type\":\"PropertyValueSpecification\",\"valueRequired\":true,\"valueName\":\"search_term_string\"}}],\"inLanguage\":\"de\"},{\"@type\":\"Organization\",\"@id\":\"https:\\\/\\\/somaworks.nl\\\/#organization\",\"name\":\"SOMA Works\",\"url\":\"https:\\\/\\\/somaworks.nl\\\/\",\"logo\":{\"@type\":\"ImageObject\",\"inLanguage\":\"de\",\"@id\":\"https:\\\/\\\/somaworks.nl\\\/#\\\/schema\\\/logo\\\/image\\\/\",\"url\":\"https:\\\/\\\/somaworks.nl\\\/wp-content\\\/uploads\\\/2021\\\/09\\\/SOMA-works.png\",\"contentUrl\":\"https:\\\/\\\/somaworks.nl\\\/wp-content\\\/uploads\\\/2021\\\/09\\\/SOMA-works.png\",\"width\":2095,\"height\":2095,\"caption\":\"SOMA Works\"},\"image\":{\"@id\":\"https:\\\/\\\/somaworks.nl\\\/#\\\/schema\\\/logo\\\/image\\\/\"},\"sameAs\":[\"https:\\\/\\\/www.facebook.com\\\/somaworksbv\\\/\",\"https:\\\/\\\/www.instagram.com\\\/somaworksbv\\\/\",\"https:\\\/\\\/www.linkedin.com\\\/company\\\/soma-works-specialist-in-technisch-personeel\\\/\"]}]}<\/script>\n<!-- \/ Yoast SEO plugin. -->","yoast_head_json":{"title":"Werken bij EQUANS - SOMA Works","robots":{"index":"index","follow":"follow","max-snippet":"max-snippet:-1","max-image-preview":"max-image-preview:large","max-video-preview":"max-video-preview:-1"},"canonical":"https:\/\/somaworks.nl\/de\/werken-bij\/equans\/","og_locale":"de_DE","og_type":"article","og_title":"Werken bij EQUANS - SOMA Works","og_description":"Klaar voor een uitdagende carri\u00e8re bij Equans? Equans is d\u00e9 marktleider in technische dienstverlening. Met 29 locaties verspreid over Nederland en een team van maar liefst 5.500 medewerkers, zetten zij zich in voor integrale oplossingen en diensten die perfect aansluiten [...]","og_url":"https:\/\/somaworks.nl\/de\/werken-bij\/equans\/","og_site_name":"SOMA Works","article_publisher":"https:\/\/www.facebook.com\/somaworksbv\/","article_modified_time":"2023-06-30T12:36:13+00:00","og_image":[{"width":2000,"height":693,"url":"https:\/\/somaworks.nl\/wp-content\/uploads\/2022\/04\/omslag_equans.jpg","type":"image\/jpeg"}],"twitter_card":"summary_large_image","twitter_misc":{"Gesch\u00e4tzte Lesezeit":"2\u00a0Minuten"},"schema":{"@context":"https:\/\/schema.org","@graph":[{"@type":"WebPage","@id":"https:\/\/somaworks.nl\/werken-bij\/equans\/","url":"https:\/\/somaworks.nl\/werken-bij\/equans\/","name":"Werken bij EQUANS - SOMA Works","isPartOf":{"@id":"https:\/\/somaworks.nl\/#website"},"primaryImageOfPage":{"@id":"https:\/\/somaworks.nl\/werken-bij\/equans\/#primaryimage"},"image":{"@id":"https:\/\/somaworks.nl\/werken-bij\/equans\/#primaryimage"},"thumbnailUrl":"https:\/\/somaworks.nl\/wp-content\/uploads\/2022\/04\/omslag_equans.jpg","datePublished":"2022-02-25T09:39:52+00:00","dateModified":"2023-06-30T12:36:13+00:00","breadcrumb":{"@id":"https:\/\/somaworks.nl\/werken-bij\/equans\/#breadcrumb"},"inLanguage":"de","potentialAction":[{"@type":"ReadAction","target":["https:\/\/somaworks.nl\/werken-bij\/equans\/"]}]},{"@type":"ImageObject","inLanguage":"de","@id":"https:\/\/somaworks.nl\/werken-bij\/equans\/#primaryimage","url":"https:\/\/somaworks.nl\/wp-content\/uploads\/2022\/04\/omslag_equans.jpg","contentUrl":"https:\/\/somaworks.nl\/wp-content\/uploads\/2022\/04\/omslag_equans.jpg","width":2000,"height":693},{"@type":"BreadcrumbList","@id":"https:\/\/somaworks.nl\/werken-bij\/equans\/#breadcrumb","itemListElement":[{"@type":"ListItem","position":1,"name":"Home","item":"https:\/\/somaworks.nl\/"},{"@type":"ListItem","position":2,"name":"Werken bij","item":"https:\/\/somaworks.nl\/werken-bij\/"},{"@type":"ListItem","position":3,"name":"EQUANS"}]},{"@type":"WebSite","@id":"https:\/\/somaworks.nl\/#website","url":"https:\/\/somaworks.nl\/","name":"SOMA Works","description":"Specialist in technisch personeel","publisher":{"@id":"https:\/\/somaworks.nl\/#organization"},"potentialAction":[{"@type":"SearchAction","target":{"@type":"EntryPoint","urlTemplate":"https:\/\/somaworks.nl\/?s={search_term_string}"},"query-input":{"@type":"PropertyValueSpecification","valueRequired":true,"valueName":"search_term_string"}}],"inLanguage":"de"},{"@type":"Organization","@id":"https:\/\/somaworks.nl\/#organization","name":"SOMA Works","url":"https:\/\/somaworks.nl\/","logo":{"@type":"ImageObject","inLanguage":"de","@id":"https:\/\/somaworks.nl\/#\/schema\/logo\/image\/","url":"https:\/\/somaworks.nl\/wp-content\/uploads\/2021\/09\/SOMA-works.png","contentUrl":"https:\/\/somaworks.nl\/wp-content\/uploads\/2021\/09\/SOMA-works.png","width":2095,"height":2095,"caption":"SOMA Works"},"image":{"@id":"https:\/\/somaworks.nl\/#\/schema\/logo\/image\/"},"sameAs":["https:\/\/www.facebook.com\/somaworksbv\/","https:\/\/www.instagram.com\/somaworksbv\/","https:\/\/www.linkedin.com\/company\/soma-works-specialist-in-technisch-personeel\/"]}]}},"_links":{"self":[{"href":"https:\/\/somaworks.nl\/de\/wp-json\/wp\/v2\/pages\/92224","targetHints":{"allow":["GET"]}}],"collection":[{"href":"https:\/\/somaworks.nl\/de\/wp-json\/wp\/v2\/pages"}],"about":[{"href":"https:\/\/somaworks.nl\/de\/wp-json\/wp\/v2\/types\/page"}],"author":[{"embeddable":true,"href":"https:\/\/somaworks.nl\/de\/wp-json\/wp\/v2\/users\/2"}],"replies":[{"embeddable":true,"href":"https:\/\/somaworks.nl\/de\/wp-json\/wp\/v2\/comments?post=92224"}],"version-history":[{"count":0,"href":"https:\/\/somaworks.nl\/de\/wp-json\/wp\/v2\/pages\/92224\/revisions"}],"up":[{"embeddable":true,"href":"https:\/\/somaworks.nl\/de\/wp-json\/wp\/v2\/pages\/73986"}],"wp:featuredmedia":[{"embeddable":true,"href":"https:\/\/somaworks.nl\/de\/wp-json\/wp\/v2\/media\/144354"}],"wp:attachment":[{"href":"https:\/\/somaworks.nl\/de\/wp-json\/wp\/v2\/media?parent=92224"}],"curies":[{"name":"wp","href":"https:\/\/api.w.org\/{rel}","templated":true}]}}