{"id":92258,"date":"2022-02-25T10:10:39","date_gmt":"2022-02-25T10:10:39","guid":{"rendered":"https:\/\/somaworks.nl\/?page_id=92258"},"modified":"2023-06-30T14:24:19","modified_gmt":"2023-06-30T12:24:19","slug":"kivit-staalbouw","status":"publish","type":"page","link":"https:\/\/somaworks.nl\/de\/werken-bij\/kivit-staalbouw\/","title":{"rendered":"Kivit Staalbouw"},"content":{"rendered":"<h2>Bauen Sie Ihre Zukunft bei Kivit Steel Construction!<\/h2>\n<p>Vom ersten Entwurf bis zur endg\u00fcltigen Ausf\u00fchrung: Bei Kivit Steel Construction ist man bei jedem Schritt dabei. Das Unternehmen ist auf die Herstellung von Ger\u00e4ten, Rohrleitungen und Stahlkonstruktionen spezialisiert. Mit Niederlassungen in Elsloo und Projekten in den gesamten Niederlanden ist Kivit Staalbouw f\u00fcr seine Qualit\u00e4t in verschiedenen Installationstechniken bekannt.<\/p>\n<p>Bei Kivit Stahlbau geht es um Vielseitigkeit. Zu ihrem Kerngesch\u00e4ft geh\u00f6rt die Lieferung von maschinentechnischen Anlagen, die vom Rohrleitungs- und Apparatebau bis zu Stahlkonstruktionen reichen. Dar\u00fcber hinaus f\u00fchrt Kivit Staalbouw \"Turnarounds\" und die t\u00e4gliche Wartung von chemischen, petrochemischen und Energieanlagen durch. Mit anderen Worten: Bei Kivit Staalbouw werden Sie sowohl an kleinen als auch an sehr gro\u00dfen Projekten arbeiten, bei denen jeder Tag anders ist.<\/p>\n<h2>Sind Sie bereit, eine aktive Rolle im Stahlbau zu \u00fcbernehmen?<\/h2>\n<p>Bei dem vielseitigen Unternehmen Kivit Staalbouw k\u00f6nnen Sie zum Wachstum des Unternehmens beitragen. Egal, ob Sie gerne hinter den Kulissen an gro\u00dfen Projekten arbeiten oder sich die H\u00e4nde schmutzig machen und an beeindruckenden Konstruktionen basteln, bei Kivit Staalbouw gibt es einen Platz f\u00fcr Sie. Z\u00f6gern Sie nicht und bewerben Sie sich auf eine der tollen Stellen in diesem Unternehmen. Bei Kivit Staalbouw ist die Zukunft zum Greifen nah!<\/p>","protected":false},"excerpt":{"rendered":"<p>Bouw aan je toekomst bij Kivit Staalbouw! Van het allereerste ontwerp tot de uiteindelijke uitvoering: bij Kivit Staalbouw zijn ze betrokken bij elke stap. Ze zijn gespecialiseerd in het produceren van apparaten, pijpleidingen en staalconstructies. Met vestigingen in Elsloo en [&#8230;] <\/p>","protected":false},"author":2,"featured_media":95782,"parent":73986,"menu_order":20,"comment_status":"closed","ping_status":"closed","template":"werkenbij.php","meta":{"_acf_changed":false,"footnotes":""},"class_list":["post-92258","page","type-page","status-publish","has-post-thumbnail","hentry"],"acf":[],"yoast_head":"<!-- This site is optimized with the Yoast SEO plugin v27.4 - https:\/\/yoast.com\/product\/yoast-seo-wordpress\/ -->\n<title>Werken bij Kivit Staalbouw - SOMA Works<\/title>\n<meta name=\"robots\" content=\"index, follow, max-snippet:-1, max-image-preview:large, max-video-preview:-1\" \/>\n<link rel=\"canonical\" href=\"https:\/\/somaworks.nl\/de\/werken-bij\/kivit-staalbouw\/\" \/>\n<meta property=\"og:locale\" content=\"de_DE\" \/>\n<meta property=\"og:type\" content=\"article\" \/>\n<meta property=\"og:title\" content=\"Werken bij Kivit Staalbouw - SOMA Works\" \/>\n<meta property=\"og:description\" content=\"Bouw aan je toekomst bij Kivit Staalbouw! Van het allereerste ontwerp tot de uiteindelijke uitvoering: bij Kivit Staalbouw zijn ze betrokken bij elke stap. Ze zijn gespecialiseerd in het produceren van apparaten, pijpleidingen en staalconstructies. Met vestigingen in Elsloo en [...]\" \/>\n<meta property=\"og:url\" content=\"https:\/\/somaworks.nl\/de\/werken-bij\/kivit-staalbouw\/\" \/>\n<meta property=\"og:site_name\" content=\"SOMA Works\" \/>\n<meta property=\"article:publisher\" content=\"https:\/\/www.facebook.com\/somaworksbv\/\" \/>\n<meta property=\"article:modified_time\" content=\"2023-06-30T12:24:19+00:00\" \/>\n<meta property=\"og:image\" content=\"https:\/\/somaworks.nl\/wp-content\/uploads\/2022\/02\/Kivit-staalbouw-pand-1500x630-1.jpg\" \/>\n\t<meta property=\"og:image:width\" content=\"1500\" \/>\n\t<meta property=\"og:image:height\" content=\"630\" \/>\n\t<meta property=\"og:image:type\" content=\"image\/jpeg\" \/>\n<meta name=\"twitter:card\" content=\"summary_large_image\" \/>\n<meta name=\"twitter:label1\" content=\"Gesch\u00e4tzte Lesezeit\" \/>\n\t<meta name=\"twitter:data1\" content=\"1\u00a0Minute\" \/>\n<script type=\"application\/ld+json\" class=\"yoast-schema-graph\">{\"@context\":\"https:\\\/\\\/schema.org\",\"@graph\":[{\"@type\":\"WebPage\",\"@id\":\"https:\\\/\\\/somaworks.nl\\\/werken-bij\\\/kivit-staalbouw\\\/\",\"url\":\"https:\\\/\\\/somaworks.nl\\\/werken-bij\\\/kivit-staalbouw\\\/\",\"name\":\"Werken bij Kivit Staalbouw - SOMA Works\",\"isPartOf\":{\"@id\":\"https:\\\/\\\/somaworks.nl\\\/#website\"},\"primaryImageOfPage\":{\"@id\":\"https:\\\/\\\/somaworks.nl\\\/werken-bij\\\/kivit-staalbouw\\\/#primaryimage\"},\"image\":{\"@id\":\"https:\\\/\\\/somaworks.nl\\\/werken-bij\\\/kivit-staalbouw\\\/#primaryimage\"},\"thumbnailUrl\":\"https:\\\/\\\/somaworks.nl\\\/wp-content\\\/uploads\\\/2022\\\/02\\\/Kivit-staalbouw-pand-1500x630-1.jpg\",\"datePublished\":\"2022-02-25T10:10:39+00:00\",\"dateModified\":\"2023-06-30T12:24:19+00:00\",\"breadcrumb\":{\"@id\":\"https:\\\/\\\/somaworks.nl\\\/werken-bij\\\/kivit-staalbouw\\\/#breadcrumb\"},\"inLanguage\":\"de\",\"potentialAction\":[{\"@type\":\"ReadAction\",\"target\":[\"https:\\\/\\\/somaworks.nl\\\/werken-bij\\\/kivit-staalbouw\\\/\"]}]},{\"@type\":\"ImageObject\",\"inLanguage\":\"de\",\"@id\":\"https:\\\/\\\/somaworks.nl\\\/werken-bij\\\/kivit-staalbouw\\\/#primaryimage\",\"url\":\"https:\\\/\\\/somaworks.nl\\\/wp-content\\\/uploads\\\/2022\\\/02\\\/Kivit-staalbouw-pand-1500x630-1.jpg\",\"contentUrl\":\"https:\\\/\\\/somaworks.nl\\\/wp-content\\\/uploads\\\/2022\\\/02\\\/Kivit-staalbouw-pand-1500x630-1.jpg\",\"width\":1500,\"height\":630},{\"@type\":\"BreadcrumbList\",\"@id\":\"https:\\\/\\\/somaworks.nl\\\/werken-bij\\\/kivit-staalbouw\\\/#breadcrumb\",\"itemListElement\":[{\"@type\":\"ListItem\",\"position\":1,\"name\":\"Home\",\"item\":\"https:\\\/\\\/somaworks.nl\\\/\"},{\"@type\":\"ListItem\",\"position\":2,\"name\":\"Werken bij\",\"item\":\"https:\\\/\\\/somaworks.nl\\\/werken-bij\\\/\"},{\"@type\":\"ListItem\",\"position\":3,\"name\":\"Kivit Staalbouw\"}]},{\"@type\":\"WebSite\",\"@id\":\"https:\\\/\\\/somaworks.nl\\\/#website\",\"url\":\"https:\\\/\\\/somaworks.nl\\\/\",\"name\":\"SOMA Works\",\"description\":\"Specialist in technisch personeel\",\"publisher\":{\"@id\":\"https:\\\/\\\/somaworks.nl\\\/#organization\"},\"potentialAction\":[{\"@type\":\"SearchAction\",\"target\":{\"@type\":\"EntryPoint\",\"urlTemplate\":\"https:\\\/\\\/somaworks.nl\\\/?s={search_term_string}\"},\"query-input\":{\"@type\":\"PropertyValueSpecification\",\"valueRequired\":true,\"valueName\":\"search_term_string\"}}],\"inLanguage\":\"de\"},{\"@type\":\"Organization\",\"@id\":\"https:\\\/\\\/somaworks.nl\\\/#organization\",\"name\":\"SOMA Works\",\"url\":\"https:\\\/\\\/somaworks.nl\\\/\",\"logo\":{\"@type\":\"ImageObject\",\"inLanguage\":\"de\",\"@id\":\"https:\\\/\\\/somaworks.nl\\\/#\\\/schema\\\/logo\\\/image\\\/\",\"url\":\"https:\\\/\\\/somaworks.nl\\\/wp-content\\\/uploads\\\/2021\\\/09\\\/SOMA-works.png\",\"contentUrl\":\"https:\\\/\\\/somaworks.nl\\\/wp-content\\\/uploads\\\/2021\\\/09\\\/SOMA-works.png\",\"width\":2095,\"height\":2095,\"caption\":\"SOMA Works\"},\"image\":{\"@id\":\"https:\\\/\\\/somaworks.nl\\\/#\\\/schema\\\/logo\\\/image\\\/\"},\"sameAs\":[\"https:\\\/\\\/www.facebook.com\\\/somaworksbv\\\/\",\"https:\\\/\\\/www.instagram.com\\\/somaworksbv\\\/\",\"https:\\\/\\\/www.linkedin.com\\\/company\\\/soma-works-specialist-in-technisch-personeel\\\/\"]}]}<\/script>\n<!-- \/ Yoast SEO plugin. -->","yoast_head_json":{"title":"Werken bij Kivit Staalbouw - SOMA Works","robots":{"index":"index","follow":"follow","max-snippet":"max-snippet:-1","max-image-preview":"max-image-preview:large","max-video-preview":"max-video-preview:-1"},"canonical":"https:\/\/somaworks.nl\/de\/werken-bij\/kivit-staalbouw\/","og_locale":"de_DE","og_type":"article","og_title":"Werken bij Kivit Staalbouw - SOMA Works","og_description":"Bouw aan je toekomst bij Kivit Staalbouw! Van het allereerste ontwerp tot de uiteindelijke uitvoering: bij Kivit Staalbouw zijn ze betrokken bij elke stap. Ze zijn gespecialiseerd in het produceren van apparaten, pijpleidingen en staalconstructies. Met vestigingen in Elsloo en [...]","og_url":"https:\/\/somaworks.nl\/de\/werken-bij\/kivit-staalbouw\/","og_site_name":"SOMA Works","article_publisher":"https:\/\/www.facebook.com\/somaworksbv\/","article_modified_time":"2023-06-30T12:24:19+00:00","og_image":[{"width":1500,"height":630,"url":"https:\/\/somaworks.nl\/wp-content\/uploads\/2022\/02\/Kivit-staalbouw-pand-1500x630-1.jpg","type":"image\/jpeg"}],"twitter_card":"summary_large_image","twitter_misc":{"Gesch\u00e4tzte Lesezeit":"1\u00a0Minute"},"schema":{"@context":"https:\/\/schema.org","@graph":[{"@type":"WebPage","@id":"https:\/\/somaworks.nl\/werken-bij\/kivit-staalbouw\/","url":"https:\/\/somaworks.nl\/werken-bij\/kivit-staalbouw\/","name":"Werken bij Kivit Staalbouw - SOMA Works","isPartOf":{"@id":"https:\/\/somaworks.nl\/#website"},"primaryImageOfPage":{"@id":"https:\/\/somaworks.nl\/werken-bij\/kivit-staalbouw\/#primaryimage"},"image":{"@id":"https:\/\/somaworks.nl\/werken-bij\/kivit-staalbouw\/#primaryimage"},"thumbnailUrl":"https:\/\/somaworks.nl\/wp-content\/uploads\/2022\/02\/Kivit-staalbouw-pand-1500x630-1.jpg","datePublished":"2022-02-25T10:10:39+00:00","dateModified":"2023-06-30T12:24:19+00:00","breadcrumb":{"@id":"https:\/\/somaworks.nl\/werken-bij\/kivit-staalbouw\/#breadcrumb"},"inLanguage":"de","potentialAction":[{"@type":"ReadAction","target":["https:\/\/somaworks.nl\/werken-bij\/kivit-staalbouw\/"]}]},{"@type":"ImageObject","inLanguage":"de","@id":"https:\/\/somaworks.nl\/werken-bij\/kivit-staalbouw\/#primaryimage","url":"https:\/\/somaworks.nl\/wp-content\/uploads\/2022\/02\/Kivit-staalbouw-pand-1500x630-1.jpg","contentUrl":"https:\/\/somaworks.nl\/wp-content\/uploads\/2022\/02\/Kivit-staalbouw-pand-1500x630-1.jpg","width":1500,"height":630},{"@type":"BreadcrumbList","@id":"https:\/\/somaworks.nl\/werken-bij\/kivit-staalbouw\/#breadcrumb","itemListElement":[{"@type":"ListItem","position":1,"name":"Home","item":"https:\/\/somaworks.nl\/"},{"@type":"ListItem","position":2,"name":"Werken bij","item":"https:\/\/somaworks.nl\/werken-bij\/"},{"@type":"ListItem","position":3,"name":"Kivit Staalbouw"}]},{"@type":"WebSite","@id":"https:\/\/somaworks.nl\/#website","url":"https:\/\/somaworks.nl\/","name":"SOMA Works","description":"Specialist in technisch personeel","publisher":{"@id":"https:\/\/somaworks.nl\/#organization"},"potentialAction":[{"@type":"SearchAction","target":{"@type":"EntryPoint","urlTemplate":"https:\/\/somaworks.nl\/?s={search_term_string}"},"query-input":{"@type":"PropertyValueSpecification","valueRequired":true,"valueName":"search_term_string"}}],"inLanguage":"de"},{"@type":"Organization","@id":"https:\/\/somaworks.nl\/#organization","name":"SOMA Works","url":"https:\/\/somaworks.nl\/","logo":{"@type":"ImageObject","inLanguage":"de","@id":"https:\/\/somaworks.nl\/#\/schema\/logo\/image\/","url":"https:\/\/somaworks.nl\/wp-content\/uploads\/2021\/09\/SOMA-works.png","contentUrl":"https:\/\/somaworks.nl\/wp-content\/uploads\/2021\/09\/SOMA-works.png","width":2095,"height":2095,"caption":"SOMA Works"},"image":{"@id":"https:\/\/somaworks.nl\/#\/schema\/logo\/image\/"},"sameAs":["https:\/\/www.facebook.com\/somaworksbv\/","https:\/\/www.instagram.com\/somaworksbv\/","https:\/\/www.linkedin.com\/company\/soma-works-specialist-in-technisch-personeel\/"]}]}},"_links":{"self":[{"href":"https:\/\/somaworks.nl\/de\/wp-json\/wp\/v2\/pages\/92258","targetHints":{"allow":["GET"]}}],"collection":[{"href":"https:\/\/somaworks.nl\/de\/wp-json\/wp\/v2\/pages"}],"about":[{"href":"https:\/\/somaworks.nl\/de\/wp-json\/wp\/v2\/types\/page"}],"author":[{"embeddable":true,"href":"https:\/\/somaworks.nl\/de\/wp-json\/wp\/v2\/users\/2"}],"replies":[{"embeddable":true,"href":"https:\/\/somaworks.nl\/de\/wp-json\/wp\/v2\/comments?post=92258"}],"version-history":[{"count":0,"href":"https:\/\/somaworks.nl\/de\/wp-json\/wp\/v2\/pages\/92258\/revisions"}],"up":[{"embeddable":true,"href":"https:\/\/somaworks.nl\/de\/wp-json\/wp\/v2\/pages\/73986"}],"wp:featuredmedia":[{"embeddable":true,"href":"https:\/\/somaworks.nl\/de\/wp-json\/wp\/v2\/media\/95782"}],"wp:attachment":[{"href":"https:\/\/somaworks.nl\/de\/wp-json\/wp\/v2\/media?parent=92258"}],"curies":[{"name":"wp","href":"https:\/\/api.w.org\/{rel}","templated":true}]}}