{"id":92270,"date":"2022-02-25T10:11:36","date_gmt":"2022-02-25T10:11:36","guid":{"rendered":"https:\/\/somaworks.nl\/?page_id=92270"},"modified":"2023-07-07T11:08:10","modified_gmt":"2023-07-07T09:08:10","slug":"daily-fresh-food","status":"publish","type":"page","link":"https:\/\/somaworks.nl\/de\/werken-bij\/daily-fresh-food\/","title":{"rendered":"T\u00e4glich frische Lebensmittel"},"content":{"rendered":"<h2>Entdecken Sie die M\u00f6glichkeiten bei Daily Fresh Food!<\/h2>\n<p>Daily Fresh Food ist der Komplettanbieter f\u00fcr frische Mahlzeiten. Daily Fresh Food ist bereits seit fast 100 Jahren in der Lebensmittelbranche t\u00e4tig und hat seinen Ursprung in einer traditionellen Metzgerei in Maastricht. Heute beliefern sie verschiedene Sektoren, von der Gastronomie bis zu Krankenh\u00e4usern. Durch die Zusammenarbeit mit Gem\u00fcseh\u00e4ndlern, Fischh\u00e4ndlern und anderen handwerklichen Lieferanten hat sich das Unternehmen zu einem Komplettanbieter von frischen Mahlzeiten entwickelt, vom Feld bis zum Kunden.<\/p>\n<p><iframe loading=\"lazy\" title=\"vimeo-player\" src=\"https:\/\/player.vimeo.com\/video\/363561550?h=23969996ef\" width=\"100%\" height=\"360\" frameborder=\"0\" allowfullscreen=\"allowfullscreen\"><\/iframe><\/p>\n<p>Daily Fresh Food ist davon \u00fcberzeugt, dass k\u00f6stliches und gesundes Essen zur Vitalit\u00e4t eines jeden Menschen beitr\u00e4gt, unabh\u00e4ngig vom Alter. Das ist der Kernwert, f\u00fcr den sie stehen: besseres Essen, besseres Leben. M\u00f6chten Sie Teil einer Organisation sein, die einen positiven Einfluss auf die Lebensmittelbranche hat?<\/p>\n<h2>Arbeiten Sie bei Daily Fresh Food<\/h2>\n<p>Bei Daily Fresh Food werden alle Aspekte der Lebensmittelproduktion und -lieferung verwaltet. Dies schafft vielf\u00e4ltige Arbeitspl\u00e4tze, vom K\u00fcchenpersonal bis hin zu Lagerarbeitern und Logistikern. M\u00f6chten Sie in einem dynamischen Unternehmen wie Daily Fresh Food arbeiten? Dann nehmen Sie Kontakt auf oder bewerben Sie sich direkt auf eine unserer offenen Stellen. Entdecken Sie die M\u00f6glichkeiten und werden Sie Teil unseres Teams bei Daily Fresh Food!<\/p>","protected":false},"excerpt":{"rendered":"<p>Ontdek de mogelijkheden bij Daily Fresh Food! Daily Fresh Food is d\u00e9 totaalleverancier van verse maaltijden. Al bijna 100 jaar zijn ze actief in de voedselindustrie, met hun oorsprong als ambachtelijke slagerij in Maastricht. Inmiddels leveren ze aan diverse sectoren, [&#8230;] <\/p>","protected":false},"author":2,"featured_media":158784,"parent":73986,"menu_order":24,"comment_status":"closed","ping_status":"closed","template":"werkenbij.php","meta":{"_acf_changed":false,"footnotes":""},"class_list":["post-92270","page","type-page","status-publish","has-post-thumbnail","hentry"],"acf":[],"yoast_head":"<!-- This site is optimized with the Yoast SEO plugin v27.4 - https:\/\/yoast.com\/product\/yoast-seo-wordpress\/ -->\n<title>Werken bij Daily Fresh Food - SOMA Works<\/title>\n<meta name=\"robots\" content=\"index, follow, max-snippet:-1, max-image-preview:large, max-video-preview:-1\" \/>\n<link rel=\"canonical\" href=\"https:\/\/somaworks.nl\/de\/werken-bij\/daily-fresh-food\/\" \/>\n<meta property=\"og:locale\" content=\"de_DE\" \/>\n<meta property=\"og:type\" content=\"article\" \/>\n<meta property=\"og:title\" content=\"Werken bij Daily Fresh Food - SOMA Works\" \/>\n<meta property=\"og:description\" content=\"Ontdek de mogelijkheden bij Daily Fresh Food! Daily Fresh Food is d\u00e9 totaalleverancier van verse maaltijden. Al bijna 100 jaar zijn ze actief in de voedselindustrie, met hun oorsprong als ambachtelijke slagerij in Maastricht. Inmiddels leveren ze aan diverse sectoren, [...]\" \/>\n<meta property=\"og:url\" content=\"https:\/\/somaworks.nl\/de\/werken-bij\/daily-fresh-food\/\" \/>\n<meta property=\"og:site_name\" content=\"SOMA Works\" \/>\n<meta property=\"article:publisher\" content=\"https:\/\/www.facebook.com\/somaworksbv\/\" \/>\n<meta property=\"article:modified_time\" content=\"2023-07-07T09:08:10+00:00\" \/>\n<meta property=\"og:image\" content=\"https:\/\/somaworks.nl\/wp-content\/uploads\/2022\/05\/dff_somaworks.jpg\" \/>\n\t<meta property=\"og:image:width\" content=\"1000\" \/>\n\t<meta property=\"og:image:height\" content=\"667\" \/>\n\t<meta property=\"og:image:type\" content=\"image\/jpeg\" \/>\n<meta name=\"twitter:card\" content=\"summary_large_image\" \/>\n<meta name=\"twitter:label1\" content=\"Gesch\u00e4tzte Lesezeit\" \/>\n\t<meta name=\"twitter:data1\" content=\"1\u00a0Minute\" \/>\n<script type=\"application\/ld+json\" class=\"yoast-schema-graph\">{\"@context\":\"https:\\\/\\\/schema.org\",\"@graph\":[{\"@type\":\"WebPage\",\"@id\":\"https:\\\/\\\/somaworks.nl\\\/werken-bij\\\/daily-fresh-food\\\/\",\"url\":\"https:\\\/\\\/somaworks.nl\\\/werken-bij\\\/daily-fresh-food\\\/\",\"name\":\"Werken bij Daily Fresh Food - SOMA Works\",\"isPartOf\":{\"@id\":\"https:\\\/\\\/somaworks.nl\\\/#website\"},\"primaryImageOfPage\":{\"@id\":\"https:\\\/\\\/somaworks.nl\\\/werken-bij\\\/daily-fresh-food\\\/#primaryimage\"},\"image\":{\"@id\":\"https:\\\/\\\/somaworks.nl\\\/werken-bij\\\/daily-fresh-food\\\/#primaryimage\"},\"thumbnailUrl\":\"https:\\\/\\\/somaworks.nl\\\/wp-content\\\/uploads\\\/2022\\\/05\\\/dff_somaworks.jpg\",\"datePublished\":\"2022-02-25T10:11:36+00:00\",\"dateModified\":\"2023-07-07T09:08:10+00:00\",\"breadcrumb\":{\"@id\":\"https:\\\/\\\/somaworks.nl\\\/werken-bij\\\/daily-fresh-food\\\/#breadcrumb\"},\"inLanguage\":\"de\",\"potentialAction\":[{\"@type\":\"ReadAction\",\"target\":[\"https:\\\/\\\/somaworks.nl\\\/werken-bij\\\/daily-fresh-food\\\/\"]}]},{\"@type\":\"ImageObject\",\"inLanguage\":\"de\",\"@id\":\"https:\\\/\\\/somaworks.nl\\\/werken-bij\\\/daily-fresh-food\\\/#primaryimage\",\"url\":\"https:\\\/\\\/somaworks.nl\\\/wp-content\\\/uploads\\\/2022\\\/05\\\/dff_somaworks.jpg\",\"contentUrl\":\"https:\\\/\\\/somaworks.nl\\\/wp-content\\\/uploads\\\/2022\\\/05\\\/dff_somaworks.jpg\",\"width\":1000,\"height\":667},{\"@type\":\"BreadcrumbList\",\"@id\":\"https:\\\/\\\/somaworks.nl\\\/werken-bij\\\/daily-fresh-food\\\/#breadcrumb\",\"itemListElement\":[{\"@type\":\"ListItem\",\"position\":1,\"name\":\"Home\",\"item\":\"https:\\\/\\\/somaworks.nl\\\/\"},{\"@type\":\"ListItem\",\"position\":2,\"name\":\"Werken bij\",\"item\":\"https:\\\/\\\/somaworks.nl\\\/werken-bij\\\/\"},{\"@type\":\"ListItem\",\"position\":3,\"name\":\"Daily Fresh Food\"}]},{\"@type\":\"WebSite\",\"@id\":\"https:\\\/\\\/somaworks.nl\\\/#website\",\"url\":\"https:\\\/\\\/somaworks.nl\\\/\",\"name\":\"SOMA Works\",\"description\":\"Specialist in technisch personeel\",\"publisher\":{\"@id\":\"https:\\\/\\\/somaworks.nl\\\/#organization\"},\"potentialAction\":[{\"@type\":\"SearchAction\",\"target\":{\"@type\":\"EntryPoint\",\"urlTemplate\":\"https:\\\/\\\/somaworks.nl\\\/?s={search_term_string}\"},\"query-input\":{\"@type\":\"PropertyValueSpecification\",\"valueRequired\":true,\"valueName\":\"search_term_string\"}}],\"inLanguage\":\"de\"},{\"@type\":\"Organization\",\"@id\":\"https:\\\/\\\/somaworks.nl\\\/#organization\",\"name\":\"SOMA Works\",\"url\":\"https:\\\/\\\/somaworks.nl\\\/\",\"logo\":{\"@type\":\"ImageObject\",\"inLanguage\":\"de\",\"@id\":\"https:\\\/\\\/somaworks.nl\\\/#\\\/schema\\\/logo\\\/image\\\/\",\"url\":\"https:\\\/\\\/somaworks.nl\\\/wp-content\\\/uploads\\\/2021\\\/09\\\/SOMA-works.png\",\"contentUrl\":\"https:\\\/\\\/somaworks.nl\\\/wp-content\\\/uploads\\\/2021\\\/09\\\/SOMA-works.png\",\"width\":2095,\"height\":2095,\"caption\":\"SOMA Works\"},\"image\":{\"@id\":\"https:\\\/\\\/somaworks.nl\\\/#\\\/schema\\\/logo\\\/image\\\/\"},\"sameAs\":[\"https:\\\/\\\/www.facebook.com\\\/somaworksbv\\\/\",\"https:\\\/\\\/www.instagram.com\\\/somaworksbv\\\/\",\"https:\\\/\\\/www.linkedin.com\\\/company\\\/soma-works-specialist-in-technisch-personeel\\\/\"]}]}<\/script>\n<!-- \/ Yoast SEO plugin. -->","yoast_head_json":{"title":"Werken bij Daily Fresh Food - SOMA Works","robots":{"index":"index","follow":"follow","max-snippet":"max-snippet:-1","max-image-preview":"max-image-preview:large","max-video-preview":"max-video-preview:-1"},"canonical":"https:\/\/somaworks.nl\/de\/werken-bij\/daily-fresh-food\/","og_locale":"de_DE","og_type":"article","og_title":"Werken bij Daily Fresh Food - SOMA Works","og_description":"Ontdek de mogelijkheden bij Daily Fresh Food! Daily Fresh Food is d\u00e9 totaalleverancier van verse maaltijden. Al bijna 100 jaar zijn ze actief in de voedselindustrie, met hun oorsprong als ambachtelijke slagerij in Maastricht. Inmiddels leveren ze aan diverse sectoren, [...]","og_url":"https:\/\/somaworks.nl\/de\/werken-bij\/daily-fresh-food\/","og_site_name":"SOMA Works","article_publisher":"https:\/\/www.facebook.com\/somaworksbv\/","article_modified_time":"2023-07-07T09:08:10+00:00","og_image":[{"width":1000,"height":667,"url":"https:\/\/somaworks.nl\/wp-content\/uploads\/2022\/05\/dff_somaworks.jpg","type":"image\/jpeg"}],"twitter_card":"summary_large_image","twitter_misc":{"Gesch\u00e4tzte Lesezeit":"1\u00a0Minute"},"schema":{"@context":"https:\/\/schema.org","@graph":[{"@type":"WebPage","@id":"https:\/\/somaworks.nl\/werken-bij\/daily-fresh-food\/","url":"https:\/\/somaworks.nl\/werken-bij\/daily-fresh-food\/","name":"Werken bij Daily Fresh Food - SOMA Works","isPartOf":{"@id":"https:\/\/somaworks.nl\/#website"},"primaryImageOfPage":{"@id":"https:\/\/somaworks.nl\/werken-bij\/daily-fresh-food\/#primaryimage"},"image":{"@id":"https:\/\/somaworks.nl\/werken-bij\/daily-fresh-food\/#primaryimage"},"thumbnailUrl":"https:\/\/somaworks.nl\/wp-content\/uploads\/2022\/05\/dff_somaworks.jpg","datePublished":"2022-02-25T10:11:36+00:00","dateModified":"2023-07-07T09:08:10+00:00","breadcrumb":{"@id":"https:\/\/somaworks.nl\/werken-bij\/daily-fresh-food\/#breadcrumb"},"inLanguage":"de","potentialAction":[{"@type":"ReadAction","target":["https:\/\/somaworks.nl\/werken-bij\/daily-fresh-food\/"]}]},{"@type":"ImageObject","inLanguage":"de","@id":"https:\/\/somaworks.nl\/werken-bij\/daily-fresh-food\/#primaryimage","url":"https:\/\/somaworks.nl\/wp-content\/uploads\/2022\/05\/dff_somaworks.jpg","contentUrl":"https:\/\/somaworks.nl\/wp-content\/uploads\/2022\/05\/dff_somaworks.jpg","width":1000,"height":667},{"@type":"BreadcrumbList","@id":"https:\/\/somaworks.nl\/werken-bij\/daily-fresh-food\/#breadcrumb","itemListElement":[{"@type":"ListItem","position":1,"name":"Home","item":"https:\/\/somaworks.nl\/"},{"@type":"ListItem","position":2,"name":"Werken bij","item":"https:\/\/somaworks.nl\/werken-bij\/"},{"@type":"ListItem","position":3,"name":"Daily Fresh Food"}]},{"@type":"WebSite","@id":"https:\/\/somaworks.nl\/#website","url":"https:\/\/somaworks.nl\/","name":"SOMA Works","description":"Specialist in technisch personeel","publisher":{"@id":"https:\/\/somaworks.nl\/#organization"},"potentialAction":[{"@type":"SearchAction","target":{"@type":"EntryPoint","urlTemplate":"https:\/\/somaworks.nl\/?s={search_term_string}"},"query-input":{"@type":"PropertyValueSpecification","valueRequired":true,"valueName":"search_term_string"}}],"inLanguage":"de"},{"@type":"Organization","@id":"https:\/\/somaworks.nl\/#organization","name":"SOMA Works","url":"https:\/\/somaworks.nl\/","logo":{"@type":"ImageObject","inLanguage":"de","@id":"https:\/\/somaworks.nl\/#\/schema\/logo\/image\/","url":"https:\/\/somaworks.nl\/wp-content\/uploads\/2021\/09\/SOMA-works.png","contentUrl":"https:\/\/somaworks.nl\/wp-content\/uploads\/2021\/09\/SOMA-works.png","width":2095,"height":2095,"caption":"SOMA Works"},"image":{"@id":"https:\/\/somaworks.nl\/#\/schema\/logo\/image\/"},"sameAs":["https:\/\/www.facebook.com\/somaworksbv\/","https:\/\/www.instagram.com\/somaworksbv\/","https:\/\/www.linkedin.com\/company\/soma-works-specialist-in-technisch-personeel\/"]}]}},"_links":{"self":[{"href":"https:\/\/somaworks.nl\/de\/wp-json\/wp\/v2\/pages\/92270","targetHints":{"allow":["GET"]}}],"collection":[{"href":"https:\/\/somaworks.nl\/de\/wp-json\/wp\/v2\/pages"}],"about":[{"href":"https:\/\/somaworks.nl\/de\/wp-json\/wp\/v2\/types\/page"}],"author":[{"embeddable":true,"href":"https:\/\/somaworks.nl\/de\/wp-json\/wp\/v2\/users\/2"}],"replies":[{"embeddable":true,"href":"https:\/\/somaworks.nl\/de\/wp-json\/wp\/v2\/comments?post=92270"}],"version-history":[{"count":0,"href":"https:\/\/somaworks.nl\/de\/wp-json\/wp\/v2\/pages\/92270\/revisions"}],"up":[{"embeddable":true,"href":"https:\/\/somaworks.nl\/de\/wp-json\/wp\/v2\/pages\/73986"}],"wp:featuredmedia":[{"embeddable":true,"href":"https:\/\/somaworks.nl\/de\/wp-json\/wp\/v2\/media\/158784"}],"wp:attachment":[{"href":"https:\/\/somaworks.nl\/de\/wp-json\/wp\/v2\/media?parent=92270"}],"curies":[{"name":"wp","href":"https:\/\/api.w.org\/{rel}","templated":true}]}}