{"id":92274,"date":"2022-02-25T10:13:14","date_gmt":"2022-02-25T10:13:14","guid":{"rendered":"https:\/\/somaworks.nl\/?page_id=92274"},"modified":"2023-06-30T14:31:59","modified_gmt":"2023-06-30T12:31:59","slug":"znb-zuid-nederlandse-buizen","status":"publish","type":"page","link":"https:\/\/somaworks.nl\/de\/werken-bij\/znb-zuid-nederlandse-buizen\/","title":{"rendered":"ZNB"},"content":{"rendered":"<h2>Entdecken Sie die M\u00f6glichkeiten bei ZNB!<\/h2>\n<p>Als Marktf\u00fchrer in der Installationstechnik ist ZNB eine echte Autorit\u00e4t. Mit einem Lager von mehr als 12.000 m2 und einem Sortiment von mehr als 11.000 Artikeln ist ZNB ein wichtiger Akteur in den Beneluxl\u00e4ndern. Seit mehr als 20 Jahren k\u00fcmmert sich unser Familienunternehmen um seine Kunden, indem es einen gro\u00dfen Vorrat an Stahlrohren, Rohrkomponenten, Ventilen und vorgefertigten Rohrkonstruktionen vorh\u00e4lt und liefert. Mit unserer langj\u00e4hrigen Erfahrung im Installationsbereich haben wir bewiesen, dass wir zuverl\u00e4ssig und qualitativ hochwertig sind.<\/p>\n<p>Es erf\u00fcllt ZNB mit Stolz, dass wir die meisten mittleren und gro\u00dfen Installateure und Handelsunternehmen in den Niederlanden, Belgien und Luxemburg zu unseren Kunden z\u00e4hlen k\u00f6nnen. Unsere Materialien sind in Vertriebszentren, B\u00fcrogeb\u00e4uden, Krankenh\u00e4usern, Fabrikhallen und sogar unterirdisch in Gasleitungen zu finden.<\/p>\n<h2>M\u00f6chten Sie Teil des Teams von South Dutch Tubes werden?<\/h2>\n<p>ZNB ist immer auf der Suche nach leidenschaftlichen Fachleuten. Sind Sie ein Teamplayer, der etwas bewirken kann? Sind Sie engagiert und ergebnisorientiert? Dann z\u00f6gern Sie nicht und bewerben Sie sich auf eine unserer offenen Stellen. Bei ZNB k\u00f6nnen Sie Ihre Leidenschaft in dieses wunderbare Unternehmen einbringen. Bewerben Sie sich noch heute und entdecken Sie die M\u00f6glichkeiten bei ZNB!<\/p>\n<p><iframe loading=\"lazy\" title=\"YouTube-Video-Player\" src=\"https:\/\/www.youtube.com\/embed\/ueb5H01GXMs\" width=\"100%\" height=\"400px\" frameborder=\"0\" allowfullscreen=\"allowfullscreen\"><\/iframe><\/p>","protected":false},"excerpt":{"rendered":"<p>Ontdek de mogelijkheden bij ZNB! Als leidinggevende in de installatietechniek is ZNB een ware autoriteit. Met een magazijn van meer dan 12.000 m2 en een assortiment van meer dan 11.000 artikelen is ZNB een grote speler in de Benelux. Al [&#8230;] <\/p>","protected":false},"author":2,"featured_media":92303,"parent":73986,"menu_order":23,"comment_status":"closed","ping_status":"closed","template":"werkenbij.php","meta":{"_acf_changed":false,"footnotes":""},"class_list":["post-92274","page","type-page","status-publish","has-post-thumbnail","hentry"],"acf":[],"yoast_head":"<!-- This site is optimized with the Yoast SEO plugin v27.4 - https:\/\/yoast.com\/product\/yoast-seo-wordpress\/ -->\n<title>Werken bij ZNB - SOMA Works<\/title>\n<meta name=\"robots\" content=\"index, follow, max-snippet:-1, max-image-preview:large, max-video-preview:-1\" \/>\n<link rel=\"canonical\" href=\"https:\/\/somaworks.nl\/de\/werken-bij\/znb-zuid-nederlandse-buizen\/\" \/>\n<meta property=\"og:locale\" content=\"de_DE\" \/>\n<meta property=\"og:type\" content=\"article\" \/>\n<meta property=\"og:title\" content=\"Werken bij ZNB - SOMA Works\" \/>\n<meta property=\"og:description\" content=\"Ontdek de mogelijkheden bij ZNB! Als leidinggevende in de installatietechniek is ZNB een ware autoriteit. Met een magazijn van meer dan 12.000 m2 en een assortiment van meer dan 11.000 artikelen is ZNB een grote speler in de Benelux. Al [...]\" \/>\n<meta property=\"og:url\" content=\"https:\/\/somaworks.nl\/de\/werken-bij\/znb-zuid-nederlandse-buizen\/\" \/>\n<meta property=\"og:site_name\" content=\"SOMA Works\" \/>\n<meta property=\"article:publisher\" content=\"https:\/\/www.facebook.com\/somaworksbv\/\" \/>\n<meta property=\"article:modified_time\" content=\"2023-06-30T12:31:59+00:00\" \/>\n<meta property=\"og:image\" content=\"https:\/\/somaworks.nl\/wp-content\/uploads\/2022\/02\/mcm-20072101071.jpg\" \/>\n\t<meta property=\"og:image:width\" content=\"1920\" \/>\n\t<meta property=\"og:image:height\" content=\"500\" \/>\n\t<meta property=\"og:image:type\" content=\"image\/jpeg\" \/>\n<meta name=\"twitter:card\" content=\"summary_large_image\" \/>\n<meta name=\"twitter:label1\" content=\"Gesch\u00e4tzte Lesezeit\" \/>\n\t<meta name=\"twitter:data1\" content=\"1\u00a0Minute\" \/>\n<script type=\"application\/ld+json\" class=\"yoast-schema-graph\">{\"@context\":\"https:\\\/\\\/schema.org\",\"@graph\":[{\"@type\":\"WebPage\",\"@id\":\"https:\\\/\\\/somaworks.nl\\\/werken-bij\\\/znb-zuid-nederlandse-buizen\\\/\",\"url\":\"https:\\\/\\\/somaworks.nl\\\/werken-bij\\\/znb-zuid-nederlandse-buizen\\\/\",\"name\":\"Werken bij ZNB - SOMA Works\",\"isPartOf\":{\"@id\":\"https:\\\/\\\/somaworks.nl\\\/#website\"},\"primaryImageOfPage\":{\"@id\":\"https:\\\/\\\/somaworks.nl\\\/werken-bij\\\/znb-zuid-nederlandse-buizen\\\/#primaryimage\"},\"image\":{\"@id\":\"https:\\\/\\\/somaworks.nl\\\/werken-bij\\\/znb-zuid-nederlandse-buizen\\\/#primaryimage\"},\"thumbnailUrl\":\"https:\\\/\\\/somaworks.nl\\\/wp-content\\\/uploads\\\/2022\\\/02\\\/mcm-20072101071.jpg\",\"datePublished\":\"2022-02-25T10:13:14+00:00\",\"dateModified\":\"2023-06-30T12:31:59+00:00\",\"breadcrumb\":{\"@id\":\"https:\\\/\\\/somaworks.nl\\\/werken-bij\\\/znb-zuid-nederlandse-buizen\\\/#breadcrumb\"},\"inLanguage\":\"de\",\"potentialAction\":[{\"@type\":\"ReadAction\",\"target\":[\"https:\\\/\\\/somaworks.nl\\\/werken-bij\\\/znb-zuid-nederlandse-buizen\\\/\"]}]},{\"@type\":\"ImageObject\",\"inLanguage\":\"de\",\"@id\":\"https:\\\/\\\/somaworks.nl\\\/werken-bij\\\/znb-zuid-nederlandse-buizen\\\/#primaryimage\",\"url\":\"https:\\\/\\\/somaworks.nl\\\/wp-content\\\/uploads\\\/2022\\\/02\\\/mcm-20072101071.jpg\",\"contentUrl\":\"https:\\\/\\\/somaworks.nl\\\/wp-content\\\/uploads\\\/2022\\\/02\\\/mcm-20072101071.jpg\",\"width\":1920,\"height\":500},{\"@type\":\"BreadcrumbList\",\"@id\":\"https:\\\/\\\/somaworks.nl\\\/werken-bij\\\/znb-zuid-nederlandse-buizen\\\/#breadcrumb\",\"itemListElement\":[{\"@type\":\"ListItem\",\"position\":1,\"name\":\"Home\",\"item\":\"https:\\\/\\\/somaworks.nl\\\/\"},{\"@type\":\"ListItem\",\"position\":2,\"name\":\"Werken bij\",\"item\":\"https:\\\/\\\/somaworks.nl\\\/werken-bij\\\/\"},{\"@type\":\"ListItem\",\"position\":3,\"name\":\"ZNB\"}]},{\"@type\":\"WebSite\",\"@id\":\"https:\\\/\\\/somaworks.nl\\\/#website\",\"url\":\"https:\\\/\\\/somaworks.nl\\\/\",\"name\":\"SOMA Works\",\"description\":\"Specialist in technisch personeel\",\"publisher\":{\"@id\":\"https:\\\/\\\/somaworks.nl\\\/#organization\"},\"potentialAction\":[{\"@type\":\"SearchAction\",\"target\":{\"@type\":\"EntryPoint\",\"urlTemplate\":\"https:\\\/\\\/somaworks.nl\\\/?s={search_term_string}\"},\"query-input\":{\"@type\":\"PropertyValueSpecification\",\"valueRequired\":true,\"valueName\":\"search_term_string\"}}],\"inLanguage\":\"de\"},{\"@type\":\"Organization\",\"@id\":\"https:\\\/\\\/somaworks.nl\\\/#organization\",\"name\":\"SOMA Works\",\"url\":\"https:\\\/\\\/somaworks.nl\\\/\",\"logo\":{\"@type\":\"ImageObject\",\"inLanguage\":\"de\",\"@id\":\"https:\\\/\\\/somaworks.nl\\\/#\\\/schema\\\/logo\\\/image\\\/\",\"url\":\"https:\\\/\\\/somaworks.nl\\\/wp-content\\\/uploads\\\/2021\\\/09\\\/SOMA-works.png\",\"contentUrl\":\"https:\\\/\\\/somaworks.nl\\\/wp-content\\\/uploads\\\/2021\\\/09\\\/SOMA-works.png\",\"width\":2095,\"height\":2095,\"caption\":\"SOMA Works\"},\"image\":{\"@id\":\"https:\\\/\\\/somaworks.nl\\\/#\\\/schema\\\/logo\\\/image\\\/\"},\"sameAs\":[\"https:\\\/\\\/www.facebook.com\\\/somaworksbv\\\/\",\"https:\\\/\\\/www.instagram.com\\\/somaworksbv\\\/\",\"https:\\\/\\\/www.linkedin.com\\\/company\\\/soma-works-specialist-in-technisch-personeel\\\/\"]}]}<\/script>\n<!-- \/ Yoast SEO plugin. -->","yoast_head_json":{"title":"Werken bij ZNB - SOMA Works","robots":{"index":"index","follow":"follow","max-snippet":"max-snippet:-1","max-image-preview":"max-image-preview:large","max-video-preview":"max-video-preview:-1"},"canonical":"https:\/\/somaworks.nl\/de\/werken-bij\/znb-zuid-nederlandse-buizen\/","og_locale":"de_DE","og_type":"article","og_title":"Werken bij ZNB - SOMA Works","og_description":"Ontdek de mogelijkheden bij ZNB! Als leidinggevende in de installatietechniek is ZNB een ware autoriteit. Met een magazijn van meer dan 12.000 m2 en een assortiment van meer dan 11.000 artikelen is ZNB een grote speler in de Benelux. Al [...]","og_url":"https:\/\/somaworks.nl\/de\/werken-bij\/znb-zuid-nederlandse-buizen\/","og_site_name":"SOMA Works","article_publisher":"https:\/\/www.facebook.com\/somaworksbv\/","article_modified_time":"2023-06-30T12:31:59+00:00","og_image":[{"width":1920,"height":500,"url":"https:\/\/somaworks.nl\/wp-content\/uploads\/2022\/02\/mcm-20072101071.jpg","type":"image\/jpeg"}],"twitter_card":"summary_large_image","twitter_misc":{"Gesch\u00e4tzte Lesezeit":"1\u00a0Minute"},"schema":{"@context":"https:\/\/schema.org","@graph":[{"@type":"WebPage","@id":"https:\/\/somaworks.nl\/werken-bij\/znb-zuid-nederlandse-buizen\/","url":"https:\/\/somaworks.nl\/werken-bij\/znb-zuid-nederlandse-buizen\/","name":"Werken bij ZNB - SOMA Works","isPartOf":{"@id":"https:\/\/somaworks.nl\/#website"},"primaryImageOfPage":{"@id":"https:\/\/somaworks.nl\/werken-bij\/znb-zuid-nederlandse-buizen\/#primaryimage"},"image":{"@id":"https:\/\/somaworks.nl\/werken-bij\/znb-zuid-nederlandse-buizen\/#primaryimage"},"thumbnailUrl":"https:\/\/somaworks.nl\/wp-content\/uploads\/2022\/02\/mcm-20072101071.jpg","datePublished":"2022-02-25T10:13:14+00:00","dateModified":"2023-06-30T12:31:59+00:00","breadcrumb":{"@id":"https:\/\/somaworks.nl\/werken-bij\/znb-zuid-nederlandse-buizen\/#breadcrumb"},"inLanguage":"de","potentialAction":[{"@type":"ReadAction","target":["https:\/\/somaworks.nl\/werken-bij\/znb-zuid-nederlandse-buizen\/"]}]},{"@type":"ImageObject","inLanguage":"de","@id":"https:\/\/somaworks.nl\/werken-bij\/znb-zuid-nederlandse-buizen\/#primaryimage","url":"https:\/\/somaworks.nl\/wp-content\/uploads\/2022\/02\/mcm-20072101071.jpg","contentUrl":"https:\/\/somaworks.nl\/wp-content\/uploads\/2022\/02\/mcm-20072101071.jpg","width":1920,"height":500},{"@type":"BreadcrumbList","@id":"https:\/\/somaworks.nl\/werken-bij\/znb-zuid-nederlandse-buizen\/#breadcrumb","itemListElement":[{"@type":"ListItem","position":1,"name":"Home","item":"https:\/\/somaworks.nl\/"},{"@type":"ListItem","position":2,"name":"Werken bij","item":"https:\/\/somaworks.nl\/werken-bij\/"},{"@type":"ListItem","position":3,"name":"ZNB"}]},{"@type":"WebSite","@id":"https:\/\/somaworks.nl\/#website","url":"https:\/\/somaworks.nl\/","name":"SOMA Works","description":"Specialist in technisch personeel","publisher":{"@id":"https:\/\/somaworks.nl\/#organization"},"potentialAction":[{"@type":"SearchAction","target":{"@type":"EntryPoint","urlTemplate":"https:\/\/somaworks.nl\/?s={search_term_string}"},"query-input":{"@type":"PropertyValueSpecification","valueRequired":true,"valueName":"search_term_string"}}],"inLanguage":"de"},{"@type":"Organization","@id":"https:\/\/somaworks.nl\/#organization","name":"SOMA Works","url":"https:\/\/somaworks.nl\/","logo":{"@type":"ImageObject","inLanguage":"de","@id":"https:\/\/somaworks.nl\/#\/schema\/logo\/image\/","url":"https:\/\/somaworks.nl\/wp-content\/uploads\/2021\/09\/SOMA-works.png","contentUrl":"https:\/\/somaworks.nl\/wp-content\/uploads\/2021\/09\/SOMA-works.png","width":2095,"height":2095,"caption":"SOMA Works"},"image":{"@id":"https:\/\/somaworks.nl\/#\/schema\/logo\/image\/"},"sameAs":["https:\/\/www.facebook.com\/somaworksbv\/","https:\/\/www.instagram.com\/somaworksbv\/","https:\/\/www.linkedin.com\/company\/soma-works-specialist-in-technisch-personeel\/"]}]}},"_links":{"self":[{"href":"https:\/\/somaworks.nl\/de\/wp-json\/wp\/v2\/pages\/92274","targetHints":{"allow":["GET"]}}],"collection":[{"href":"https:\/\/somaworks.nl\/de\/wp-json\/wp\/v2\/pages"}],"about":[{"href":"https:\/\/somaworks.nl\/de\/wp-json\/wp\/v2\/types\/page"}],"author":[{"embeddable":true,"href":"https:\/\/somaworks.nl\/de\/wp-json\/wp\/v2\/users\/2"}],"replies":[{"embeddable":true,"href":"https:\/\/somaworks.nl\/de\/wp-json\/wp\/v2\/comments?post=92274"}],"version-history":[{"count":0,"href":"https:\/\/somaworks.nl\/de\/wp-json\/wp\/v2\/pages\/92274\/revisions"}],"up":[{"embeddable":true,"href":"https:\/\/somaworks.nl\/de\/wp-json\/wp\/v2\/pages\/73986"}],"wp:featuredmedia":[{"embeddable":true,"href":"https:\/\/somaworks.nl\/de\/wp-json\/wp\/v2\/media\/92303"}],"wp:attachment":[{"href":"https:\/\/somaworks.nl\/de\/wp-json\/wp\/v2\/media?parent=92274"}],"curies":[{"name":"wp","href":"https:\/\/api.w.org\/{rel}","templated":true}]}}