{"id":92276,"date":"2022-02-25T10:20:53","date_gmt":"2022-02-25T10:20:53","guid":{"rendered":"https:\/\/somaworks.nl\/?page_id=92276"},"modified":"2023-06-30T14:30:05","modified_gmt":"2023-06-30T12:30:05","slug":"maasveste-berben-bouw","status":"publish","type":"page","link":"https:\/\/somaworks.nl\/de\/werken-bij\/maasveste-berben-bouw\/","title":{"rendered":"Maasveste Berben bouw"},"content":{"rendered":"<h2>Bauen Sie Ihre Zukunft bei Maasveste Berben Bouw!<\/h2>\n<p>Mit mehr als 150 Jahren Erfahrung ist Maasveste Berben Bouw ein etablierter Name in der Baubranche. Seit 1859 entwickelt, baut und verwaltet Maasveste Berben Bouw verschiedene Geb\u00e4ude, von Einfamilienh\u00e4usern bis hin zu gro\u00dfen Industriegeb\u00e4uden. Als spezialisiertes Allround-Bauunternehmen hat sich das Unternehmen einen guten Ruf erworben.<\/p>\n<p>Bei Maasveste Berben Bouw arbeiten sie mit den neuesten Materialien und Techniken. Sie erf\u00fcllen die h\u00f6chsten Standards in Bezug auf Sicherheit, Qualit\u00e4t, Arbeitsbedingungen und Umwelt. Au\u00dferdem befolgen sie die Richtlinien des Managementsystems ISO 26000, das f\u00fcr Corporate Social Responsibility (CSR) steht. Dies bedeutet, dass sie sich auf Integrit\u00e4t, Transparenz, Nachhaltigkeit, Qualit\u00e4t und Umwelt konzentrieren, wobei der Mensch im Mittelpunkt steht, sowohl intern als auch extern.<\/p>\n<p>Maasveste Berben Bouw bietet eine breite Palette von Dienstleistungen an, von kleineren Reparaturen wie dem Austausch eines T\u00fcrgriffs bis hin zur vollst\u00e4ndigen Sanierung von Geb\u00e4ude- und Brandsch\u00e4den. Sie sind auch spezialisiert auf Renovierungen, die Verbesserung von Energielabels, Geb\u00e4udeerweiterungen und die Durchf\u00fchrung von Renovierungsarbeiten.<\/p>\n<h2>M\u00f6chten Sie eine solide Grundlage f\u00fcr Ihre Karriere schaffen?<\/h2>\n<p>Maasveste Berben Bouw ist st\u00e4ndig auf der Suche nach talentierten Fachleuten, die einen Beitrag zu dieser gro\u00dfartigen Organisation leisten wollen. Wenn die Arbeit im Baugewerbe Sie anspricht, warten Sie nicht l\u00e4nger und hinterlassen Sie Ihre Daten oder bewerben Sie sich direkt auf eine der tollen offenen Stellen.<\/p>\n<p><strong>Helfen Sie mit, die Zukunft von Maasveste Berben Bouw zu gestalten!<\/strong><\/p>","protected":false},"excerpt":{"rendered":"<p>Bouw aan je toekomst bij Maasveste Berben Bouw! Met meer dan 150 jaar aan ervaring is Maasveste Berben Bouw een gevestigde naam in de bouwsector. Sinds 1859 zijn ze actief in het ontwikkelen, bouwen en beheren van diverse gebouwen, vari\u00ebrend [&#8230;] <\/p>","protected":false},"author":2,"featured_media":95597,"parent":73986,"menu_order":22,"comment_status":"closed","ping_status":"closed","template":"werkenbij.php","meta":{"_acf_changed":false,"footnotes":""},"class_list":["post-92276","page","type-page","status-publish","has-post-thumbnail","hentry"],"acf":[],"yoast_head":"<!-- This site is optimized with the Yoast SEO plugin v27.4 - https:\/\/yoast.com\/product\/yoast-seo-wordpress\/ -->\n<title>Werken bij Maasveste Berben bouw - SOMA Works<\/title>\n<meta name=\"robots\" content=\"index, follow, max-snippet:-1, max-image-preview:large, max-video-preview:-1\" \/>\n<link rel=\"canonical\" href=\"https:\/\/somaworks.nl\/de\/werken-bij\/maasveste-berben-bouw\/\" \/>\n<meta property=\"og:locale\" content=\"de_DE\" \/>\n<meta property=\"og:type\" content=\"article\" \/>\n<meta property=\"og:title\" content=\"Werken bij Maasveste Berben bouw - SOMA Works\" \/>\n<meta property=\"og:description\" content=\"Bouw aan je toekomst bij Maasveste Berben Bouw! Met meer dan 150 jaar aan ervaring is Maasveste Berben Bouw een gevestigde naam in de bouwsector. Sinds 1859 zijn ze actief in het ontwikkelen, bouwen en beheren van diverse gebouwen, vari\u00ebrend [...]\" \/>\n<meta property=\"og:url\" content=\"https:\/\/somaworks.nl\/de\/werken-bij\/maasveste-berben-bouw\/\" \/>\n<meta property=\"og:site_name\" content=\"SOMA Works\" \/>\n<meta property=\"article:publisher\" content=\"https:\/\/www.facebook.com\/somaworksbv\/\" \/>\n<meta property=\"article:modified_time\" content=\"2023-06-30T12:30:05+00:00\" \/>\n<meta property=\"og:image\" content=\"https:\/\/somaworks.nl\/wp-content\/uploads\/2022\/02\/maasveste-berben-bouw-omslag.jpg\" \/>\n\t<meta property=\"og:image:width\" content=\"1280\" \/>\n\t<meta property=\"og:image:height\" content=\"390\" \/>\n\t<meta property=\"og:image:type\" content=\"image\/jpeg\" \/>\n<meta name=\"twitter:card\" content=\"summary_large_image\" \/>\n<meta name=\"twitter:label1\" content=\"Gesch\u00e4tzte Lesezeit\" \/>\n\t<meta name=\"twitter:data1\" content=\"2\u00a0Minuten\" \/>\n<script type=\"application\/ld+json\" class=\"yoast-schema-graph\">{\"@context\":\"https:\\\/\\\/schema.org\",\"@graph\":[{\"@type\":\"WebPage\",\"@id\":\"https:\\\/\\\/somaworks.nl\\\/werken-bij\\\/maasveste-berben-bouw\\\/\",\"url\":\"https:\\\/\\\/somaworks.nl\\\/werken-bij\\\/maasveste-berben-bouw\\\/\",\"name\":\"Werken bij Maasveste Berben bouw - SOMA Works\",\"isPartOf\":{\"@id\":\"https:\\\/\\\/somaworks.nl\\\/#website\"},\"primaryImageOfPage\":{\"@id\":\"https:\\\/\\\/somaworks.nl\\\/werken-bij\\\/maasveste-berben-bouw\\\/#primaryimage\"},\"image\":{\"@id\":\"https:\\\/\\\/somaworks.nl\\\/werken-bij\\\/maasveste-berben-bouw\\\/#primaryimage\"},\"thumbnailUrl\":\"https:\\\/\\\/somaworks.nl\\\/wp-content\\\/uploads\\\/2022\\\/02\\\/maasveste-berben-bouw-omslag.jpg\",\"datePublished\":\"2022-02-25T10:20:53+00:00\",\"dateModified\":\"2023-06-30T12:30:05+00:00\",\"breadcrumb\":{\"@id\":\"https:\\\/\\\/somaworks.nl\\\/werken-bij\\\/maasveste-berben-bouw\\\/#breadcrumb\"},\"inLanguage\":\"de\",\"potentialAction\":[{\"@type\":\"ReadAction\",\"target\":[\"https:\\\/\\\/somaworks.nl\\\/werken-bij\\\/maasveste-berben-bouw\\\/\"]}]},{\"@type\":\"ImageObject\",\"inLanguage\":\"de\",\"@id\":\"https:\\\/\\\/somaworks.nl\\\/werken-bij\\\/maasveste-berben-bouw\\\/#primaryimage\",\"url\":\"https:\\\/\\\/somaworks.nl\\\/wp-content\\\/uploads\\\/2022\\\/02\\\/maasveste-berben-bouw-omslag.jpg\",\"contentUrl\":\"https:\\\/\\\/somaworks.nl\\\/wp-content\\\/uploads\\\/2022\\\/02\\\/maasveste-berben-bouw-omslag.jpg\",\"width\":1280,\"height\":390},{\"@type\":\"BreadcrumbList\",\"@id\":\"https:\\\/\\\/somaworks.nl\\\/werken-bij\\\/maasveste-berben-bouw\\\/#breadcrumb\",\"itemListElement\":[{\"@type\":\"ListItem\",\"position\":1,\"name\":\"Home\",\"item\":\"https:\\\/\\\/somaworks.nl\\\/\"},{\"@type\":\"ListItem\",\"position\":2,\"name\":\"Werken bij\",\"item\":\"https:\\\/\\\/somaworks.nl\\\/werken-bij\\\/\"},{\"@type\":\"ListItem\",\"position\":3,\"name\":\"Maasveste Berben bouw\"}]},{\"@type\":\"WebSite\",\"@id\":\"https:\\\/\\\/somaworks.nl\\\/#website\",\"url\":\"https:\\\/\\\/somaworks.nl\\\/\",\"name\":\"SOMA Works\",\"description\":\"Specialist in technisch personeel\",\"publisher\":{\"@id\":\"https:\\\/\\\/somaworks.nl\\\/#organization\"},\"potentialAction\":[{\"@type\":\"SearchAction\",\"target\":{\"@type\":\"EntryPoint\",\"urlTemplate\":\"https:\\\/\\\/somaworks.nl\\\/?s={search_term_string}\"},\"query-input\":{\"@type\":\"PropertyValueSpecification\",\"valueRequired\":true,\"valueName\":\"search_term_string\"}}],\"inLanguage\":\"de\"},{\"@type\":\"Organization\",\"@id\":\"https:\\\/\\\/somaworks.nl\\\/#organization\",\"name\":\"SOMA Works\",\"url\":\"https:\\\/\\\/somaworks.nl\\\/\",\"logo\":{\"@type\":\"ImageObject\",\"inLanguage\":\"de\",\"@id\":\"https:\\\/\\\/somaworks.nl\\\/#\\\/schema\\\/logo\\\/image\\\/\",\"url\":\"https:\\\/\\\/somaworks.nl\\\/wp-content\\\/uploads\\\/2021\\\/09\\\/SOMA-works.png\",\"contentUrl\":\"https:\\\/\\\/somaworks.nl\\\/wp-content\\\/uploads\\\/2021\\\/09\\\/SOMA-works.png\",\"width\":2095,\"height\":2095,\"caption\":\"SOMA Works\"},\"image\":{\"@id\":\"https:\\\/\\\/somaworks.nl\\\/#\\\/schema\\\/logo\\\/image\\\/\"},\"sameAs\":[\"https:\\\/\\\/www.facebook.com\\\/somaworksbv\\\/\",\"https:\\\/\\\/www.instagram.com\\\/somaworksbv\\\/\",\"https:\\\/\\\/www.linkedin.com\\\/company\\\/soma-works-specialist-in-technisch-personeel\\\/\"]}]}<\/script>\n<!-- \/ Yoast SEO plugin. -->","yoast_head_json":{"title":"Werken bij Maasveste Berben bouw - SOMA Works","robots":{"index":"index","follow":"follow","max-snippet":"max-snippet:-1","max-image-preview":"max-image-preview:large","max-video-preview":"max-video-preview:-1"},"canonical":"https:\/\/somaworks.nl\/de\/werken-bij\/maasveste-berben-bouw\/","og_locale":"de_DE","og_type":"article","og_title":"Werken bij Maasveste Berben bouw - SOMA Works","og_description":"Bouw aan je toekomst bij Maasveste Berben Bouw! Met meer dan 150 jaar aan ervaring is Maasveste Berben Bouw een gevestigde naam in de bouwsector. Sinds 1859 zijn ze actief in het ontwikkelen, bouwen en beheren van diverse gebouwen, vari\u00ebrend [...]","og_url":"https:\/\/somaworks.nl\/de\/werken-bij\/maasveste-berben-bouw\/","og_site_name":"SOMA Works","article_publisher":"https:\/\/www.facebook.com\/somaworksbv\/","article_modified_time":"2023-06-30T12:30:05+00:00","og_image":[{"width":1280,"height":390,"url":"https:\/\/somaworks.nl\/wp-content\/uploads\/2022\/02\/maasveste-berben-bouw-omslag.jpg","type":"image\/jpeg"}],"twitter_card":"summary_large_image","twitter_misc":{"Gesch\u00e4tzte Lesezeit":"2\u00a0Minuten"},"schema":{"@context":"https:\/\/schema.org","@graph":[{"@type":"WebPage","@id":"https:\/\/somaworks.nl\/werken-bij\/maasveste-berben-bouw\/","url":"https:\/\/somaworks.nl\/werken-bij\/maasveste-berben-bouw\/","name":"Werken bij Maasveste Berben bouw - SOMA Works","isPartOf":{"@id":"https:\/\/somaworks.nl\/#website"},"primaryImageOfPage":{"@id":"https:\/\/somaworks.nl\/werken-bij\/maasveste-berben-bouw\/#primaryimage"},"image":{"@id":"https:\/\/somaworks.nl\/werken-bij\/maasveste-berben-bouw\/#primaryimage"},"thumbnailUrl":"https:\/\/somaworks.nl\/wp-content\/uploads\/2022\/02\/maasveste-berben-bouw-omslag.jpg","datePublished":"2022-02-25T10:20:53+00:00","dateModified":"2023-06-30T12:30:05+00:00","breadcrumb":{"@id":"https:\/\/somaworks.nl\/werken-bij\/maasveste-berben-bouw\/#breadcrumb"},"inLanguage":"de","potentialAction":[{"@type":"ReadAction","target":["https:\/\/somaworks.nl\/werken-bij\/maasveste-berben-bouw\/"]}]},{"@type":"ImageObject","inLanguage":"de","@id":"https:\/\/somaworks.nl\/werken-bij\/maasveste-berben-bouw\/#primaryimage","url":"https:\/\/somaworks.nl\/wp-content\/uploads\/2022\/02\/maasveste-berben-bouw-omslag.jpg","contentUrl":"https:\/\/somaworks.nl\/wp-content\/uploads\/2022\/02\/maasveste-berben-bouw-omslag.jpg","width":1280,"height":390},{"@type":"BreadcrumbList","@id":"https:\/\/somaworks.nl\/werken-bij\/maasveste-berben-bouw\/#breadcrumb","itemListElement":[{"@type":"ListItem","position":1,"name":"Home","item":"https:\/\/somaworks.nl\/"},{"@type":"ListItem","position":2,"name":"Werken bij","item":"https:\/\/somaworks.nl\/werken-bij\/"},{"@type":"ListItem","position":3,"name":"Maasveste Berben bouw"}]},{"@type":"WebSite","@id":"https:\/\/somaworks.nl\/#website","url":"https:\/\/somaworks.nl\/","name":"SOMA Works","description":"Specialist in technisch personeel","publisher":{"@id":"https:\/\/somaworks.nl\/#organization"},"potentialAction":[{"@type":"SearchAction","target":{"@type":"EntryPoint","urlTemplate":"https:\/\/somaworks.nl\/?s={search_term_string}"},"query-input":{"@type":"PropertyValueSpecification","valueRequired":true,"valueName":"search_term_string"}}],"inLanguage":"de"},{"@type":"Organization","@id":"https:\/\/somaworks.nl\/#organization","name":"SOMA Works","url":"https:\/\/somaworks.nl\/","logo":{"@type":"ImageObject","inLanguage":"de","@id":"https:\/\/somaworks.nl\/#\/schema\/logo\/image\/","url":"https:\/\/somaworks.nl\/wp-content\/uploads\/2021\/09\/SOMA-works.png","contentUrl":"https:\/\/somaworks.nl\/wp-content\/uploads\/2021\/09\/SOMA-works.png","width":2095,"height":2095,"caption":"SOMA Works"},"image":{"@id":"https:\/\/somaworks.nl\/#\/schema\/logo\/image\/"},"sameAs":["https:\/\/www.facebook.com\/somaworksbv\/","https:\/\/www.instagram.com\/somaworksbv\/","https:\/\/www.linkedin.com\/company\/soma-works-specialist-in-technisch-personeel\/"]}]}},"_links":{"self":[{"href":"https:\/\/somaworks.nl\/de\/wp-json\/wp\/v2\/pages\/92276","targetHints":{"allow":["GET"]}}],"collection":[{"href":"https:\/\/somaworks.nl\/de\/wp-json\/wp\/v2\/pages"}],"about":[{"href":"https:\/\/somaworks.nl\/de\/wp-json\/wp\/v2\/types\/page"}],"author":[{"embeddable":true,"href":"https:\/\/somaworks.nl\/de\/wp-json\/wp\/v2\/users\/2"}],"replies":[{"embeddable":true,"href":"https:\/\/somaworks.nl\/de\/wp-json\/wp\/v2\/comments?post=92276"}],"version-history":[{"count":0,"href":"https:\/\/somaworks.nl\/de\/wp-json\/wp\/v2\/pages\/92276\/revisions"}],"up":[{"embeddable":true,"href":"https:\/\/somaworks.nl\/de\/wp-json\/wp\/v2\/pages\/73986"}],"wp:featuredmedia":[{"embeddable":true,"href":"https:\/\/somaworks.nl\/de\/wp-json\/wp\/v2\/media\/95597"}],"wp:attachment":[{"href":"https:\/\/somaworks.nl\/de\/wp-json\/wp\/v2\/media?parent=92276"}],"curies":[{"name":"wp","href":"https:\/\/api.w.org\/{rel}","templated":true}]}}