{"id":110937,"date":"2022-03-11T14:11:55","date_gmt":"2022-03-11T14:11:55","guid":{"rendered":"https:\/\/somaworks.nl\/?page_id=110937"},"modified":"2023-06-30T14:13:09","modified_gmt":"2023-06-30T12:13:09","slug":"verkoelen","status":"publish","type":"page","link":"https:\/\/somaworks.nl\/pl\/werken-bij\/verkoelen\/","title":{"rendered":"Verkoelen"},"content":{"rendered":"<h2>Praca w Verkoelen oznacza prac\u0119 nad przysz\u0142o\u015bci\u0105 dach\u00f3w!<\/h2>\n<p>Firma Verkoelen Dakspecialisten, znana w regionie Weert, posiada 100-letnie do\u015bwiadczenie w dziedzinie pokry\u0107 dachowych. Od inspekcji po konserwacj\u0119 i nowe konstrukcje - to specjali\u015bci, kt\u00f3rzy wiedz\u0105, jak stworzy\u0107 idealny dach. Bezpiecze\u0144stwo i innowacyjno\u015b\u0107 s\u0105 najwa\u017cniejsze w Verkoelen, co czyni ich idealnym partnerem we wszystkich sprawach zwi\u0105zanych z dachami.<\/p>\n<h2>Czy jeste\u015b zr\u0119czny i nie boisz si\u0119 wysoko\u015bci?<\/h2>\n<p>Verkoelen Dakspecialisten stale poszukuje utalentowanych specjalist\u00f3w od dach\u00f3w. Je\u015bli lubisz prac\u0119 na \u015bwie\u017cym powietrzu i ekscytuje Ci\u0119 widok ca\u0142ego domu lub nieruchomo\u015bci komercyjnej przekszta\u0142conej przez nowy dach, to jest to idealna okazja dla Ciebie! Aplikuj ju\u017c dzi\u015b na jedno z fantastycznych stanowisk w Verkoelen Roof Specialists. Masz pytania dotycz\u0105ce wakatu lub wielu wakat\u00f3w zwi\u0105zanych z prac\u0105 w Verkoelen? Nie wahaj si\u0119 z nami skontaktowa\u0107.<\/p>\n<p><strong>Zdob\u0105d\u017a wysokie stanowisko i ubiegaj si\u0119 o prac\u0119 w Verkoelen Dakspecialisten!<\/strong><\/p>","protected":false},"excerpt":{"rendered":"<p>Werken bij Verkoelen betekent werken aan de toekomst van daken! Verkoelen Dakspecialisten, een bekende naam in de regio Weert, heeft al 100 jaar expertise op het gebied van daken. Van inspecties tot onderhoud en nieuwbouw, zij zijn d\u00e9 specialisten die [&#8230;] <\/p>","protected":false},"author":2,"featured_media":124042,"parent":73986,"menu_order":18,"comment_status":"closed","ping_status":"closed","template":"werkenbij.php","meta":{"_acf_changed":false,"footnotes":""},"class_list":["post-110937","page","type-page","status-publish","has-post-thumbnail","hentry"],"acf":[],"yoast_head":"<!-- This site is optimized with the Yoast SEO plugin v27.4 - https:\/\/yoast.com\/product\/yoast-seo-wordpress\/ -->\n<title>Werken bij Verkoelen - SOMA Works<\/title>\n<meta name=\"robots\" content=\"index, follow, max-snippet:-1, max-image-preview:large, max-video-preview:-1\" \/>\n<link rel=\"canonical\" href=\"https:\/\/somaworks.nl\/pl\/werken-bij\/verkoelen\/\" \/>\n<meta property=\"og:locale\" content=\"pl_PL\" \/>\n<meta property=\"og:type\" content=\"article\" \/>\n<meta property=\"og:title\" content=\"Werken bij Verkoelen - SOMA Works\" \/>\n<meta property=\"og:description\" content=\"Werken bij Verkoelen betekent werken aan de toekomst van daken! Verkoelen Dakspecialisten, een bekende naam in de regio Weert, heeft al 100 jaar expertise op het gebied van daken. Van inspecties tot onderhoud en nieuwbouw, zij zijn d\u00e9 specialisten die [...]\" \/>\n<meta property=\"og:url\" content=\"https:\/\/somaworks.nl\/pl\/werken-bij\/verkoelen\/\" \/>\n<meta property=\"og:site_name\" content=\"SOMA Works\" \/>\n<meta property=\"article:publisher\" content=\"https:\/\/www.facebook.com\/somaworksbv\/\" \/>\n<meta property=\"article:modified_time\" content=\"2023-06-30T12:13:09+00:00\" \/>\n<meta property=\"og:image\" content=\"https:\/\/somaworks.nl\/wp-content\/uploads\/2022\/03\/Home-Banner-Verkoelen-weert.jpg\" \/>\n\t<meta property=\"og:image:width\" content=\"1500\" \/>\n\t<meta property=\"og:image:height\" content=\"516\" \/>\n\t<meta property=\"og:image:type\" content=\"image\/jpeg\" \/>\n<meta name=\"twitter:card\" content=\"summary_large_image\" \/>\n<meta name=\"twitter:label1\" content=\"Szacowany czas czytania\" \/>\n\t<meta name=\"twitter:data1\" content=\"1 minuta\" \/>\n<script type=\"application\/ld+json\" class=\"yoast-schema-graph\">{\"@context\":\"https:\\\/\\\/schema.org\",\"@graph\":[{\"@type\":\"WebPage\",\"@id\":\"https:\\\/\\\/somaworks.nl\\\/werken-bij\\\/verkoelen\\\/\",\"url\":\"https:\\\/\\\/somaworks.nl\\\/werken-bij\\\/verkoelen\\\/\",\"name\":\"Werken bij Verkoelen - SOMA Works\",\"isPartOf\":{\"@id\":\"https:\\\/\\\/somaworks.nl\\\/#website\"},\"primaryImageOfPage\":{\"@id\":\"https:\\\/\\\/somaworks.nl\\\/werken-bij\\\/verkoelen\\\/#primaryimage\"},\"image\":{\"@id\":\"https:\\\/\\\/somaworks.nl\\\/werken-bij\\\/verkoelen\\\/#primaryimage\"},\"thumbnailUrl\":\"https:\\\/\\\/somaworks.nl\\\/wp-content\\\/uploads\\\/2022\\\/03\\\/Home-Banner-Verkoelen-weert.jpg\",\"datePublished\":\"2022-03-11T14:11:55+00:00\",\"dateModified\":\"2023-06-30T12:13:09+00:00\",\"breadcrumb\":{\"@id\":\"https:\\\/\\\/somaworks.nl\\\/werken-bij\\\/verkoelen\\\/#breadcrumb\"},\"inLanguage\":\"pl-PL\",\"potentialAction\":[{\"@type\":\"ReadAction\",\"target\":[\"https:\\\/\\\/somaworks.nl\\\/werken-bij\\\/verkoelen\\\/\"]}]},{\"@type\":\"ImageObject\",\"inLanguage\":\"pl-PL\",\"@id\":\"https:\\\/\\\/somaworks.nl\\\/werken-bij\\\/verkoelen\\\/#primaryimage\",\"url\":\"https:\\\/\\\/somaworks.nl\\\/wp-content\\\/uploads\\\/2022\\\/03\\\/Home-Banner-Verkoelen-weert.jpg\",\"contentUrl\":\"https:\\\/\\\/somaworks.nl\\\/wp-content\\\/uploads\\\/2022\\\/03\\\/Home-Banner-Verkoelen-weert.jpg\",\"width\":1500,\"height\":516},{\"@type\":\"BreadcrumbList\",\"@id\":\"https:\\\/\\\/somaworks.nl\\\/werken-bij\\\/verkoelen\\\/#breadcrumb\",\"itemListElement\":[{\"@type\":\"ListItem\",\"position\":1,\"name\":\"Home\",\"item\":\"https:\\\/\\\/somaworks.nl\\\/\"},{\"@type\":\"ListItem\",\"position\":2,\"name\":\"Werken bij\",\"item\":\"https:\\\/\\\/somaworks.nl\\\/werken-bij\\\/\"},{\"@type\":\"ListItem\",\"position\":3,\"name\":\"Verkoelen\"}]},{\"@type\":\"WebSite\",\"@id\":\"https:\\\/\\\/somaworks.nl\\\/#website\",\"url\":\"https:\\\/\\\/somaworks.nl\\\/\",\"name\":\"SOMA Works\",\"description\":\"Specialist in technisch personeel\",\"publisher\":{\"@id\":\"https:\\\/\\\/somaworks.nl\\\/#organization\"},\"potentialAction\":[{\"@type\":\"SearchAction\",\"target\":{\"@type\":\"EntryPoint\",\"urlTemplate\":\"https:\\\/\\\/somaworks.nl\\\/?s={search_term_string}\"},\"query-input\":{\"@type\":\"PropertyValueSpecification\",\"valueRequired\":true,\"valueName\":\"search_term_string\"}}],\"inLanguage\":\"pl-PL\"},{\"@type\":\"Organization\",\"@id\":\"https:\\\/\\\/somaworks.nl\\\/#organization\",\"name\":\"SOMA Works\",\"url\":\"https:\\\/\\\/somaworks.nl\\\/\",\"logo\":{\"@type\":\"ImageObject\",\"inLanguage\":\"pl-PL\",\"@id\":\"https:\\\/\\\/somaworks.nl\\\/#\\\/schema\\\/logo\\\/image\\\/\",\"url\":\"https:\\\/\\\/somaworks.nl\\\/wp-content\\\/uploads\\\/2021\\\/09\\\/SOMA-works.png\",\"contentUrl\":\"https:\\\/\\\/somaworks.nl\\\/wp-content\\\/uploads\\\/2021\\\/09\\\/SOMA-works.png\",\"width\":2095,\"height\":2095,\"caption\":\"SOMA Works\"},\"image\":{\"@id\":\"https:\\\/\\\/somaworks.nl\\\/#\\\/schema\\\/logo\\\/image\\\/\"},\"sameAs\":[\"https:\\\/\\\/www.facebook.com\\\/somaworksbv\\\/\",\"https:\\\/\\\/www.instagram.com\\\/somaworksbv\\\/\",\"https:\\\/\\\/www.linkedin.com\\\/company\\\/soma-works-specialist-in-technisch-personeel\\\/\"]}]}<\/script>\n<!-- \/ Yoast SEO plugin. -->","yoast_head_json":{"title":"Werken bij Verkoelen - SOMA Works","robots":{"index":"index","follow":"follow","max-snippet":"max-snippet:-1","max-image-preview":"max-image-preview:large","max-video-preview":"max-video-preview:-1"},"canonical":"https:\/\/somaworks.nl\/pl\/werken-bij\/verkoelen\/","og_locale":"pl_PL","og_type":"article","og_title":"Werken bij Verkoelen - SOMA Works","og_description":"Werken bij Verkoelen betekent werken aan de toekomst van daken! Verkoelen Dakspecialisten, een bekende naam in de regio Weert, heeft al 100 jaar expertise op het gebied van daken. Van inspecties tot onderhoud en nieuwbouw, zij zijn d\u00e9 specialisten die [...]","og_url":"https:\/\/somaworks.nl\/pl\/werken-bij\/verkoelen\/","og_site_name":"SOMA Works","article_publisher":"https:\/\/www.facebook.com\/somaworksbv\/","article_modified_time":"2023-06-30T12:13:09+00:00","og_image":[{"width":1500,"height":516,"url":"https:\/\/somaworks.nl\/wp-content\/uploads\/2022\/03\/Home-Banner-Verkoelen-weert.jpg","type":"image\/jpeg"}],"twitter_card":"summary_large_image","twitter_misc":{"Szacowany czas czytania":"1 minuta"},"schema":{"@context":"https:\/\/schema.org","@graph":[{"@type":"WebPage","@id":"https:\/\/somaworks.nl\/werken-bij\/verkoelen\/","url":"https:\/\/somaworks.nl\/werken-bij\/verkoelen\/","name":"Werken bij Verkoelen - SOMA Works","isPartOf":{"@id":"https:\/\/somaworks.nl\/#website"},"primaryImageOfPage":{"@id":"https:\/\/somaworks.nl\/werken-bij\/verkoelen\/#primaryimage"},"image":{"@id":"https:\/\/somaworks.nl\/werken-bij\/verkoelen\/#primaryimage"},"thumbnailUrl":"https:\/\/somaworks.nl\/wp-content\/uploads\/2022\/03\/Home-Banner-Verkoelen-weert.jpg","datePublished":"2022-03-11T14:11:55+00:00","dateModified":"2023-06-30T12:13:09+00:00","breadcrumb":{"@id":"https:\/\/somaworks.nl\/werken-bij\/verkoelen\/#breadcrumb"},"inLanguage":"pl-PL","potentialAction":[{"@type":"ReadAction","target":["https:\/\/somaworks.nl\/werken-bij\/verkoelen\/"]}]},{"@type":"ImageObject","inLanguage":"pl-PL","@id":"https:\/\/somaworks.nl\/werken-bij\/verkoelen\/#primaryimage","url":"https:\/\/somaworks.nl\/wp-content\/uploads\/2022\/03\/Home-Banner-Verkoelen-weert.jpg","contentUrl":"https:\/\/somaworks.nl\/wp-content\/uploads\/2022\/03\/Home-Banner-Verkoelen-weert.jpg","width":1500,"height":516},{"@type":"BreadcrumbList","@id":"https:\/\/somaworks.nl\/werken-bij\/verkoelen\/#breadcrumb","itemListElement":[{"@type":"ListItem","position":1,"name":"Home","item":"https:\/\/somaworks.nl\/"},{"@type":"ListItem","position":2,"name":"Werken bij","item":"https:\/\/somaworks.nl\/werken-bij\/"},{"@type":"ListItem","position":3,"name":"Verkoelen"}]},{"@type":"WebSite","@id":"https:\/\/somaworks.nl\/#website","url":"https:\/\/somaworks.nl\/","name":"SOMA Works","description":"Specialist in technisch personeel","publisher":{"@id":"https:\/\/somaworks.nl\/#organization"},"potentialAction":[{"@type":"SearchAction","target":{"@type":"EntryPoint","urlTemplate":"https:\/\/somaworks.nl\/?s={search_term_string}"},"query-input":{"@type":"PropertyValueSpecification","valueRequired":true,"valueName":"search_term_string"}}],"inLanguage":"pl-PL"},{"@type":"Organization","@id":"https:\/\/somaworks.nl\/#organization","name":"SOMA Works","url":"https:\/\/somaworks.nl\/","logo":{"@type":"ImageObject","inLanguage":"pl-PL","@id":"https:\/\/somaworks.nl\/#\/schema\/logo\/image\/","url":"https:\/\/somaworks.nl\/wp-content\/uploads\/2021\/09\/SOMA-works.png","contentUrl":"https:\/\/somaworks.nl\/wp-content\/uploads\/2021\/09\/SOMA-works.png","width":2095,"height":2095,"caption":"SOMA Works"},"image":{"@id":"https:\/\/somaworks.nl\/#\/schema\/logo\/image\/"},"sameAs":["https:\/\/www.facebook.com\/somaworksbv\/","https:\/\/www.instagram.com\/somaworksbv\/","https:\/\/www.linkedin.com\/company\/soma-works-specialist-in-technisch-personeel\/"]}]}},"_links":{"self":[{"href":"https:\/\/somaworks.nl\/pl\/wp-json\/wp\/v2\/pages\/110937","targetHints":{"allow":["GET"]}}],"collection":[{"href":"https:\/\/somaworks.nl\/pl\/wp-json\/wp\/v2\/pages"}],"about":[{"href":"https:\/\/somaworks.nl\/pl\/wp-json\/wp\/v2\/types\/page"}],"author":[{"embeddable":true,"href":"https:\/\/somaworks.nl\/pl\/wp-json\/wp\/v2\/users\/2"}],"replies":[{"embeddable":true,"href":"https:\/\/somaworks.nl\/pl\/wp-json\/wp\/v2\/comments?post=110937"}],"version-history":[{"count":0,"href":"https:\/\/somaworks.nl\/pl\/wp-json\/wp\/v2\/pages\/110937\/revisions"}],"up":[{"embeddable":true,"href":"https:\/\/somaworks.nl\/pl\/wp-json\/wp\/v2\/pages\/73986"}],"wp:featuredmedia":[{"embeddable":true,"href":"https:\/\/somaworks.nl\/pl\/wp-json\/wp\/v2\/media\/124042"}],"wp:attachment":[{"href":"https:\/\/somaworks.nl\/pl\/wp-json\/wp\/v2\/media?parent=110937"}],"curies":[{"name":"wp","href":"https:\/\/api.w.org\/{rel}","templated":true}]}}