{"id":112,"date":"2020-03-17T14:47:03","date_gmt":"2020-03-17T14:47:03","guid":{"rendered":"https:\/\/sw.mijn.startmetgemak.site\/?page_id=112"},"modified":"2024-03-25T14:08:34","modified_gmt":"2024-03-25T12:08:34","slug":"over-ons","status":"publish","type":"page","link":"https:\/\/somaworks.nl\/pl\/over-ons\/","title":{"rendered":"O nas"},"content":{"rendered":"<p>Z powodzeniem rekrutujemy personel techniczny w Limburgii od 2011 roku. Po rozpocz\u0119ciu dzia\u0142alno\u015bci w Maastricht, rozszerzyli\u015bmy nasz\u0105 dzia\u0142alno\u015b\u0107 na Weert, Sittard i Kerkrade i liczymy ponad 30 entuzjastycznych specjalist\u00f3w, kt\u00f3rzy s\u0105 gotowi s\u0142u\u017cy\u0107 naszym klientom i kandydatom ka\u017cdego dnia. Dbamy o naszych pracownik\u00f3w nie tylko zapewniaj\u0105c szkolenia i edukacj\u0119, ale tak\u017ce utrzymuj\u0105c zabawn\u0105, kreatywn\u0105 atmosfer\u0119 pracy. W ko\u0144cu wierzymy, \u017ce entuzjastyczni pracownicy tworz\u0105 entuzjastycznych klient\u00f3w.<\/p>\n<h2>Zaanga\u017cowani<\/h2>\n<p>Ka\u017cdego dnia dok\u0142adamy wszelkich stara\u0144, aby zapewni\u0107 naszym klientom i kandydatom jak najlepsze do\u015bwiadczenia. Dodatkowa uwaga, jak\u0105 po\u015bwi\u0119camy naszym kandydatom i klientom, czyni nas zaanga\u017cowanym i niezawodnym partnerem. Nasz entuzjazm, dba\u0142o\u015b\u0107 o szczeg\u00f3\u0142y i przejrzyste metody pracy przyczyniaj\u0105 si\u0119 do tego, \u017ce relacje, w kt\u00f3re wchodzimy, s\u0105 naturalnie d\u0142ugotrwa\u0142e.<\/p>\n<h2>Odci\u0105\u017caj\u0105cy<\/h2>\n<p>Elastyczno\u015b\u0107 i podej\u015bcie zorientowane na rozwi\u0105zania s\u0105 najwa\u017cniejsze w naszym podej\u015bciu. \u017badne pytanie nie jest dla nas zbyt szalone i po\u015bwi\u0119camy czas na ka\u017cdy problem. Dobra dost\u0119pno\u015b\u0107 oznacza, \u017ce mo\u017cesz zadawa\u0107 pytania 24 godziny na dob\u0119, 7 dni w tygodniu, a my zawsze dok\u0142adamy wszelkich stara\u0144, aby doradzi\u0107 Ci w najlepszy mo\u017cliwy spos\u00f3b. Ale odci\u0105\u017cenie oznacza r\u00f3wnie\u017c, \u017ce dbamy o \u015brodki ochrony indywidualnej i odzie\u017c robocz\u0105, oferujemy szeroki zakres us\u0142ug i my\u015blimy kreatywnie. W ten spos\u00f3b zapewniamy, \u017ce mo\u017cesz beztrosko rozpocz\u0105\u0107 lub kontynuowa\u0107 swoj\u0105 dzia\u0142alno\u015b\u0107.<\/p>\n<h2>Wykwalifikowany<\/h2>\n<p>Nieustannie inwestuj\u0105c w wiedz\u0119 i do\u015bwiadczenie naszych pracownik\u00f3w, zapewniamy, \u017ce zawsze jeste\u015bmy na bie\u017c\u0105co z najnowszymi osi\u0105gni\u0119ciami w sektorze technicznym oraz przepisami i regulacjami. Nasi rekruterzy to prawdziwi specjali\u015bci techniczni, kt\u00f3rzy potrafi\u0105 wczu\u0107 si\u0119 zar\u00f3wno w sytuacj\u0119 wykwalifikowanego pracownika, jak i klienta. Dzi\u0119ki specjalistycznej wiedzy, empatii, doskona\u0142ej opiece i aktywnemu podej\u015bciu zar\u00f3wno do klienta, jak i pracownika, wcielamy w \u017cycie termin \"kompetencja\".<\/p>","protected":false},"excerpt":{"rendered":"<p>Al sinds 2011 bemiddelen wij met succes technisch personeel in Limburg. Begonnen in Maastricht zijn wij ondertussen uitgebreid naar Weert, Sittard en Kerkrade en tellen wij meer dan 30 enthousiaste specialisten die iedere dag voor onze klanten en kandidaten klaar [&#8230;] <\/p>","protected":false},"author":2,"featured_media":401,"parent":0,"menu_order":43,"comment_status":"closed","ping_status":"closed","template":"","meta":{"_acf_changed":false,"footnotes":""},"class_list":["post-112","page","type-page","status-publish","has-post-thumbnail","hentry"],"acf":[],"yoast_head":"<!-- This site is optimized with the Yoast SEO plugin v27.4 - https:\/\/yoast.com\/product\/yoast-seo-wordpress\/ -->\n<title>Over ons - SOMA Works<\/title>\n<meta name=\"robots\" content=\"index, follow, max-snippet:-1, max-image-preview:large, max-video-preview:-1\" \/>\n<link rel=\"canonical\" href=\"https:\/\/somaworks.nl\/pl\/over-ons\/\" \/>\n<meta property=\"og:locale\" content=\"pl_PL\" \/>\n<meta property=\"og:type\" content=\"article\" \/>\n<meta property=\"og:title\" content=\"Over ons - SOMA Works\" \/>\n<meta property=\"og:description\" content=\"Al sinds 2011 bemiddelen wij met succes technisch personeel in Limburg. Begonnen in Maastricht zijn wij ondertussen uitgebreid naar Weert, Sittard en Kerkrade en tellen wij meer dan 30 enthousiaste specialisten die iedere dag voor onze klanten en kandidaten klaar [...]\" \/>\n<meta property=\"og:url\" content=\"https:\/\/somaworks.nl\/pl\/over-ons\/\" \/>\n<meta property=\"og:site_name\" content=\"SOMA Works\" \/>\n<meta property=\"article:publisher\" content=\"https:\/\/www.facebook.com\/somaworksbv\/\" \/>\n<meta property=\"article:modified_time\" content=\"2024-03-25T12:08:34+00:00\" \/>\n<meta property=\"og:image\" content=\"https:\/\/somaworks.nl\/wp-content\/uploads\/2020\/07\/WhatsApp-Image-2020-07-02-at-14.51.11.jpeg\" \/>\n\t<meta property=\"og:image:width\" content=\"1600\" \/>\n\t<meta property=\"og:image:height\" content=\"720\" \/>\n\t<meta property=\"og:image:type\" content=\"image\/jpeg\" \/>\n<meta name=\"twitter:card\" content=\"summary_large_image\" \/>\n<meta name=\"twitter:label1\" content=\"Szacowany czas czytania\" \/>\n\t<meta name=\"twitter:data1\" content=\"2 minuty\" \/>\n<script type=\"application\/ld+json\" class=\"yoast-schema-graph\">{\"@context\":\"https:\\\/\\\/schema.org\",\"@graph\":[{\"@type\":\"WebPage\",\"@id\":\"https:\\\/\\\/somaworks.nl\\\/over-ons\\\/\",\"url\":\"https:\\\/\\\/somaworks.nl\\\/over-ons\\\/\",\"name\":\"Over ons - SOMA Works\",\"isPartOf\":{\"@id\":\"https:\\\/\\\/somaworks.nl\\\/#website\"},\"primaryImageOfPage\":{\"@id\":\"https:\\\/\\\/somaworks.nl\\\/over-ons\\\/#primaryimage\"},\"image\":{\"@id\":\"https:\\\/\\\/somaworks.nl\\\/over-ons\\\/#primaryimage\"},\"thumbnailUrl\":\"https:\\\/\\\/somaworks.nl\\\/wp-content\\\/uploads\\\/2020\\\/07\\\/WhatsApp-Image-2020-07-02-at-14.51.11.jpeg\",\"datePublished\":\"2020-03-17T14:47:03+00:00\",\"dateModified\":\"2024-03-25T12:08:34+00:00\",\"breadcrumb\":{\"@id\":\"https:\\\/\\\/somaworks.nl\\\/over-ons\\\/#breadcrumb\"},\"inLanguage\":\"pl-PL\",\"potentialAction\":[{\"@type\":\"ReadAction\",\"target\":[\"https:\\\/\\\/somaworks.nl\\\/over-ons\\\/\"]}]},{\"@type\":\"ImageObject\",\"inLanguage\":\"pl-PL\",\"@id\":\"https:\\\/\\\/somaworks.nl\\\/over-ons\\\/#primaryimage\",\"url\":\"https:\\\/\\\/somaworks.nl\\\/wp-content\\\/uploads\\\/2020\\\/07\\\/WhatsApp-Image-2020-07-02-at-14.51.11.jpeg\",\"contentUrl\":\"https:\\\/\\\/somaworks.nl\\\/wp-content\\\/uploads\\\/2020\\\/07\\\/WhatsApp-Image-2020-07-02-at-14.51.11.jpeg\",\"width\":1600,\"height\":720},{\"@type\":\"BreadcrumbList\",\"@id\":\"https:\\\/\\\/somaworks.nl\\\/over-ons\\\/#breadcrumb\",\"itemListElement\":[{\"@type\":\"ListItem\",\"position\":1,\"name\":\"Home\",\"item\":\"https:\\\/\\\/somaworks.nl\\\/\"},{\"@type\":\"ListItem\",\"position\":2,\"name\":\"Over ons\"}]},{\"@type\":\"WebSite\",\"@id\":\"https:\\\/\\\/somaworks.nl\\\/#website\",\"url\":\"https:\\\/\\\/somaworks.nl\\\/\",\"name\":\"SOMA Works\",\"description\":\"Specialist in technisch personeel\",\"publisher\":{\"@id\":\"https:\\\/\\\/somaworks.nl\\\/#organization\"},\"potentialAction\":[{\"@type\":\"SearchAction\",\"target\":{\"@type\":\"EntryPoint\",\"urlTemplate\":\"https:\\\/\\\/somaworks.nl\\\/?s={search_term_string}\"},\"query-input\":{\"@type\":\"PropertyValueSpecification\",\"valueRequired\":true,\"valueName\":\"search_term_string\"}}],\"inLanguage\":\"pl-PL\"},{\"@type\":\"Organization\",\"@id\":\"https:\\\/\\\/somaworks.nl\\\/#organization\",\"name\":\"SOMA Works\",\"url\":\"https:\\\/\\\/somaworks.nl\\\/\",\"logo\":{\"@type\":\"ImageObject\",\"inLanguage\":\"pl-PL\",\"@id\":\"https:\\\/\\\/somaworks.nl\\\/#\\\/schema\\\/logo\\\/image\\\/\",\"url\":\"https:\\\/\\\/somaworks.nl\\\/wp-content\\\/uploads\\\/2021\\\/09\\\/SOMA-works.png\",\"contentUrl\":\"https:\\\/\\\/somaworks.nl\\\/wp-content\\\/uploads\\\/2021\\\/09\\\/SOMA-works.png\",\"width\":2095,\"height\":2095,\"caption\":\"SOMA Works\"},\"image\":{\"@id\":\"https:\\\/\\\/somaworks.nl\\\/#\\\/schema\\\/logo\\\/image\\\/\"},\"sameAs\":[\"https:\\\/\\\/www.facebook.com\\\/somaworksbv\\\/\",\"https:\\\/\\\/www.instagram.com\\\/somaworksbv\\\/\",\"https:\\\/\\\/www.linkedin.com\\\/company\\\/soma-works-specialist-in-technisch-personeel\\\/\"]}]}<\/script>\n<!-- \/ Yoast SEO plugin. -->","yoast_head_json":{"title":"Over ons - SOMA Works","robots":{"index":"index","follow":"follow","max-snippet":"max-snippet:-1","max-image-preview":"max-image-preview:large","max-video-preview":"max-video-preview:-1"},"canonical":"https:\/\/somaworks.nl\/pl\/over-ons\/","og_locale":"pl_PL","og_type":"article","og_title":"Over ons - SOMA Works","og_description":"Al sinds 2011 bemiddelen wij met succes technisch personeel in Limburg. Begonnen in Maastricht zijn wij ondertussen uitgebreid naar Weert, Sittard en Kerkrade en tellen wij meer dan 30 enthousiaste specialisten die iedere dag voor onze klanten en kandidaten klaar [...]","og_url":"https:\/\/somaworks.nl\/pl\/over-ons\/","og_site_name":"SOMA Works","article_publisher":"https:\/\/www.facebook.com\/somaworksbv\/","article_modified_time":"2024-03-25T12:08:34+00:00","og_image":[{"width":1600,"height":720,"url":"https:\/\/somaworks.nl\/wp-content\/uploads\/2020\/07\/WhatsApp-Image-2020-07-02-at-14.51.11.jpeg","type":"image\/jpeg"}],"twitter_card":"summary_large_image","twitter_misc":{"Szacowany czas czytania":"2 minuty"},"schema":{"@context":"https:\/\/schema.org","@graph":[{"@type":"WebPage","@id":"https:\/\/somaworks.nl\/over-ons\/","url":"https:\/\/somaworks.nl\/over-ons\/","name":"Over ons - SOMA Works","isPartOf":{"@id":"https:\/\/somaworks.nl\/#website"},"primaryImageOfPage":{"@id":"https:\/\/somaworks.nl\/over-ons\/#primaryimage"},"image":{"@id":"https:\/\/somaworks.nl\/over-ons\/#primaryimage"},"thumbnailUrl":"https:\/\/somaworks.nl\/wp-content\/uploads\/2020\/07\/WhatsApp-Image-2020-07-02-at-14.51.11.jpeg","datePublished":"2020-03-17T14:47:03+00:00","dateModified":"2024-03-25T12:08:34+00:00","breadcrumb":{"@id":"https:\/\/somaworks.nl\/over-ons\/#breadcrumb"},"inLanguage":"pl-PL","potentialAction":[{"@type":"ReadAction","target":["https:\/\/somaworks.nl\/over-ons\/"]}]},{"@type":"ImageObject","inLanguage":"pl-PL","@id":"https:\/\/somaworks.nl\/over-ons\/#primaryimage","url":"https:\/\/somaworks.nl\/wp-content\/uploads\/2020\/07\/WhatsApp-Image-2020-07-02-at-14.51.11.jpeg","contentUrl":"https:\/\/somaworks.nl\/wp-content\/uploads\/2020\/07\/WhatsApp-Image-2020-07-02-at-14.51.11.jpeg","width":1600,"height":720},{"@type":"BreadcrumbList","@id":"https:\/\/somaworks.nl\/over-ons\/#breadcrumb","itemListElement":[{"@type":"ListItem","position":1,"name":"Home","item":"https:\/\/somaworks.nl\/"},{"@type":"ListItem","position":2,"name":"Over ons"}]},{"@type":"WebSite","@id":"https:\/\/somaworks.nl\/#website","url":"https:\/\/somaworks.nl\/","name":"SOMA Works","description":"Specialist in technisch personeel","publisher":{"@id":"https:\/\/somaworks.nl\/#organization"},"potentialAction":[{"@type":"SearchAction","target":{"@type":"EntryPoint","urlTemplate":"https:\/\/somaworks.nl\/?s={search_term_string}"},"query-input":{"@type":"PropertyValueSpecification","valueRequired":true,"valueName":"search_term_string"}}],"inLanguage":"pl-PL"},{"@type":"Organization","@id":"https:\/\/somaworks.nl\/#organization","name":"SOMA Works","url":"https:\/\/somaworks.nl\/","logo":{"@type":"ImageObject","inLanguage":"pl-PL","@id":"https:\/\/somaworks.nl\/#\/schema\/logo\/image\/","url":"https:\/\/somaworks.nl\/wp-content\/uploads\/2021\/09\/SOMA-works.png","contentUrl":"https:\/\/somaworks.nl\/wp-content\/uploads\/2021\/09\/SOMA-works.png","width":2095,"height":2095,"caption":"SOMA Works"},"image":{"@id":"https:\/\/somaworks.nl\/#\/schema\/logo\/image\/"},"sameAs":["https:\/\/www.facebook.com\/somaworksbv\/","https:\/\/www.instagram.com\/somaworksbv\/","https:\/\/www.linkedin.com\/company\/soma-works-specialist-in-technisch-personeel\/"]}]}},"_links":{"self":[{"href":"https:\/\/somaworks.nl\/pl\/wp-json\/wp\/v2\/pages\/112","targetHints":{"allow":["GET"]}}],"collection":[{"href":"https:\/\/somaworks.nl\/pl\/wp-json\/wp\/v2\/pages"}],"about":[{"href":"https:\/\/somaworks.nl\/pl\/wp-json\/wp\/v2\/types\/page"}],"author":[{"embeddable":true,"href":"https:\/\/somaworks.nl\/pl\/wp-json\/wp\/v2\/users\/2"}],"replies":[{"embeddable":true,"href":"https:\/\/somaworks.nl\/pl\/wp-json\/wp\/v2\/comments?post=112"}],"version-history":[{"count":0,"href":"https:\/\/somaworks.nl\/pl\/wp-json\/wp\/v2\/pages\/112\/revisions"}],"wp:featuredmedia":[{"embeddable":true,"href":"https:\/\/somaworks.nl\/pl\/wp-json\/wp\/v2\/media\/401"}],"wp:attachment":[{"href":"https:\/\/somaworks.nl\/pl\/wp-json\/wp\/v2\/media?parent=112"}],"curies":[{"name":"wp","href":"https:\/\/api.w.org\/{rel}","templated":true}]}}