{"id":162549,"date":"2022-06-09T09:52:49","date_gmt":"2022-06-09T09:52:49","guid":{"rendered":"https:\/\/somaworks.nl\/?page_id=162549"},"modified":"2022-10-06T12:48:02","modified_gmt":"2022-10-06T10:48:02","slug":"technische-vacatures","status":"publish","type":"page","link":"https:\/\/somaworks.nl\/pl\/technische-vacatures\/","title":{"rendered":"Wakaty techniczne"},"content":{"rendered":"<p><img loading=\"lazy\" decoding=\"async\" class=\"wp-image-144421 size-medium alignleft\" src=\"https:\/\/somaworks.nl\/wp-content\/uploads\/2022\/04\/somaworks-omslag-gringing-lowres-300x200.jpg\" alt=\"Technische vacatures Limburg\" width=\"300\" height=\"200\" srcset=\"https:\/\/somaworks.nl\/wp-content\/uploads\/2022\/04\/somaworks-omslag-gringing-lowres-300x200.jpg 300w, https:\/\/somaworks.nl\/wp-content\/uploads\/2022\/04\/somaworks-omslag-gringing-lowres-1024x683.jpg 1024w, https:\/\/somaworks.nl\/wp-content\/uploads\/2022\/04\/somaworks-omslag-gringing-lowres-768x512.jpg 768w, https:\/\/somaworks.nl\/wp-content\/uploads\/2022\/04\/somaworks-omslag-gringing-lowres.jpg 1200w\" sizes=\"auto, (max-width: 300px) 100vw, 300px\" \/><\/p>\n<p>&nbsp;<\/p>\n<p>SOMA Works specjalizuje si\u0119 w personelu technicznym. Masz z\u0142ote r\u0119ce i znasz si\u0119 na elektronice, monta\u017cu, spawaniu, pracach dorywczych, a nawet obs\u0142udze ci\u0119\u017ckich maszyn? W takim razie bez w\u0105tpienia mamy dla Ciebie oferty pracy technicznej w naj\u0142adniejszych i najbardziej zr\u00f3\u017cnicowanych firmach. Szukasz pracy technicznej w Limburgii? Skontaktuj si\u0119 z nami bezpo\u015brednio lub sprawd\u017a, czy Twoja wymarzona praca znajduje si\u0119 na li\u015bcie jako pierwsza.<\/p>\n<p><a style=\"color: #fff; background: #1488ca; display: inline-block; padding: 10px;\" href=\"https:\/\/somaworks.nl\/pl\/vacatures\/\">Zobacz nasze oferty pracy dla pracownik\u00f3w technicznych tutaj<\/a><\/p>\n<h2><\/h2>\n<p>&nbsp;<\/p>\n<p>&nbsp;<\/p>\n<p>&nbsp;<\/p>\n<h2>Wakaty techniczne w Limburgii<\/h2>\n<p>Oferujemy bardzo zr\u00f3\u017cnicowane oferty pracy technicznej w Limburgii w zakresie logistyki, konstrukcji metalowych, infrastruktury, produkcji i nie tylko.<\/p>\n<p>Na przyk\u0142ad, czy lubisz by\u0107 w drodze? I czy lubisz by\u0107 w drodze w nowe miejsce ka\u017cdego dnia, czy to w Holandii, czy za granic\u0105? W takim razie praca jako kierowca jest w\u0142a\u015bnie dla Ciebie! W SOMA Works mamy wiele r\u00f3\u017cnych\u00a0<a style=\"color: #1488ca;\" href=\"https:\/\/somaworks.nl\/pl\/?s=chauffeur&amp;go=1\">wolne miejsca pracy dla kierowc\u00f3w.<\/a><\/p>\n<p>Wolisz pracowa\u0107 z r\u0119kami w dziedzinie elektrotechniki, od instalowania paneli s\u0142onecznych po serwisowanie ma\u0142ych i du\u017cych maszyn? W takim razie zapoznaj si\u0119 z nasz\u0105 ofert\u0105 <a style=\"color: #1488ca;\" href=\"https:\/\/somaworks.nl\/pl\/?s=elektro&amp;go=1\">oferty pracy dla elektryk\u00f3w<\/a>\u00a0A kto wie, mo\u017ce w\u015br\u00f3d nich znajdzie si\u0119 Twoja idealna praca!<\/p>\n<p>Wsp\u00f3\u0142pracujemy r\u00f3wnie\u017c z krajowymi i mi\u0119dzynarodowymi firmami w Limburgii. Mieszkasz w Limburgii i szukasz pracy technicznej w swojej okolicy? W takim razie zapoznaj si\u0119 ze wszystkimi naszymi (technicznymi) ofertami pracy na naszej stronie z ofertami pracy!<\/p>\n<p><a style=\"color: #fff; background: #1488ca; display: inline-block; padding: 10px;\" href=\"https:\/\/somaworks.nl\/pl\/vacatures\/\">Zobacz nasze oferty pracy<\/a><\/p>","protected":false},"excerpt":{"rendered":"<p>&nbsp; SOMA Works is specialist in technisch personeel. Heb jij gouden handen en weet jij je weg met elektronica, monteren, lassen, klussen en zelfs het bedienen van zware machines? Dan hebben wij ongetwijfeld technische vacatures die bij jou passen bij [&#8230;] <\/p>","protected":false},"author":2,"featured_media":0,"parent":0,"menu_order":0,"comment_status":"closed","ping_status":"closed","template":"","meta":{"_acf_changed":false,"footnotes":""},"class_list":["post-162549","page","type-page","status-publish","hentry"],"acf":[],"yoast_head":"<!-- This site is optimized with the Yoast SEO plugin v27.5 - https:\/\/yoast.com\/product\/yoast-seo-wordpress\/ -->\n<title>Technische vacatures gezocht? Bekijk snel ons aanbod!<\/title>\n<meta name=\"description\" content=\"Bij SOMA Works hebben wij diverse technische vacatures in Limburg die passen bij wat jij zoekt. Bekijk snel onze vacatures!\" \/>\n<meta name=\"robots\" content=\"index, follow, max-snippet:-1, max-image-preview:large, max-video-preview:-1\" \/>\n<link rel=\"canonical\" href=\"https:\/\/somaworks.nl\/pl\/technische-vacatures\/\" \/>\n<meta property=\"og:locale\" content=\"pl_PL\" \/>\n<meta property=\"og:type\" content=\"article\" \/>\n<meta property=\"og:title\" content=\"Technische vacatures gezocht? Bekijk snel ons aanbod!\" \/>\n<meta property=\"og:description\" content=\"Bij SOMA Works hebben wij diverse technische vacatures in Limburg die passen bij wat jij zoekt. Bekijk snel onze vacatures!\" \/>\n<meta property=\"og:url\" content=\"https:\/\/somaworks.nl\/pl\/technische-vacatures\/\" \/>\n<meta property=\"og:site_name\" content=\"SOMA Works\" \/>\n<meta property=\"article:publisher\" content=\"https:\/\/www.facebook.com\/somaworksbv\/\" \/>\n<meta property=\"article:modified_time\" content=\"2022-10-06T10:48:02+00:00\" \/>\n<meta property=\"og:image\" content=\"https:\/\/somaworks.nl\/wp-content\/uploads\/2022\/04\/somaworks-omslag-gringing-lowres-300x200.jpg\" \/>\n<meta name=\"twitter:card\" content=\"summary_large_image\" \/>\n<meta name=\"twitter:label1\" content=\"Szacowany czas czytania\" \/>\n\t<meta name=\"twitter:data1\" content=\"2 minuty\" \/>\n<script type=\"application\/ld+json\" class=\"yoast-schema-graph\">{\"@context\":\"https:\\\/\\\/schema.org\",\"@graph\":[{\"@type\":\"WebPage\",\"@id\":\"https:\\\/\\\/somaworks.nl\\\/technische-vacatures\\\/\",\"url\":\"https:\\\/\\\/somaworks.nl\\\/technische-vacatures\\\/\",\"name\":\"Technische vacatures gezocht? Bekijk snel ons aanbod!\",\"isPartOf\":{\"@id\":\"https:\\\/\\\/somaworks.nl\\\/#website\"},\"primaryImageOfPage\":{\"@id\":\"https:\\\/\\\/somaworks.nl\\\/technische-vacatures\\\/#primaryimage\"},\"image\":{\"@id\":\"https:\\\/\\\/somaworks.nl\\\/technische-vacatures\\\/#primaryimage\"},\"thumbnailUrl\":\"https:\\\/\\\/somaworks.nl\\\/wp-content\\\/uploads\\\/2022\\\/04\\\/somaworks-omslag-gringing-lowres-300x200.jpg\",\"datePublished\":\"2022-06-09T09:52:49+00:00\",\"dateModified\":\"2022-10-06T10:48:02+00:00\",\"description\":\"Bij SOMA Works hebben wij diverse technische vacatures in Limburg die passen bij wat jij zoekt. Bekijk snel onze vacatures!\",\"breadcrumb\":{\"@id\":\"https:\\\/\\\/somaworks.nl\\\/technische-vacatures\\\/#breadcrumb\"},\"inLanguage\":\"pl-PL\",\"potentialAction\":[{\"@type\":\"ReadAction\",\"target\":[\"https:\\\/\\\/somaworks.nl\\\/technische-vacatures\\\/\"]}]},{\"@type\":\"ImageObject\",\"inLanguage\":\"pl-PL\",\"@id\":\"https:\\\/\\\/somaworks.nl\\\/technische-vacatures\\\/#primaryimage\",\"url\":\"https:\\\/\\\/somaworks.nl\\\/wp-content\\\/uploads\\\/2022\\\/04\\\/somaworks-omslag-gringing-lowres-300x200.jpg\",\"contentUrl\":\"https:\\\/\\\/somaworks.nl\\\/wp-content\\\/uploads\\\/2022\\\/04\\\/somaworks-omslag-gringing-lowres-300x200.jpg\"},{\"@type\":\"BreadcrumbList\",\"@id\":\"https:\\\/\\\/somaworks.nl\\\/technische-vacatures\\\/#breadcrumb\",\"itemListElement\":[{\"@type\":\"ListItem\",\"position\":1,\"name\":\"Home\",\"item\":\"https:\\\/\\\/somaworks.nl\\\/\"},{\"@type\":\"ListItem\",\"position\":2,\"name\":\"Technische Vacatures\"}]},{\"@type\":\"WebSite\",\"@id\":\"https:\\\/\\\/somaworks.nl\\\/#website\",\"url\":\"https:\\\/\\\/somaworks.nl\\\/\",\"name\":\"SOMA Works\",\"description\":\"Specialist in technisch personeel\",\"publisher\":{\"@id\":\"https:\\\/\\\/somaworks.nl\\\/#organization\"},\"potentialAction\":[{\"@type\":\"SearchAction\",\"target\":{\"@type\":\"EntryPoint\",\"urlTemplate\":\"https:\\\/\\\/somaworks.nl\\\/?s={search_term_string}\"},\"query-input\":{\"@type\":\"PropertyValueSpecification\",\"valueRequired\":true,\"valueName\":\"search_term_string\"}}],\"inLanguage\":\"pl-PL\"},{\"@type\":\"Organization\",\"@id\":\"https:\\\/\\\/somaworks.nl\\\/#organization\",\"name\":\"SOMA Works\",\"url\":\"https:\\\/\\\/somaworks.nl\\\/\",\"logo\":{\"@type\":\"ImageObject\",\"inLanguage\":\"pl-PL\",\"@id\":\"https:\\\/\\\/somaworks.nl\\\/#\\\/schema\\\/logo\\\/image\\\/\",\"url\":\"https:\\\/\\\/somaworks.nl\\\/wp-content\\\/uploads\\\/2021\\\/09\\\/SOMA-works.png\",\"contentUrl\":\"https:\\\/\\\/somaworks.nl\\\/wp-content\\\/uploads\\\/2021\\\/09\\\/SOMA-works.png\",\"width\":2095,\"height\":2095,\"caption\":\"SOMA Works\"},\"image\":{\"@id\":\"https:\\\/\\\/somaworks.nl\\\/#\\\/schema\\\/logo\\\/image\\\/\"},\"sameAs\":[\"https:\\\/\\\/www.facebook.com\\\/somaworksbv\\\/\",\"https:\\\/\\\/www.instagram.com\\\/somaworksbv\\\/\",\"https:\\\/\\\/www.linkedin.com\\\/company\\\/soma-works-specialist-in-technisch-personeel\\\/\"]}]}<\/script>\n<!-- \/ Yoast SEO plugin. -->","yoast_head_json":{"title":"Technische vacatures gezocht? Bekijk snel ons aanbod!","description":"Bij SOMA Works hebben wij diverse technische vacatures in Limburg die passen bij wat jij zoekt. Bekijk snel onze vacatures!","robots":{"index":"index","follow":"follow","max-snippet":"max-snippet:-1","max-image-preview":"max-image-preview:large","max-video-preview":"max-video-preview:-1"},"canonical":"https:\/\/somaworks.nl\/pl\/technische-vacatures\/","og_locale":"pl_PL","og_type":"article","og_title":"Technische vacatures gezocht? Bekijk snel ons aanbod!","og_description":"Bij SOMA Works hebben wij diverse technische vacatures in Limburg die passen bij wat jij zoekt. Bekijk snel onze vacatures!","og_url":"https:\/\/somaworks.nl\/pl\/technische-vacatures\/","og_site_name":"SOMA Works","article_publisher":"https:\/\/www.facebook.com\/somaworksbv\/","article_modified_time":"2022-10-06T10:48:02+00:00","og_image":[{"url":"https:\/\/somaworks.nl\/wp-content\/uploads\/2022\/04\/somaworks-omslag-gringing-lowres-300x200.jpg","type":"","width":"","height":""}],"twitter_card":"summary_large_image","twitter_misc":{"Szacowany czas czytania":"2 minuty"},"schema":{"@context":"https:\/\/schema.org","@graph":[{"@type":"WebPage","@id":"https:\/\/somaworks.nl\/technische-vacatures\/","url":"https:\/\/somaworks.nl\/technische-vacatures\/","name":"Technische vacatures gezocht? Bekijk snel ons aanbod!","isPartOf":{"@id":"https:\/\/somaworks.nl\/#website"},"primaryImageOfPage":{"@id":"https:\/\/somaworks.nl\/technische-vacatures\/#primaryimage"},"image":{"@id":"https:\/\/somaworks.nl\/technische-vacatures\/#primaryimage"},"thumbnailUrl":"https:\/\/somaworks.nl\/wp-content\/uploads\/2022\/04\/somaworks-omslag-gringing-lowres-300x200.jpg","datePublished":"2022-06-09T09:52:49+00:00","dateModified":"2022-10-06T10:48:02+00:00","description":"Bij SOMA Works hebben wij diverse technische vacatures in Limburg die passen bij wat jij zoekt. Bekijk snel onze vacatures!","breadcrumb":{"@id":"https:\/\/somaworks.nl\/technische-vacatures\/#breadcrumb"},"inLanguage":"pl-PL","potentialAction":[{"@type":"ReadAction","target":["https:\/\/somaworks.nl\/technische-vacatures\/"]}]},{"@type":"ImageObject","inLanguage":"pl-PL","@id":"https:\/\/somaworks.nl\/technische-vacatures\/#primaryimage","url":"https:\/\/somaworks.nl\/wp-content\/uploads\/2022\/04\/somaworks-omslag-gringing-lowres-300x200.jpg","contentUrl":"https:\/\/somaworks.nl\/wp-content\/uploads\/2022\/04\/somaworks-omslag-gringing-lowres-300x200.jpg"},{"@type":"BreadcrumbList","@id":"https:\/\/somaworks.nl\/technische-vacatures\/#breadcrumb","itemListElement":[{"@type":"ListItem","position":1,"name":"Home","item":"https:\/\/somaworks.nl\/"},{"@type":"ListItem","position":2,"name":"Technische Vacatures"}]},{"@type":"WebSite","@id":"https:\/\/somaworks.nl\/#website","url":"https:\/\/somaworks.nl\/","name":"SOMA Works","description":"Specialist in technisch personeel","publisher":{"@id":"https:\/\/somaworks.nl\/#organization"},"potentialAction":[{"@type":"SearchAction","target":{"@type":"EntryPoint","urlTemplate":"https:\/\/somaworks.nl\/?s={search_term_string}"},"query-input":{"@type":"PropertyValueSpecification","valueRequired":true,"valueName":"search_term_string"}}],"inLanguage":"pl-PL"},{"@type":"Organization","@id":"https:\/\/somaworks.nl\/#organization","name":"SOMA Works","url":"https:\/\/somaworks.nl\/","logo":{"@type":"ImageObject","inLanguage":"pl-PL","@id":"https:\/\/somaworks.nl\/#\/schema\/logo\/image\/","url":"https:\/\/somaworks.nl\/wp-content\/uploads\/2021\/09\/SOMA-works.png","contentUrl":"https:\/\/somaworks.nl\/wp-content\/uploads\/2021\/09\/SOMA-works.png","width":2095,"height":2095,"caption":"SOMA Works"},"image":{"@id":"https:\/\/somaworks.nl\/#\/schema\/logo\/image\/"},"sameAs":["https:\/\/www.facebook.com\/somaworksbv\/","https:\/\/www.instagram.com\/somaworksbv\/","https:\/\/www.linkedin.com\/company\/soma-works-specialist-in-technisch-personeel\/"]}]}},"_links":{"self":[{"href":"https:\/\/somaworks.nl\/pl\/wp-json\/wp\/v2\/pages\/162549","targetHints":{"allow":["GET"]}}],"collection":[{"href":"https:\/\/somaworks.nl\/pl\/wp-json\/wp\/v2\/pages"}],"about":[{"href":"https:\/\/somaworks.nl\/pl\/wp-json\/wp\/v2\/types\/page"}],"author":[{"embeddable":true,"href":"https:\/\/somaworks.nl\/pl\/wp-json\/wp\/v2\/users\/2"}],"replies":[{"embeddable":true,"href":"https:\/\/somaworks.nl\/pl\/wp-json\/wp\/v2\/comments?post=162549"}],"version-history":[{"count":0,"href":"https:\/\/somaworks.nl\/pl\/wp-json\/wp\/v2\/pages\/162549\/revisions"}],"wp:attachment":[{"href":"https:\/\/somaworks.nl\/pl\/wp-json\/wp\/v2\/media?parent=162549"}],"curies":[{"name":"wp","href":"https:\/\/api.w.org\/{rel}","templated":true}]}}