{"id":2395,"date":"2021-07-07T07:52:56","date_gmt":"2021-07-07T07:52:56","guid":{"rendered":"https:\/\/somaworks.nl\/open-application\/"},"modified":"2021-07-07T07:52:56","modified_gmt":"2021-07-07T07:52:56","slug":"open-application","status":"publish","type":"page","link":"https:\/\/somaworks.nl\/pl\/open-application\/","title":{"rendered":"Otwarta aplikacja"},"content":{"rendered":"<div id=\"apply_form\"><form autocomplete=\"off\" method=\"post\" enctype=\"multipart\/form-data\" action=\"\"><input style=\"display:none\" type=\"text\" name=\"fakeusernameremembered\"\/><input style=\"display:none\" type=\"password\" name=\"fakepasswordremembered\"\/><input type=\"hidden\" name=\"apply_action\" value=\"1\" \/><input type=\"hidden\" id=\"_carerix_nonce_field\" name=\"_carerix_nonce_field\" value=\"9ff6764dd9\" \/><input type=\"hidden\" name=\"_wp_http_referer\" value=\"\/pl\/wp-json\/wp\/v2\/pages\/2395\" \/><h3 class='cx_h3 cx2_h3_personal'>Informacje osobiste<\/h3>\r\n<div class='data_1 cx2_personal-lastName'>\r\n<label for=\"personal-lastName\" class=\"cx2_personal-lastName cx2_required\">Nazwisko<span aria-hidden=\"true\" class=\"cx2_required_marker\"><\/span><\/label>\r\n<input autocomplete=\"off\" class=\"carerix_input cx2_input carerix_required cx2_required personal-lastName cx2_personal-lastName\" type=\"text\" id=\"personal-lastName\" data-index=\"1\" name=\"personal[lastName]\" value=\"\" \/>\r\n\r\n<a data-index=\"1\" href=\"#\" data-remove=\"personal-lastName\" class=\"derepeat personal-lastName data_1 cx2_personal-lastName\" style=\"display: none;\"><i class=\"fa fa-minus\"><\/i> Usu\u0144<\/a><\/div>\r\n\r\n<div class='data_2 cx2_personal-firstName'>\r\n<label for=\"personal-firstName\" class=\"cx2_personal-firstName cx2_required\">Imi\u0119<span aria-hidden=\"true\" class=\"cx2_required_marker\"><\/span><\/label>\r\n<input autocomplete=\"off\" class=\"carerix_input cx2_input carerix_required cx2_required personal-firstName cx2_personal-firstName\" type=\"text\" id=\"personal-firstName\" data-index=\"2\" name=\"personal[firstName]\" value=\"\" \/>\r\n\r\n<a data-index=\"2\" href=\"#\" data-remove=\"personal-firstName\" class=\"derepeat personal-firstName data_2 cx2_personal-firstName\" style=\"display: none;\"><i class=\"fa fa-minus\"><\/i> Usu\u0144<\/a><\/div>\r\n\r\n    <div style=\"\" class=\"cx2_personal-gender\">\r\n    <label class=\"cx2_personal-gender\" style='display: inline-block;'>P\u0142e\u0107<\/label>\r\n\r\n\r\n    <span class=\"carerix_labels cx2_labels_personal-gender\">\r\n    \r\n<input class='related_index' name='personal-index[]' type='hidden' value='0' ><input type='radio' name='personal[gender][0]'   class='carerix_input cx2_input cx2_personal-gender' value='891'> Cz\u0142owiek<input type='radio' name='personal[gender][0]'   class='carerix_input cx2_input cx2_personal-gender' value='892'> Kobieta<\/span>    \r\n<i class=\"fa fa-refresh fa-spin wait\" style=\"display: none;\"><\/i>\r\n<\/div>\r\n\r\n<div class=\"cx2_personal-birthDate\">\r\n<label for=\"personal-birthDate\" class=\"cx2_personal-birthDate cx2_required\">Dane urodzenia<span aria-hidden=\"true\" class=\"cx2_required_marker\"><\/span><\/label>\r\n\r\n<input  class=\"carerix_input cx2_input carerix_required cx2_required personal-birthDate cx2_personal-birthDate\" type=\"date\" id=\"personal-birthDate\" name=\"personal[birthDate]\" value=\"\" \/>\r\n<\/div>\r\n<div class=\"data_3 cx2_personal-cv\">\r\n    <label for=\"personal-cv\" class=\"cx2_personal-cv cx2_required\">CV<span aria-hidden=\"true\" class=\"cx2_required_marker\"><\/span><\/label>\r\n    <span id=\"personal-cv-fieldcontainer\"><\/span>\r\n    <span class=\"cx2_personal-cv-info\">\r\n        PDF, DOC, DOCX        <b class=\"cx2_max_label\"> (max <span class=\"cx2_max_filesize\"><\/span> MB) <\/b>\r\n    <\/span>\r\n\r\n    <\/div>\r\n\r\n<script>\r\n    document.addEventListener('DOMContentLoaded', async function() {\r\n        await cx_storage._initializeDB();\r\n        await cx_storage.renderUploadField(\"personal-cv\", \"personal[cv]\", \"carerix_input cx2_input carerix_required cx2_required personal-cv cx2_personal-cv\", \"8388608\", \"Usu\u0144 plik\", \".pdf,.doc,.docx,.rtf,.txt\");\r\n    });\r\n<\/script>\r\n\r\n<div class=\"data_4 cx2_personal-photo\">\r\n    <label for=\"personal-photo\" class=\"cx2_personal-photo\">Zdj\u0119cie<\/label>\r\n    <span id=\"personal-photo-fieldcontainer\"><\/span>\r\n    <span class=\"cx2_personal-photo-info\">\r\n        GIF, PNG, JPEG        <b class=\"cx2_max_label\"> (max <span class=\"cx2_max_filesize\"><\/span> MB) <\/b>\r\n    <\/span>\r\n\r\n    <\/div>\r\n\r\n<script>\r\n    document.addEventListener('DOMContentLoaded', async function() {\r\n        await cx_storage._initializeDB();\r\n        await cx_storage.renderUploadField(\"personal-photo\", \"personal[photo]\", \"carerix_input cx2_input cx2_personal-photo\", \"8388608\", \"Usu\u0144 plik\", \".jpg,.jpeg,.jpe,.gif,.png,.webp,.bmp\");\r\n    });\r\n<\/script>\r\n\r\n<h3 class='cx_h3 cx2_h3_contact'>Szczeg\u00f3\u0142y kontaktu<\/h3>\r\n<div class='data_69e5e1a07a005 cx2_contact-email'>\r\n<label for=\"contact-email\" class=\"cx2_contact-email cx2_required\">E-mail<span aria-hidden=\"true\" class=\"cx2_required_marker\"><\/span><\/label>\r\n<input autocomplete=\"off\" class=\"carerix_input cx2_input carerix_required cx2_required contact-email cx2_contact-email\" type=\"email\" id=\"contact-email\" data-index=\"69e5e1a07a005\" name=\"contact[email][]\" value=\"\" \/>\r\n\r\n<a data-index=\"69e5e1a07a005\" href=\"#\" data-remove=\"contact-email\" class=\"derepeat contact-email data_69e5e1a07a005 cx2_contact-email\" style=\"display: none;\"><i class=\"fa fa-minus\"><\/i> Usu\u0144<\/a><\/div>\r\n\r\n<div class='data_5 cx2_contact-homePhone'>\r\n<label for=\"contact-homePhone\" class=\"cx2_contact-homePhone\">Telefon Domowy<\/label>\r\n<input autocomplete=\"off\" class=\"carerix_input cx2_input cx2_contact-homePhone\" type=\"text\" id=\"contact-homePhone\" data-index=\"5\" name=\"contact[homePhone]\" value=\"\" \/>\r\n\r\n<a data-index=\"5\" href=\"#\" data-remove=\"contact-homePhone\" class=\"derepeat contact-homePhone data_5 cx2_contact-homePhone\" style=\"display: none;\"><i class=\"fa fa-minus\"><\/i> Usu\u0144<\/a><\/div>\r\n\r\n<div class='data_6 cx2_contact-workPhone'>\r\n<label for=\"contact-workPhone\" class=\"cx2_contact-workPhone\">Telefon s\u0142u\u017cbowy<\/label>\r\n<input autocomplete=\"off\" class=\"carerix_input cx2_input cx2_contact-workPhone\" type=\"text\" id=\"contact-workPhone\" data-index=\"6\" name=\"contact[workPhone]\" value=\"\" \/>\r\n\r\n<a data-index=\"6\" href=\"#\" data-remove=\"contact-workPhone\" class=\"derepeat contact-workPhone data_6 cx2_contact-workPhone\" style=\"display: none;\"><i class=\"fa fa-minus\"><\/i> Usu\u0144<\/a><\/div>\r\n<div id=\"agreement_container\"><label for=\"agreement_check\"><input  id=\"agreement_check\" name=\"_agreement_check\" type=\"checkbox\" value=\"on\"  \/>&nbsp;<a href=\"https:\/\/somaworks.nl\/pl\/privacybeleid\/\" target=\"_blank\">Zgadzam si\u0119 z polityk\u0105 prywatno\u015bci<\/a> <\/label><\/div><div class=\"captcha_container cx2_captcha_code\">\r\n<label for=\"captcha\">Wprowad\u017a kod z obrazka poni\u017cej<\/label><input type=\"text\" name=\"captcha_code\" value=\"\" autocomplete=\"off\" placeholder=\"\" class=\"carerix_required\" \/> <br \/>\r\n<input type=\"hidden\" name=\"captcha_expected_nonce\" value=\"f9ae0cb926\" \/>\r\n<img decoding=\"async\" src=\"data:image\/jpeg;base64,\/9j\/4AAQSkZJRgABAQEAYABgAAD\/\/gA7Q1JFQVRPUjogZ2QtanBlZyB2MS4wICh1c2luZyBJSkcgSlBFRyB2NjIpLCBxdWFsaXR5ID0gOTAK\/9sAQwADAgIDAgIDAwMDBAMDBAUIBQUEBAUKBwcGCAwKDAwLCgsLDQ4SEA0OEQ4LCxAWEBETFBUVFQwPFxgWFBgSFBUU\/9sAQwEDBAQFBAUJBQUJFA0LDRQUFBQUFBQUFBQUFBQUFBQUFBQUFBQUFBQUFBQUFBQUFBQUFBQUFBQUFBQUFBQUFBQU\/8AAEQgAKACWAwERAAIRAQMRAf\/EAB8AAAEFAQEBAQEBAAAAAAAAAAABAgMEBQYHCAkKC\/\/EALUQAAIBAwMCBAMFBQQEAAABfQECAwAEEQUSITFBBhNRYQcicRQygZGhCCNCscEVUtHwJDNicoIJChYXGBkaJSYnKCkqNDU2Nzg5OkNERUZHSElKU1RVVldYWVpjZGVmZ2hpanN0dXZ3eHl6g4SFhoeIiYqSk5SVlpeYmZqio6Slpqeoqaqys7S1tre4ubrCw8TFxsfIycrS09TV1tfY2drh4uPk5ebn6Onq8fLz9PX29\/j5+v\/EAB8BAAMBAQEBAQEBAQEAAAAAAAABAgMEBQYHCAkKC\/\/EALURAAIBAgQEAwQHBQQEAAECdwABAgMRBAUhMQYSQVEHYXETIjKBCBRCkaGxwQkjM1LwFWJy0QoWJDThJfEXGBkaJicoKSo1Njc4OTpDREVGR0hJSlNUVVZXWFlaY2RlZmdoaWpzdHV2d3h5eoKDhIWGh4iJipKTlJWWl5iZmqKjpKWmp6ipqrKztLW2t7i5usLDxMXGx8jJytLT1NXW19jZ2uLj5OXm5+jp6vLz9PX29\/j5+v\/aAAwDAQACEQMRAD8A\/UuuIAoAKAPIPjd+094S+CE1vpt79p1rxLdBfs2h6YoedtxwpbsgJ4HVj2U124fCVMRqtF3Z5WMzGjg2oy1k+i3OSs\/jT8dtVtxqNr8CkhsGG5ba88QQxXJX3VgpU+xUH2rZ0MKtHV19DmWLx8lzLDaeclc6f4MftLWPxW8W6r4Pv\/Deq+EfGWlQG5u9K1FQyrGGRSVkGM\/6xDyoyGBGRzWVfCujBVFJOL6nRhMwjiakqMoOM1un\/XmdD8RvjPY+B9csvDenaXeeKvGF9BJdW2haaUWTyUBLSyO7BY04IBJyx4UE1lSoOpFzbtFdWb4jFxoyVKKcpvWy7d\/I4D4L\/tf6Z8UfEOv6JrXhu+8EXui27XV3Jqko8iFFYKwldlTymyw4YY4PPHPTXwUqMVKMuZPscWEzWGJnKnODg46u+3z7HoPhb9oT4b+NddXRdE8ZaVqGqOSsdsk2GlPomcBz7LmuaeGrU480otI7qWOw1afJTqJs62x8UaTqWvanolrqEFxq2mJE95aRtl4BICY9w7bgpI9qwcJKKk1ozqVSEpuCeq38rnzv8c\/2hvE1\/wDFGy+EPwqFufFtyQL\/AFi4UPFpyld5ABBG5U+ZiQcZCgFjx6eHw0FTeIr\/AA9F3PBxuPqyrrB4T43u+39f1qaK\/sj6xc2f2m\/+NXxBl8REZ+22+pmK2V\/aDkhc\/wAIcVP12KdlSjb0\/U0\/subV5YifN3vp93\/BOM8AfH\/xr8FPjHB8K\/i7ex6zaXpRdJ8T7BGzq52xmT1UkFST8ysDksORvUw1KvR9vh1a26OOhjq+DxKwmMd09pfl\/XQ+q\/EninR\/B+lyalruqWekWEf3rm9nWJB7ZYjn26mvHjCU3yxV2fTVKkKUeao0l5nPfDH4x+E\/jFa6ndeE9SOp2unXH2WabyXjUvtDZXcASMHrjtWtWhUoNKorXMMPi6OLTdF3S0O1rA6woAKACgAoAKAMXxr4mh8F+Dtd8QXCeZBpVjPfOgOCwjjZyPx24q6cPaTUF1ZjWqKjTlUfRN\/cfGf7A\/hF\/iZ4y8Y\/FzxQRqetfbPs1rNKMiOZ13yuo7EI0aLj7qkgV7uYz9lCOHhoj5PJKTxFSpjKusr6evX9D7mr58+yPFfEXhTwd8Fvip4j+NXiLxC2mRarYxaVPFLAXjQ\/ugpUoCxJECjGK7ozqV6UcNCN7O\/9feeRUpUcJXnjqkrXVvy\/yPmr4LftM+AtO\/aO+KfjrxZrxtLbUiLPRrlrO4lMlqsmFAVIyUykUJwwHX1zXq18JVeHp0qa2323PnsJmOHjjK2IrSsnotHt93kjW\/ak8cr8f\/ix8LPhzoWqSjwjrsdtqc9xCrRm4SV2AYqwBykaMyhgOX5HAxGEp\/VqVStJe8ro1zKt9exFHDU37krP1v8A5I+nT+zX8Mh4ai0SLwZpVtbwqBFc28Aju42HSRbgfvA4IB37s15P1qtzc3M\/0+4+j\/s\/C8ns1TVvx+\/e589\/sHS3p+K\/xsj1HULjVb5L2COW9u23SzFJbldzH14HTgdq9PMbeypWVl\/wx4WSuX1jEczu7rX5s5n9gmY+K\/j\/APE3xLfnzdTkilbc\/JHnXO58Z\/3FFa5j7lCnBbf8A5skftcXWqy3\/wA2fe1fOn2x8S\/8FNtBgbw34I11VCXcF5PZ+YvDFXQOAT7GM49Nx9a97KZPmnE+Q4iguSnU6ptf19x7TpfwP8FfHTQ\/BvjrxnpMuuatdaDZP5dzdSiBC0Qdj5asFJJc5znOBXA8RUw8pUqbsrs9eODoY2NPEV43biurtt2PE\/8AgnGzaFr3xT8Mysd9ldW5VT1yjTxuf0SvQzT3o059\/wDgHj5B7k61J9Gv1R9u14B9gFABQAUAFABQBxXxr8OXXi74QeNNGsUMl7e6RdQ28a9XkMTbF\/E4H41vQkoVYyfRo5MZTdXD1IR3af5Hzj\/wTQ162m+F\/inQw4F9Z6z9rkj7iOWGNFOPrA4\/CvUzWL9rGXRo+f4emnQnT6p3+9L\/ACPsOvEPqym09hqM01m0lvdSw4MtuSrsmRkbl7cetPVak3jJ8p8a\/sTafa3Hxx+OSy20Mqx6kQgeMEKPtNz0z06Cvdx7ao0vT9EfJZPFPFYi66\/qyn+19bTfCT9pT4a\/FFrR28OxeRa3LQpkRtFI5dRjgExSZUdyjehp4Jqth50L6\/1+pOap4XG0sXb3dE\/l\/wABn1nL8XfBUPhUeJW8U6V\/YbR+at4LpSrDHQAHJbttA3Z4xnivG9jU5uTldz6d4qgqftedcve58r\/sKXb3Pxs+Njvaz2LzXolNrdJsliP2m4Oxxk4YZwR6ivYzBWo0v66I+ayV3xWI0tr+rOW+HUw\/ZZ\/bW1zStcP2Hw34m86O0vJTtiEc0glgcsePldfKJ6AlieOa1q\/7Zg1KO8f03\/zObDv+zczlCppGez9dV\/kfoBXzh9wfDn7dWqzfF34l+BfhL4YIvtZWdp7xY\/mWB5AAm\/HTbGJHb0Ug17+Xr2FOeInsfG51J4qvTwdLV9f69NT7S8O6JB4Z8P6Zo9r\/AMeun2sVpFn+5GgVf0ArwpSc5OT6n11OCpwUFslY+Mv2av8AilP25fi1ojfu4r1b24jT3NzHKo\/74kavdxXv4KnLtb8j5PL\/AN1mlen3v+af6n29XgH2AUAFABQAUAFABQB8s+OP2avFvw5+KFz8SvgvdWcN9eFjqXhm\/bZbXW45cI2QAGbDbSV2nkMB8tevTxVOrS9jiVotmfN1svrYeu8VgWrveL2ZvL+0f8SbKAQ6j8BfEf8AaQGGWyu45oC3tIF4H5496z+q0Xqqysb\/ANoYpK0sNK\/k9DD\/AGddI8Q+BfFXxQ+JnxWtrPwNF4lu7drRdT1GECJAZf3bPuwMBolG7BO0\/KK0xUoVI06ND3uXsjDARqUalbFYtKHO1a7Xn\/wDzD9jb4leFPD3xn+MN3q3iXSdLtdUv\/Msp769jhjuV+0TnKMxAbhlPHqK68dSqSo0lGLdl+iPOynEUaeJruc0k3pd76s+3fFPhPRvG+h3Oja9ptvq2l3IxLa3SBkb0PsQeQRyDyK8CE5U5c0HZn2FWlCtFwqK6Z5f4P8A2P8A4TeBvEcOuaX4VT+0LdxJbtdXU1wkLDkMqO5GQeQSCQRkV1zxtepHllLQ86llWDoz9pCGq82\/zPG\/2RJCv7U3x9jPVtUuW\/K9m\/xruxv+7UfT9Dycr\/37Erzf5s+kfi18FvCXxs0FdL8U6aLpYiWt7qJtlxbMepjftnAyDkHAyDgV5dGvUw8uaDPoMVhKOMhyVVf80eU2H7Kni\/Q7FdJ0j44+LLLQUXy47R41kmjToFWbcCoHbAAHYV2PGU5PmlSVzzI5ZWguSGIko\/11PQPg7+zt4Q+Chu7rR4bjUNcvc\/a9b1SXzrufJyQWwAoJ5IAGeM5IzXNXxVSvZS0S6LY7sJgKODu4aye7e50XxM+JOn\/Czw9Hq+o2OqalFJcLbR2+kWjXM7Oysw+UdBhTySB09aypUnWlyppepviMRHDQ55Jv0V2fD1rr\/jw\/tc3XxS8N\/CLxhc6Xfr5aWGoWElmZAbRYiWlKNGnzru5JHGM88e+40vqqoTqK6879T45VMR\/aDxdKhKz6NW6W32Ptr4X+K\/Fni7Sbq68W+CW8EXSS7YLR9TivjNHtB3lowNvORtIzxXg1oU4O1OXN8rH2GGq1qsW61Pkfqn+R2lYHWFABQAUAFABQAUAFAGZ4h8M6P4t01tP13SbHWrBmDm11C2SeIsOh2OCMj1xVRnKDvF2ZnUpwqx5akU156nLj4CfDIHI+HXhMH\/sB2v8A8RW31mt\/O\/vZzfUsL\/z6j\/4Cv8ju65ztOa+IXgS3+Ivhx9GutT1XSYXkWQ3GjXhtZ\/lz8u8D7pzyO9a0qjpS5kk\/U569FYiHI216OzPFPDv7CHgXwz4ml1208ReMPt8rs7v\/AGqiFiXDnc6RK7ZI53Mc98nmu+WY1Zx5HFW9Dx6eS4enP2kZyv6\/8A+kK8s+gCgAoAKACgAoAKACgAoA\/9k=\" alt=\"CAPTCHA code\"><\/div><script type='text\/javascript'>window.carerix_age_limit = 0; window.carerix_age_limit_message = 'Musisz mie\u0107 co najmniej 0 lat.';<\/script><input id=\"apply_button\" class=\"cx2_applyform-apply\" type=\"submit\" value=\"Aplikuj\" \/><input type=\"hidden\" name=\"trp-form-language\" value=\"pl\"\/><\/form><\/div><div style=\"clear:both\"><\/div>","protected":false},"excerpt":{"rendered":"","protected":false},"author":2,"featured_media":0,"parent":0,"menu_order":28,"comment_status":"closed","ping_status":"closed","template":"","meta":{"_acf_changed":false,"footnotes":""},"class_list":["post-2395","page","type-page","status-publish","hentry"],"acf":[],"yoast_head":"<!-- This site is optimized with the Yoast SEO plugin v27.4 - https:\/\/yoast.com\/product\/yoast-seo-wordpress\/ -->\n<title>Open application - SOMA Works<\/title>\n<meta name=\"robots\" content=\"index, follow, max-snippet:-1, max-image-preview:large, max-video-preview:-1\" \/>\n<link rel=\"canonical\" href=\"https:\/\/somaworks.nl\/pl\/open-application\/\" \/>\n<meta property=\"og:locale\" content=\"pl_PL\" \/>\n<meta property=\"og:type\" content=\"article\" \/>\n<meta property=\"og:title\" content=\"Open application - SOMA Works\" \/>\n<meta property=\"og:url\" content=\"https:\/\/somaworks.nl\/pl\/open-application\/\" \/>\n<meta property=\"og:site_name\" content=\"SOMA Works\" \/>\n<meta property=\"article:publisher\" content=\"https:\/\/www.facebook.com\/somaworksbv\/\" \/>\n<meta name=\"twitter:card\" content=\"summary_large_image\" \/>\n<script type=\"application\/ld+json\" class=\"yoast-schema-graph\">{\"@context\":\"https:\\\/\\\/schema.org\",\"@graph\":[{\"@type\":\"WebPage\",\"@id\":\"https:\\\/\\\/somaworks.nl\\\/open-application\\\/\",\"url\":\"https:\\\/\\\/somaworks.nl\\\/open-application\\\/\",\"name\":\"Open application - SOMA Works\",\"isPartOf\":{\"@id\":\"https:\\\/\\\/somaworks.nl\\\/#website\"},\"datePublished\":\"2021-07-07T07:52:56+00:00\",\"breadcrumb\":{\"@id\":\"https:\\\/\\\/somaworks.nl\\\/open-application\\\/#breadcrumb\"},\"inLanguage\":\"pl-PL\",\"potentialAction\":[{\"@type\":\"ReadAction\",\"target\":[\"https:\\\/\\\/somaworks.nl\\\/open-application\\\/\"]}]},{\"@type\":\"BreadcrumbList\",\"@id\":\"https:\\\/\\\/somaworks.nl\\\/open-application\\\/#breadcrumb\",\"itemListElement\":[{\"@type\":\"ListItem\",\"position\":1,\"name\":\"Home\",\"item\":\"https:\\\/\\\/somaworks.nl\\\/\"},{\"@type\":\"ListItem\",\"position\":2,\"name\":\"Open application\"}]},{\"@type\":\"WebSite\",\"@id\":\"https:\\\/\\\/somaworks.nl\\\/#website\",\"url\":\"https:\\\/\\\/somaworks.nl\\\/\",\"name\":\"SOMA Works\",\"description\":\"Specialist in technisch personeel\",\"publisher\":{\"@id\":\"https:\\\/\\\/somaworks.nl\\\/#organization\"},\"potentialAction\":[{\"@type\":\"SearchAction\",\"target\":{\"@type\":\"EntryPoint\",\"urlTemplate\":\"https:\\\/\\\/somaworks.nl\\\/?s={search_term_string}\"},\"query-input\":{\"@type\":\"PropertyValueSpecification\",\"valueRequired\":true,\"valueName\":\"search_term_string\"}}],\"inLanguage\":\"pl-PL\"},{\"@type\":\"Organization\",\"@id\":\"https:\\\/\\\/somaworks.nl\\\/#organization\",\"name\":\"SOMA Works\",\"url\":\"https:\\\/\\\/somaworks.nl\\\/\",\"logo\":{\"@type\":\"ImageObject\",\"inLanguage\":\"pl-PL\",\"@id\":\"https:\\\/\\\/somaworks.nl\\\/#\\\/schema\\\/logo\\\/image\\\/\",\"url\":\"https:\\\/\\\/somaworks.nl\\\/wp-content\\\/uploads\\\/2021\\\/09\\\/SOMA-works.png\",\"contentUrl\":\"https:\\\/\\\/somaworks.nl\\\/wp-content\\\/uploads\\\/2021\\\/09\\\/SOMA-works.png\",\"width\":2095,\"height\":2095,\"caption\":\"SOMA Works\"},\"image\":{\"@id\":\"https:\\\/\\\/somaworks.nl\\\/#\\\/schema\\\/logo\\\/image\\\/\"},\"sameAs\":[\"https:\\\/\\\/www.facebook.com\\\/somaworksbv\\\/\",\"https:\\\/\\\/www.instagram.com\\\/somaworksbv\\\/\",\"https:\\\/\\\/www.linkedin.com\\\/company\\\/soma-works-specialist-in-technisch-personeel\\\/\"]}]}<\/script>\n<!-- \/ Yoast SEO plugin. -->","yoast_head_json":{"title":"Open application - SOMA Works","robots":{"index":"index","follow":"follow","max-snippet":"max-snippet:-1","max-image-preview":"max-image-preview:large","max-video-preview":"max-video-preview:-1"},"canonical":"https:\/\/somaworks.nl\/pl\/open-application\/","og_locale":"pl_PL","og_type":"article","og_title":"Open application - SOMA Works","og_url":"https:\/\/somaworks.nl\/pl\/open-application\/","og_site_name":"SOMA Works","article_publisher":"https:\/\/www.facebook.com\/somaworksbv\/","twitter_card":"summary_large_image","schema":{"@context":"https:\/\/schema.org","@graph":[{"@type":"WebPage","@id":"https:\/\/somaworks.nl\/open-application\/","url":"https:\/\/somaworks.nl\/open-application\/","name":"Open application - SOMA Works","isPartOf":{"@id":"https:\/\/somaworks.nl\/#website"},"datePublished":"2021-07-07T07:52:56+00:00","breadcrumb":{"@id":"https:\/\/somaworks.nl\/open-application\/#breadcrumb"},"inLanguage":"pl-PL","potentialAction":[{"@type":"ReadAction","target":["https:\/\/somaworks.nl\/open-application\/"]}]},{"@type":"BreadcrumbList","@id":"https:\/\/somaworks.nl\/open-application\/#breadcrumb","itemListElement":[{"@type":"ListItem","position":1,"name":"Home","item":"https:\/\/somaworks.nl\/"},{"@type":"ListItem","position":2,"name":"Open application"}]},{"@type":"WebSite","@id":"https:\/\/somaworks.nl\/#website","url":"https:\/\/somaworks.nl\/","name":"SOMA Works","description":"Specialist in technisch personeel","publisher":{"@id":"https:\/\/somaworks.nl\/#organization"},"potentialAction":[{"@type":"SearchAction","target":{"@type":"EntryPoint","urlTemplate":"https:\/\/somaworks.nl\/?s={search_term_string}"},"query-input":{"@type":"PropertyValueSpecification","valueRequired":true,"valueName":"search_term_string"}}],"inLanguage":"pl-PL"},{"@type":"Organization","@id":"https:\/\/somaworks.nl\/#organization","name":"SOMA Works","url":"https:\/\/somaworks.nl\/","logo":{"@type":"ImageObject","inLanguage":"pl-PL","@id":"https:\/\/somaworks.nl\/#\/schema\/logo\/image\/","url":"https:\/\/somaworks.nl\/wp-content\/uploads\/2021\/09\/SOMA-works.png","contentUrl":"https:\/\/somaworks.nl\/wp-content\/uploads\/2021\/09\/SOMA-works.png","width":2095,"height":2095,"caption":"SOMA Works"},"image":{"@id":"https:\/\/somaworks.nl\/#\/schema\/logo\/image\/"},"sameAs":["https:\/\/www.facebook.com\/somaworksbv\/","https:\/\/www.instagram.com\/somaworksbv\/","https:\/\/www.linkedin.com\/company\/soma-works-specialist-in-technisch-personeel\/"]}]}},"_links":{"self":[{"href":"https:\/\/somaworks.nl\/pl\/wp-json\/wp\/v2\/pages\/2395","targetHints":{"allow":["GET"]}}],"collection":[{"href":"https:\/\/somaworks.nl\/pl\/wp-json\/wp\/v2\/pages"}],"about":[{"href":"https:\/\/somaworks.nl\/pl\/wp-json\/wp\/v2\/types\/page"}],"author":[{"embeddable":true,"href":"https:\/\/somaworks.nl\/pl\/wp-json\/wp\/v2\/users\/2"}],"replies":[{"embeddable":true,"href":"https:\/\/somaworks.nl\/pl\/wp-json\/wp\/v2\/comments?post=2395"}],"version-history":[{"count":0,"href":"https:\/\/somaworks.nl\/pl\/wp-json\/wp\/v2\/pages\/2395\/revisions"}],"wp:attachment":[{"href":"https:\/\/somaworks.nl\/pl\/wp-json\/wp\/v2\/media?parent=2395"}],"curies":[{"name":"wp","href":"https:\/\/api.w.org\/{rel}","templated":true}]}}