{"id":339,"date":"2020-07-01T13:00:41","date_gmt":"2020-07-01T13:00:41","guid":{"rendered":"https:\/\/sw.mijn.startmetgemak.site\/?page_id=339"},"modified":"2021-01-01T18:40:45","modified_gmt":"2021-01-01T18:40:45","slug":"ik-zoek-werk","status":"publish","type":"page","link":"https:\/\/somaworks.nl\/pl\/ik-zoek-werk\/","title":{"rendered":"Szukam pracy"},"content":{"rendered":"<p>Szukasz nowego etapu w swojej karierze technicznej? A mo\u017ce chcia\u0142by\u015b szybko zdoby\u0107 do\u015bwiadczenie, pracuj\u0105c jako pracownik tymczasowy? Je\u015bli entuzjastycznie podchodzisz do wyzwa\u0144 technicznych, w SOMA Works znajdziesz co\u015b dla siebie. Dbamy o to, aby specjali\u015bci techniczni tacy jak Ty mogli pracowa\u0107 dla najlepszych klient\u00f3w. Od ma\u0142ych firm w niewielkiej odleg\u0142o\u015bci od domu po du\u017ce firmy z wewn\u0119trznymi mo\u017cliwo\u015bciami rozwoju; ka\u017cdego dnia pracujemy nad stworzeniem idealnego miejsca pracy.<\/p>\n<h2>Indywidualne podej\u015bcie<\/h2>\n<p>Jako agencja po\u015brednictwa pracy w bran\u017cy technicznej dbamy o to, aby\u015b otrzyma\u0142 ciekaw\u0105, pe\u0142n\u0105 wyzwa\u0144 prac\u0119, kt\u00f3ra Ci odpowiada. Dlatego jeste\u015bmy ciekawi Twoich ambicji, specjalizacji i tego, co sprawia, \u017ce jeste\u015b entuzjastycznie nastawiony. W zwi\u0105zku z tym zawsze zapraszamy osoby poszukuj\u0105ce pracy do osobistego spotkania w naszym biurze w Maastricht lub Weert. Wsp\u00f3lnie z jednym z naszych specjalist\u00f3w przeanalizujemy Twoje wykszta\u0142cenie, do\u015bwiadczenie zawodowe, charakter i ambicje. Spo\u015br\u00f3d szerokiego grona naszych klient\u00f3w sprawdzimy, kt\u00f3ry z nich najbardziej Ci odpowiada pod wzgl\u0119dem kultury organizacyjnej i zakresu zada\u0144.<\/p>\n<h2>Dbanie o swoj\u0105 karier\u0119<\/h2>\n<p>Oczywi\u015bcie czerpanie przyjemno\u015bci z pracy wykracza poza wykonywanie trudnych zada\u0144 i otrzymywanie dobrego wynagrodzenia. Rozpoczynaj\u0105c prac\u0119 u nas, natychmiast otrzymasz odpowiedni\u0105 odzie\u017c robocz\u0105 i niezb\u0119dne \u015brodki ochrony indywidualnej bez \u017cadnych op\u0142at. Zapewniamy r\u00f3wnie\u017c dobre \u015bwiadczenia socjalne, terminowe p\u0142atno\u015bci i osobist\u0105 obs\u0142ug\u0119. Ale w naszych oczach bycie dobrym pracodawc\u0105 wykracza poza to. Dlatego lubimy wsp\u00f3lnie z Tob\u0105 my\u015ble\u0107 o Twoim rozwoju osobistym i zawsze jeste\u015bmy do Twojej dyspozycji, je\u015bli masz jakie\u015b pytania. Na przyk\u0142ad, czy chcia\u0142by\u015b si\u0119 dalej szkoli\u0107 i potrzebujesz pomocy w wyborze odpowiedniego kursu? A mo\u017ce masz ambicj\u0119 przekwalifikowania si\u0119, ale najpierw chcesz wiedzie\u0107, czego mo\u017cesz oczekiwa\u0107 od bran\u017cy technicznej? Cieszymy si\u0119, \u017ce mo\u017cemy wsp\u00f3lnie z Tob\u0105 my\u015ble\u0107 i odgrywa\u0107 aktywn\u0105 rol\u0119 w planowaniu Twojej kariery.<\/p>\n<h2>Czego mo\u017cna oczekiwa\u0107 od SOMA Works:<\/h2>\n<ul>\n<li>Indywidualne podej\u015bcie i wiedza w danej dziedzinie<\/li>\n<li>Szerokie mo\u017cliwo\u015bci dalszego rozwoju poprzez kursy i szkolenia<\/li>\n<li>Odzie\u017c robocza i \u015brodki ochrony indywidualnej<\/li>\n<li>Du\u017ca sie\u0107 firm, do kt\u00f3rych mo\u017cemy Ci\u0119 wprowadzi\u0107<\/li>\n<li>Kr\u00f3tkie linie, otwarta komunikacja i jeden punkt kontaktowy<\/li>\n<li>Dobre us\u0142ugi socjalne<\/li>\n<\/ul>\n<p>Nie mo\u017cesz si\u0119 doczeka\u0107, aby nas pozna\u0107? My r\u00f3wnie\u017c jeste\u015bmy ciekawi Ciebie! Je\u015bli zostawisz swoje dane za po\u015brednictwem strony kontaktowej, upewnimy si\u0119, \u017ce wkr\u00f3tce si\u0119 odezwiemy.<\/p>\n<p>&nbsp;<\/p>\n<p>&nbsp;<\/p>\n<p>&nbsp;<\/p>","protected":false},"excerpt":{"rendered":"<p>Ben jij op zoek naar een nieuwe stap in je technische carri\u00e8re? Of wil je snel veel ervaring op doen door als uitzendkracht aan de slag te gaan? Als jij enthousiast wordt van een technische uitdaging pas jij precies in [&#8230;] <\/p>","protected":false},"author":2,"featured_media":1947,"parent":0,"menu_order":40,"comment_status":"closed","ping_status":"closed","template":"","meta":{"_acf_changed":false,"footnotes":""},"class_list":["post-339","page","type-page","status-publish","has-post-thumbnail","hentry"],"acf":[],"yoast_head":"<!-- This site is optimized with the Yoast SEO plugin v27.5 - https:\/\/yoast.com\/product\/yoast-seo-wordpress\/ -->\n<title>Ik zoek werk - SOMA Works<\/title>\n<meta name=\"robots\" content=\"index, follow, max-snippet:-1, max-image-preview:large, max-video-preview:-1\" \/>\n<link rel=\"canonical\" href=\"https:\/\/somaworks.nl\/pl\/ik-zoek-werk\/\" \/>\n<meta property=\"og:locale\" content=\"pl_PL\" \/>\n<meta property=\"og:type\" content=\"article\" \/>\n<meta property=\"og:title\" content=\"Ik zoek werk - SOMA Works\" \/>\n<meta property=\"og:description\" content=\"Ben jij op zoek naar een nieuwe stap in je technische carri\u00e8re? Of wil je snel veel ervaring op doen door als uitzendkracht aan de slag te gaan? Als jij enthousiast wordt van een technische uitdaging pas jij precies in [...]\" \/>\n<meta property=\"og:url\" content=\"https:\/\/somaworks.nl\/pl\/ik-zoek-werk\/\" \/>\n<meta property=\"og:site_name\" content=\"SOMA Works\" \/>\n<meta property=\"article:publisher\" content=\"https:\/\/www.facebook.com\/somaworksbv\/\" \/>\n<meta property=\"article:modified_time\" content=\"2021-01-01T18:40:45+00:00\" \/>\n<meta property=\"og:image\" content=\"https:\/\/somaworks.nl\/wp-content\/uploads\/2020\/12\/AdobeStock_360466297.jpg\" \/>\n\t<meta property=\"og:image:width\" content=\"2000\" \/>\n\t<meta property=\"og:image:height\" content=\"1335\" \/>\n\t<meta property=\"og:image:type\" content=\"image\/jpeg\" \/>\n<meta name=\"twitter:card\" content=\"summary_large_image\" \/>\n<meta name=\"twitter:label1\" content=\"Szacowany czas czytania\" \/>\n\t<meta name=\"twitter:data1\" content=\"2 minuty\" \/>\n<script type=\"application\/ld+json\" class=\"yoast-schema-graph\">{\"@context\":\"https:\\\/\\\/schema.org\",\"@graph\":[{\"@type\":\"WebPage\",\"@id\":\"https:\\\/\\\/somaworks.nl\\\/ik-zoek-werk\\\/\",\"url\":\"https:\\\/\\\/somaworks.nl\\\/ik-zoek-werk\\\/\",\"name\":\"Ik zoek werk - SOMA Works\",\"isPartOf\":{\"@id\":\"https:\\\/\\\/somaworks.nl\\\/#website\"},\"primaryImageOfPage\":{\"@id\":\"https:\\\/\\\/somaworks.nl\\\/ik-zoek-werk\\\/#primaryimage\"},\"image\":{\"@id\":\"https:\\\/\\\/somaworks.nl\\\/ik-zoek-werk\\\/#primaryimage\"},\"thumbnailUrl\":\"https:\\\/\\\/somaworks.nl\\\/wp-content\\\/uploads\\\/2020\\\/12\\\/AdobeStock_360466297.jpg\",\"datePublished\":\"2020-07-01T13:00:41+00:00\",\"dateModified\":\"2021-01-01T18:40:45+00:00\",\"breadcrumb\":{\"@id\":\"https:\\\/\\\/somaworks.nl\\\/ik-zoek-werk\\\/#breadcrumb\"},\"inLanguage\":\"pl-PL\",\"potentialAction\":[{\"@type\":\"ReadAction\",\"target\":[\"https:\\\/\\\/somaworks.nl\\\/ik-zoek-werk\\\/\"]}]},{\"@type\":\"ImageObject\",\"inLanguage\":\"pl-PL\",\"@id\":\"https:\\\/\\\/somaworks.nl\\\/ik-zoek-werk\\\/#primaryimage\",\"url\":\"https:\\\/\\\/somaworks.nl\\\/wp-content\\\/uploads\\\/2020\\\/12\\\/AdobeStock_360466297.jpg\",\"contentUrl\":\"https:\\\/\\\/somaworks.nl\\\/wp-content\\\/uploads\\\/2020\\\/12\\\/AdobeStock_360466297.jpg\",\"width\":2000,\"height\":1335},{\"@type\":\"BreadcrumbList\",\"@id\":\"https:\\\/\\\/somaworks.nl\\\/ik-zoek-werk\\\/#breadcrumb\",\"itemListElement\":[{\"@type\":\"ListItem\",\"position\":1,\"name\":\"Home\",\"item\":\"https:\\\/\\\/somaworks.nl\\\/\"},{\"@type\":\"ListItem\",\"position\":2,\"name\":\"Ik zoek werk\"}]},{\"@type\":\"WebSite\",\"@id\":\"https:\\\/\\\/somaworks.nl\\\/#website\",\"url\":\"https:\\\/\\\/somaworks.nl\\\/\",\"name\":\"SOMA Works\",\"description\":\"Specialist in technisch personeel\",\"publisher\":{\"@id\":\"https:\\\/\\\/somaworks.nl\\\/#organization\"},\"potentialAction\":[{\"@type\":\"SearchAction\",\"target\":{\"@type\":\"EntryPoint\",\"urlTemplate\":\"https:\\\/\\\/somaworks.nl\\\/?s={search_term_string}\"},\"query-input\":{\"@type\":\"PropertyValueSpecification\",\"valueRequired\":true,\"valueName\":\"search_term_string\"}}],\"inLanguage\":\"pl-PL\"},{\"@type\":\"Organization\",\"@id\":\"https:\\\/\\\/somaworks.nl\\\/#organization\",\"name\":\"SOMA Works\",\"url\":\"https:\\\/\\\/somaworks.nl\\\/\",\"logo\":{\"@type\":\"ImageObject\",\"inLanguage\":\"pl-PL\",\"@id\":\"https:\\\/\\\/somaworks.nl\\\/#\\\/schema\\\/logo\\\/image\\\/\",\"url\":\"https:\\\/\\\/somaworks.nl\\\/wp-content\\\/uploads\\\/2021\\\/09\\\/SOMA-works.png\",\"contentUrl\":\"https:\\\/\\\/somaworks.nl\\\/wp-content\\\/uploads\\\/2021\\\/09\\\/SOMA-works.png\",\"width\":2095,\"height\":2095,\"caption\":\"SOMA Works\"},\"image\":{\"@id\":\"https:\\\/\\\/somaworks.nl\\\/#\\\/schema\\\/logo\\\/image\\\/\"},\"sameAs\":[\"https:\\\/\\\/www.facebook.com\\\/somaworksbv\\\/\",\"https:\\\/\\\/www.instagram.com\\\/somaworksbv\\\/\",\"https:\\\/\\\/www.linkedin.com\\\/company\\\/soma-works-specialist-in-technisch-personeel\\\/\"]}]}<\/script>\n<!-- \/ Yoast SEO plugin. -->","yoast_head_json":{"title":"Ik zoek werk - SOMA Works","robots":{"index":"index","follow":"follow","max-snippet":"max-snippet:-1","max-image-preview":"max-image-preview:large","max-video-preview":"max-video-preview:-1"},"canonical":"https:\/\/somaworks.nl\/pl\/ik-zoek-werk\/","og_locale":"pl_PL","og_type":"article","og_title":"Ik zoek werk - SOMA Works","og_description":"Ben jij op zoek naar een nieuwe stap in je technische carri\u00e8re? Of wil je snel veel ervaring op doen door als uitzendkracht aan de slag te gaan? Als jij enthousiast wordt van een technische uitdaging pas jij precies in [...]","og_url":"https:\/\/somaworks.nl\/pl\/ik-zoek-werk\/","og_site_name":"SOMA Works","article_publisher":"https:\/\/www.facebook.com\/somaworksbv\/","article_modified_time":"2021-01-01T18:40:45+00:00","og_image":[{"width":2000,"height":1335,"url":"https:\/\/somaworks.nl\/wp-content\/uploads\/2020\/12\/AdobeStock_360466297.jpg","type":"image\/jpeg"}],"twitter_card":"summary_large_image","twitter_misc":{"Szacowany czas czytania":"2 minuty"},"schema":{"@context":"https:\/\/schema.org","@graph":[{"@type":"WebPage","@id":"https:\/\/somaworks.nl\/ik-zoek-werk\/","url":"https:\/\/somaworks.nl\/ik-zoek-werk\/","name":"Ik zoek werk - SOMA Works","isPartOf":{"@id":"https:\/\/somaworks.nl\/#website"},"primaryImageOfPage":{"@id":"https:\/\/somaworks.nl\/ik-zoek-werk\/#primaryimage"},"image":{"@id":"https:\/\/somaworks.nl\/ik-zoek-werk\/#primaryimage"},"thumbnailUrl":"https:\/\/somaworks.nl\/wp-content\/uploads\/2020\/12\/AdobeStock_360466297.jpg","datePublished":"2020-07-01T13:00:41+00:00","dateModified":"2021-01-01T18:40:45+00:00","breadcrumb":{"@id":"https:\/\/somaworks.nl\/ik-zoek-werk\/#breadcrumb"},"inLanguage":"pl-PL","potentialAction":[{"@type":"ReadAction","target":["https:\/\/somaworks.nl\/ik-zoek-werk\/"]}]},{"@type":"ImageObject","inLanguage":"pl-PL","@id":"https:\/\/somaworks.nl\/ik-zoek-werk\/#primaryimage","url":"https:\/\/somaworks.nl\/wp-content\/uploads\/2020\/12\/AdobeStock_360466297.jpg","contentUrl":"https:\/\/somaworks.nl\/wp-content\/uploads\/2020\/12\/AdobeStock_360466297.jpg","width":2000,"height":1335},{"@type":"BreadcrumbList","@id":"https:\/\/somaworks.nl\/ik-zoek-werk\/#breadcrumb","itemListElement":[{"@type":"ListItem","position":1,"name":"Home","item":"https:\/\/somaworks.nl\/"},{"@type":"ListItem","position":2,"name":"Ik zoek werk"}]},{"@type":"WebSite","@id":"https:\/\/somaworks.nl\/#website","url":"https:\/\/somaworks.nl\/","name":"SOMA Works","description":"Specialist in technisch personeel","publisher":{"@id":"https:\/\/somaworks.nl\/#organization"},"potentialAction":[{"@type":"SearchAction","target":{"@type":"EntryPoint","urlTemplate":"https:\/\/somaworks.nl\/?s={search_term_string}"},"query-input":{"@type":"PropertyValueSpecification","valueRequired":true,"valueName":"search_term_string"}}],"inLanguage":"pl-PL"},{"@type":"Organization","@id":"https:\/\/somaworks.nl\/#organization","name":"SOMA Works","url":"https:\/\/somaworks.nl\/","logo":{"@type":"ImageObject","inLanguage":"pl-PL","@id":"https:\/\/somaworks.nl\/#\/schema\/logo\/image\/","url":"https:\/\/somaworks.nl\/wp-content\/uploads\/2021\/09\/SOMA-works.png","contentUrl":"https:\/\/somaworks.nl\/wp-content\/uploads\/2021\/09\/SOMA-works.png","width":2095,"height":2095,"caption":"SOMA Works"},"image":{"@id":"https:\/\/somaworks.nl\/#\/schema\/logo\/image\/"},"sameAs":["https:\/\/www.facebook.com\/somaworksbv\/","https:\/\/www.instagram.com\/somaworksbv\/","https:\/\/www.linkedin.com\/company\/soma-works-specialist-in-technisch-personeel\/"]}]}},"_links":{"self":[{"href":"https:\/\/somaworks.nl\/pl\/wp-json\/wp\/v2\/pages\/339","targetHints":{"allow":["GET"]}}],"collection":[{"href":"https:\/\/somaworks.nl\/pl\/wp-json\/wp\/v2\/pages"}],"about":[{"href":"https:\/\/somaworks.nl\/pl\/wp-json\/wp\/v2\/types\/page"}],"author":[{"embeddable":true,"href":"https:\/\/somaworks.nl\/pl\/wp-json\/wp\/v2\/users\/2"}],"replies":[{"embeddable":true,"href":"https:\/\/somaworks.nl\/pl\/wp-json\/wp\/v2\/comments?post=339"}],"version-history":[{"count":0,"href":"https:\/\/somaworks.nl\/pl\/wp-json\/wp\/v2\/pages\/339\/revisions"}],"wp:featuredmedia":[{"embeddable":true,"href":"https:\/\/somaworks.nl\/pl\/wp-json\/wp\/v2\/media\/1947"}],"wp:attachment":[{"href":"https:\/\/somaworks.nl\/pl\/wp-json\/wp\/v2\/media?parent=339"}],"curies":[{"name":"wp","href":"https:\/\/api.w.org\/{rel}","templated":true}]}}