{"id":342,"date":"2020-07-01T13:01:02","date_gmt":"2020-07-01T13:01:02","guid":{"rendered":"https:\/\/sw.mijn.startmetgemak.site\/?page_id=342"},"modified":"2020-12-23T15:30:36","modified_gmt":"2020-12-23T15:30:36","slug":"opleidingsmogelijkheden","status":"publish","type":"page","link":"https:\/\/somaworks.nl\/pl\/ik-zoek-werk\/opleidingsmogelijkheden\/","title":{"rendered":"Mo\u017cliwo\u015bci szkoleniowe"},"content":{"rendered":"<p>Czy chcia\u0142by\u015b si\u0119 przekwalifikowa\u0107? A mo\u017ce uwa\u017casz, \u017ce nigdy nie b\u0119dziesz wystarczaj\u0105co wykwalifikowany? W SOMA Works lubimy pracowa\u0107 z lud\u017ami, kt\u00f3rzy chc\u0105 si\u0119 rozwija\u0107. Jako agencja pracy tymczasowej dok\u0142adnie wiemy, na co jest du\u017ce zapotrzebowanie i gdzie s\u0105 mo\u017cliwo\u015bci, aby umie\u015bci\u0107 Ci\u0119 na rynku w jak najbardziej atrakcyjny spos\u00f3b. Dlatego z przyjemno\u015bci\u0105 wsp\u00f3\u0142pracujemy z Tob\u0105 w celu znalezienia rozwi\u0105zania w zakresie szkole\u0144, aby\u015b m\u00f3g\u0142 cieszy\u0107 si\u0119 chodzeniem do pracy (ponownie).<\/p>\n<p><strong>Indywidualne podej\u015bcie<br \/>\n<\/strong>Je\u015bli rozpoczniesz prac\u0119 za po\u015brednictwem SOMA Works, zostanie Ci przydzielony osobisty specjalista, kt\u00f3ry z zaanga\u017cowaniem pomo\u017ce Ci i\u015b\u0107 naprz\u00f3d. Zastanowi si\u0119 on wsp\u00f3lnie z Tob\u0105 nad Twoimi ambicjami i krokami, kt\u00f3re mo\u017cna podj\u0105\u0107, aby je zrealizowa\u0107. Bierzemy r\u00f3wnie\u017c pod uwag\u0119 trendy, kt\u00f3re obserwujemy na rynku i pytania, kt\u00f3re otrzymujemy od pracodawc\u00f3w. W ten spos\u00f3b zapewniamy, \u017ce czas zainwestowany w program szkoleniowy faktycznie przyczyni si\u0119 do rozwoju Twojej kariery. Dlatego wychodzimy poza regularne szkolenia, kursy i edukacj\u0119 i oferujemy r\u00f3wnie\u017c szkolenia wewn\u0119trzne. W ten spos\u00f3b zawsze zapewniamy, \u017ce Twoja \u015bcie\u017cka szkoleniowa jest dostosowana do Twoich potrzeb.<\/p>\n<p><strong>\u015acie\u017cka edukacyjna dla ka\u017cdego<\/strong><\/p>\n<p>Niezale\u017cnie od tego, czy jeste\u015b profesjonalist\u0105 z wieloletnim do\u015bwiadczeniem, czy szukasz mo\u017cliwo\u015bci przekwalifikowania si\u0119: w SOMA Works mamy odpowiedni\u0105 \u015bcie\u017ck\u0119 kszta\u0142cenia dla ka\u017cdego. W ten spos\u00f3b zapewniamy, \u017ce znajdziesz wyzwanie (ponownie), a poda\u017c i popyt s\u0105 lepiej dopasowane.<\/p>\n<p>&nbsp;<\/p>\n<p>Czego mo\u017cna oczekiwa\u0107 od szkole\u0144 oferowanych przez SOMA Works?<\/p>\n<ul>\n<li>Szeroki zakres kurs\u00f3w, w tym: VCA, mechanik ko\u0142nierzowy, wykaszarka szczotkowa, w\u00f3zek wid\u0142owy itp.<\/li>\n<li>Nieograniczone mo\u017cliwo\u015bci uczestnictwa w kursach technicznych, takich jak technika instalacyjna i elektrotechnika.<\/li>\n<li>Trasy BBL i kursy w pe\u0142nym wymiarze godzin<\/li>\n<li>Indywidualne szkolenia wewn\u0119trzne u naszych klient\u00f3w<\/li>\n<\/ul>\n<p>&nbsp;<\/p>\n<p>Chcesz dowiedzie\u0107 si\u0119 wi\u0119cej o naszych mo\u017cliwo\u015bciach szkoleniowych? A mo\u017ce interesuj\u0105 Ci\u0119 trendy, kt\u00f3re odkryli\u015bmy na rynku? Skontaktuj si\u0119 z nami jak najszybciej, aby\u015bmy mogli Ci pom\u00f3c.<\/p>\n<p>&nbsp;<\/p>\n<p>&nbsp;<\/p>","protected":false},"excerpt":{"rendered":"<p>Czy chcia\u0142by\u015b si\u0119 przekwalifikowa\u0107? A mo\u017ce uwa\u017casz, \u017ce nigdy nie b\u0119dziesz wystarczaj\u0105co wykwalifikowany? W SOMA Works lubimy pracowa\u0107 z lud\u017ami, kt\u00f3rzy chc\u0105 si\u0119 rozwija\u0107. Jako agencja pracy tymczasowej dok\u0142adnie wiemy, na co jest du\u017ce zapotrzebowanie i [...] <\/p>","protected":false},"author":2,"featured_media":1928,"parent":339,"menu_order":41,"comment_status":"closed","ping_status":"closed","template":"","meta":{"_acf_changed":false,"footnotes":""},"class_list":["post-342","page","type-page","status-publish","has-post-thumbnail","hentry"],"acf":[],"yoast_head":"<!-- This site is optimized with the Yoast SEO plugin v27.4 - https:\/\/yoast.com\/product\/yoast-seo-wordpress\/ -->\n<title>Opleidingsmogelijkheden - SOMA Works<\/title>\n<meta name=\"robots\" content=\"index, follow, max-snippet:-1, max-image-preview:large, max-video-preview:-1\" \/>\n<link rel=\"canonical\" href=\"https:\/\/somaworks.nl\/pl\/ik-zoek-werk\/opleidingsmogelijkheden\/\" \/>\n<meta property=\"og:locale\" content=\"pl_PL\" \/>\n<meta property=\"og:type\" content=\"article\" \/>\n<meta property=\"og:title\" content=\"Opleidingsmogelijkheden - SOMA Works\" \/>\n<meta property=\"og:description\" content=\"Wil je je graag omscholen? Of ben je van mening nooit genoeg geschoold te kunnen zijn? Bij SOMA Works werken we graag met mensen die zichzelf willen blijven ontwikkelen. Als uitzendbureau weten wij precies waar veel vraag naar is en [...]\" \/>\n<meta property=\"og:url\" content=\"https:\/\/somaworks.nl\/pl\/ik-zoek-werk\/opleidingsmogelijkheden\/\" \/>\n<meta property=\"og:site_name\" content=\"SOMA Works\" \/>\n<meta property=\"article:publisher\" content=\"https:\/\/www.facebook.com\/somaworksbv\/\" \/>\n<meta property=\"article:modified_time\" content=\"2020-12-23T15:30:36+00:00\" \/>\n<meta property=\"og:image\" content=\"https:\/\/somaworks.nl\/wp-content\/uploads\/2020\/12\/AdobeStock_129571873.jpg\" \/>\n\t<meta property=\"og:image:width\" content=\"2000\" \/>\n\t<meta property=\"og:image:height\" content=\"1333\" \/>\n\t<meta property=\"og:image:type\" content=\"image\/jpeg\" \/>\n<meta name=\"twitter:card\" content=\"summary_large_image\" \/>\n<meta name=\"twitter:label1\" content=\"Szacowany czas czytania\" \/>\n\t<meta name=\"twitter:data1\" content=\"2 minuty\" \/>\n<script type=\"application\/ld+json\" class=\"yoast-schema-graph\">{\"@context\":\"https:\\\/\\\/schema.org\",\"@graph\":[{\"@type\":\"WebPage\",\"@id\":\"https:\\\/\\\/somaworks.nl\\\/ik-zoek-werk\\\/opleidingsmogelijkheden\\\/\",\"url\":\"https:\\\/\\\/somaworks.nl\\\/ik-zoek-werk\\\/opleidingsmogelijkheden\\\/\",\"name\":\"Opleidingsmogelijkheden - SOMA Works\",\"isPartOf\":{\"@id\":\"https:\\\/\\\/somaworks.nl\\\/#website\"},\"primaryImageOfPage\":{\"@id\":\"https:\\\/\\\/somaworks.nl\\\/ik-zoek-werk\\\/opleidingsmogelijkheden\\\/#primaryimage\"},\"image\":{\"@id\":\"https:\\\/\\\/somaworks.nl\\\/ik-zoek-werk\\\/opleidingsmogelijkheden\\\/#primaryimage\"},\"thumbnailUrl\":\"https:\\\/\\\/somaworks.nl\\\/wp-content\\\/uploads\\\/2020\\\/12\\\/AdobeStock_129571873.jpg\",\"datePublished\":\"2020-07-01T13:01:02+00:00\",\"dateModified\":\"2020-12-23T15:30:36+00:00\",\"breadcrumb\":{\"@id\":\"https:\\\/\\\/somaworks.nl\\\/ik-zoek-werk\\\/opleidingsmogelijkheden\\\/#breadcrumb\"},\"inLanguage\":\"pl-PL\",\"potentialAction\":[{\"@type\":\"ReadAction\",\"target\":[\"https:\\\/\\\/somaworks.nl\\\/ik-zoek-werk\\\/opleidingsmogelijkheden\\\/\"]}]},{\"@type\":\"ImageObject\",\"inLanguage\":\"pl-PL\",\"@id\":\"https:\\\/\\\/somaworks.nl\\\/ik-zoek-werk\\\/opleidingsmogelijkheden\\\/#primaryimage\",\"url\":\"https:\\\/\\\/somaworks.nl\\\/wp-content\\\/uploads\\\/2020\\\/12\\\/AdobeStock_129571873.jpg\",\"contentUrl\":\"https:\\\/\\\/somaworks.nl\\\/wp-content\\\/uploads\\\/2020\\\/12\\\/AdobeStock_129571873.jpg\",\"width\":2000,\"height\":1333},{\"@type\":\"BreadcrumbList\",\"@id\":\"https:\\\/\\\/somaworks.nl\\\/ik-zoek-werk\\\/opleidingsmogelijkheden\\\/#breadcrumb\",\"itemListElement\":[{\"@type\":\"ListItem\",\"position\":1,\"name\":\"Home\",\"item\":\"https:\\\/\\\/somaworks.nl\\\/\"},{\"@type\":\"ListItem\",\"position\":2,\"name\":\"Ik zoek werk\",\"item\":\"https:\\\/\\\/somaworks.nl\\\/ik-zoek-werk\\\/\"},{\"@type\":\"ListItem\",\"position\":3,\"name\":\"Opleidingsmogelijkheden\"}]},{\"@type\":\"WebSite\",\"@id\":\"https:\\\/\\\/somaworks.nl\\\/#website\",\"url\":\"https:\\\/\\\/somaworks.nl\\\/\",\"name\":\"SOMA Works\",\"description\":\"Specialist in technisch personeel\",\"publisher\":{\"@id\":\"https:\\\/\\\/somaworks.nl\\\/#organization\"},\"potentialAction\":[{\"@type\":\"SearchAction\",\"target\":{\"@type\":\"EntryPoint\",\"urlTemplate\":\"https:\\\/\\\/somaworks.nl\\\/?s={search_term_string}\"},\"query-input\":{\"@type\":\"PropertyValueSpecification\",\"valueRequired\":true,\"valueName\":\"search_term_string\"}}],\"inLanguage\":\"pl-PL\"},{\"@type\":\"Organization\",\"@id\":\"https:\\\/\\\/somaworks.nl\\\/#organization\",\"name\":\"SOMA Works\",\"url\":\"https:\\\/\\\/somaworks.nl\\\/\",\"logo\":{\"@type\":\"ImageObject\",\"inLanguage\":\"pl-PL\",\"@id\":\"https:\\\/\\\/somaworks.nl\\\/#\\\/schema\\\/logo\\\/image\\\/\",\"url\":\"https:\\\/\\\/somaworks.nl\\\/wp-content\\\/uploads\\\/2021\\\/09\\\/SOMA-works.png\",\"contentUrl\":\"https:\\\/\\\/somaworks.nl\\\/wp-content\\\/uploads\\\/2021\\\/09\\\/SOMA-works.png\",\"width\":2095,\"height\":2095,\"caption\":\"SOMA Works\"},\"image\":{\"@id\":\"https:\\\/\\\/somaworks.nl\\\/#\\\/schema\\\/logo\\\/image\\\/\"},\"sameAs\":[\"https:\\\/\\\/www.facebook.com\\\/somaworksbv\\\/\",\"https:\\\/\\\/www.instagram.com\\\/somaworksbv\\\/\",\"https:\\\/\\\/www.linkedin.com\\\/company\\\/soma-works-specialist-in-technisch-personeel\\\/\"]}]}<\/script>\n<!-- \/ Yoast SEO plugin. -->","yoast_head_json":{"title":"Opleidingsmogelijkheden - SOMA Works","robots":{"index":"index","follow":"follow","max-snippet":"max-snippet:-1","max-image-preview":"max-image-preview:large","max-video-preview":"max-video-preview:-1"},"canonical":"https:\/\/somaworks.nl\/pl\/ik-zoek-werk\/opleidingsmogelijkheden\/","og_locale":"pl_PL","og_type":"article","og_title":"Opleidingsmogelijkheden - SOMA Works","og_description":"Wil je je graag omscholen? Of ben je van mening nooit genoeg geschoold te kunnen zijn? Bij SOMA Works werken we graag met mensen die zichzelf willen blijven ontwikkelen. Als uitzendbureau weten wij precies waar veel vraag naar is en [...]","og_url":"https:\/\/somaworks.nl\/pl\/ik-zoek-werk\/opleidingsmogelijkheden\/","og_site_name":"SOMA Works","article_publisher":"https:\/\/www.facebook.com\/somaworksbv\/","article_modified_time":"2020-12-23T15:30:36+00:00","og_image":[{"width":2000,"height":1333,"url":"https:\/\/somaworks.nl\/wp-content\/uploads\/2020\/12\/AdobeStock_129571873.jpg","type":"image\/jpeg"}],"twitter_card":"summary_large_image","twitter_misc":{"Szacowany czas czytania":"2 minuty"},"schema":{"@context":"https:\/\/schema.org","@graph":[{"@type":"WebPage","@id":"https:\/\/somaworks.nl\/ik-zoek-werk\/opleidingsmogelijkheden\/","url":"https:\/\/somaworks.nl\/ik-zoek-werk\/opleidingsmogelijkheden\/","name":"Opleidingsmogelijkheden - SOMA Works","isPartOf":{"@id":"https:\/\/somaworks.nl\/#website"},"primaryImageOfPage":{"@id":"https:\/\/somaworks.nl\/ik-zoek-werk\/opleidingsmogelijkheden\/#primaryimage"},"image":{"@id":"https:\/\/somaworks.nl\/ik-zoek-werk\/opleidingsmogelijkheden\/#primaryimage"},"thumbnailUrl":"https:\/\/somaworks.nl\/wp-content\/uploads\/2020\/12\/AdobeStock_129571873.jpg","datePublished":"2020-07-01T13:01:02+00:00","dateModified":"2020-12-23T15:30:36+00:00","breadcrumb":{"@id":"https:\/\/somaworks.nl\/ik-zoek-werk\/opleidingsmogelijkheden\/#breadcrumb"},"inLanguage":"pl-PL","potentialAction":[{"@type":"ReadAction","target":["https:\/\/somaworks.nl\/ik-zoek-werk\/opleidingsmogelijkheden\/"]}]},{"@type":"ImageObject","inLanguage":"pl-PL","@id":"https:\/\/somaworks.nl\/ik-zoek-werk\/opleidingsmogelijkheden\/#primaryimage","url":"https:\/\/somaworks.nl\/wp-content\/uploads\/2020\/12\/AdobeStock_129571873.jpg","contentUrl":"https:\/\/somaworks.nl\/wp-content\/uploads\/2020\/12\/AdobeStock_129571873.jpg","width":2000,"height":1333},{"@type":"BreadcrumbList","@id":"https:\/\/somaworks.nl\/ik-zoek-werk\/opleidingsmogelijkheden\/#breadcrumb","itemListElement":[{"@type":"ListItem","position":1,"name":"Home","item":"https:\/\/somaworks.nl\/"},{"@type":"ListItem","position":2,"name":"Ik zoek werk","item":"https:\/\/somaworks.nl\/ik-zoek-werk\/"},{"@type":"ListItem","position":3,"name":"Opleidingsmogelijkheden"}]},{"@type":"WebSite","@id":"https:\/\/somaworks.nl\/#website","url":"https:\/\/somaworks.nl\/","name":"SOMA Works","description":"Specialist in technisch personeel","publisher":{"@id":"https:\/\/somaworks.nl\/#organization"},"potentialAction":[{"@type":"SearchAction","target":{"@type":"EntryPoint","urlTemplate":"https:\/\/somaworks.nl\/?s={search_term_string}"},"query-input":{"@type":"PropertyValueSpecification","valueRequired":true,"valueName":"search_term_string"}}],"inLanguage":"pl-PL"},{"@type":"Organization","@id":"https:\/\/somaworks.nl\/#organization","name":"SOMA Works","url":"https:\/\/somaworks.nl\/","logo":{"@type":"ImageObject","inLanguage":"pl-PL","@id":"https:\/\/somaworks.nl\/#\/schema\/logo\/image\/","url":"https:\/\/somaworks.nl\/wp-content\/uploads\/2021\/09\/SOMA-works.png","contentUrl":"https:\/\/somaworks.nl\/wp-content\/uploads\/2021\/09\/SOMA-works.png","width":2095,"height":2095,"caption":"SOMA Works"},"image":{"@id":"https:\/\/somaworks.nl\/#\/schema\/logo\/image\/"},"sameAs":["https:\/\/www.facebook.com\/somaworksbv\/","https:\/\/www.instagram.com\/somaworksbv\/","https:\/\/www.linkedin.com\/company\/soma-works-specialist-in-technisch-personeel\/"]}]}},"_links":{"self":[{"href":"https:\/\/somaworks.nl\/pl\/wp-json\/wp\/v2\/pages\/342","targetHints":{"allow":["GET"]}}],"collection":[{"href":"https:\/\/somaworks.nl\/pl\/wp-json\/wp\/v2\/pages"}],"about":[{"href":"https:\/\/somaworks.nl\/pl\/wp-json\/wp\/v2\/types\/page"}],"author":[{"embeddable":true,"href":"https:\/\/somaworks.nl\/pl\/wp-json\/wp\/v2\/users\/2"}],"replies":[{"embeddable":true,"href":"https:\/\/somaworks.nl\/pl\/wp-json\/wp\/v2\/comments?post=342"}],"version-history":[{"count":0,"href":"https:\/\/somaworks.nl\/pl\/wp-json\/wp\/v2\/pages\/342\/revisions"}],"up":[{"embeddable":true,"href":"https:\/\/somaworks.nl\/pl\/wp-json\/wp\/v2\/pages\/339"}],"wp:featuredmedia":[{"embeddable":true,"href":"https:\/\/somaworks.nl\/pl\/wp-json\/wp\/v2\/media\/1928"}],"wp:attachment":[{"href":"https:\/\/somaworks.nl\/pl\/wp-json\/wp\/v2\/media?parent=342"}],"curies":[{"name":"wp","href":"https:\/\/api.w.org\/{rel}","templated":true}]}}