{"id":345,"date":"2020-07-01T13:01:36","date_gmt":"2020-07-01T13:01:36","guid":{"rendered":"https:\/\/sw.mijn.startmetgemak.site\/?page_id=345"},"modified":"2020-12-13T18:19:13","modified_gmt":"2020-12-13T18:19:13","slug":"pbms","status":"publish","type":"page","link":"https:\/\/somaworks.nl\/pl\/ik-zoek-werk\/pbms\/","title":{"rendered":"\u015aOI"},"content":{"rendered":"<p>W SOMA Works wa\u017cne jest dla nas, aby\u015b czerpa\u0142 przyjemno\u015b\u0107 z pracy i pracowa\u0142 bezpiecznie. Aby chroni\u0107 Ci\u0119 przed zagro\u017ceniami bezpiecze\u0144stwa, zapewniamy \u015brodki ochrony indywidualnej (\u015aOI). Wsp\u00f3lnie z klientem analizujemy prac\u0119, kt\u00f3r\u0105 b\u0119dziesz wykonywa\u0107 i przygotowujemy pakiet \u015brodk\u00f3w ochrony indywidualnej i odzie\u017cy roboczej. Upewniamy si\u0119, \u017ce otrzymasz ten pakiet bezp\u0142atnie przed rozpocz\u0119ciem pierwszego dnia pracy. W ten spos\u00f3b zapewniamy beztroskie i bezpieczne rozpocz\u0119cie pracy.<\/p>\n<p><a style=\"color: #fff; display: inline-block; margin-top: 15px; margin-bottom: 15px; padding: 10px; background: #1488ca;\" href=\"\/pl\/ik-zoek-werk\/pbms\/bestel-pbms\/\">Zam\u00f3w \u015brodki ochrony indywidualnej bezpo\u015brednio <i class=\"fas fa-arrow-right\" aria-hidden=\"true\"><\/i><\/a><\/p>\n<p><strong>Twoje bezpiecze\u0144stwo jest najwa\u017cniejsze<\/strong><\/p>\n<p>Je\u015bli otrzyma\u0142e\u015b od nas \u015aOI, zak\u0142adamy, \u017ce b\u0119dziesz ich u\u017cywa\u0107 zgodnie z przeznaczeniem. Tw\u00f3j pracodawca zapewni Ci szkolenie i instrukcje, aby\u015b by\u0142 jak najlepiej chroniony przed zagro\u017ceniami dla bezpiecze\u0144stwa. W niekt\u00f3rych przypadkach otrzymasz r\u00f3wnie\u017c instrukcje na pi\u015bmie; dla w\u0142asnego bezpiecze\u0144stwa wa\u017cne jest, aby\u015b je dok\u0142adnie i regularnie przegl\u0105da\u0142. Masz pytania dotycz\u0105ce swojego bezpiecze\u0144stwa podczas pracy? Czujesz, \u017ce Twoje \u015aOI nie zapewniaj\u0105 wystarczaj\u0105cej ochrony? A mo\u017ce Twoje \u015brodki ochrony indywidualnej wymagaj\u0105 wymiany? Skontaktuj si\u0119 z nami jak najszybciej. Twoje bezpiecze\u0144stwo jest dla nas najwa\u017cniejsze!<\/p>\n<p><strong>Bezp\u0142atna odzie\u017c robocza i \u015brodki ochrony indywidualnej<\/strong><\/p>\n<p>Wa\u017cne jest dla nas, aby ka\u017cdy, kto pracuje za po\u015brednictwem SOMA Works, pracowa\u0142 bezpiecznie. Dlatego zapewniamy bezp\u0142atnie wszystkie materia\u0142y potrzebne do bezpiecznej pracy.<\/p>\n<p>Zapewniamy mi\u0119dzy innymi:<\/p>\n<ul>\n<li>Ochrona s\u0142uchu<\/li>\n<li>Okulary ochronne<\/li>\n<li>Odzie\u017c ochronna<\/li>\n<li>Obuwie ochronne<\/li>\n<li>Ochrona r\u0105k<\/li>\n<li>Ochrona twarzy<\/li>\n<li>Kaski<\/li>\n<\/ul>\n<p>&nbsp;<\/p>\n<p>Potrzebujesz szybko nowych \u015brodk\u00f3w ochrony indywidualnej? Skontaktuj si\u0119 z osob\u0105 kontaktow\u0105 lub wype\u0142nij poni\u017cszy formularz.<\/p>\n<p><a style=\"color: #fff; display: inline-block; margin-top: 15px; margin-bottom: 15px; padding: 10px; background: #1488ca;\" href=\"\/pl\/ik-zoek-werk\/pbms\/bestel-pbms\/\">Zam\u00f3w \u015brodki ochrony indywidualnej bezpo\u015brednio <i class=\"fas fa-arrow-right\" aria-hidden=\"true\"><\/i><\/a><\/p>","protected":false},"excerpt":{"rendered":"<p>W SOMA Works wa\u017cne jest dla nas, aby\u015b czerpa\u0142 przyjemno\u015b\u0107 z pracy i pracowa\u0142 bezpiecznie. Aby chroni\u0107 Ci\u0119 przed zagro\u017ceniami bezpiecze\u0144stwa, zapewniamy \u015brodki ochrony indywidualnej (\u015aOI). Wsp\u00f3lnie z klientem przygl\u0105damy si\u0119 pracy, kt\u00f3ra [...] <\/p>","protected":false},"author":2,"featured_media":90,"parent":339,"menu_order":41,"comment_status":"closed","ping_status":"closed","template":"","meta":{"_acf_changed":false,"footnotes":""},"class_list":["post-345","page","type-page","status-publish","has-post-thumbnail","hentry"],"acf":[],"yoast_head":"<!-- This site is optimized with the Yoast SEO plugin v27.4 - https:\/\/yoast.com\/product\/yoast-seo-wordpress\/ -->\n<title>PBM\u2019s - SOMA Works<\/title>\n<meta name=\"robots\" content=\"index, follow, max-snippet:-1, max-image-preview:large, max-video-preview:-1\" \/>\n<link rel=\"canonical\" href=\"https:\/\/somaworks.nl\/pl\/ik-zoek-werk\/pbms\/\" \/>\n<meta property=\"og:locale\" content=\"pl_PL\" \/>\n<meta property=\"og:type\" content=\"article\" \/>\n<meta property=\"og:title\" content=\"PBM\u2019s - SOMA Works\" \/>\n<meta property=\"og:description\" content=\"Bij SOMA Works vinden we het belangrijk dat je met plezier en veilig aan het werk gaat. Om jou te beschermen tegen veiligheidsrisico\u2019s zorgen we daarom voor persoonlijke beschermingsmiddelen (PBM\u2019s). Samen met de opdrachtgever kijken we naar de werkzaamheden die [...]\" \/>\n<meta property=\"og:url\" content=\"https:\/\/somaworks.nl\/pl\/ik-zoek-werk\/pbms\/\" \/>\n<meta property=\"og:site_name\" content=\"SOMA Works\" \/>\n<meta property=\"article:publisher\" content=\"https:\/\/www.facebook.com\/somaworksbv\/\" \/>\n<meta property=\"article:modified_time\" content=\"2020-12-13T18:19:13+00:00\" \/>\n<meta property=\"og:image\" content=\"https:\/\/somaworks.nl\/wp-content\/uploads\/2020\/03\/woman-managing-production-XT5EQ9F.jpg\" \/>\n\t<meta property=\"og:image:width\" content=\"1400\" \/>\n\t<meta property=\"og:image:height\" content=\"933\" \/>\n\t<meta property=\"og:image:type\" content=\"image\/jpeg\" \/>\n<meta name=\"twitter:card\" content=\"summary_large_image\" \/>\n<meta name=\"twitter:label1\" content=\"Szacowany czas czytania\" \/>\n\t<meta name=\"twitter:data1\" content=\"1 minuta\" \/>\n<script type=\"application\/ld+json\" class=\"yoast-schema-graph\">{\"@context\":\"https:\\\/\\\/schema.org\",\"@graph\":[{\"@type\":\"WebPage\",\"@id\":\"https:\\\/\\\/somaworks.nl\\\/ik-zoek-werk\\\/pbms\\\/\",\"url\":\"https:\\\/\\\/somaworks.nl\\\/ik-zoek-werk\\\/pbms\\\/\",\"name\":\"PBM\u2019s - SOMA Works\",\"isPartOf\":{\"@id\":\"https:\\\/\\\/somaworks.nl\\\/#website\"},\"primaryImageOfPage\":{\"@id\":\"https:\\\/\\\/somaworks.nl\\\/ik-zoek-werk\\\/pbms\\\/#primaryimage\"},\"image\":{\"@id\":\"https:\\\/\\\/somaworks.nl\\\/ik-zoek-werk\\\/pbms\\\/#primaryimage\"},\"thumbnailUrl\":\"https:\\\/\\\/somaworks.nl\\\/wp-content\\\/uploads\\\/2020\\\/03\\\/woman-managing-production-XT5EQ9F.jpg\",\"datePublished\":\"2020-07-01T13:01:36+00:00\",\"dateModified\":\"2020-12-13T18:19:13+00:00\",\"breadcrumb\":{\"@id\":\"https:\\\/\\\/somaworks.nl\\\/ik-zoek-werk\\\/pbms\\\/#breadcrumb\"},\"inLanguage\":\"pl-PL\",\"potentialAction\":[{\"@type\":\"ReadAction\",\"target\":[\"https:\\\/\\\/somaworks.nl\\\/ik-zoek-werk\\\/pbms\\\/\"]}]},{\"@type\":\"ImageObject\",\"inLanguage\":\"pl-PL\",\"@id\":\"https:\\\/\\\/somaworks.nl\\\/ik-zoek-werk\\\/pbms\\\/#primaryimage\",\"url\":\"https:\\\/\\\/somaworks.nl\\\/wp-content\\\/uploads\\\/2020\\\/03\\\/woman-managing-production-XT5EQ9F.jpg\",\"contentUrl\":\"https:\\\/\\\/somaworks.nl\\\/wp-content\\\/uploads\\\/2020\\\/03\\\/woman-managing-production-XT5EQ9F.jpg\",\"width\":1400,\"height\":933,\"caption\":\"Portrait of female worker holding digital tablet while supervising production at factory, copy space\"},{\"@type\":\"BreadcrumbList\",\"@id\":\"https:\\\/\\\/somaworks.nl\\\/ik-zoek-werk\\\/pbms\\\/#breadcrumb\",\"itemListElement\":[{\"@type\":\"ListItem\",\"position\":1,\"name\":\"Home\",\"item\":\"https:\\\/\\\/somaworks.nl\\\/\"},{\"@type\":\"ListItem\",\"position\":2,\"name\":\"Ik zoek werk\",\"item\":\"https:\\\/\\\/somaworks.nl\\\/ik-zoek-werk\\\/\"},{\"@type\":\"ListItem\",\"position\":3,\"name\":\"PBM\u2019s\"}]},{\"@type\":\"WebSite\",\"@id\":\"https:\\\/\\\/somaworks.nl\\\/#website\",\"url\":\"https:\\\/\\\/somaworks.nl\\\/\",\"name\":\"SOMA Works\",\"description\":\"Specialist in technisch personeel\",\"publisher\":{\"@id\":\"https:\\\/\\\/somaworks.nl\\\/#organization\"},\"potentialAction\":[{\"@type\":\"SearchAction\",\"target\":{\"@type\":\"EntryPoint\",\"urlTemplate\":\"https:\\\/\\\/somaworks.nl\\\/?s={search_term_string}\"},\"query-input\":{\"@type\":\"PropertyValueSpecification\",\"valueRequired\":true,\"valueName\":\"search_term_string\"}}],\"inLanguage\":\"pl-PL\"},{\"@type\":\"Organization\",\"@id\":\"https:\\\/\\\/somaworks.nl\\\/#organization\",\"name\":\"SOMA Works\",\"url\":\"https:\\\/\\\/somaworks.nl\\\/\",\"logo\":{\"@type\":\"ImageObject\",\"inLanguage\":\"pl-PL\",\"@id\":\"https:\\\/\\\/somaworks.nl\\\/#\\\/schema\\\/logo\\\/image\\\/\",\"url\":\"https:\\\/\\\/somaworks.nl\\\/wp-content\\\/uploads\\\/2021\\\/09\\\/SOMA-works.png\",\"contentUrl\":\"https:\\\/\\\/somaworks.nl\\\/wp-content\\\/uploads\\\/2021\\\/09\\\/SOMA-works.png\",\"width\":2095,\"height\":2095,\"caption\":\"SOMA Works\"},\"image\":{\"@id\":\"https:\\\/\\\/somaworks.nl\\\/#\\\/schema\\\/logo\\\/image\\\/\"},\"sameAs\":[\"https:\\\/\\\/www.facebook.com\\\/somaworksbv\\\/\",\"https:\\\/\\\/www.instagram.com\\\/somaworksbv\\\/\",\"https:\\\/\\\/www.linkedin.com\\\/company\\\/soma-works-specialist-in-technisch-personeel\\\/\"]}]}<\/script>\n<!-- \/ Yoast SEO plugin. -->","yoast_head_json":{"title":"PBM\u2019s - SOMA Works","robots":{"index":"index","follow":"follow","max-snippet":"max-snippet:-1","max-image-preview":"max-image-preview:large","max-video-preview":"max-video-preview:-1"},"canonical":"https:\/\/somaworks.nl\/pl\/ik-zoek-werk\/pbms\/","og_locale":"pl_PL","og_type":"article","og_title":"PBM\u2019s - SOMA Works","og_description":"Bij SOMA Works vinden we het belangrijk dat je met plezier en veilig aan het werk gaat. Om jou te beschermen tegen veiligheidsrisico\u2019s zorgen we daarom voor persoonlijke beschermingsmiddelen (PBM\u2019s). Samen met de opdrachtgever kijken we naar de werkzaamheden die [...]","og_url":"https:\/\/somaworks.nl\/pl\/ik-zoek-werk\/pbms\/","og_site_name":"SOMA Works","article_publisher":"https:\/\/www.facebook.com\/somaworksbv\/","article_modified_time":"2020-12-13T18:19:13+00:00","og_image":[{"width":1400,"height":933,"url":"https:\/\/somaworks.nl\/wp-content\/uploads\/2020\/03\/woman-managing-production-XT5EQ9F.jpg","type":"image\/jpeg"}],"twitter_card":"summary_large_image","twitter_misc":{"Szacowany czas czytania":"1 minuta"},"schema":{"@context":"https:\/\/schema.org","@graph":[{"@type":"WebPage","@id":"https:\/\/somaworks.nl\/ik-zoek-werk\/pbms\/","url":"https:\/\/somaworks.nl\/ik-zoek-werk\/pbms\/","name":"PBM\u2019s - SOMA Works","isPartOf":{"@id":"https:\/\/somaworks.nl\/#website"},"primaryImageOfPage":{"@id":"https:\/\/somaworks.nl\/ik-zoek-werk\/pbms\/#primaryimage"},"image":{"@id":"https:\/\/somaworks.nl\/ik-zoek-werk\/pbms\/#primaryimage"},"thumbnailUrl":"https:\/\/somaworks.nl\/wp-content\/uploads\/2020\/03\/woman-managing-production-XT5EQ9F.jpg","datePublished":"2020-07-01T13:01:36+00:00","dateModified":"2020-12-13T18:19:13+00:00","breadcrumb":{"@id":"https:\/\/somaworks.nl\/ik-zoek-werk\/pbms\/#breadcrumb"},"inLanguage":"pl-PL","potentialAction":[{"@type":"ReadAction","target":["https:\/\/somaworks.nl\/ik-zoek-werk\/pbms\/"]}]},{"@type":"ImageObject","inLanguage":"pl-PL","@id":"https:\/\/somaworks.nl\/ik-zoek-werk\/pbms\/#primaryimage","url":"https:\/\/somaworks.nl\/wp-content\/uploads\/2020\/03\/woman-managing-production-XT5EQ9F.jpg","contentUrl":"https:\/\/somaworks.nl\/wp-content\/uploads\/2020\/03\/woman-managing-production-XT5EQ9F.jpg","width":1400,"height":933,"caption":"Portrait of female worker holding digital tablet while supervising production at factory, copy space"},{"@type":"BreadcrumbList","@id":"https:\/\/somaworks.nl\/ik-zoek-werk\/pbms\/#breadcrumb","itemListElement":[{"@type":"ListItem","position":1,"name":"Home","item":"https:\/\/somaworks.nl\/"},{"@type":"ListItem","position":2,"name":"Ik zoek werk","item":"https:\/\/somaworks.nl\/ik-zoek-werk\/"},{"@type":"ListItem","position":3,"name":"PBM\u2019s"}]},{"@type":"WebSite","@id":"https:\/\/somaworks.nl\/#website","url":"https:\/\/somaworks.nl\/","name":"SOMA Works","description":"Specialist in technisch personeel","publisher":{"@id":"https:\/\/somaworks.nl\/#organization"},"potentialAction":[{"@type":"SearchAction","target":{"@type":"EntryPoint","urlTemplate":"https:\/\/somaworks.nl\/?s={search_term_string}"},"query-input":{"@type":"PropertyValueSpecification","valueRequired":true,"valueName":"search_term_string"}}],"inLanguage":"pl-PL"},{"@type":"Organization","@id":"https:\/\/somaworks.nl\/#organization","name":"SOMA Works","url":"https:\/\/somaworks.nl\/","logo":{"@type":"ImageObject","inLanguage":"pl-PL","@id":"https:\/\/somaworks.nl\/#\/schema\/logo\/image\/","url":"https:\/\/somaworks.nl\/wp-content\/uploads\/2021\/09\/SOMA-works.png","contentUrl":"https:\/\/somaworks.nl\/wp-content\/uploads\/2021\/09\/SOMA-works.png","width":2095,"height":2095,"caption":"SOMA Works"},"image":{"@id":"https:\/\/somaworks.nl\/#\/schema\/logo\/image\/"},"sameAs":["https:\/\/www.facebook.com\/somaworksbv\/","https:\/\/www.instagram.com\/somaworksbv\/","https:\/\/www.linkedin.com\/company\/soma-works-specialist-in-technisch-personeel\/"]}]}},"_links":{"self":[{"href":"https:\/\/somaworks.nl\/pl\/wp-json\/wp\/v2\/pages\/345","targetHints":{"allow":["GET"]}}],"collection":[{"href":"https:\/\/somaworks.nl\/pl\/wp-json\/wp\/v2\/pages"}],"about":[{"href":"https:\/\/somaworks.nl\/pl\/wp-json\/wp\/v2\/types\/page"}],"author":[{"embeddable":true,"href":"https:\/\/somaworks.nl\/pl\/wp-json\/wp\/v2\/users\/2"}],"replies":[{"embeddable":true,"href":"https:\/\/somaworks.nl\/pl\/wp-json\/wp\/v2\/comments?post=345"}],"version-history":[{"count":0,"href":"https:\/\/somaworks.nl\/pl\/wp-json\/wp\/v2\/pages\/345\/revisions"}],"up":[{"embeddable":true,"href":"https:\/\/somaworks.nl\/pl\/wp-json\/wp\/v2\/pages\/339"}],"wp:featuredmedia":[{"embeddable":true,"href":"https:\/\/somaworks.nl\/pl\/wp-json\/wp\/v2\/media\/90"}],"wp:attachment":[{"href":"https:\/\/somaworks.nl\/pl\/wp-json\/wp\/v2\/media?parent=345"}],"curies":[{"name":"wp","href":"https:\/\/api.w.org\/{rel}","templated":true}]}}