{"id":347,"date":"2020-07-01T13:02:06","date_gmt":"2020-07-01T13:02:06","guid":{"rendered":"https:\/\/sw.mijn.startmetgemak.site\/?page_id=347"},"modified":"2020-12-23T15:29:37","modified_gmt":"2020-12-23T15:29:37","slug":"sollicitatie-procedure","status":"publish","type":"page","link":"https:\/\/somaworks.nl\/pl\/ik-zoek-werk\/sollicitatie-procedure\/","title":{"rendered":"Procedura sk\u0142adania wniosk\u00f3w"},"content":{"rendered":"<p>Super, \u017ce znalaz\u0142e\u015b ofert\u0119 pracy, kt\u00f3ra do Ciebie pasuje! Zanim zaczniesz aplikowa\u0107, chcieliby\u015bmy opowiedzie\u0107 Ci wi\u0119cej o naszym procesie rekrutacji, aby\u015b dok\u0142adnie wiedzia\u0142, czego mo\u017cesz si\u0119 po nas spodziewa\u0107.<\/p>\n<p style=\"text-align: center;\"><strong><i class=\"fas fa-desktop\"><\/i><br \/>\n1. Z\u0142\u00f3\u017c wniosek online<\/strong><\/p>\n<p style=\"text-align: center;\">Aplikuj \u0142atwo online na to stanowisko i nie zapomnij wype\u0142ni\u0107 swoich danych z CV tak kompletnie, jak to mo\u017cliwe.<\/p>\n<p style=\"text-align: center;\"><strong><i class=\"fas fa-phone\"><\/i><br \/>\n2. Otrzymanie odpowiedzi<\/strong><\/p>\n<p style=\"text-align: center;\">W ci\u0105gu 1 dnia roboczego skontaktujemy si\u0119 z Tob\u0105 w celu kr\u00f3tkiego wprowadzenia i um\u00f3wienia spotkania w naszym biurze.<\/p>\n<p style=\"text-align: center;\"><strong><i class=\"fas fa-user-friends\"><\/i><br \/>\n3. Wywiad wprowadzaj\u0105cy<\/strong><\/p>\n<p style=\"text-align: center;\">W biurze om\u00f3wimy Twoje CV oraz motywacj\u0119, kt\u00f3re czyni\u0105 Ci\u0119 idealnym kandydatem na to stanowisko. Ch\u0119tnie dowiemy si\u0119 r\u00f3wnie\u017c, jakie masz oczekiwania i wymagania wobec firmy, w kt\u00f3rej chcia\u0142by\u015b pracowa\u0107.<\/p>\n<p style=\"text-align: center;\"><strong><i class=\"fas fa-user-tie\"><\/i><br \/>\n4. Rozmowy kwalifikacyjne<\/strong><\/p>\n<p style=\"text-align: center;\">Powiadomimy klienta (klient\u00f3w) i zaplanujemy czas na rozmow\u0119 kwalifikacyjn\u0105. Upewnimy si\u0119, \u017ce kandydat jest dobrze przygotowany do rozmowy kwalifikacyjnej.<\/p>\n<p style=\"text-align: center;\"><strong><i class=\"fas fa-file-signature\"><\/i><br \/>\n5. Propozycja umowy<\/strong><\/p>\n<p style=\"text-align: center;\">Gratulacje, dosta\u0142e\u015b prac\u0119! Pozostaje tylko przyj\u015b\u0107 podpisa\u0107 umow\u0119 i oczywi\u015bcie przymierzy\u0107 ubranie robocze.<\/p>\n<p style=\"text-align: center;\"><strong><i class=\"fas fa-briefcase\"><\/i><br \/>\n6. Zaczynamy!<\/strong><\/p>\n<p style=\"text-align: center;\">Zadbamy o to, aby\u015b m\u00f3g\u0142 jak najszybciej rozpocz\u0105\u0107 prac\u0119 u nowego pracodawcy wypocz\u0119ty!<\/p>","protected":false},"excerpt":{"rendered":"<p>Jak dobrze, \u017ce znalaz\u0142e\u015b wakat, kt\u00f3ry Ci odpowiada! Zanim zaczniesz aplikowa\u0107, chcieliby\u015bmy opowiedzie\u0107 Ci wi\u0119cej o naszej procedurze aplikacyjnej, aby\u015b od razu wiedzia\u0142, czego mo\u017cesz si\u0119 po nas spodziewa\u0107. 1. Aplikuj online Aplikuj \u0142atwo online [...] <\/p>","protected":false},"author":2,"featured_media":1937,"parent":339,"menu_order":40,"comment_status":"closed","ping_status":"closed","template":"","meta":{"_acf_changed":false,"footnotes":""},"class_list":["post-347","page","type-page","status-publish","has-post-thumbnail","hentry"],"acf":[],"yoast_head":"<!-- This site is optimized with the Yoast SEO plugin v27.4 - https:\/\/yoast.com\/product\/yoast-seo-wordpress\/ -->\n<title>Sollicitatie procedure - SOMA Works<\/title>\n<meta name=\"robots\" content=\"index, follow, max-snippet:-1, max-image-preview:large, max-video-preview:-1\" \/>\n<link rel=\"canonical\" href=\"https:\/\/somaworks.nl\/pl\/ik-zoek-werk\/sollicitatie-procedure\/\" \/>\n<meta property=\"og:locale\" content=\"pl_PL\" \/>\n<meta property=\"og:type\" content=\"article\" \/>\n<meta property=\"og:title\" content=\"Sollicitatie procedure - SOMA Works\" \/>\n<meta property=\"og:description\" content=\"Wat goed dat je een vacature hebt gevonden die bij jou past! Voordat je begint met solliciteren vertellen we graag meer over onze sollicitatieprocedure zodat je meteen weet wat je van ons mag verwachten. 1. Solliciteer online Solliciteer gemakkelijk online [...]\" \/>\n<meta property=\"og:url\" content=\"https:\/\/somaworks.nl\/pl\/ik-zoek-werk\/sollicitatie-procedure\/\" \/>\n<meta property=\"og:site_name\" content=\"SOMA Works\" \/>\n<meta property=\"article:publisher\" content=\"https:\/\/www.facebook.com\/somaworksbv\/\" \/>\n<meta property=\"article:modified_time\" content=\"2020-12-23T15:29:37+00:00\" \/>\n<meta property=\"og:image\" content=\"https:\/\/somaworks.nl\/wp-content\/uploads\/2020\/12\/AdobeStock_253708414.jpg\" \/>\n\t<meta property=\"og:image:width\" content=\"2000\" \/>\n\t<meta property=\"og:image:height\" content=\"1335\" \/>\n\t<meta property=\"og:image:type\" content=\"image\/jpeg\" \/>\n<meta name=\"twitter:card\" content=\"summary_large_image\" \/>\n<meta name=\"twitter:label1\" content=\"Szacowany czas czytania\" \/>\n\t<meta name=\"twitter:data1\" content=\"1 minuta\" \/>\n<script type=\"application\/ld+json\" class=\"yoast-schema-graph\">{\"@context\":\"https:\\\/\\\/schema.org\",\"@graph\":[{\"@type\":\"WebPage\",\"@id\":\"https:\\\/\\\/somaworks.nl\\\/ik-zoek-werk\\\/sollicitatie-procedure\\\/\",\"url\":\"https:\\\/\\\/somaworks.nl\\\/ik-zoek-werk\\\/sollicitatie-procedure\\\/\",\"name\":\"Sollicitatie procedure - SOMA Works\",\"isPartOf\":{\"@id\":\"https:\\\/\\\/somaworks.nl\\\/#website\"},\"primaryImageOfPage\":{\"@id\":\"https:\\\/\\\/somaworks.nl\\\/ik-zoek-werk\\\/sollicitatie-procedure\\\/#primaryimage\"},\"image\":{\"@id\":\"https:\\\/\\\/somaworks.nl\\\/ik-zoek-werk\\\/sollicitatie-procedure\\\/#primaryimage\"},\"thumbnailUrl\":\"https:\\\/\\\/somaworks.nl\\\/wp-content\\\/uploads\\\/2020\\\/12\\\/AdobeStock_253708414.jpg\",\"datePublished\":\"2020-07-01T13:02:06+00:00\",\"dateModified\":\"2020-12-23T15:29:37+00:00\",\"breadcrumb\":{\"@id\":\"https:\\\/\\\/somaworks.nl\\\/ik-zoek-werk\\\/sollicitatie-procedure\\\/#breadcrumb\"},\"inLanguage\":\"pl-PL\",\"potentialAction\":[{\"@type\":\"ReadAction\",\"target\":[\"https:\\\/\\\/somaworks.nl\\\/ik-zoek-werk\\\/sollicitatie-procedure\\\/\"]}]},{\"@type\":\"ImageObject\",\"inLanguage\":\"pl-PL\",\"@id\":\"https:\\\/\\\/somaworks.nl\\\/ik-zoek-werk\\\/sollicitatie-procedure\\\/#primaryimage\",\"url\":\"https:\\\/\\\/somaworks.nl\\\/wp-content\\\/uploads\\\/2020\\\/12\\\/AdobeStock_253708414.jpg\",\"contentUrl\":\"https:\\\/\\\/somaworks.nl\\\/wp-content\\\/uploads\\\/2020\\\/12\\\/AdobeStock_253708414.jpg\",\"width\":2000,\"height\":1335},{\"@type\":\"BreadcrumbList\",\"@id\":\"https:\\\/\\\/somaworks.nl\\\/ik-zoek-werk\\\/sollicitatie-procedure\\\/#breadcrumb\",\"itemListElement\":[{\"@type\":\"ListItem\",\"position\":1,\"name\":\"Home\",\"item\":\"https:\\\/\\\/somaworks.nl\\\/\"},{\"@type\":\"ListItem\",\"position\":2,\"name\":\"Ik zoek werk\",\"item\":\"https:\\\/\\\/somaworks.nl\\\/ik-zoek-werk\\\/\"},{\"@type\":\"ListItem\",\"position\":3,\"name\":\"Sollicitatie procedure\"}]},{\"@type\":\"WebSite\",\"@id\":\"https:\\\/\\\/somaworks.nl\\\/#website\",\"url\":\"https:\\\/\\\/somaworks.nl\\\/\",\"name\":\"SOMA Works\",\"description\":\"Specialist in technisch personeel\",\"publisher\":{\"@id\":\"https:\\\/\\\/somaworks.nl\\\/#organization\"},\"potentialAction\":[{\"@type\":\"SearchAction\",\"target\":{\"@type\":\"EntryPoint\",\"urlTemplate\":\"https:\\\/\\\/somaworks.nl\\\/?s={search_term_string}\"},\"query-input\":{\"@type\":\"PropertyValueSpecification\",\"valueRequired\":true,\"valueName\":\"search_term_string\"}}],\"inLanguage\":\"pl-PL\"},{\"@type\":\"Organization\",\"@id\":\"https:\\\/\\\/somaworks.nl\\\/#organization\",\"name\":\"SOMA Works\",\"url\":\"https:\\\/\\\/somaworks.nl\\\/\",\"logo\":{\"@type\":\"ImageObject\",\"inLanguage\":\"pl-PL\",\"@id\":\"https:\\\/\\\/somaworks.nl\\\/#\\\/schema\\\/logo\\\/image\\\/\",\"url\":\"https:\\\/\\\/somaworks.nl\\\/wp-content\\\/uploads\\\/2021\\\/09\\\/SOMA-works.png\",\"contentUrl\":\"https:\\\/\\\/somaworks.nl\\\/wp-content\\\/uploads\\\/2021\\\/09\\\/SOMA-works.png\",\"width\":2095,\"height\":2095,\"caption\":\"SOMA Works\"},\"image\":{\"@id\":\"https:\\\/\\\/somaworks.nl\\\/#\\\/schema\\\/logo\\\/image\\\/\"},\"sameAs\":[\"https:\\\/\\\/www.facebook.com\\\/somaworksbv\\\/\",\"https:\\\/\\\/www.instagram.com\\\/somaworksbv\\\/\",\"https:\\\/\\\/www.linkedin.com\\\/company\\\/soma-works-specialist-in-technisch-personeel\\\/\"]}]}<\/script>\n<!-- \/ Yoast SEO plugin. -->","yoast_head_json":{"title":"Sollicitatie procedure - SOMA Works","robots":{"index":"index","follow":"follow","max-snippet":"max-snippet:-1","max-image-preview":"max-image-preview:large","max-video-preview":"max-video-preview:-1"},"canonical":"https:\/\/somaworks.nl\/pl\/ik-zoek-werk\/sollicitatie-procedure\/","og_locale":"pl_PL","og_type":"article","og_title":"Sollicitatie procedure - SOMA Works","og_description":"Wat goed dat je een vacature hebt gevonden die bij jou past! Voordat je begint met solliciteren vertellen we graag meer over onze sollicitatieprocedure zodat je meteen weet wat je van ons mag verwachten. 1. Solliciteer online Solliciteer gemakkelijk online [...]","og_url":"https:\/\/somaworks.nl\/pl\/ik-zoek-werk\/sollicitatie-procedure\/","og_site_name":"SOMA Works","article_publisher":"https:\/\/www.facebook.com\/somaworksbv\/","article_modified_time":"2020-12-23T15:29:37+00:00","og_image":[{"width":2000,"height":1335,"url":"https:\/\/somaworks.nl\/wp-content\/uploads\/2020\/12\/AdobeStock_253708414.jpg","type":"image\/jpeg"}],"twitter_card":"summary_large_image","twitter_misc":{"Szacowany czas czytania":"1 minuta"},"schema":{"@context":"https:\/\/schema.org","@graph":[{"@type":"WebPage","@id":"https:\/\/somaworks.nl\/ik-zoek-werk\/sollicitatie-procedure\/","url":"https:\/\/somaworks.nl\/ik-zoek-werk\/sollicitatie-procedure\/","name":"Sollicitatie procedure - SOMA Works","isPartOf":{"@id":"https:\/\/somaworks.nl\/#website"},"primaryImageOfPage":{"@id":"https:\/\/somaworks.nl\/ik-zoek-werk\/sollicitatie-procedure\/#primaryimage"},"image":{"@id":"https:\/\/somaworks.nl\/ik-zoek-werk\/sollicitatie-procedure\/#primaryimage"},"thumbnailUrl":"https:\/\/somaworks.nl\/wp-content\/uploads\/2020\/12\/AdobeStock_253708414.jpg","datePublished":"2020-07-01T13:02:06+00:00","dateModified":"2020-12-23T15:29:37+00:00","breadcrumb":{"@id":"https:\/\/somaworks.nl\/ik-zoek-werk\/sollicitatie-procedure\/#breadcrumb"},"inLanguage":"pl-PL","potentialAction":[{"@type":"ReadAction","target":["https:\/\/somaworks.nl\/ik-zoek-werk\/sollicitatie-procedure\/"]}]},{"@type":"ImageObject","inLanguage":"pl-PL","@id":"https:\/\/somaworks.nl\/ik-zoek-werk\/sollicitatie-procedure\/#primaryimage","url":"https:\/\/somaworks.nl\/wp-content\/uploads\/2020\/12\/AdobeStock_253708414.jpg","contentUrl":"https:\/\/somaworks.nl\/wp-content\/uploads\/2020\/12\/AdobeStock_253708414.jpg","width":2000,"height":1335},{"@type":"BreadcrumbList","@id":"https:\/\/somaworks.nl\/ik-zoek-werk\/sollicitatie-procedure\/#breadcrumb","itemListElement":[{"@type":"ListItem","position":1,"name":"Home","item":"https:\/\/somaworks.nl\/"},{"@type":"ListItem","position":2,"name":"Ik zoek werk","item":"https:\/\/somaworks.nl\/ik-zoek-werk\/"},{"@type":"ListItem","position":3,"name":"Sollicitatie procedure"}]},{"@type":"WebSite","@id":"https:\/\/somaworks.nl\/#website","url":"https:\/\/somaworks.nl\/","name":"SOMA Works","description":"Specialist in technisch personeel","publisher":{"@id":"https:\/\/somaworks.nl\/#organization"},"potentialAction":[{"@type":"SearchAction","target":{"@type":"EntryPoint","urlTemplate":"https:\/\/somaworks.nl\/?s={search_term_string}"},"query-input":{"@type":"PropertyValueSpecification","valueRequired":true,"valueName":"search_term_string"}}],"inLanguage":"pl-PL"},{"@type":"Organization","@id":"https:\/\/somaworks.nl\/#organization","name":"SOMA Works","url":"https:\/\/somaworks.nl\/","logo":{"@type":"ImageObject","inLanguage":"pl-PL","@id":"https:\/\/somaworks.nl\/#\/schema\/logo\/image\/","url":"https:\/\/somaworks.nl\/wp-content\/uploads\/2021\/09\/SOMA-works.png","contentUrl":"https:\/\/somaworks.nl\/wp-content\/uploads\/2021\/09\/SOMA-works.png","width":2095,"height":2095,"caption":"SOMA Works"},"image":{"@id":"https:\/\/somaworks.nl\/#\/schema\/logo\/image\/"},"sameAs":["https:\/\/www.facebook.com\/somaworksbv\/","https:\/\/www.instagram.com\/somaworksbv\/","https:\/\/www.linkedin.com\/company\/soma-works-specialist-in-technisch-personeel\/"]}]}},"_links":{"self":[{"href":"https:\/\/somaworks.nl\/pl\/wp-json\/wp\/v2\/pages\/347","targetHints":{"allow":["GET"]}}],"collection":[{"href":"https:\/\/somaworks.nl\/pl\/wp-json\/wp\/v2\/pages"}],"about":[{"href":"https:\/\/somaworks.nl\/pl\/wp-json\/wp\/v2\/types\/page"}],"author":[{"embeddable":true,"href":"https:\/\/somaworks.nl\/pl\/wp-json\/wp\/v2\/users\/2"}],"replies":[{"embeddable":true,"href":"https:\/\/somaworks.nl\/pl\/wp-json\/wp\/v2\/comments?post=347"}],"version-history":[{"count":0,"href":"https:\/\/somaworks.nl\/pl\/wp-json\/wp\/v2\/pages\/347\/revisions"}],"up":[{"embeddable":true,"href":"https:\/\/somaworks.nl\/pl\/wp-json\/wp\/v2\/pages\/339"}],"wp:featuredmedia":[{"embeddable":true,"href":"https:\/\/somaworks.nl\/pl\/wp-json\/wp\/v2\/media\/1937"}],"wp:attachment":[{"href":"https:\/\/somaworks.nl\/pl\/wp-json\/wp\/v2\/media?parent=347"}],"curies":[{"name":"wp","href":"https:\/\/api.w.org\/{rel}","templated":true}]}}