{"id":355,"date":"2020-07-01T13:04:49","date_gmt":"2020-07-01T13:04:49","guid":{"rendered":"https:\/\/sw.mijn.startmetgemak.site\/?page_id=355"},"modified":"2023-09-08T15:06:07","modified_gmt":"2023-09-08T13:06:07","slug":"ik-zoek-personeel","status":"publish","type":"page","link":"https:\/\/somaworks.nl\/pl\/ik-zoek-personeel\/","title":{"rendered":"Szukam pracownik\u00f3w"},"content":{"rendered":"<p>Szukasz wykwalifikowanego pracownika technicznego lub masz pytania dotycz\u0105ce personelu w sektorze in\u017cynieryjnym? W takim razie ch\u0119tnie Ci pomo\u017cemy. SOMA Works specjalizuje si\u0119 w po\u015brednictwie pracy dla pracownik\u00f3w technicznych w regionie Limburgii od 2011 roku. Dysponujemy rozleg\u0142\u0105 sieci\u0105 wykwalifikowanych pracownik\u00f3w i wsp\u00f3lnie z Tob\u0105 my\u015blimy o rozwoju talent\u00f3w. Dzi\u0119ki osobistej uwadze i pasji do technologii \u0142\u0105czymy poda\u017c i popyt na wykwalifikowanych pracownik\u00f3w.<\/p>\n<p><strong>Po\u015brednicy z wiedz\u0105 techniczn\u0105<br \/>\n<\/strong>Po\u015brednicy w SOMA Works mog\u0105 s\u0142usznie nazywa\u0107 si\u0119 specjalistami w sektorach technicznych, dla kt\u00f3rych dostarczamy personel. Posiadaj\u0105 oni nie tylko dog\u0142\u0119bn\u0105 wiedz\u0119 specjalistyczn\u0105 na temat danego sektora, ale tak\u017ce s\u0105 na bie\u017c\u0105co z najnowszymi osi\u0105gni\u0119ciami w dziedzinie HR oraz odpowiednimi przepisami i regulacjami. Cech\u0105 charakterystyczn\u0105 naszych us\u0142ug jest to, \u017ce nasze podej\u015bcie jest zawsze zorientowane na rozwi\u0105zania i d\u0142ugoterminow\u0105 wsp\u00f3\u0142prac\u0119. Dzi\u0119ki naszej unikalnej metodzie pracy mo\u017cemy z dum\u0105 powiedzie\u0107, \u017ce udaje nam si\u0119 zwi\u0105za\u0107 firmy z tym samym po\u015brednikiem na lata.<\/p>\n<p><strong>Wi\u0119cej ni\u017c nadawanie<br \/>\n<\/strong>Stawiamy na satysfakcjonuj\u0105ce relacje. Dlatego robimy wi\u0119cej ni\u017c tylko praca tymczasowa i jeste\u015bmy partnerem we wszystkich kwestiach zwi\u0105zanych z personelem. Na przyk\u0142ad, mo\u017cemy r\u00f3wnie\u017c oddelegowa\u0107 pracownik\u00f3w do Belgii, analizujemy konkretne projekty w celu znalezienia rozwi\u0105zania dla niedobor\u00f3w na rynku pracy, zapewniamy programy szkoleniowe i doradzamy w kwestiach prawnych zwi\u0105zanych z personelem. Dzi\u0119ki optymalnej znajomo\u015bci bran\u017cy i ci\u0105g\u0142ym szkoleniom, z nami zawsze jeste\u015b w dobrych r\u0119kach.<\/p>\n<p>Czego mo\u017cna oczekiwa\u0107 od SOMA Works:<\/p>\n<ul>\n<li>Zainspirowani specjali\u015bci z du\u017c\u0105 wiedz\u0105 specjalistyczn\u0105 na temat danej bran\u017cy<\/li>\n<li>Indywidualne podej\u015bcie i zorientowanie na rozwi\u0105zania<\/li>\n<li>Tylko najlepiej wykwalifikowani pracownicy dzi\u0119ki naszym dok\u0142adnym metodom selekcji<\/li>\n<li>Rozbudowana sie\u0107<\/li>\n<li>Zawsze na bie\u017c\u0105co ze zmianami legislacyjnymi i regulacyjnymi<\/li>\n<\/ul>\n<p>Chcesz dowiedzie\u0107 si\u0119 wi\u0119cej o tym, co SOMA Works mo\u017ce dla Ciebie zrobi\u0107? A mo\u017ce chcia\u0142by\u015b spotka\u0107 si\u0119 z jednym z naszych specjalist\u00f3w? Skontaktuj si\u0119 z nami, aby\u015bmy mogli opowiedzie\u0107 Ci wi\u0119cej podczas osobistej rozmowy.<\/p>\n<p><a href=\"https:\/\/somaworks.nl\/wp-content\/uploads\/2023\/09\/Brochure_SOMAWorks_web.pdf\">Pobierz nasz\u0105 now\u0105 broszur\u0119<\/a><\/p>\n<p>&nbsp;<\/p>","protected":false},"excerpt":{"rendered":"<p>Bent u op zoek naar een technische vakkracht of heeft u vragen over personeel in de techniek? Dan helpen wij u graag. SOMA Works is sinds 2011 gespecialiseerd in het plaatsen van technisch personeel in de regio Limburg. Wij beschikken [&#8230;] <\/p>","protected":false},"author":2,"featured_media":1945,"parent":0,"menu_order":33,"comment_status":"closed","ping_status":"closed","template":"","meta":{"_acf_changed":false,"footnotes":""},"class_list":["post-355","page","type-page","status-publish","has-post-thumbnail","hentry"],"acf":[],"yoast_head":"<!-- This site is optimized with the Yoast SEO plugin v27.4 - https:\/\/yoast.com\/product\/yoast-seo-wordpress\/ -->\n<title>Ik zoek personeel - SOMA Works<\/title>\n<meta name=\"robots\" content=\"index, follow, max-snippet:-1, max-image-preview:large, max-video-preview:-1\" \/>\n<link rel=\"canonical\" href=\"https:\/\/somaworks.nl\/pl\/ik-zoek-personeel\/\" \/>\n<meta property=\"og:locale\" content=\"pl_PL\" \/>\n<meta property=\"og:type\" content=\"article\" \/>\n<meta property=\"og:title\" content=\"Ik zoek personeel - SOMA Works\" \/>\n<meta property=\"og:description\" content=\"Bent u op zoek naar een technische vakkracht of heeft u vragen over personeel in de techniek? Dan helpen wij u graag. SOMA Works is sinds 2011 gespecialiseerd in het plaatsen van technisch personeel in de regio Limburg. Wij beschikken [...]\" \/>\n<meta property=\"og:url\" content=\"https:\/\/somaworks.nl\/pl\/ik-zoek-personeel\/\" \/>\n<meta property=\"og:site_name\" content=\"SOMA Works\" \/>\n<meta property=\"article:publisher\" content=\"https:\/\/www.facebook.com\/somaworksbv\/\" \/>\n<meta property=\"article:modified_time\" content=\"2023-09-08T13:06:07+00:00\" \/>\n<meta property=\"og:image\" content=\"https:\/\/somaworks.nl\/wp-content\/uploads\/2020\/12\/AdobeStock_340432554.jpg\" \/>\n\t<meta property=\"og:image:width\" content=\"2000\" \/>\n\t<meta property=\"og:image:height\" content=\"1022\" \/>\n\t<meta property=\"og:image:type\" content=\"image\/jpeg\" \/>\n<meta name=\"twitter:card\" content=\"summary_large_image\" \/>\n<meta name=\"twitter:label1\" content=\"Szacowany czas czytania\" \/>\n\t<meta name=\"twitter:data1\" content=\"2 minuty\" \/>\n<script type=\"application\/ld+json\" class=\"yoast-schema-graph\">{\"@context\":\"https:\\\/\\\/schema.org\",\"@graph\":[{\"@type\":\"WebPage\",\"@id\":\"https:\\\/\\\/somaworks.nl\\\/ik-zoek-personeel\\\/\",\"url\":\"https:\\\/\\\/somaworks.nl\\\/ik-zoek-personeel\\\/\",\"name\":\"Ik zoek personeel - SOMA Works\",\"isPartOf\":{\"@id\":\"https:\\\/\\\/somaworks.nl\\\/#website\"},\"primaryImageOfPage\":{\"@id\":\"https:\\\/\\\/somaworks.nl\\\/ik-zoek-personeel\\\/#primaryimage\"},\"image\":{\"@id\":\"https:\\\/\\\/somaworks.nl\\\/ik-zoek-personeel\\\/#primaryimage\"},\"thumbnailUrl\":\"https:\\\/\\\/somaworks.nl\\\/wp-content\\\/uploads\\\/2020\\\/12\\\/AdobeStock_340432554.jpg\",\"datePublished\":\"2020-07-01T13:04:49+00:00\",\"dateModified\":\"2023-09-08T13:06:07+00:00\",\"breadcrumb\":{\"@id\":\"https:\\\/\\\/somaworks.nl\\\/ik-zoek-personeel\\\/#breadcrumb\"},\"inLanguage\":\"pl-PL\",\"potentialAction\":[{\"@type\":\"ReadAction\",\"target\":[\"https:\\\/\\\/somaworks.nl\\\/ik-zoek-personeel\\\/\"]}]},{\"@type\":\"ImageObject\",\"inLanguage\":\"pl-PL\",\"@id\":\"https:\\\/\\\/somaworks.nl\\\/ik-zoek-personeel\\\/#primaryimage\",\"url\":\"https:\\\/\\\/somaworks.nl\\\/wp-content\\\/uploads\\\/2020\\\/12\\\/AdobeStock_340432554.jpg\",\"contentUrl\":\"https:\\\/\\\/somaworks.nl\\\/wp-content\\\/uploads\\\/2020\\\/12\\\/AdobeStock_340432554.jpg\",\"width\":2000,\"height\":1022},{\"@type\":\"BreadcrumbList\",\"@id\":\"https:\\\/\\\/somaworks.nl\\\/ik-zoek-personeel\\\/#breadcrumb\",\"itemListElement\":[{\"@type\":\"ListItem\",\"position\":1,\"name\":\"Home\",\"item\":\"https:\\\/\\\/somaworks.nl\\\/\"},{\"@type\":\"ListItem\",\"position\":2,\"name\":\"Ik zoek personeel\"}]},{\"@type\":\"WebSite\",\"@id\":\"https:\\\/\\\/somaworks.nl\\\/#website\",\"url\":\"https:\\\/\\\/somaworks.nl\\\/\",\"name\":\"SOMA Works\",\"description\":\"Specialist in technisch personeel\",\"publisher\":{\"@id\":\"https:\\\/\\\/somaworks.nl\\\/#organization\"},\"potentialAction\":[{\"@type\":\"SearchAction\",\"target\":{\"@type\":\"EntryPoint\",\"urlTemplate\":\"https:\\\/\\\/somaworks.nl\\\/?s={search_term_string}\"},\"query-input\":{\"@type\":\"PropertyValueSpecification\",\"valueRequired\":true,\"valueName\":\"search_term_string\"}}],\"inLanguage\":\"pl-PL\"},{\"@type\":\"Organization\",\"@id\":\"https:\\\/\\\/somaworks.nl\\\/#organization\",\"name\":\"SOMA Works\",\"url\":\"https:\\\/\\\/somaworks.nl\\\/\",\"logo\":{\"@type\":\"ImageObject\",\"inLanguage\":\"pl-PL\",\"@id\":\"https:\\\/\\\/somaworks.nl\\\/#\\\/schema\\\/logo\\\/image\\\/\",\"url\":\"https:\\\/\\\/somaworks.nl\\\/wp-content\\\/uploads\\\/2021\\\/09\\\/SOMA-works.png\",\"contentUrl\":\"https:\\\/\\\/somaworks.nl\\\/wp-content\\\/uploads\\\/2021\\\/09\\\/SOMA-works.png\",\"width\":2095,\"height\":2095,\"caption\":\"SOMA Works\"},\"image\":{\"@id\":\"https:\\\/\\\/somaworks.nl\\\/#\\\/schema\\\/logo\\\/image\\\/\"},\"sameAs\":[\"https:\\\/\\\/www.facebook.com\\\/somaworksbv\\\/\",\"https:\\\/\\\/www.instagram.com\\\/somaworksbv\\\/\",\"https:\\\/\\\/www.linkedin.com\\\/company\\\/soma-works-specialist-in-technisch-personeel\\\/\"]}]}<\/script>\n<!-- \/ Yoast SEO plugin. -->","yoast_head_json":{"title":"Ik zoek personeel - SOMA Works","robots":{"index":"index","follow":"follow","max-snippet":"max-snippet:-1","max-image-preview":"max-image-preview:large","max-video-preview":"max-video-preview:-1"},"canonical":"https:\/\/somaworks.nl\/pl\/ik-zoek-personeel\/","og_locale":"pl_PL","og_type":"article","og_title":"Ik zoek personeel - SOMA Works","og_description":"Bent u op zoek naar een technische vakkracht of heeft u vragen over personeel in de techniek? Dan helpen wij u graag. SOMA Works is sinds 2011 gespecialiseerd in het plaatsen van technisch personeel in de regio Limburg. Wij beschikken [...]","og_url":"https:\/\/somaworks.nl\/pl\/ik-zoek-personeel\/","og_site_name":"SOMA Works","article_publisher":"https:\/\/www.facebook.com\/somaworksbv\/","article_modified_time":"2023-09-08T13:06:07+00:00","og_image":[{"width":2000,"height":1022,"url":"https:\/\/somaworks.nl\/wp-content\/uploads\/2020\/12\/AdobeStock_340432554.jpg","type":"image\/jpeg"}],"twitter_card":"summary_large_image","twitter_misc":{"Szacowany czas czytania":"2 minuty"},"schema":{"@context":"https:\/\/schema.org","@graph":[{"@type":"WebPage","@id":"https:\/\/somaworks.nl\/ik-zoek-personeel\/","url":"https:\/\/somaworks.nl\/ik-zoek-personeel\/","name":"Ik zoek personeel - SOMA Works","isPartOf":{"@id":"https:\/\/somaworks.nl\/#website"},"primaryImageOfPage":{"@id":"https:\/\/somaworks.nl\/ik-zoek-personeel\/#primaryimage"},"image":{"@id":"https:\/\/somaworks.nl\/ik-zoek-personeel\/#primaryimage"},"thumbnailUrl":"https:\/\/somaworks.nl\/wp-content\/uploads\/2020\/12\/AdobeStock_340432554.jpg","datePublished":"2020-07-01T13:04:49+00:00","dateModified":"2023-09-08T13:06:07+00:00","breadcrumb":{"@id":"https:\/\/somaworks.nl\/ik-zoek-personeel\/#breadcrumb"},"inLanguage":"pl-PL","potentialAction":[{"@type":"ReadAction","target":["https:\/\/somaworks.nl\/ik-zoek-personeel\/"]}]},{"@type":"ImageObject","inLanguage":"pl-PL","@id":"https:\/\/somaworks.nl\/ik-zoek-personeel\/#primaryimage","url":"https:\/\/somaworks.nl\/wp-content\/uploads\/2020\/12\/AdobeStock_340432554.jpg","contentUrl":"https:\/\/somaworks.nl\/wp-content\/uploads\/2020\/12\/AdobeStock_340432554.jpg","width":2000,"height":1022},{"@type":"BreadcrumbList","@id":"https:\/\/somaworks.nl\/ik-zoek-personeel\/#breadcrumb","itemListElement":[{"@type":"ListItem","position":1,"name":"Home","item":"https:\/\/somaworks.nl\/"},{"@type":"ListItem","position":2,"name":"Ik zoek personeel"}]},{"@type":"WebSite","@id":"https:\/\/somaworks.nl\/#website","url":"https:\/\/somaworks.nl\/","name":"SOMA Works","description":"Specialist in technisch personeel","publisher":{"@id":"https:\/\/somaworks.nl\/#organization"},"potentialAction":[{"@type":"SearchAction","target":{"@type":"EntryPoint","urlTemplate":"https:\/\/somaworks.nl\/?s={search_term_string}"},"query-input":{"@type":"PropertyValueSpecification","valueRequired":true,"valueName":"search_term_string"}}],"inLanguage":"pl-PL"},{"@type":"Organization","@id":"https:\/\/somaworks.nl\/#organization","name":"SOMA Works","url":"https:\/\/somaworks.nl\/","logo":{"@type":"ImageObject","inLanguage":"pl-PL","@id":"https:\/\/somaworks.nl\/#\/schema\/logo\/image\/","url":"https:\/\/somaworks.nl\/wp-content\/uploads\/2021\/09\/SOMA-works.png","contentUrl":"https:\/\/somaworks.nl\/wp-content\/uploads\/2021\/09\/SOMA-works.png","width":2095,"height":2095,"caption":"SOMA Works"},"image":{"@id":"https:\/\/somaworks.nl\/#\/schema\/logo\/image\/"},"sameAs":["https:\/\/www.facebook.com\/somaworksbv\/","https:\/\/www.instagram.com\/somaworksbv\/","https:\/\/www.linkedin.com\/company\/soma-works-specialist-in-technisch-personeel\/"]}]}},"_links":{"self":[{"href":"https:\/\/somaworks.nl\/pl\/wp-json\/wp\/v2\/pages\/355","targetHints":{"allow":["GET"]}}],"collection":[{"href":"https:\/\/somaworks.nl\/pl\/wp-json\/wp\/v2\/pages"}],"about":[{"href":"https:\/\/somaworks.nl\/pl\/wp-json\/wp\/v2\/types\/page"}],"author":[{"embeddable":true,"href":"https:\/\/somaworks.nl\/pl\/wp-json\/wp\/v2\/users\/2"}],"replies":[{"embeddable":true,"href":"https:\/\/somaworks.nl\/pl\/wp-json\/wp\/v2\/comments?post=355"}],"version-history":[{"count":0,"href":"https:\/\/somaworks.nl\/pl\/wp-json\/wp\/v2\/pages\/355\/revisions"}],"wp:featuredmedia":[{"embeddable":true,"href":"https:\/\/somaworks.nl\/pl\/wp-json\/wp\/v2\/media\/1945"}],"wp:attachment":[{"href":"https:\/\/somaworks.nl\/pl\/wp-json\/wp\/v2\/media?parent=355"}],"curies":[{"name":"wp","href":"https:\/\/api.w.org\/{rel}","templated":true}]}}