{"id":362,"date":"2020-07-01T13:08:11","date_gmt":"2020-07-01T13:08:11","guid":{"rendered":"https:\/\/sw.mijn.startmetgemak.site\/?page_id=362"},"modified":"2020-12-23T15:22:59","modified_gmt":"2020-12-23T15:22:59","slug":"opleidingstrajecten","status":"publish","type":"page","link":"https:\/\/somaworks.nl\/pl\/ik-zoek-personeel\/opleidingstrajecten\/","title":{"rendered":"Programy szkoleniowe"},"content":{"rendered":"<p>Heeft u een vacature die moeilijk in te vullen is? Of wilt u juist investeren in de kennis van uw medewerkers zodat uw organisatie kan groeien? De specialisten van SOMA Works helpen u graag mee om talenten te ontwikkelen die uw organisatie naar een hoger niveau kunnen tillen.<\/p>\n<h2>Indywidualne podej\u015bcie<\/h2>\n<p>Onze specialisten zijn erop getraind om altijd een oplossing te vinden voor ieder personeelsvraagstuk. Wij hebben namelijk diepgaande kennis van uw branche en nemen de tijd om uw organisatie te leren kennen. Ons advies omtrent opleidingen en talentontwikkeling is daarom altijd maatwerk. Dit betekent dat wij met u meedenken over de kansen die het opleiden van personeel kan bieden, het financi\u00eble aspect maar ook de praktische uitwerking. Op deze manier zijn wij een betrouwbare partner in meer dan alleen uitzenden.<strong>\u00a0<\/strong><\/p>\n<h2>Cursussen, opleidingen en interne trajecten<\/h2>\n<p>SOMA Works heeft een uitgebreid netwerk van opleidingsinstituten die in uw opleidingsbehoeften kunnen voldoen. Wij geven u graag advies over de beste opleiding voor uw personeel. Is het werk bij zo specifiek dat een cursus of opleiding geen oplossing biedt? Dan denken we graag met u mee over het samenstellen van een interne opleiding.<\/p>\n<p><strong>Onze mogelijkheden omtrent het ontwikkelen van talenten zijn onder andere:<\/strong><\/p>\n<ul>\n<li>Verzorgen van cursussen van o.a. VCA, flensmonteur, bosmaaier en heftruckchaffeur<\/li>\n<li>Aanbieden van opleidingen van o.a. installatietechniek, elektrotechniek en BBL trajecten<\/li>\n<li>Het invullen en samenstellen van interne opleidingen<\/li>\n<\/ul>\n<p>Wilt u meer weten over onze mogelijkheden om uw personeel te laten scholen? Of bent u benieuwd naar de manier waarop wij talenten kunnen laten ontwikkelen? Neem dan contact met ons op zodat wij u een persoonlijk advies kunnen geven.<\/p>","protected":false},"excerpt":{"rendered":"<p>Czy masz wakat, kt\u00f3ry jest trudny do obsadzenia? A mo\u017ce wolisz inwestowa\u0107 w wiedz\u0119 swoich pracownik\u00f3w, aby Twoja organizacja mog\u0142a si\u0119 rozwija\u0107? Specjali\u015bci SOMA Works z przyjemno\u015bci\u0105 pomog\u0105 Ci rozwin\u0105\u0107 talenty, kt\u00f3re [...] <\/p>","protected":false},"author":2,"featured_media":1942,"parent":355,"menu_order":38,"comment_status":"closed","ping_status":"closed","template":"","meta":{"_acf_changed":false,"footnotes":""},"class_list":["post-362","page","type-page","status-publish","has-post-thumbnail","hentry"],"acf":[],"yoast_head":"<!-- This site is optimized with the Yoast SEO plugin v27.5 - https:\/\/yoast.com\/product\/yoast-seo-wordpress\/ -->\n<title>Opleidingstrajecten - SOMA Works<\/title>\n<meta name=\"robots\" content=\"index, follow, max-snippet:-1, max-image-preview:large, max-video-preview:-1\" \/>\n<link rel=\"canonical\" href=\"https:\/\/somaworks.nl\/pl\/ik-zoek-personeel\/opleidingstrajecten\/\" \/>\n<meta property=\"og:locale\" content=\"pl_PL\" \/>\n<meta property=\"og:type\" content=\"article\" \/>\n<meta property=\"og:title\" content=\"Opleidingstrajecten - SOMA Works\" \/>\n<meta property=\"og:description\" content=\"Heeft u een vacature die moeilijk in te vullen is? Of wilt u juist investeren in de kennis van uw medewerkers zodat uw organisatie kan groeien? De specialisten van SOMA Works helpen u graag mee om talenten te ontwikkelen die [...]\" \/>\n<meta property=\"og:url\" content=\"https:\/\/somaworks.nl\/pl\/ik-zoek-personeel\/opleidingstrajecten\/\" \/>\n<meta property=\"og:site_name\" content=\"SOMA Works\" \/>\n<meta property=\"article:publisher\" content=\"https:\/\/www.facebook.com\/somaworksbv\/\" \/>\n<meta property=\"article:modified_time\" content=\"2020-12-23T15:22:59+00:00\" \/>\n<meta property=\"og:image\" content=\"https:\/\/somaworks.nl\/wp-content\/uploads\/2020\/12\/AdobeStock_303305086.jpg\" \/>\n\t<meta property=\"og:image:width\" content=\"2000\" \/>\n\t<meta property=\"og:image:height\" content=\"1333\" \/>\n\t<meta property=\"og:image:type\" content=\"image\/jpeg\" \/>\n<meta name=\"twitter:card\" content=\"summary_large_image\" \/>\n<meta name=\"twitter:label1\" content=\"Szacowany czas czytania\" \/>\n\t<meta name=\"twitter:data1\" content=\"1 minuta\" \/>\n<script type=\"application\/ld+json\" class=\"yoast-schema-graph\">{\"@context\":\"https:\\\/\\\/schema.org\",\"@graph\":[{\"@type\":\"WebPage\",\"@id\":\"https:\\\/\\\/somaworks.nl\\\/ik-zoek-personeel\\\/opleidingstrajecten\\\/\",\"url\":\"https:\\\/\\\/somaworks.nl\\\/ik-zoek-personeel\\\/opleidingstrajecten\\\/\",\"name\":\"Opleidingstrajecten - SOMA Works\",\"isPartOf\":{\"@id\":\"https:\\\/\\\/somaworks.nl\\\/#website\"},\"primaryImageOfPage\":{\"@id\":\"https:\\\/\\\/somaworks.nl\\\/ik-zoek-personeel\\\/opleidingstrajecten\\\/#primaryimage\"},\"image\":{\"@id\":\"https:\\\/\\\/somaworks.nl\\\/ik-zoek-personeel\\\/opleidingstrajecten\\\/#primaryimage\"},\"thumbnailUrl\":\"https:\\\/\\\/somaworks.nl\\\/wp-content\\\/uploads\\\/2020\\\/12\\\/AdobeStock_303305086.jpg\",\"datePublished\":\"2020-07-01T13:08:11+00:00\",\"dateModified\":\"2020-12-23T15:22:59+00:00\",\"breadcrumb\":{\"@id\":\"https:\\\/\\\/somaworks.nl\\\/ik-zoek-personeel\\\/opleidingstrajecten\\\/#breadcrumb\"},\"inLanguage\":\"pl-PL\",\"potentialAction\":[{\"@type\":\"ReadAction\",\"target\":[\"https:\\\/\\\/somaworks.nl\\\/ik-zoek-personeel\\\/opleidingstrajecten\\\/\"]}]},{\"@type\":\"ImageObject\",\"inLanguage\":\"pl-PL\",\"@id\":\"https:\\\/\\\/somaworks.nl\\\/ik-zoek-personeel\\\/opleidingstrajecten\\\/#primaryimage\",\"url\":\"https:\\\/\\\/somaworks.nl\\\/wp-content\\\/uploads\\\/2020\\\/12\\\/AdobeStock_303305086.jpg\",\"contentUrl\":\"https:\\\/\\\/somaworks.nl\\\/wp-content\\\/uploads\\\/2020\\\/12\\\/AdobeStock_303305086.jpg\",\"width\":2000,\"height\":1333},{\"@type\":\"BreadcrumbList\",\"@id\":\"https:\\\/\\\/somaworks.nl\\\/ik-zoek-personeel\\\/opleidingstrajecten\\\/#breadcrumb\",\"itemListElement\":[{\"@type\":\"ListItem\",\"position\":1,\"name\":\"Home\",\"item\":\"https:\\\/\\\/somaworks.nl\\\/\"},{\"@type\":\"ListItem\",\"position\":2,\"name\":\"Ik zoek personeel\",\"item\":\"https:\\\/\\\/somaworks.nl\\\/ik-zoek-personeel\\\/\"},{\"@type\":\"ListItem\",\"position\":3,\"name\":\"Opleidingstrajecten\"}]},{\"@type\":\"WebSite\",\"@id\":\"https:\\\/\\\/somaworks.nl\\\/#website\",\"url\":\"https:\\\/\\\/somaworks.nl\\\/\",\"name\":\"SOMA Works\",\"description\":\"Specialist in technisch personeel\",\"publisher\":{\"@id\":\"https:\\\/\\\/somaworks.nl\\\/#organization\"},\"potentialAction\":[{\"@type\":\"SearchAction\",\"target\":{\"@type\":\"EntryPoint\",\"urlTemplate\":\"https:\\\/\\\/somaworks.nl\\\/?s={search_term_string}\"},\"query-input\":{\"@type\":\"PropertyValueSpecification\",\"valueRequired\":true,\"valueName\":\"search_term_string\"}}],\"inLanguage\":\"pl-PL\"},{\"@type\":\"Organization\",\"@id\":\"https:\\\/\\\/somaworks.nl\\\/#organization\",\"name\":\"SOMA Works\",\"url\":\"https:\\\/\\\/somaworks.nl\\\/\",\"logo\":{\"@type\":\"ImageObject\",\"inLanguage\":\"pl-PL\",\"@id\":\"https:\\\/\\\/somaworks.nl\\\/#\\\/schema\\\/logo\\\/image\\\/\",\"url\":\"https:\\\/\\\/somaworks.nl\\\/wp-content\\\/uploads\\\/2021\\\/09\\\/SOMA-works.png\",\"contentUrl\":\"https:\\\/\\\/somaworks.nl\\\/wp-content\\\/uploads\\\/2021\\\/09\\\/SOMA-works.png\",\"width\":2095,\"height\":2095,\"caption\":\"SOMA Works\"},\"image\":{\"@id\":\"https:\\\/\\\/somaworks.nl\\\/#\\\/schema\\\/logo\\\/image\\\/\"},\"sameAs\":[\"https:\\\/\\\/www.facebook.com\\\/somaworksbv\\\/\",\"https:\\\/\\\/www.instagram.com\\\/somaworksbv\\\/\",\"https:\\\/\\\/www.linkedin.com\\\/company\\\/soma-works-specialist-in-technisch-personeel\\\/\"]}]}<\/script>\n<!-- \/ Yoast SEO plugin. -->","yoast_head_json":{"title":"Opleidingstrajecten - SOMA Works","robots":{"index":"index","follow":"follow","max-snippet":"max-snippet:-1","max-image-preview":"max-image-preview:large","max-video-preview":"max-video-preview:-1"},"canonical":"https:\/\/somaworks.nl\/pl\/ik-zoek-personeel\/opleidingstrajecten\/","og_locale":"pl_PL","og_type":"article","og_title":"Opleidingstrajecten - SOMA Works","og_description":"Heeft u een vacature die moeilijk in te vullen is? Of wilt u juist investeren in de kennis van uw medewerkers zodat uw organisatie kan groeien? De specialisten van SOMA Works helpen u graag mee om talenten te ontwikkelen die [...]","og_url":"https:\/\/somaworks.nl\/pl\/ik-zoek-personeel\/opleidingstrajecten\/","og_site_name":"SOMA Works","article_publisher":"https:\/\/www.facebook.com\/somaworksbv\/","article_modified_time":"2020-12-23T15:22:59+00:00","og_image":[{"width":2000,"height":1333,"url":"https:\/\/somaworks.nl\/wp-content\/uploads\/2020\/12\/AdobeStock_303305086.jpg","type":"image\/jpeg"}],"twitter_card":"summary_large_image","twitter_misc":{"Szacowany czas czytania":"1 minuta"},"schema":{"@context":"https:\/\/schema.org","@graph":[{"@type":"WebPage","@id":"https:\/\/somaworks.nl\/ik-zoek-personeel\/opleidingstrajecten\/","url":"https:\/\/somaworks.nl\/ik-zoek-personeel\/opleidingstrajecten\/","name":"Opleidingstrajecten - SOMA Works","isPartOf":{"@id":"https:\/\/somaworks.nl\/#website"},"primaryImageOfPage":{"@id":"https:\/\/somaworks.nl\/ik-zoek-personeel\/opleidingstrajecten\/#primaryimage"},"image":{"@id":"https:\/\/somaworks.nl\/ik-zoek-personeel\/opleidingstrajecten\/#primaryimage"},"thumbnailUrl":"https:\/\/somaworks.nl\/wp-content\/uploads\/2020\/12\/AdobeStock_303305086.jpg","datePublished":"2020-07-01T13:08:11+00:00","dateModified":"2020-12-23T15:22:59+00:00","breadcrumb":{"@id":"https:\/\/somaworks.nl\/ik-zoek-personeel\/opleidingstrajecten\/#breadcrumb"},"inLanguage":"pl-PL","potentialAction":[{"@type":"ReadAction","target":["https:\/\/somaworks.nl\/ik-zoek-personeel\/opleidingstrajecten\/"]}]},{"@type":"ImageObject","inLanguage":"pl-PL","@id":"https:\/\/somaworks.nl\/ik-zoek-personeel\/opleidingstrajecten\/#primaryimage","url":"https:\/\/somaworks.nl\/wp-content\/uploads\/2020\/12\/AdobeStock_303305086.jpg","contentUrl":"https:\/\/somaworks.nl\/wp-content\/uploads\/2020\/12\/AdobeStock_303305086.jpg","width":2000,"height":1333},{"@type":"BreadcrumbList","@id":"https:\/\/somaworks.nl\/ik-zoek-personeel\/opleidingstrajecten\/#breadcrumb","itemListElement":[{"@type":"ListItem","position":1,"name":"Home","item":"https:\/\/somaworks.nl\/"},{"@type":"ListItem","position":2,"name":"Ik zoek personeel","item":"https:\/\/somaworks.nl\/ik-zoek-personeel\/"},{"@type":"ListItem","position":3,"name":"Opleidingstrajecten"}]},{"@type":"WebSite","@id":"https:\/\/somaworks.nl\/#website","url":"https:\/\/somaworks.nl\/","name":"SOMA Works","description":"Specialist in technisch personeel","publisher":{"@id":"https:\/\/somaworks.nl\/#organization"},"potentialAction":[{"@type":"SearchAction","target":{"@type":"EntryPoint","urlTemplate":"https:\/\/somaworks.nl\/?s={search_term_string}"},"query-input":{"@type":"PropertyValueSpecification","valueRequired":true,"valueName":"search_term_string"}}],"inLanguage":"pl-PL"},{"@type":"Organization","@id":"https:\/\/somaworks.nl\/#organization","name":"SOMA Works","url":"https:\/\/somaworks.nl\/","logo":{"@type":"ImageObject","inLanguage":"pl-PL","@id":"https:\/\/somaworks.nl\/#\/schema\/logo\/image\/","url":"https:\/\/somaworks.nl\/wp-content\/uploads\/2021\/09\/SOMA-works.png","contentUrl":"https:\/\/somaworks.nl\/wp-content\/uploads\/2021\/09\/SOMA-works.png","width":2095,"height":2095,"caption":"SOMA Works"},"image":{"@id":"https:\/\/somaworks.nl\/#\/schema\/logo\/image\/"},"sameAs":["https:\/\/www.facebook.com\/somaworksbv\/","https:\/\/www.instagram.com\/somaworksbv\/","https:\/\/www.linkedin.com\/company\/soma-works-specialist-in-technisch-personeel\/"]}]}},"_links":{"self":[{"href":"https:\/\/somaworks.nl\/pl\/wp-json\/wp\/v2\/pages\/362","targetHints":{"allow":["GET"]}}],"collection":[{"href":"https:\/\/somaworks.nl\/pl\/wp-json\/wp\/v2\/pages"}],"about":[{"href":"https:\/\/somaworks.nl\/pl\/wp-json\/wp\/v2\/types\/page"}],"author":[{"embeddable":true,"href":"https:\/\/somaworks.nl\/pl\/wp-json\/wp\/v2\/users\/2"}],"replies":[{"embeddable":true,"href":"https:\/\/somaworks.nl\/pl\/wp-json\/wp\/v2\/comments?post=362"}],"version-history":[{"count":0,"href":"https:\/\/somaworks.nl\/pl\/wp-json\/wp\/v2\/pages\/362\/revisions"}],"up":[{"embeddable":true,"href":"https:\/\/somaworks.nl\/pl\/wp-json\/wp\/v2\/pages\/355"}],"wp:featuredmedia":[{"embeddable":true,"href":"https:\/\/somaworks.nl\/pl\/wp-json\/wp\/v2\/media\/1942"}],"wp:attachment":[{"href":"https:\/\/somaworks.nl\/pl\/wp-json\/wp\/v2\/media?parent=362"}],"curies":[{"name":"wp","href":"https:\/\/api.w.org\/{rel}","templated":true}]}}