{"id":432,"date":"2020-09-03T09:57:46","date_gmt":"2020-09-03T09:57:46","guid":{"rendered":"https:\/\/sw.mijn.startmetgemak.site\/?page_id=432"},"modified":"2024-09-19T09:28:03","modified_gmt":"2024-09-19T07:28:03","slug":"uitzenden","status":"publish","type":"page","link":"https:\/\/somaworks.nl\/pl\/ik-zoek-personeel\/uitzenden\/","title":{"rendered":"Praca tymczasowa"},"content":{"rendered":"<p>Szukasz najlepszych elastycznych pracownik\u00f3w technicznych w Limburgii? W naszych oddzia\u0142ach w Maastricht, Sittard, Parkstad i Weert ka\u017cdego dnia jeste\u015bmy gotowi dopasowa\u0107 pracodawc\u0119 i pracownika. Dzi\u0119ki naszej rozleg\u0142ej sieci, wieloletniemu do\u015bwiadczeniu, silnej wiedzy specjalistycznej i rozbudowanym metodom selekcji, zawsze zapewniamy jako\u015b\u0107, kt\u00f3rej szukasz.<\/p>\n<h2>Zmotywowani i entuzjastyczni pracownicy tymczasowi<\/h2>\n<p>Jako techniczna agencja pracy w Limburgii, robimy r\u00f3\u017cnic\u0119, inwestuj\u0105c w ludzi. Dzieje si\u0119 tak, poniewa\u017c rzemie\u015blnicy i kobiety, kt\u00f3rzy rozpoczynaj\u0105 prac\u0119 za naszym po\u015brednictwem, s\u0105 dopasowywani do wewn\u0119trznego specjalisty. Przeprowadza on rozmow\u0119 kwalifikacyjn\u0105, sporz\u0105dza profil i przeprowadza szczeg\u00f3\u0142ow\u0105 weryfikacj\u0119. Poniewa\u017c nasi specjali\u015bci zwracaj\u0105 uwag\u0119 nie tylko na do\u015bwiadczenie zawodowe, certyfikaty i wiedz\u0119 zawodow\u0105, zawsze dokonujemy w\u0142a\u015bciwego dopasowania. W ten spos\u00f3b gwarantujemy szybkie i dobre rozwi\u0105zanie problem\u00f3w kadrowych.<\/p>\n<h2>Zalety outsourcingu za po\u015brednictwem SOMA Works<\/h2>\n<p>Korzystaj\u0105c z pracownik\u00f3w tymczasowych, mo\u017cna czerpa\u0107 korzy\u015bci z elastycznej i wykwalifikowanej si\u0142y roboczej bez wad um\u00f3w o prac\u0119, rekrutacji i koszt\u00f3w zwi\u0105zanych z chorobami. Pracownik tymczasowy nie znajduje si\u0119 na Twojej li\u015bcie p\u0142ac, co oznacza, \u017ce nie masz \u017cadnych zobowi\u0105za\u0144 prawnych i unikasz ryzyka pracodawcy. Korzystanie z pracownik\u00f3w tymczasowych jest zatem bardzo interesuj\u0105ce w przypadku prac projektowych lub wakacyjnych w miesi\u0105cach letnich. Pracownicy tymczasowi s\u0105 r\u00f3wnie\u017c rozwi\u0105zaniem w przypadku choroby, tymczasowego zwi\u0119kszenia produkcji lub zast\u0105pienia urlopu macierzy\u0144skiego.<\/p>\n<p>Po\u015brednicy w SOMA Works maj\u0105 wieloletnie do\u015bwiadczenie w mediacji z profesjonalnym personelem technicznym i cz\u0119sto sami pracowali w bran\u017cy in\u017cynieryjnej. Gwarantuje to, \u017ce mo\u017cemy spojrze\u0107 na kwesti\u0119 personelu z wielk\u0105 dba\u0142o\u015bci\u0105 o szczeg\u00f3\u0142y i \u017ce mo\u017cesz polega\u0107 na naszej wiedzy.<\/p>\n<h2>Wsp\u00f3\u0142praca z pracownikami tymczasowymi za po\u015brednictwem SOMA Works zapewnia wiele korzy\u015bci:<\/h2>\n<ul>\n<li>Dzi\u0119ki dok\u0142adnej procedurze rekrutacji i selekcji dostarczamy wy\u0142\u0105cznie prawdziwie wykwalifikowanych pracownik\u00f3w<\/li>\n<li>Nasi rekruterzy techniczni my\u015bl\u0105 razem z Twoj\u0105 firm\u0105<\/li>\n<li>Stawka rycza\u0142towa za godzin\u0119 i wynagrodzenie tylko za przepracowane godziny<\/li>\n<li>Ca\u0142a administracja jest za\u0142atwiona<\/li>\n<li>Podatek od wynagrodze\u0144 i ubezpieczenie spo\u0142eczne s\u0105 op\u0142acane.<\/li>\n<li>\u015arodki ochrony indywidualnej i odzie\u017c robocz\u0105 zapewnia SOMA Works<\/li>\n<\/ul>\n<p>Jeste\u015b ciekawy, co mo\u017cemy dla Ciebie zrobi\u0107? A mo\u017ce chcia\u0142by\u015b spotka\u0107 si\u0119 z jednym z naszych specjalist\u00f3w, aby\u015bmy mogli opowiedzie\u0107 Ci wi\u0119cej o naszych us\u0142ugach w osobistej rozmowie? W takim razie skontaktuj si\u0119 z nami.<\/p>\n<p>&nbsp;<\/p>\n<p>&nbsp;<\/p>\n<p>&nbsp;<\/p>","protected":false},"excerpt":{"rendered":"<p>Szukasz najlepszych elastycznych pracownik\u00f3w technicznych w Limburgii? W naszych oddzia\u0142ach w Maastricht, Sittard, Parkstad i Weert ka\u017cdego dnia jeste\u015bmy gotowi dopasowa\u0107 pracodawc\u0119 i pracownika. Dzi\u0119ki naszej rozleg\u0142ej sieci, wieloletniemu do\u015bwiadczeniu, [...] <\/p>","protected":false},"author":2,"featured_media":1944,"parent":355,"menu_order":35,"comment_status":"closed","ping_status":"closed","template":"","meta":{"_acf_changed":false,"footnotes":""},"class_list":["post-432","page","type-page","status-publish","has-post-thumbnail","hentry"],"acf":[],"yoast_head":"<!-- This site is optimized with the Yoast SEO plugin v27.4 - https:\/\/yoast.com\/product\/yoast-seo-wordpress\/ -->\n<title>Uitzenden - SOMA Works<\/title>\n<meta name=\"robots\" content=\"index, follow, max-snippet:-1, max-image-preview:large, max-video-preview:-1\" \/>\n<link rel=\"canonical\" href=\"https:\/\/somaworks.nl\/pl\/ik-zoek-personeel\/uitzenden\/\" \/>\n<meta property=\"og:locale\" content=\"pl_PL\" \/>\n<meta property=\"og:type\" content=\"article\" \/>\n<meta property=\"og:title\" content=\"Uitzenden - SOMA Works\" \/>\n<meta property=\"og:description\" content=\"Bent u op zoek naar het beste technische flexibele personeel in Limburg? Bij onze vestigingen in Maastricht, Sittard, Parkstad &amp; Weert staan wij iedere dag klaar om werkgever en werknemer met elkaar te matchen. Door ons uitgebreide netwerk, jarenlange ervaring, [...]\" \/>\n<meta property=\"og:url\" content=\"https:\/\/somaworks.nl\/pl\/ik-zoek-personeel\/uitzenden\/\" \/>\n<meta property=\"og:site_name\" content=\"SOMA Works\" \/>\n<meta property=\"article:publisher\" content=\"https:\/\/www.facebook.com\/somaworksbv\/\" \/>\n<meta property=\"article:modified_time\" content=\"2024-09-19T07:28:03+00:00\" \/>\n<meta property=\"og:image\" content=\"https:\/\/somaworks.nl\/wp-content\/uploads\/2020\/12\/AdobeStock_329363857.jpg\" \/>\n\t<meta property=\"og:image:width\" content=\"2000\" \/>\n\t<meta property=\"og:image:height\" content=\"1334\" \/>\n\t<meta property=\"og:image:type\" content=\"image\/jpeg\" \/>\n<meta name=\"twitter:card\" content=\"summary_large_image\" \/>\n<meta name=\"twitter:label1\" content=\"Szacowany czas czytania\" \/>\n\t<meta name=\"twitter:data1\" content=\"3 minuty\" \/>\n<script type=\"application\/ld+json\" class=\"yoast-schema-graph\">{\"@context\":\"https:\\\/\\\/schema.org\",\"@graph\":[{\"@type\":\"WebPage\",\"@id\":\"https:\\\/\\\/somaworks.nl\\\/ik-zoek-personeel\\\/uitzenden\\\/\",\"url\":\"https:\\\/\\\/somaworks.nl\\\/ik-zoek-personeel\\\/uitzenden\\\/\",\"name\":\"Uitzenden - SOMA Works\",\"isPartOf\":{\"@id\":\"https:\\\/\\\/somaworks.nl\\\/#website\"},\"primaryImageOfPage\":{\"@id\":\"https:\\\/\\\/somaworks.nl\\\/ik-zoek-personeel\\\/uitzenden\\\/#primaryimage\"},\"image\":{\"@id\":\"https:\\\/\\\/somaworks.nl\\\/ik-zoek-personeel\\\/uitzenden\\\/#primaryimage\"},\"thumbnailUrl\":\"https:\\\/\\\/somaworks.nl\\\/wp-content\\\/uploads\\\/2020\\\/12\\\/AdobeStock_329363857.jpg\",\"datePublished\":\"2020-09-03T09:57:46+00:00\",\"dateModified\":\"2024-09-19T07:28:03+00:00\",\"breadcrumb\":{\"@id\":\"https:\\\/\\\/somaworks.nl\\\/ik-zoek-personeel\\\/uitzenden\\\/#breadcrumb\"},\"inLanguage\":\"pl-PL\",\"potentialAction\":[{\"@type\":\"ReadAction\",\"target\":[\"https:\\\/\\\/somaworks.nl\\\/ik-zoek-personeel\\\/uitzenden\\\/\"]}]},{\"@type\":\"ImageObject\",\"inLanguage\":\"pl-PL\",\"@id\":\"https:\\\/\\\/somaworks.nl\\\/ik-zoek-personeel\\\/uitzenden\\\/#primaryimage\",\"url\":\"https:\\\/\\\/somaworks.nl\\\/wp-content\\\/uploads\\\/2020\\\/12\\\/AdobeStock_329363857.jpg\",\"contentUrl\":\"https:\\\/\\\/somaworks.nl\\\/wp-content\\\/uploads\\\/2020\\\/12\\\/AdobeStock_329363857.jpg\",\"width\":2000,\"height\":1334},{\"@type\":\"BreadcrumbList\",\"@id\":\"https:\\\/\\\/somaworks.nl\\\/ik-zoek-personeel\\\/uitzenden\\\/#breadcrumb\",\"itemListElement\":[{\"@type\":\"ListItem\",\"position\":1,\"name\":\"Home\",\"item\":\"https:\\\/\\\/somaworks.nl\\\/\"},{\"@type\":\"ListItem\",\"position\":2,\"name\":\"Ik zoek personeel\",\"item\":\"https:\\\/\\\/somaworks.nl\\\/ik-zoek-personeel\\\/\"},{\"@type\":\"ListItem\",\"position\":3,\"name\":\"Uitzenden\"}]},{\"@type\":\"WebSite\",\"@id\":\"https:\\\/\\\/somaworks.nl\\\/#website\",\"url\":\"https:\\\/\\\/somaworks.nl\\\/\",\"name\":\"SOMA Works\",\"description\":\"Specialist in technisch personeel\",\"publisher\":{\"@id\":\"https:\\\/\\\/somaworks.nl\\\/#organization\"},\"potentialAction\":[{\"@type\":\"SearchAction\",\"target\":{\"@type\":\"EntryPoint\",\"urlTemplate\":\"https:\\\/\\\/somaworks.nl\\\/?s={search_term_string}\"},\"query-input\":{\"@type\":\"PropertyValueSpecification\",\"valueRequired\":true,\"valueName\":\"search_term_string\"}}],\"inLanguage\":\"pl-PL\"},{\"@type\":\"Organization\",\"@id\":\"https:\\\/\\\/somaworks.nl\\\/#organization\",\"name\":\"SOMA Works\",\"url\":\"https:\\\/\\\/somaworks.nl\\\/\",\"logo\":{\"@type\":\"ImageObject\",\"inLanguage\":\"pl-PL\",\"@id\":\"https:\\\/\\\/somaworks.nl\\\/#\\\/schema\\\/logo\\\/image\\\/\",\"url\":\"https:\\\/\\\/somaworks.nl\\\/wp-content\\\/uploads\\\/2021\\\/09\\\/SOMA-works.png\",\"contentUrl\":\"https:\\\/\\\/somaworks.nl\\\/wp-content\\\/uploads\\\/2021\\\/09\\\/SOMA-works.png\",\"width\":2095,\"height\":2095,\"caption\":\"SOMA Works\"},\"image\":{\"@id\":\"https:\\\/\\\/somaworks.nl\\\/#\\\/schema\\\/logo\\\/image\\\/\"},\"sameAs\":[\"https:\\\/\\\/www.facebook.com\\\/somaworksbv\\\/\",\"https:\\\/\\\/www.instagram.com\\\/somaworksbv\\\/\",\"https:\\\/\\\/www.linkedin.com\\\/company\\\/soma-works-specialist-in-technisch-personeel\\\/\"]}]}<\/script>\n<!-- \/ Yoast SEO plugin. -->","yoast_head_json":{"title":"Uitzenden - SOMA Works","robots":{"index":"index","follow":"follow","max-snippet":"max-snippet:-1","max-image-preview":"max-image-preview:large","max-video-preview":"max-video-preview:-1"},"canonical":"https:\/\/somaworks.nl\/pl\/ik-zoek-personeel\/uitzenden\/","og_locale":"pl_PL","og_type":"article","og_title":"Uitzenden - SOMA Works","og_description":"Bent u op zoek naar het beste technische flexibele personeel in Limburg? Bij onze vestigingen in Maastricht, Sittard, Parkstad &amp; Weert staan wij iedere dag klaar om werkgever en werknemer met elkaar te matchen. Door ons uitgebreide netwerk, jarenlange ervaring, [...]","og_url":"https:\/\/somaworks.nl\/pl\/ik-zoek-personeel\/uitzenden\/","og_site_name":"SOMA Works","article_publisher":"https:\/\/www.facebook.com\/somaworksbv\/","article_modified_time":"2024-09-19T07:28:03+00:00","og_image":[{"width":2000,"height":1334,"url":"https:\/\/somaworks.nl\/wp-content\/uploads\/2020\/12\/AdobeStock_329363857.jpg","type":"image\/jpeg"}],"twitter_card":"summary_large_image","twitter_misc":{"Szacowany czas czytania":"3 minuty"},"schema":{"@context":"https:\/\/schema.org","@graph":[{"@type":"WebPage","@id":"https:\/\/somaworks.nl\/ik-zoek-personeel\/uitzenden\/","url":"https:\/\/somaworks.nl\/ik-zoek-personeel\/uitzenden\/","name":"Uitzenden - SOMA Works","isPartOf":{"@id":"https:\/\/somaworks.nl\/#website"},"primaryImageOfPage":{"@id":"https:\/\/somaworks.nl\/ik-zoek-personeel\/uitzenden\/#primaryimage"},"image":{"@id":"https:\/\/somaworks.nl\/ik-zoek-personeel\/uitzenden\/#primaryimage"},"thumbnailUrl":"https:\/\/somaworks.nl\/wp-content\/uploads\/2020\/12\/AdobeStock_329363857.jpg","datePublished":"2020-09-03T09:57:46+00:00","dateModified":"2024-09-19T07:28:03+00:00","breadcrumb":{"@id":"https:\/\/somaworks.nl\/ik-zoek-personeel\/uitzenden\/#breadcrumb"},"inLanguage":"pl-PL","potentialAction":[{"@type":"ReadAction","target":["https:\/\/somaworks.nl\/ik-zoek-personeel\/uitzenden\/"]}]},{"@type":"ImageObject","inLanguage":"pl-PL","@id":"https:\/\/somaworks.nl\/ik-zoek-personeel\/uitzenden\/#primaryimage","url":"https:\/\/somaworks.nl\/wp-content\/uploads\/2020\/12\/AdobeStock_329363857.jpg","contentUrl":"https:\/\/somaworks.nl\/wp-content\/uploads\/2020\/12\/AdobeStock_329363857.jpg","width":2000,"height":1334},{"@type":"BreadcrumbList","@id":"https:\/\/somaworks.nl\/ik-zoek-personeel\/uitzenden\/#breadcrumb","itemListElement":[{"@type":"ListItem","position":1,"name":"Home","item":"https:\/\/somaworks.nl\/"},{"@type":"ListItem","position":2,"name":"Ik zoek personeel","item":"https:\/\/somaworks.nl\/ik-zoek-personeel\/"},{"@type":"ListItem","position":3,"name":"Uitzenden"}]},{"@type":"WebSite","@id":"https:\/\/somaworks.nl\/#website","url":"https:\/\/somaworks.nl\/","name":"SOMA Works","description":"Specialist in technisch personeel","publisher":{"@id":"https:\/\/somaworks.nl\/#organization"},"potentialAction":[{"@type":"SearchAction","target":{"@type":"EntryPoint","urlTemplate":"https:\/\/somaworks.nl\/?s={search_term_string}"},"query-input":{"@type":"PropertyValueSpecification","valueRequired":true,"valueName":"search_term_string"}}],"inLanguage":"pl-PL"},{"@type":"Organization","@id":"https:\/\/somaworks.nl\/#organization","name":"SOMA Works","url":"https:\/\/somaworks.nl\/","logo":{"@type":"ImageObject","inLanguage":"pl-PL","@id":"https:\/\/somaworks.nl\/#\/schema\/logo\/image\/","url":"https:\/\/somaworks.nl\/wp-content\/uploads\/2021\/09\/SOMA-works.png","contentUrl":"https:\/\/somaworks.nl\/wp-content\/uploads\/2021\/09\/SOMA-works.png","width":2095,"height":2095,"caption":"SOMA Works"},"image":{"@id":"https:\/\/somaworks.nl\/#\/schema\/logo\/image\/"},"sameAs":["https:\/\/www.facebook.com\/somaworksbv\/","https:\/\/www.instagram.com\/somaworksbv\/","https:\/\/www.linkedin.com\/company\/soma-works-specialist-in-technisch-personeel\/"]}]}},"_links":{"self":[{"href":"https:\/\/somaworks.nl\/pl\/wp-json\/wp\/v2\/pages\/432","targetHints":{"allow":["GET"]}}],"collection":[{"href":"https:\/\/somaworks.nl\/pl\/wp-json\/wp\/v2\/pages"}],"about":[{"href":"https:\/\/somaworks.nl\/pl\/wp-json\/wp\/v2\/types\/page"}],"author":[{"embeddable":true,"href":"https:\/\/somaworks.nl\/pl\/wp-json\/wp\/v2\/users\/2"}],"replies":[{"embeddable":true,"href":"https:\/\/somaworks.nl\/pl\/wp-json\/wp\/v2\/comments?post=432"}],"version-history":[{"count":0,"href":"https:\/\/somaworks.nl\/pl\/wp-json\/wp\/v2\/pages\/432\/revisions"}],"up":[{"embeddable":true,"href":"https:\/\/somaworks.nl\/pl\/wp-json\/wp\/v2\/pages\/355"}],"wp:featuredmedia":[{"embeddable":true,"href":"https:\/\/somaworks.nl\/pl\/wp-json\/wp\/v2\/media\/1944"}],"wp:attachment":[{"href":"https:\/\/somaworks.nl\/pl\/wp-json\/wp\/v2\/media?parent=432"}],"curies":[{"name":"wp","href":"https:\/\/api.w.org\/{rel}","templated":true}]}}