{"id":92180,"date":"2022-02-25T08:57:34","date_gmt":"2022-02-25T08:57:34","guid":{"rendered":"https:\/\/somaworks.nl\/?page_id=92180"},"modified":"2023-11-17T13:59:19","modified_gmt":"2023-11-17T11:59:19","slug":"stork","status":"publish","type":"page","link":"https:\/\/somaworks.nl\/pl\/werken-bij\/stork\/","title":{"rendered":"Bocian"},"content":{"rendered":"<p>Stork jest uznanym na ca\u0142ym \u015bwiecie dostawc\u0105 us\u0142ug technicznych, specjalizuj\u0105cym si\u0119 w dostarczaniu innowacyjnych rozwi\u0105za\u0144 dla przemys\u0142u. Z bogat\u0105 histori\u0105 si\u0119gaj\u0105c\u0105 pocz\u0105tku XIX wieku, Stork zbudowa\u0142 solidn\u0105 reputacj\u0119 jako niezawodny partner dla r\u00f3\u017cnych sektor\u00f3w, w tym ropy i gazu, chemikali\u00f3w, energii i lotnictwa.<\/p>\n<p>Zlokalizowana w Elsloo firma Stork odegra\u0142a kluczow\u0105 rol\u0119 we wspieraniu lokalnej gospodarki i zapewnianiu zatrudnienia utalentowanym specjalistom. Stork jest znany ze swojego zaanga\u017cowania w post\u0119p technologiczny i innowacje, dzi\u0119ki czemu firma jest pionierem w opracowywaniu zaawansowanych rozwi\u0105za\u0144, kt\u00f3re spe\u0142niaj\u0105 stale zmieniaj\u0105ce si\u0119 wymagania przemys\u0142u.<\/p>\n<p>Jednym z aspekt\u00f3w wyr\u00f3\u017cniaj\u0105cych Stork jest koncentracja na zr\u00f3wnowa\u017conym rozwoju i \u015bwiadomo\u015bci ekologicznej. Firma d\u0105\u017cy do dostarczania rozwi\u0105za\u0144, kt\u00f3re s\u0105 nie tylko wydajne, ale tak\u017ce spe\u0142niaj\u0105 najwy\u017csze standardy ochrony \u015brodowiska. Stork uznaje znaczenie odpowiedzialno\u015bci korporacyjnej i anga\u017cuje si\u0119 w zmniejszanie wp\u0142ywu proces\u00f3w przemys\u0142owych na \u015brodowisko.<\/p>\n<p>Je\u015bli chodzi o zatrudnienie, Stork oferuje inspiruj\u0105ce \u015brodowisko pracy dla profesjonalist\u00f3w na r\u00f3\u017cnych poziomach. Firma ceni r\u00f3\u017cnorodno\u015b\u0107 i promuje kultur\u0119 integracyjn\u0105, w kt\u00f3rej pracownicy s\u0105 zach\u0119cani do rozwijania swoich umiej\u0119tno\u015bci i przyczyniania si\u0119 do rozwoju firmy. Je\u015bli szukasz ambitnych mo\u017cliwo\u015bci i stymuluj\u0105cego \u015brodowiska pracy, Stork w Elsloo jest odpowiednim miejscem.<\/p>\n<p>Stork rozumie znaczenie przyci\u0105gania wysoko wykwalifikowanych i zmotywowanych pracownik\u00f3w. Firma inwestuje w ci\u0105g\u0142e szkolenia i rozw\u00f3j, aby pracownicy byli na bie\u017c\u0105co z najnowszymi osi\u0105gni\u0119ciami technologicznymi i trendami w bran\u017cy. To sprawia, \u017ce Stork jest nie tylko \u015bwietnym pracodawc\u0105, ale tak\u017ce miejscem, w kt\u00f3rym zach\u0119ca si\u0119 do indywidualnego rozwoju i perspektyw kariery.<\/p>\n<h2>Pracujesz w Stork Elsloo?<\/h2>\n<p>Dla os\u00f3b poszukuj\u0105cych pracy aspiruj\u0105cych do kariery w wiod\u0105cej firmie \u015bwiadcz\u0105cej us\u0142ugi techniczne, Stork w Elsloo jest doskona\u0142ym wyborem. SOMA Works z dum\u0105 wsp\u00f3\u0142pracuje ze Stork i \u0142\u0105czy utalentowanych profesjonalist\u00f3w z ekscytuj\u0105cymi mo\u017cliwo\u015bciami w tej dynamicznej firmie. Je\u015bli szukasz pracy, kt\u00f3ra b\u0119dzie dla Ciebie wyzwaniem i pozwoli Ci rozwija\u0107 swoje umiej\u0119tno\u015bci, koniecznie rozwa\u017c mo\u017cliwo\u015bci, jakie ma do zaoferowania Stork. Jeste\u015bmy przekonani, \u017ce wsp\u00f3\u0142praca ze Stork b\u0119dzie obiecuj\u0105ca i satysfakcjonuj\u0105ca zar\u00f3wno dla pracodawc\u00f3w, jak i pracownik\u00f3w.<\/p>","protected":false},"excerpt":{"rendered":"<p>Stork is een internationaal erkende speler op het gebied van technische dienstverlening, gespecialiseerd in het leveren van innovatieve oplossingen voor de industrie. Met een rijke geschiedenis die teruggaat tot het begin van de 19e eeuw, heeft Stork een solide reputatie [&#8230;] <\/p>","protected":false},"author":2,"featured_media":95787,"parent":73986,"menu_order":26,"comment_status":"closed","ping_status":"closed","template":"werkenbij.php","meta":{"_acf_changed":false,"footnotes":""},"class_list":["post-92180","page","type-page","status-publish","has-post-thumbnail","hentry"],"acf":[],"yoast_head":"<!-- This site is optimized with the Yoast SEO plugin v27.4 - https:\/\/yoast.com\/product\/yoast-seo-wordpress\/ -->\n<title>Werken bij Stork - SOMA Works<\/title>\n<meta name=\"description\" content=\"Stork is een internationaal speler op het gebied van technische dienstverlening, gespecialiseerd in het leveren van innovatieve oplossingen voor de industrie.\" \/>\n<meta name=\"robots\" content=\"index, follow, max-snippet:-1, max-image-preview:large, max-video-preview:-1\" \/>\n<link rel=\"canonical\" href=\"https:\/\/somaworks.nl\/pl\/werken-bij\/stork\/\" \/>\n<meta property=\"og:locale\" content=\"pl_PL\" \/>\n<meta property=\"og:type\" content=\"article\" \/>\n<meta property=\"og:title\" content=\"Werken bij Stork - SOMA Works\" \/>\n<meta property=\"og:description\" content=\"Stork is een internationaal speler op het gebied van technische dienstverlening, gespecialiseerd in het leveren van innovatieve oplossingen voor de industrie.\" \/>\n<meta property=\"og:url\" content=\"https:\/\/somaworks.nl\/pl\/werken-bij\/stork\/\" \/>\n<meta property=\"og:site_name\" content=\"SOMA Works\" \/>\n<meta property=\"article:publisher\" content=\"https:\/\/www.facebook.com\/somaworksbv\/\" \/>\n<meta property=\"article:modified_time\" content=\"2023-11-17T11:59:19+00:00\" \/>\n<meta property=\"og:image\" content=\"https:\/\/somaworks.nl\/wp-content\/uploads\/2022\/02\/media_757_501372_w1200_fit.jpg\" \/>\n\t<meta property=\"og:image:width\" content=\"1200\" \/>\n\t<meta property=\"og:image:height\" content=\"800\" \/>\n\t<meta property=\"og:image:type\" content=\"image\/jpeg\" \/>\n<meta name=\"twitter:card\" content=\"summary_large_image\" \/>\n<meta name=\"twitter:label1\" content=\"Szacowany czas czytania\" \/>\n\t<meta name=\"twitter:data1\" content=\"2 minuty\" \/>\n<script type=\"application\/ld+json\" class=\"yoast-schema-graph\">{\"@context\":\"https:\\\/\\\/schema.org\",\"@graph\":[{\"@type\":\"WebPage\",\"@id\":\"https:\\\/\\\/somaworks.nl\\\/werken-bij\\\/stork\\\/\",\"url\":\"https:\\\/\\\/somaworks.nl\\\/werken-bij\\\/stork\\\/\",\"name\":\"Werken bij Stork - SOMA Works\",\"isPartOf\":{\"@id\":\"https:\\\/\\\/somaworks.nl\\\/#website\"},\"primaryImageOfPage\":{\"@id\":\"https:\\\/\\\/somaworks.nl\\\/werken-bij\\\/stork\\\/#primaryimage\"},\"image\":{\"@id\":\"https:\\\/\\\/somaworks.nl\\\/werken-bij\\\/stork\\\/#primaryimage\"},\"thumbnailUrl\":\"https:\\\/\\\/somaworks.nl\\\/wp-content\\\/uploads\\\/2022\\\/02\\\/media_757_501372_w1200_fit.jpg\",\"datePublished\":\"2022-02-25T08:57:34+00:00\",\"dateModified\":\"2023-11-17T11:59:19+00:00\",\"description\":\"Stork is een internationaal speler op het gebied van technische dienstverlening, gespecialiseerd in het leveren van innovatieve oplossingen voor de industrie.\",\"breadcrumb\":{\"@id\":\"https:\\\/\\\/somaworks.nl\\\/werken-bij\\\/stork\\\/#breadcrumb\"},\"inLanguage\":\"pl-PL\",\"potentialAction\":[{\"@type\":\"ReadAction\",\"target\":[\"https:\\\/\\\/somaworks.nl\\\/werken-bij\\\/stork\\\/\"]}]},{\"@type\":\"ImageObject\",\"inLanguage\":\"pl-PL\",\"@id\":\"https:\\\/\\\/somaworks.nl\\\/werken-bij\\\/stork\\\/#primaryimage\",\"url\":\"https:\\\/\\\/somaworks.nl\\\/wp-content\\\/uploads\\\/2022\\\/02\\\/media_757_501372_w1200_fit.jpg\",\"contentUrl\":\"https:\\\/\\\/somaworks.nl\\\/wp-content\\\/uploads\\\/2022\\\/02\\\/media_757_501372_w1200_fit.jpg\",\"width\":1200,\"height\":800},{\"@type\":\"BreadcrumbList\",\"@id\":\"https:\\\/\\\/somaworks.nl\\\/werken-bij\\\/stork\\\/#breadcrumb\",\"itemListElement\":[{\"@type\":\"ListItem\",\"position\":1,\"name\":\"Home\",\"item\":\"https:\\\/\\\/somaworks.nl\\\/\"},{\"@type\":\"ListItem\",\"position\":2,\"name\":\"Werken bij\",\"item\":\"https:\\\/\\\/somaworks.nl\\\/werken-bij\\\/\"},{\"@type\":\"ListItem\",\"position\":3,\"name\":\"Stork\"}]},{\"@type\":\"WebSite\",\"@id\":\"https:\\\/\\\/somaworks.nl\\\/#website\",\"url\":\"https:\\\/\\\/somaworks.nl\\\/\",\"name\":\"SOMA Works\",\"description\":\"Specialist in technisch personeel\",\"publisher\":{\"@id\":\"https:\\\/\\\/somaworks.nl\\\/#organization\"},\"potentialAction\":[{\"@type\":\"SearchAction\",\"target\":{\"@type\":\"EntryPoint\",\"urlTemplate\":\"https:\\\/\\\/somaworks.nl\\\/?s={search_term_string}\"},\"query-input\":{\"@type\":\"PropertyValueSpecification\",\"valueRequired\":true,\"valueName\":\"search_term_string\"}}],\"inLanguage\":\"pl-PL\"},{\"@type\":\"Organization\",\"@id\":\"https:\\\/\\\/somaworks.nl\\\/#organization\",\"name\":\"SOMA Works\",\"url\":\"https:\\\/\\\/somaworks.nl\\\/\",\"logo\":{\"@type\":\"ImageObject\",\"inLanguage\":\"pl-PL\",\"@id\":\"https:\\\/\\\/somaworks.nl\\\/#\\\/schema\\\/logo\\\/image\\\/\",\"url\":\"https:\\\/\\\/somaworks.nl\\\/wp-content\\\/uploads\\\/2021\\\/09\\\/SOMA-works.png\",\"contentUrl\":\"https:\\\/\\\/somaworks.nl\\\/wp-content\\\/uploads\\\/2021\\\/09\\\/SOMA-works.png\",\"width\":2095,\"height\":2095,\"caption\":\"SOMA Works\"},\"image\":{\"@id\":\"https:\\\/\\\/somaworks.nl\\\/#\\\/schema\\\/logo\\\/image\\\/\"},\"sameAs\":[\"https:\\\/\\\/www.facebook.com\\\/somaworksbv\\\/\",\"https:\\\/\\\/www.instagram.com\\\/somaworksbv\\\/\",\"https:\\\/\\\/www.linkedin.com\\\/company\\\/soma-works-specialist-in-technisch-personeel\\\/\"]}]}<\/script>\n<!-- \/ Yoast SEO plugin. -->","yoast_head_json":{"title":"Werken bij Stork - SOMA Works","description":"Stork is een internationaal speler op het gebied van technische dienstverlening, gespecialiseerd in het leveren van innovatieve oplossingen voor de industrie.","robots":{"index":"index","follow":"follow","max-snippet":"max-snippet:-1","max-image-preview":"max-image-preview:large","max-video-preview":"max-video-preview:-1"},"canonical":"https:\/\/somaworks.nl\/pl\/werken-bij\/stork\/","og_locale":"pl_PL","og_type":"article","og_title":"Werken bij Stork - SOMA Works","og_description":"Stork is een internationaal speler op het gebied van technische dienstverlening, gespecialiseerd in het leveren van innovatieve oplossingen voor de industrie.","og_url":"https:\/\/somaworks.nl\/pl\/werken-bij\/stork\/","og_site_name":"SOMA Works","article_publisher":"https:\/\/www.facebook.com\/somaworksbv\/","article_modified_time":"2023-11-17T11:59:19+00:00","og_image":[{"width":1200,"height":800,"url":"https:\/\/somaworks.nl\/wp-content\/uploads\/2022\/02\/media_757_501372_w1200_fit.jpg","type":"image\/jpeg"}],"twitter_card":"summary_large_image","twitter_misc":{"Szacowany czas czytania":"2 minuty"},"schema":{"@context":"https:\/\/schema.org","@graph":[{"@type":"WebPage","@id":"https:\/\/somaworks.nl\/werken-bij\/stork\/","url":"https:\/\/somaworks.nl\/werken-bij\/stork\/","name":"Werken bij Stork - SOMA Works","isPartOf":{"@id":"https:\/\/somaworks.nl\/#website"},"primaryImageOfPage":{"@id":"https:\/\/somaworks.nl\/werken-bij\/stork\/#primaryimage"},"image":{"@id":"https:\/\/somaworks.nl\/werken-bij\/stork\/#primaryimage"},"thumbnailUrl":"https:\/\/somaworks.nl\/wp-content\/uploads\/2022\/02\/media_757_501372_w1200_fit.jpg","datePublished":"2022-02-25T08:57:34+00:00","dateModified":"2023-11-17T11:59:19+00:00","description":"Stork is een internationaal speler op het gebied van technische dienstverlening, gespecialiseerd in het leveren van innovatieve oplossingen voor de industrie.","breadcrumb":{"@id":"https:\/\/somaworks.nl\/werken-bij\/stork\/#breadcrumb"},"inLanguage":"pl-PL","potentialAction":[{"@type":"ReadAction","target":["https:\/\/somaworks.nl\/werken-bij\/stork\/"]}]},{"@type":"ImageObject","inLanguage":"pl-PL","@id":"https:\/\/somaworks.nl\/werken-bij\/stork\/#primaryimage","url":"https:\/\/somaworks.nl\/wp-content\/uploads\/2022\/02\/media_757_501372_w1200_fit.jpg","contentUrl":"https:\/\/somaworks.nl\/wp-content\/uploads\/2022\/02\/media_757_501372_w1200_fit.jpg","width":1200,"height":800},{"@type":"BreadcrumbList","@id":"https:\/\/somaworks.nl\/werken-bij\/stork\/#breadcrumb","itemListElement":[{"@type":"ListItem","position":1,"name":"Home","item":"https:\/\/somaworks.nl\/"},{"@type":"ListItem","position":2,"name":"Werken bij","item":"https:\/\/somaworks.nl\/werken-bij\/"},{"@type":"ListItem","position":3,"name":"Stork"}]},{"@type":"WebSite","@id":"https:\/\/somaworks.nl\/#website","url":"https:\/\/somaworks.nl\/","name":"SOMA Works","description":"Specialist in technisch personeel","publisher":{"@id":"https:\/\/somaworks.nl\/#organization"},"potentialAction":[{"@type":"SearchAction","target":{"@type":"EntryPoint","urlTemplate":"https:\/\/somaworks.nl\/?s={search_term_string}"},"query-input":{"@type":"PropertyValueSpecification","valueRequired":true,"valueName":"search_term_string"}}],"inLanguage":"pl-PL"},{"@type":"Organization","@id":"https:\/\/somaworks.nl\/#organization","name":"SOMA Works","url":"https:\/\/somaworks.nl\/","logo":{"@type":"ImageObject","inLanguage":"pl-PL","@id":"https:\/\/somaworks.nl\/#\/schema\/logo\/image\/","url":"https:\/\/somaworks.nl\/wp-content\/uploads\/2021\/09\/SOMA-works.png","contentUrl":"https:\/\/somaworks.nl\/wp-content\/uploads\/2021\/09\/SOMA-works.png","width":2095,"height":2095,"caption":"SOMA Works"},"image":{"@id":"https:\/\/somaworks.nl\/#\/schema\/logo\/image\/"},"sameAs":["https:\/\/www.facebook.com\/somaworksbv\/","https:\/\/www.instagram.com\/somaworksbv\/","https:\/\/www.linkedin.com\/company\/soma-works-specialist-in-technisch-personeel\/"]}]}},"_links":{"self":[{"href":"https:\/\/somaworks.nl\/pl\/wp-json\/wp\/v2\/pages\/92180","targetHints":{"allow":["GET"]}}],"collection":[{"href":"https:\/\/somaworks.nl\/pl\/wp-json\/wp\/v2\/pages"}],"about":[{"href":"https:\/\/somaworks.nl\/pl\/wp-json\/wp\/v2\/types\/page"}],"author":[{"embeddable":true,"href":"https:\/\/somaworks.nl\/pl\/wp-json\/wp\/v2\/users\/2"}],"replies":[{"embeddable":true,"href":"https:\/\/somaworks.nl\/pl\/wp-json\/wp\/v2\/comments?post=92180"}],"version-history":[{"count":0,"href":"https:\/\/somaworks.nl\/pl\/wp-json\/wp\/v2\/pages\/92180\/revisions"}],"up":[{"embeddable":true,"href":"https:\/\/somaworks.nl\/pl\/wp-json\/wp\/v2\/pages\/73986"}],"wp:featuredmedia":[{"embeddable":true,"href":"https:\/\/somaworks.nl\/pl\/wp-json\/wp\/v2\/media\/95787"}],"wp:attachment":[{"href":"https:\/\/somaworks.nl\/pl\/wp-json\/wp\/v2\/media?parent=92180"}],"curies":[{"name":"wp","href":"https:\/\/api.w.org\/{rel}","templated":true}]}}