{"id":92224,"date":"2022-02-25T09:39:52","date_gmt":"2022-02-25T09:39:52","guid":{"rendered":"https:\/\/somaworks.nl\/?page_id=92224"},"modified":"2023-06-30T14:36:13","modified_gmt":"2023-06-30T12:36:13","slug":"equans","status":"publish","type":"page","link":"https:\/\/somaworks.nl\/pl\/werken-bij\/equans\/","title":{"rendered":"EQUANS"},"content":{"rendered":"<h2>Gotowy na pe\u0142n\u0105 wyzwa\u0144 karier\u0119 w Equans?<\/h2>\n<p>Equans jest liderem na rynku us\u0142ug technicznych. Dzi\u0119ki 29 lokalizacjom w ca\u0142ej Holandii i zespo\u0142owi licz\u0105cemu nie mniej ni\u017c 5500 pracownik\u00f3w, firma jest zaanga\u017cowana w dostarczanie zintegrowanych rozwi\u0105za\u0144 i us\u0142ug, kt\u00f3re doskonale spe\u0142niaj\u0105 potrzeby klient\u00f3w. Od projektu i instalacji po realizacj\u0119, konserwacj\u0119 i doradztwo, Equans oferuje innowacyjne rozwi\u0105zania techniczne, cyfrowe i zr\u00f3wnowa\u017cone.<\/p>\n<p>Niezale\u017cnie od tego, czy chodzi o firmy z bran\u017cy zaawansowanych technologii i przemys\u0142u, szpitale czy inne sektory, Equans zapewnia niestandardowe rozwi\u0105zania spe\u0142niaj\u0105ce najwy\u017csze standardy. D\u0105\u017cy do dostarczania innowacyjnych rozwi\u0105za\u0144 w obszarach u\u017cyteczno\u015bci publicznej, przemys\u0142u i infrastruktury. Ponadto anga\u017cuje si\u0119 w d\u0142ugoterminow\u0105 konserwacj\u0119 i zarz\u0105dzanie, aby procesy by\u0142y zawsze w ruchu. Stale rozwija r\u00f3wnie\u017c zr\u00f3wnowa\u017con\u0105 mobilno\u015b\u0107 poprzez innowacyjn\u0105 infrastruktur\u0119 \u0142adowania.<\/p>\n<h2>Zapraszamy do pracy w Equans!<\/h2>\n<p>W Equans b\u0119dziesz pracowa\u0107 z 5500 specjalistami gotowymi pomaga\u0107 klientom ka\u017cdego dnia dzi\u0119ki innowacyjnym i zr\u00f3wnowa\u017conym rozwi\u0105zaniom technicznym. Czy chcia\u0142by\u015b by\u0107 cz\u0119\u015bci\u0105 tego zespo\u0142u i odcisn\u0105\u0107 swoje pi\u0119tno na innowacyjno\u015bci i zr\u00f3wnowa\u017conym rozwoju w sektorze technicznym? Equans oferuje mo\u017cliwo\u015b\u0107 rozwijania swoich talent\u00f3w i uczestniczenia w pionierskim rozwoju technologicznym. Aplikuj ju\u017c dzi\u015b i odkryj mo\u017cliwo\u015bci, jakie Equans ma do zaoferowania dla Twojej przysz\u0142ej kariery. Do\u0142\u0105cz do Equans i zmieniaj \u015bwiat dzi\u0119ki innowacjom i zr\u00f3wnowa\u017conym rozwi\u0105zaniom technicznym!<\/p>\n<p><video class=\"werken-bij-video\" src=\"https:\/\/player.vimeo.com\/external\/662635609.hd.mp4?s=4f1d5ff77c9cfb74253fdb2ef94ecdcf754e08ae&amp;profile_id=175\" poster=\"\" autoplay=\"autoplay\" loop=\"loop\" muted=\"\" width=\"100%\" height=\"auto\"><br \/>\n<\/video><\/p>","protected":false},"excerpt":{"rendered":"<p>Klaar voor een uitdagende carri\u00e8re bij Equans? Equans is d\u00e9 marktleider in technische dienstverlening. Met 29 locaties verspreid over Nederland en een team van maar liefst 5.500 medewerkers, zetten zij zich in voor integrale oplossingen en diensten die perfect aansluiten [&#8230;] <\/p>","protected":false},"author":2,"featured_media":144354,"parent":73986,"menu_order":25,"comment_status":"closed","ping_status":"closed","template":"werkenbij.php","meta":{"_acf_changed":false,"footnotes":""},"class_list":["post-92224","page","type-page","status-publish","has-post-thumbnail","hentry"],"acf":[],"yoast_head":"<!-- This site is optimized with the Yoast SEO plugin v27.5 - https:\/\/yoast.com\/product\/yoast-seo-wordpress\/ -->\n<title>Werken bij EQUANS - SOMA Works<\/title>\n<meta name=\"robots\" content=\"index, follow, max-snippet:-1, max-image-preview:large, max-video-preview:-1\" \/>\n<link rel=\"canonical\" href=\"https:\/\/somaworks.nl\/pl\/werken-bij\/equans\/\" \/>\n<meta property=\"og:locale\" content=\"pl_PL\" \/>\n<meta property=\"og:type\" content=\"article\" \/>\n<meta property=\"og:title\" content=\"Werken bij EQUANS - SOMA Works\" \/>\n<meta property=\"og:description\" content=\"Klaar voor een uitdagende carri\u00e8re bij Equans? Equans is d\u00e9 marktleider in technische dienstverlening. Met 29 locaties verspreid over Nederland en een team van maar liefst 5.500 medewerkers, zetten zij zich in voor integrale oplossingen en diensten die perfect aansluiten [...]\" \/>\n<meta property=\"og:url\" content=\"https:\/\/somaworks.nl\/pl\/werken-bij\/equans\/\" \/>\n<meta property=\"og:site_name\" content=\"SOMA Works\" \/>\n<meta property=\"article:publisher\" content=\"https:\/\/www.facebook.com\/somaworksbv\/\" \/>\n<meta property=\"article:modified_time\" content=\"2023-06-30T12:36:13+00:00\" \/>\n<meta property=\"og:image\" content=\"https:\/\/somaworks.nl\/wp-content\/uploads\/2022\/04\/omslag_equans.jpg\" \/>\n\t<meta property=\"og:image:width\" content=\"2000\" \/>\n\t<meta property=\"og:image:height\" content=\"693\" \/>\n\t<meta property=\"og:image:type\" content=\"image\/jpeg\" \/>\n<meta name=\"twitter:card\" content=\"summary_large_image\" \/>\n<meta name=\"twitter:label1\" content=\"Szacowany czas czytania\" \/>\n\t<meta name=\"twitter:data1\" content=\"2 minuty\" \/>\n<script type=\"application\/ld+json\" class=\"yoast-schema-graph\">{\"@context\":\"https:\\\/\\\/schema.org\",\"@graph\":[{\"@type\":\"WebPage\",\"@id\":\"https:\\\/\\\/somaworks.nl\\\/werken-bij\\\/equans\\\/\",\"url\":\"https:\\\/\\\/somaworks.nl\\\/werken-bij\\\/equans\\\/\",\"name\":\"Werken bij EQUANS - SOMA Works\",\"isPartOf\":{\"@id\":\"https:\\\/\\\/somaworks.nl\\\/#website\"},\"primaryImageOfPage\":{\"@id\":\"https:\\\/\\\/somaworks.nl\\\/werken-bij\\\/equans\\\/#primaryimage\"},\"image\":{\"@id\":\"https:\\\/\\\/somaworks.nl\\\/werken-bij\\\/equans\\\/#primaryimage\"},\"thumbnailUrl\":\"https:\\\/\\\/somaworks.nl\\\/wp-content\\\/uploads\\\/2022\\\/04\\\/omslag_equans.jpg\",\"datePublished\":\"2022-02-25T09:39:52+00:00\",\"dateModified\":\"2023-06-30T12:36:13+00:00\",\"breadcrumb\":{\"@id\":\"https:\\\/\\\/somaworks.nl\\\/werken-bij\\\/equans\\\/#breadcrumb\"},\"inLanguage\":\"pl-PL\",\"potentialAction\":[{\"@type\":\"ReadAction\",\"target\":[\"https:\\\/\\\/somaworks.nl\\\/werken-bij\\\/equans\\\/\"]}]},{\"@type\":\"ImageObject\",\"inLanguage\":\"pl-PL\",\"@id\":\"https:\\\/\\\/somaworks.nl\\\/werken-bij\\\/equans\\\/#primaryimage\",\"url\":\"https:\\\/\\\/somaworks.nl\\\/wp-content\\\/uploads\\\/2022\\\/04\\\/omslag_equans.jpg\",\"contentUrl\":\"https:\\\/\\\/somaworks.nl\\\/wp-content\\\/uploads\\\/2022\\\/04\\\/omslag_equans.jpg\",\"width\":2000,\"height\":693},{\"@type\":\"BreadcrumbList\",\"@id\":\"https:\\\/\\\/somaworks.nl\\\/werken-bij\\\/equans\\\/#breadcrumb\",\"itemListElement\":[{\"@type\":\"ListItem\",\"position\":1,\"name\":\"Home\",\"item\":\"https:\\\/\\\/somaworks.nl\\\/\"},{\"@type\":\"ListItem\",\"position\":2,\"name\":\"Werken bij\",\"item\":\"https:\\\/\\\/somaworks.nl\\\/werken-bij\\\/\"},{\"@type\":\"ListItem\",\"position\":3,\"name\":\"EQUANS\"}]},{\"@type\":\"WebSite\",\"@id\":\"https:\\\/\\\/somaworks.nl\\\/#website\",\"url\":\"https:\\\/\\\/somaworks.nl\\\/\",\"name\":\"SOMA Works\",\"description\":\"Specialist in technisch personeel\",\"publisher\":{\"@id\":\"https:\\\/\\\/somaworks.nl\\\/#organization\"},\"potentialAction\":[{\"@type\":\"SearchAction\",\"target\":{\"@type\":\"EntryPoint\",\"urlTemplate\":\"https:\\\/\\\/somaworks.nl\\\/?s={search_term_string}\"},\"query-input\":{\"@type\":\"PropertyValueSpecification\",\"valueRequired\":true,\"valueName\":\"search_term_string\"}}],\"inLanguage\":\"pl-PL\"},{\"@type\":\"Organization\",\"@id\":\"https:\\\/\\\/somaworks.nl\\\/#organization\",\"name\":\"SOMA Works\",\"url\":\"https:\\\/\\\/somaworks.nl\\\/\",\"logo\":{\"@type\":\"ImageObject\",\"inLanguage\":\"pl-PL\",\"@id\":\"https:\\\/\\\/somaworks.nl\\\/#\\\/schema\\\/logo\\\/image\\\/\",\"url\":\"https:\\\/\\\/somaworks.nl\\\/wp-content\\\/uploads\\\/2021\\\/09\\\/SOMA-works.png\",\"contentUrl\":\"https:\\\/\\\/somaworks.nl\\\/wp-content\\\/uploads\\\/2021\\\/09\\\/SOMA-works.png\",\"width\":2095,\"height\":2095,\"caption\":\"SOMA Works\"},\"image\":{\"@id\":\"https:\\\/\\\/somaworks.nl\\\/#\\\/schema\\\/logo\\\/image\\\/\"},\"sameAs\":[\"https:\\\/\\\/www.facebook.com\\\/somaworksbv\\\/\",\"https:\\\/\\\/www.instagram.com\\\/somaworksbv\\\/\",\"https:\\\/\\\/www.linkedin.com\\\/company\\\/soma-works-specialist-in-technisch-personeel\\\/\"]}]}<\/script>\n<!-- \/ Yoast SEO plugin. -->","yoast_head_json":{"title":"Werken bij EQUANS - SOMA Works","robots":{"index":"index","follow":"follow","max-snippet":"max-snippet:-1","max-image-preview":"max-image-preview:large","max-video-preview":"max-video-preview:-1"},"canonical":"https:\/\/somaworks.nl\/pl\/werken-bij\/equans\/","og_locale":"pl_PL","og_type":"article","og_title":"Werken bij EQUANS - SOMA Works","og_description":"Klaar voor een uitdagende carri\u00e8re bij Equans? Equans is d\u00e9 marktleider in technische dienstverlening. Met 29 locaties verspreid over Nederland en een team van maar liefst 5.500 medewerkers, zetten zij zich in voor integrale oplossingen en diensten die perfect aansluiten [...]","og_url":"https:\/\/somaworks.nl\/pl\/werken-bij\/equans\/","og_site_name":"SOMA Works","article_publisher":"https:\/\/www.facebook.com\/somaworksbv\/","article_modified_time":"2023-06-30T12:36:13+00:00","og_image":[{"width":2000,"height":693,"url":"https:\/\/somaworks.nl\/wp-content\/uploads\/2022\/04\/omslag_equans.jpg","type":"image\/jpeg"}],"twitter_card":"summary_large_image","twitter_misc":{"Szacowany czas czytania":"2 minuty"},"schema":{"@context":"https:\/\/schema.org","@graph":[{"@type":"WebPage","@id":"https:\/\/somaworks.nl\/werken-bij\/equans\/","url":"https:\/\/somaworks.nl\/werken-bij\/equans\/","name":"Werken bij EQUANS - SOMA Works","isPartOf":{"@id":"https:\/\/somaworks.nl\/#website"},"primaryImageOfPage":{"@id":"https:\/\/somaworks.nl\/werken-bij\/equans\/#primaryimage"},"image":{"@id":"https:\/\/somaworks.nl\/werken-bij\/equans\/#primaryimage"},"thumbnailUrl":"https:\/\/somaworks.nl\/wp-content\/uploads\/2022\/04\/omslag_equans.jpg","datePublished":"2022-02-25T09:39:52+00:00","dateModified":"2023-06-30T12:36:13+00:00","breadcrumb":{"@id":"https:\/\/somaworks.nl\/werken-bij\/equans\/#breadcrumb"},"inLanguage":"pl-PL","potentialAction":[{"@type":"ReadAction","target":["https:\/\/somaworks.nl\/werken-bij\/equans\/"]}]},{"@type":"ImageObject","inLanguage":"pl-PL","@id":"https:\/\/somaworks.nl\/werken-bij\/equans\/#primaryimage","url":"https:\/\/somaworks.nl\/wp-content\/uploads\/2022\/04\/omslag_equans.jpg","contentUrl":"https:\/\/somaworks.nl\/wp-content\/uploads\/2022\/04\/omslag_equans.jpg","width":2000,"height":693},{"@type":"BreadcrumbList","@id":"https:\/\/somaworks.nl\/werken-bij\/equans\/#breadcrumb","itemListElement":[{"@type":"ListItem","position":1,"name":"Home","item":"https:\/\/somaworks.nl\/"},{"@type":"ListItem","position":2,"name":"Werken bij","item":"https:\/\/somaworks.nl\/werken-bij\/"},{"@type":"ListItem","position":3,"name":"EQUANS"}]},{"@type":"WebSite","@id":"https:\/\/somaworks.nl\/#website","url":"https:\/\/somaworks.nl\/","name":"SOMA Works","description":"Specialist in technisch personeel","publisher":{"@id":"https:\/\/somaworks.nl\/#organization"},"potentialAction":[{"@type":"SearchAction","target":{"@type":"EntryPoint","urlTemplate":"https:\/\/somaworks.nl\/?s={search_term_string}"},"query-input":{"@type":"PropertyValueSpecification","valueRequired":true,"valueName":"search_term_string"}}],"inLanguage":"pl-PL"},{"@type":"Organization","@id":"https:\/\/somaworks.nl\/#organization","name":"SOMA Works","url":"https:\/\/somaworks.nl\/","logo":{"@type":"ImageObject","inLanguage":"pl-PL","@id":"https:\/\/somaworks.nl\/#\/schema\/logo\/image\/","url":"https:\/\/somaworks.nl\/wp-content\/uploads\/2021\/09\/SOMA-works.png","contentUrl":"https:\/\/somaworks.nl\/wp-content\/uploads\/2021\/09\/SOMA-works.png","width":2095,"height":2095,"caption":"SOMA Works"},"image":{"@id":"https:\/\/somaworks.nl\/#\/schema\/logo\/image\/"},"sameAs":["https:\/\/www.facebook.com\/somaworksbv\/","https:\/\/www.instagram.com\/somaworksbv\/","https:\/\/www.linkedin.com\/company\/soma-works-specialist-in-technisch-personeel\/"]}]}},"_links":{"self":[{"href":"https:\/\/somaworks.nl\/pl\/wp-json\/wp\/v2\/pages\/92224","targetHints":{"allow":["GET"]}}],"collection":[{"href":"https:\/\/somaworks.nl\/pl\/wp-json\/wp\/v2\/pages"}],"about":[{"href":"https:\/\/somaworks.nl\/pl\/wp-json\/wp\/v2\/types\/page"}],"author":[{"embeddable":true,"href":"https:\/\/somaworks.nl\/pl\/wp-json\/wp\/v2\/users\/2"}],"replies":[{"embeddable":true,"href":"https:\/\/somaworks.nl\/pl\/wp-json\/wp\/v2\/comments?post=92224"}],"version-history":[{"count":0,"href":"https:\/\/somaworks.nl\/pl\/wp-json\/wp\/v2\/pages\/92224\/revisions"}],"up":[{"embeddable":true,"href":"https:\/\/somaworks.nl\/pl\/wp-json\/wp\/v2\/pages\/73986"}],"wp:featuredmedia":[{"embeddable":true,"href":"https:\/\/somaworks.nl\/pl\/wp-json\/wp\/v2\/media\/144354"}],"wp:attachment":[{"href":"https:\/\/somaworks.nl\/pl\/wp-json\/wp\/v2\/media?parent=92224"}],"curies":[{"name":"wp","href":"https:\/\/api.w.org\/{rel}","templated":true}]}}