{"id":92258,"date":"2022-02-25T10:10:39","date_gmt":"2022-02-25T10:10:39","guid":{"rendered":"https:\/\/somaworks.nl\/?page_id=92258"},"modified":"2023-06-30T14:24:19","modified_gmt":"2023-06-30T12:24:19","slug":"kivit-staalbouw","status":"publish","type":"page","link":"https:\/\/somaworks.nl\/pl\/werken-bij\/kivit-staalbouw\/","title":{"rendered":"Kivit Staalbouw"},"content":{"rendered":"<h2>Zbuduj swoj\u0105 przysz\u0142o\u015b\u0107 w Kivit Steel Construction!<\/h2>\n<p>Od pierwszego projektu do ostatecznego wykonania: w Kivit Steel Construction s\u0105 zaanga\u017cowani na ka\u017cdym kroku. Specjalizuj\u0105 si\u0119 w produkcji urz\u0105dze\u0144, ruroci\u0105g\u00f3w i konstrukcji stalowych. Z biurami w Elsloo i projektami w ca\u0142ej Holandii, Kivit Staalbouw jest znany ze swojej jako\u015bci w r\u00f3\u017cnych technikach instalacyjnych.<\/p>\n<p>Kivit Steel Construction stawia na wszechstronno\u015b\u0107. Ich podstawowa dzia\u0142alno\u015b\u0107 obejmuje dostarczanie instalacji in\u017cynierii mechanicznej, pocz\u0105wszy od budowy ruroci\u0105g\u00f3w i urz\u0105dze\u0144, a sko\u0144czywszy na konstrukcjach stalowych. Kivit zajmuje si\u0119 r\u00f3wnie\u017c remontami i codzienn\u0105 konserwacj\u0105 instalacji chemicznych, petrochemicznych i energetycznych. Innymi s\u0142owy, w Kivit Staalbouw b\u0119dziesz pracowa\u0107 zar\u00f3wno przy ma\u0142ych, jak i bardzo du\u017cych projektach, gdzie ka\u017cdy dzie\u0144 jest inny.<\/p>\n<h2>Czy jeste\u015b gotowy, aby odgrywa\u0107 aktywn\u0105 rol\u0119 w bran\u017cy konstrukcji stalowych?<\/h2>\n<p>We wszechstronnej firmie Kivit Staalbouw mo\u017cesz przyczyni\u0107 si\u0119 do jej rozwoju. Niezale\u017cnie od tego, czy lubisz pracowa\u0107 za kulisami du\u017cych projekt\u00f3w, czy te\u017c brudzi\u0107 sobie r\u0119ce majsterkowaniem przy imponuj\u0105cych konstrukcjach, w Kivit Staalbouw jest miejsce dla Ciebie. Nie wahaj si\u0119 i aplikuj na jedno ze wspania\u0142ych stanowisk w tej firmie. Przysz\u0142o\u015b\u0107 nale\u017cy do Kivit Staalbouw!<\/p>","protected":false},"excerpt":{"rendered":"<p>Bouw aan je toekomst bij Kivit Staalbouw! Van het allereerste ontwerp tot de uiteindelijke uitvoering: bij Kivit Staalbouw zijn ze betrokken bij elke stap. Ze zijn gespecialiseerd in het produceren van apparaten, pijpleidingen en staalconstructies. Met vestigingen in Elsloo en [&#8230;] <\/p>","protected":false},"author":2,"featured_media":95782,"parent":73986,"menu_order":20,"comment_status":"closed","ping_status":"closed","template":"werkenbij.php","meta":{"_acf_changed":false,"footnotes":""},"class_list":["post-92258","page","type-page","status-publish","has-post-thumbnail","hentry"],"acf":[],"yoast_head":"<!-- This site is optimized with the Yoast SEO plugin v27.4 - https:\/\/yoast.com\/product\/yoast-seo-wordpress\/ -->\n<title>Werken bij Kivit Staalbouw - SOMA Works<\/title>\n<meta name=\"robots\" content=\"index, follow, max-snippet:-1, max-image-preview:large, max-video-preview:-1\" \/>\n<link rel=\"canonical\" href=\"https:\/\/somaworks.nl\/pl\/werken-bij\/kivit-staalbouw\/\" \/>\n<meta property=\"og:locale\" content=\"pl_PL\" \/>\n<meta property=\"og:type\" content=\"article\" \/>\n<meta property=\"og:title\" content=\"Werken bij Kivit Staalbouw - SOMA Works\" \/>\n<meta property=\"og:description\" content=\"Bouw aan je toekomst bij Kivit Staalbouw! Van het allereerste ontwerp tot de uiteindelijke uitvoering: bij Kivit Staalbouw zijn ze betrokken bij elke stap. Ze zijn gespecialiseerd in het produceren van apparaten, pijpleidingen en staalconstructies. Met vestigingen in Elsloo en [...]\" \/>\n<meta property=\"og:url\" content=\"https:\/\/somaworks.nl\/pl\/werken-bij\/kivit-staalbouw\/\" \/>\n<meta property=\"og:site_name\" content=\"SOMA Works\" \/>\n<meta property=\"article:publisher\" content=\"https:\/\/www.facebook.com\/somaworksbv\/\" \/>\n<meta property=\"article:modified_time\" content=\"2023-06-30T12:24:19+00:00\" \/>\n<meta property=\"og:image\" content=\"https:\/\/somaworks.nl\/wp-content\/uploads\/2022\/02\/Kivit-staalbouw-pand-1500x630-1.jpg\" \/>\n\t<meta property=\"og:image:width\" content=\"1500\" \/>\n\t<meta property=\"og:image:height\" content=\"630\" \/>\n\t<meta property=\"og:image:type\" content=\"image\/jpeg\" \/>\n<meta name=\"twitter:card\" content=\"summary_large_image\" \/>\n<meta name=\"twitter:label1\" content=\"Szacowany czas czytania\" \/>\n\t<meta name=\"twitter:data1\" content=\"1 minuta\" \/>\n<script type=\"application\/ld+json\" class=\"yoast-schema-graph\">{\"@context\":\"https:\\\/\\\/schema.org\",\"@graph\":[{\"@type\":\"WebPage\",\"@id\":\"https:\\\/\\\/somaworks.nl\\\/werken-bij\\\/kivit-staalbouw\\\/\",\"url\":\"https:\\\/\\\/somaworks.nl\\\/werken-bij\\\/kivit-staalbouw\\\/\",\"name\":\"Werken bij Kivit Staalbouw - SOMA Works\",\"isPartOf\":{\"@id\":\"https:\\\/\\\/somaworks.nl\\\/#website\"},\"primaryImageOfPage\":{\"@id\":\"https:\\\/\\\/somaworks.nl\\\/werken-bij\\\/kivit-staalbouw\\\/#primaryimage\"},\"image\":{\"@id\":\"https:\\\/\\\/somaworks.nl\\\/werken-bij\\\/kivit-staalbouw\\\/#primaryimage\"},\"thumbnailUrl\":\"https:\\\/\\\/somaworks.nl\\\/wp-content\\\/uploads\\\/2022\\\/02\\\/Kivit-staalbouw-pand-1500x630-1.jpg\",\"datePublished\":\"2022-02-25T10:10:39+00:00\",\"dateModified\":\"2023-06-30T12:24:19+00:00\",\"breadcrumb\":{\"@id\":\"https:\\\/\\\/somaworks.nl\\\/werken-bij\\\/kivit-staalbouw\\\/#breadcrumb\"},\"inLanguage\":\"pl-PL\",\"potentialAction\":[{\"@type\":\"ReadAction\",\"target\":[\"https:\\\/\\\/somaworks.nl\\\/werken-bij\\\/kivit-staalbouw\\\/\"]}]},{\"@type\":\"ImageObject\",\"inLanguage\":\"pl-PL\",\"@id\":\"https:\\\/\\\/somaworks.nl\\\/werken-bij\\\/kivit-staalbouw\\\/#primaryimage\",\"url\":\"https:\\\/\\\/somaworks.nl\\\/wp-content\\\/uploads\\\/2022\\\/02\\\/Kivit-staalbouw-pand-1500x630-1.jpg\",\"contentUrl\":\"https:\\\/\\\/somaworks.nl\\\/wp-content\\\/uploads\\\/2022\\\/02\\\/Kivit-staalbouw-pand-1500x630-1.jpg\",\"width\":1500,\"height\":630},{\"@type\":\"BreadcrumbList\",\"@id\":\"https:\\\/\\\/somaworks.nl\\\/werken-bij\\\/kivit-staalbouw\\\/#breadcrumb\",\"itemListElement\":[{\"@type\":\"ListItem\",\"position\":1,\"name\":\"Home\",\"item\":\"https:\\\/\\\/somaworks.nl\\\/\"},{\"@type\":\"ListItem\",\"position\":2,\"name\":\"Werken bij\",\"item\":\"https:\\\/\\\/somaworks.nl\\\/werken-bij\\\/\"},{\"@type\":\"ListItem\",\"position\":3,\"name\":\"Kivit Staalbouw\"}]},{\"@type\":\"WebSite\",\"@id\":\"https:\\\/\\\/somaworks.nl\\\/#website\",\"url\":\"https:\\\/\\\/somaworks.nl\\\/\",\"name\":\"SOMA Works\",\"description\":\"Specialist in technisch personeel\",\"publisher\":{\"@id\":\"https:\\\/\\\/somaworks.nl\\\/#organization\"},\"potentialAction\":[{\"@type\":\"SearchAction\",\"target\":{\"@type\":\"EntryPoint\",\"urlTemplate\":\"https:\\\/\\\/somaworks.nl\\\/?s={search_term_string}\"},\"query-input\":{\"@type\":\"PropertyValueSpecification\",\"valueRequired\":true,\"valueName\":\"search_term_string\"}}],\"inLanguage\":\"pl-PL\"},{\"@type\":\"Organization\",\"@id\":\"https:\\\/\\\/somaworks.nl\\\/#organization\",\"name\":\"SOMA Works\",\"url\":\"https:\\\/\\\/somaworks.nl\\\/\",\"logo\":{\"@type\":\"ImageObject\",\"inLanguage\":\"pl-PL\",\"@id\":\"https:\\\/\\\/somaworks.nl\\\/#\\\/schema\\\/logo\\\/image\\\/\",\"url\":\"https:\\\/\\\/somaworks.nl\\\/wp-content\\\/uploads\\\/2021\\\/09\\\/SOMA-works.png\",\"contentUrl\":\"https:\\\/\\\/somaworks.nl\\\/wp-content\\\/uploads\\\/2021\\\/09\\\/SOMA-works.png\",\"width\":2095,\"height\":2095,\"caption\":\"SOMA Works\"},\"image\":{\"@id\":\"https:\\\/\\\/somaworks.nl\\\/#\\\/schema\\\/logo\\\/image\\\/\"},\"sameAs\":[\"https:\\\/\\\/www.facebook.com\\\/somaworksbv\\\/\",\"https:\\\/\\\/www.instagram.com\\\/somaworksbv\\\/\",\"https:\\\/\\\/www.linkedin.com\\\/company\\\/soma-works-specialist-in-technisch-personeel\\\/\"]}]}<\/script>\n<!-- \/ Yoast SEO plugin. -->","yoast_head_json":{"title":"Werken bij Kivit Staalbouw - SOMA Works","robots":{"index":"index","follow":"follow","max-snippet":"max-snippet:-1","max-image-preview":"max-image-preview:large","max-video-preview":"max-video-preview:-1"},"canonical":"https:\/\/somaworks.nl\/pl\/werken-bij\/kivit-staalbouw\/","og_locale":"pl_PL","og_type":"article","og_title":"Werken bij Kivit Staalbouw - SOMA Works","og_description":"Bouw aan je toekomst bij Kivit Staalbouw! Van het allereerste ontwerp tot de uiteindelijke uitvoering: bij Kivit Staalbouw zijn ze betrokken bij elke stap. Ze zijn gespecialiseerd in het produceren van apparaten, pijpleidingen en staalconstructies. Met vestigingen in Elsloo en [...]","og_url":"https:\/\/somaworks.nl\/pl\/werken-bij\/kivit-staalbouw\/","og_site_name":"SOMA Works","article_publisher":"https:\/\/www.facebook.com\/somaworksbv\/","article_modified_time":"2023-06-30T12:24:19+00:00","og_image":[{"width":1500,"height":630,"url":"https:\/\/somaworks.nl\/wp-content\/uploads\/2022\/02\/Kivit-staalbouw-pand-1500x630-1.jpg","type":"image\/jpeg"}],"twitter_card":"summary_large_image","twitter_misc":{"Szacowany czas czytania":"1 minuta"},"schema":{"@context":"https:\/\/schema.org","@graph":[{"@type":"WebPage","@id":"https:\/\/somaworks.nl\/werken-bij\/kivit-staalbouw\/","url":"https:\/\/somaworks.nl\/werken-bij\/kivit-staalbouw\/","name":"Werken bij Kivit Staalbouw - SOMA Works","isPartOf":{"@id":"https:\/\/somaworks.nl\/#website"},"primaryImageOfPage":{"@id":"https:\/\/somaworks.nl\/werken-bij\/kivit-staalbouw\/#primaryimage"},"image":{"@id":"https:\/\/somaworks.nl\/werken-bij\/kivit-staalbouw\/#primaryimage"},"thumbnailUrl":"https:\/\/somaworks.nl\/wp-content\/uploads\/2022\/02\/Kivit-staalbouw-pand-1500x630-1.jpg","datePublished":"2022-02-25T10:10:39+00:00","dateModified":"2023-06-30T12:24:19+00:00","breadcrumb":{"@id":"https:\/\/somaworks.nl\/werken-bij\/kivit-staalbouw\/#breadcrumb"},"inLanguage":"pl-PL","potentialAction":[{"@type":"ReadAction","target":["https:\/\/somaworks.nl\/werken-bij\/kivit-staalbouw\/"]}]},{"@type":"ImageObject","inLanguage":"pl-PL","@id":"https:\/\/somaworks.nl\/werken-bij\/kivit-staalbouw\/#primaryimage","url":"https:\/\/somaworks.nl\/wp-content\/uploads\/2022\/02\/Kivit-staalbouw-pand-1500x630-1.jpg","contentUrl":"https:\/\/somaworks.nl\/wp-content\/uploads\/2022\/02\/Kivit-staalbouw-pand-1500x630-1.jpg","width":1500,"height":630},{"@type":"BreadcrumbList","@id":"https:\/\/somaworks.nl\/werken-bij\/kivit-staalbouw\/#breadcrumb","itemListElement":[{"@type":"ListItem","position":1,"name":"Home","item":"https:\/\/somaworks.nl\/"},{"@type":"ListItem","position":2,"name":"Werken bij","item":"https:\/\/somaworks.nl\/werken-bij\/"},{"@type":"ListItem","position":3,"name":"Kivit Staalbouw"}]},{"@type":"WebSite","@id":"https:\/\/somaworks.nl\/#website","url":"https:\/\/somaworks.nl\/","name":"SOMA Works","description":"Specialist in technisch personeel","publisher":{"@id":"https:\/\/somaworks.nl\/#organization"},"potentialAction":[{"@type":"SearchAction","target":{"@type":"EntryPoint","urlTemplate":"https:\/\/somaworks.nl\/?s={search_term_string}"},"query-input":{"@type":"PropertyValueSpecification","valueRequired":true,"valueName":"search_term_string"}}],"inLanguage":"pl-PL"},{"@type":"Organization","@id":"https:\/\/somaworks.nl\/#organization","name":"SOMA Works","url":"https:\/\/somaworks.nl\/","logo":{"@type":"ImageObject","inLanguage":"pl-PL","@id":"https:\/\/somaworks.nl\/#\/schema\/logo\/image\/","url":"https:\/\/somaworks.nl\/wp-content\/uploads\/2021\/09\/SOMA-works.png","contentUrl":"https:\/\/somaworks.nl\/wp-content\/uploads\/2021\/09\/SOMA-works.png","width":2095,"height":2095,"caption":"SOMA Works"},"image":{"@id":"https:\/\/somaworks.nl\/#\/schema\/logo\/image\/"},"sameAs":["https:\/\/www.facebook.com\/somaworksbv\/","https:\/\/www.instagram.com\/somaworksbv\/","https:\/\/www.linkedin.com\/company\/soma-works-specialist-in-technisch-personeel\/"]}]}},"_links":{"self":[{"href":"https:\/\/somaworks.nl\/pl\/wp-json\/wp\/v2\/pages\/92258","targetHints":{"allow":["GET"]}}],"collection":[{"href":"https:\/\/somaworks.nl\/pl\/wp-json\/wp\/v2\/pages"}],"about":[{"href":"https:\/\/somaworks.nl\/pl\/wp-json\/wp\/v2\/types\/page"}],"author":[{"embeddable":true,"href":"https:\/\/somaworks.nl\/pl\/wp-json\/wp\/v2\/users\/2"}],"replies":[{"embeddable":true,"href":"https:\/\/somaworks.nl\/pl\/wp-json\/wp\/v2\/comments?post=92258"}],"version-history":[{"count":0,"href":"https:\/\/somaworks.nl\/pl\/wp-json\/wp\/v2\/pages\/92258\/revisions"}],"up":[{"embeddable":true,"href":"https:\/\/somaworks.nl\/pl\/wp-json\/wp\/v2\/pages\/73986"}],"wp:featuredmedia":[{"embeddable":true,"href":"https:\/\/somaworks.nl\/pl\/wp-json\/wp\/v2\/media\/95782"}],"wp:attachment":[{"href":"https:\/\/somaworks.nl\/pl\/wp-json\/wp\/v2\/media?parent=92258"}],"curies":[{"name":"wp","href":"https:\/\/api.w.org\/{rel}","templated":true}]}}